{"id":16386,"date":"2016-11-04T10:09:43","date_gmt":"2016-11-04T09:09:43","guid":{"rendered":"https:\/\/www.newsteo.com\/?page_id=16386"},"modified":"2018-12-10T16:27:58","modified_gmt":"2018-12-10T15:27:58","slug":"868-mhz-funkubertragung","status":"publish","type":"page","link":"https:\/\/www.newsteo.com\/de\/datenlogger\/systeminfrastruktur\/868-mhz-funkubertragung\/","title":{"rendered":"868-MHz Funk\u00fcbertragung"},"content":{"rendered":"<p><div class=\"fusion-fullwidth fullwidth-box fusion-builder-row-1 hundred-percent-fullwidth non-hundred-percent-height-scrolling\" style=\"--awb-border-radius-top-left:0px;--awb-border-radius-top-right:0px;--awb-border-radius-bottom-right:0px;--awb-border-radius-bottom-left:0px;--awb-overflow:visible;--awb-flex-wrap:wrap;\" ><div class=\"fusion-builder-row fusion-row\"><div class=\"fusion-layout-column fusion_builder_column fusion-builder-column-0 fusion_builder_column_1_1 1_1 fusion-one-full fusion-column-first fusion-column-last fusion-column-no-min-height\" style=\"--awb-bg-size:cover;--awb-margin-top:0px;--awb-margin-bottom:0px;\"><div class=\"fusion-column-wrapper fusion-flex-column-wrapper-legacy\"><div class=\"fusion-title title fusion-title-1 fusion-sep-none fusion-title-text fusion-title-size-two\" style=\"--awb-margin-top-small:0px;--awb-margin-right-small:0px;--awb-margin-bottom-small:20px;--awb-margin-left-small:0px;\"><h2 class=\"fusion-title-heading title-heading-left\" style=\"margin:0;\">Das 868-MHz Newsteo Funk\u00fcbertragungsprotokoll<\/h2><\/div><div class=\"fusion-clearfix\"><\/div><\/div><\/div><div class=\"fusion-layout-column fusion_builder_column fusion-builder-column-1 fusion_builder_column_2_3 2_3 fusion-two-third fusion-column-first\" style=\"--awb-bg-size:cover;width:65.3333%; margin-right: 4%;\"><div class=\"fusion-column-wrapper fusion-flex-column-wrapper-legacy\"><div class=\"fusion-text fusion-text-1\"><p style=\"text-align: justify;\">Die technische L\u00f6sung von Newsteo ist f\u00fcr eine leistungsf\u00e4hige und einfache Bedienung entwickelt worden.<\/p>\n<p style=\"text-align: justify;\">Die \u00dcbertragungen werden auf einem Band durchgef\u00fchrt, das keinen nationalen Vorschriften unterliegt und frei genutzt werden kann (kostenlos und ohne Erlaubnis). Es ist das ISM-Band(Industrie, Wissenschaft und Medizin). Das ISM-Band wird in verschiedenen \u00f6ffentlichen oder industriellen Anwendungen verwendet, bei denen Reichweite, Kosten und Lebensdauer der Batterie eine entscheidende Rolle spielen. Diese Anwendungen sind vielf\u00e4ltig und umfassen: Home-Automation, Sicherheit, Industriesteuerungen, Fern\u00fcberwachung, automatische Z\u00e4hlerablesung, Spielzeuge, Wetterstationen&#8230;<\/p>\n<\/div><div class=\"fusion-clearfix\"><\/div><\/div><\/div><div class=\"fusion-layout-column fusion_builder_column fusion-builder-column-2 fusion_builder_column_1_3 1_3 fusion-one-third fusion-column-last\" style=\"--awb-bg-size:cover;--awb-margin-top:20px;width:30.6666%;\"><div class=\"fusion-column-wrapper fusion-flex-column-wrapper-legacy\"><div class=\"fusion-image-element fusion-image-align-right in-legacy-container\" style=\"text-align:right;--awb-caption-title-font-family:var(--h2_typography-font-family);--awb-caption-title-font-weight:var(--h2_typography-font-weight);--awb-caption-title-font-style:var(--h2_typography-font-style);--awb-caption-title-size:var(--h2_typography-font-size);--awb-caption-title-transform:var(--h2_typography-text-transform);--awb-caption-title-line-height:var(--h2_typography-line-height);--awb-caption-title-letter-spacing:var(--h2_typography-letter-spacing);\"><span class=\" fusion-imageframe imageframe-none imageframe-1 hover-type-none\" style=\"margin-left:25px;float:right;\"><img decoding=\"async\" width=\"231\" height=\"198\" alt=\"868-MHz Funk\u00fcbertragung\" title=\"transmissio-radio\" src=\"https:\/\/www.newsteo.com\/wp-content\/uploads\/2016\/08\/transmissio-radio.png\" class=\"img-responsive wp-image-24123\"\/><\/span><\/div><div class=\"fusion-clearfix\"><\/div><\/div><\/div><div class=\"fusion-layout-column fusion_builder_column fusion-builder-column-3 fusion_builder_column_1_1 1_1 fusion-one-full fusion-column-first fusion-column-last fusion-column-no-min-height\" style=\"--awb-bg-size:cover;--awb-margin-top:0px;--awb-margin-bottom:0px;\"><div class=\"fusion-column-wrapper fusion-flex-column-wrapper-legacy\"><div class=\"fusion-title title fusion-title-2 fusion-sep-none fusion-title-text fusion-title-size-two\" style=\"--awb-margin-top-small:0px;--awb-margin-right-small:0px;--awb-margin-bottom-small:20px;--awb-margin-left-small:0px;\"><h2 class=\"fusion-title-heading title-heading-left\" style=\"margin:0;\">Die Vorteile der 868 Mhz-Funk\u00fcbertragung<\/h2><\/div><div class=\"fusion-text fusion-text-2\"><p>Das gew\u00e4hlte<strong> 868 MHz-Band<\/strong> <strong>in Europa<\/strong> erm\u00f6glicht es, hohe Reichweite und geringem Platzbedarf zu kombinieren.<\/p>\n<ul>\n<li class=\"rouge\">Im Freifeld und mit einer \u00bc Welle-Antenne (ca. 8,6 cm) kann man Reichweiten von 800 m erreichen<\/li>\n<li class=\"rouge\">Es ist m\u00f6glich, mehrere Betonw\u00e4nde mit dem Funksignal durchzudringen<\/li>\n<li class=\"rouge\"><strong>Die \u00dcbertragung wird durch Hindernisse wie menschlichen K\u00f6rper nicht gest\u00f6rt<\/strong> (im Gegensatz zu Wifi oder Bluetooth 2.4 GHz)<\/li>\n<li class=\"rouge\">Die Gefahr von St\u00f6rungen ist sehr gering, weil diese Frequenz f\u00fcr Anwendungen reserviert ist, bei denen die Ger\u00e4te eine geringe Leistung anwenden.<\/li>\n<\/ul>\n<p>Dank der ausgezeichneten Ausbreitungseigenschaften elektromagnetischer Wellen mit einer Frequenz unterhalb von 1 GHz k\u00f6nnen sehr gro\u00dfe Reichweiten mit geringer Stromaufnahme erreicht werden, im Vergleich zu Ger\u00e4ten, die 2,4-GHz-B\u00e4nder anwenden. Dar\u00fcber hinaus wird das ISM-Band nicht durch Mikrowellen gest\u00f6rt (im Gegensatz zu Wi-Fi oder Bluetooth) und ist daher wesentlich robuster.<\/p>\n<p>Kommunikationsprotokoll von Newsteo ist:<\/p>\n<ul>\n<li class=\"rouge\"><strong>Optimiert<\/strong> f\u00fcr einen geringen Stromverbrauch, damit auf diese Weise eine kompakte, mit Lithiumbatterien angetriebene L\u00f6sung vorhanden bleibt.<\/li>\n<li class=\"rouge\"><strong>Geh\u00e4rtet<\/strong>, um ins besondere die schweren industriellen Bedingungen zu meistern.<\/li>\n<\/ul>\n<\/div><div class=\"fusion-clearfix\"><\/div><\/div><\/div><\/div><\/div><div class=\"fusion-fullwidth fullwidth-box fusion-builder-row-2 nonhundred-percent-fullwidth non-hundred-percent-height-scrolling\" style=\"--awb-background-position:left top;--awb-border-radius-top-left:0px;--awb-border-radius-top-right:0px;--awb-border-radius-bottom-right:0px;--awb-border-radius-bottom-left:0px;--awb-padding-top:20px;--awb-padding-bottom:20px;--awb-border-sizes-top:0px;--awb-border-sizes-bottom:0px;--awb-flex-wrap:wrap;\" ><div class=\"fusion-builder-row fusion-row\"><div class=\"fusion-layout-column fusion_builder_column fusion-builder-column-4 fusion_builder_column_1_1 1_1 fusion-one-full fusion-column-first fusion-column-last fusion-column-no-min-height\" style=\"--awb-bg-size:cover;--awb-margin-top:0px;--awb-margin-bottom:0px;\"><div class=\"fusion-column-wrapper fusion-flex-column-wrapper-legacy\"><div class=\"fusion-title title fusion-title-3 fusion-sep-none fusion-title-text fusion-title-size-two\" style=\"--awb-margin-top-small:0px;--awb-margin-right-small:0px;--awb-margin-bottom-small:20px;--awb-margin-left-small:0px;\"><h2 class=\"fusion-title-heading title-heading-left\" style=\"margin:0;\">Das Kommunikationsprotokoll von Newsteo<\/h2><\/div><div class=\"fusion-clearfix\"><\/div><\/div><\/div><div class=\"fusion-layout-column fusion_builder_column fusion-builder-column-5 fusion_builder_column_1_2 1_2 fusion-one-half fusion-column-first\" style=\"--awb-bg-size:cover;width:48%; margin-right: 4%;\"><div class=\"fusion-column-wrapper fusion-flex-column-wrapper-legacy\"><div class=\"fusion-text fusion-text-3\"><p>Die Newsteo Funkdatenlogger k\u00f6nnen auf dem <strong>868 MHz Funkband<\/strong> in 2 unterschiedlichen Modi funktionieren.<\/p>\n<ul>\n<li class=\"rouge\"><strong>Monitoring-Modus:<\/strong> Die Messdaten werden in Echtzeit \u00fcbermittelt, um eine Live-\u00dcberwachung zu erm\u00f6glichen<\/li>\n<li class=\"rouge\"><strong>Aufnahmemodus:<\/strong> die Messdaten werden im Datenlogger gespeichert. Wenn der Benutzer den Befehl per Funk sendet, werden die Messdaten dann hochgeladen. \u00a0Dieser Modus wird eingesetzt, wenn zeitlich beschr\u00e4nkte Messverfahren ben\u00f6tigt werden.<\/li>\n<\/ul>\n<\/div><div class=\"fusion-clearfix\"><\/div><\/div><\/div><div class=\"fusion-layout-column fusion_builder_column fusion-builder-column-6 fusion_builder_column_1_2 1_2 fusion-one-half fusion-column-last\" style=\"--awb-bg-size:cover;--awb-margin-bottom:5px;width:48%;\"><div class=\"fusion-column-wrapper fusion-flex-column-wrapper-legacy\"><div class=\"fusion-video fusion-youtube\" style=\"--awb-max-width:600px;--awb-max-height:350px;\"><div class=\"video-shortcode\"><div class=\"fluid-width-video-wrapper\" style=\"padding-top:58.33%;\" ><iframe title=\"YouTube video player 1\" src=\"https:\/\/www.youtube.com\/embed\/40qSwr8D1K0?wmode=transparent&autoplay=0\" width=\"600\" height=\"350\" allowfullscreen allow=\"autoplay; clipboard-write; encrypted-media; gyroscope; picture-in-picture;\"><\/iframe><\/div><\/div><\/div><div class=\"fusion-clearfix\"><\/div><\/div><\/div><div class=\"fusion-layout-column fusion_builder_column fusion-builder-column-7 fusion_builder_column_1_1 1_1 fusion-one-full fusion-column-first fusion-column-last fusion-column-no-min-height\" style=\"--awb-bg-size:cover;--awb-margin-top:0px;--awb-margin-bottom:0px;\"><div class=\"fusion-column-wrapper fusion-flex-column-wrapper-legacy\"><div class=\"fusion-text fusion-text-4\"><h3>Monitoring-Modus<\/h3>\n<p>Hier geht es um Monitoring-Anwendungen in Echtzeit.<br \/>\nTypische Anwendung: \u00dcberwachung der Temperatur in einem Lagerhaus.<\/p>\n<h3>Funktionsprinzip:<\/h3>\n<ul>\n<li class=\"rouge\">Der angeschlossene Logger nimmt eine Messung im vorkonfigurierten Messtakt vor (z. B. 10 Minuten) und sendet es an den PC und wartet auf eine Empfangsbest\u00e4tigung.<\/li>\n<li>Wenn die Messung nicht eingeht (Schl\u00fcssel nicht angeschlossen, PC ausgeschaltet, RF-Monitor nicht gestartet, Kommunikationsproblem&#8230;), werden die Daten in dem Logger zwischengespeichert (bis maximal 32.000 Messungen). Sobald die Kommunikation wieder hergestellt ist, werden die gepufferten Messungen automatisch von dem Funkdatenlogger an den PC gesendet.<\/li>\n<li class=\"rouge\">Die Software RF Monitor zeigt die Messung an, speichert sie und generiert Alarme wenn die Messung \u00a0au\u00dferhalb der definierten Schwellenwerte liegt.<\/li>\n<\/ul>\n<h3>Record-Modus<\/h3>\n<p>Es geht um Kampagnen von Ma\u00dfnahmen mit r\u00fcckwirkender Anzeige\/Bearbeitung von Messdaten, wenn es keine M\u00f6glichkeit gibt, Daten in Echtzeit weiterzuleiten.<br \/>\nTypische Anwendung: \u00dcberwachung der Bef\u00f6rderungsbedingungen einer zerbrechlichen Ware: Kunstwerke, gek\u00fchlte Lebensmittel&#8230;<\/p>\n<p><strong>Funktionsprinzip:<\/strong><\/p>\n<ul>\n<li class=\"rouge\">Der Benutzer startet die Messung im Rekordmodus<\/li>\n<li class=\"rouge\">W\u00e4hrend des Transportes werden die Messdaten in der voreingestellten Messfrequenz (z. B. 10 Minuten) in dem Speicher des Funkdatenloggers gespeichert.<\/li>\n<li class=\"rouge\">Bei Warenankunft beendet der Anwender die Aufnahme und kann die Daten auf seinen PC herunterladen.<\/li>\n<li class=\"rouge\">Die Messungen werden dann auf dem Computer gespeichert und k\u00f6nnen als Graphen oder Tabellen&#8230; und nach Excel exportiert werden.<\/li>\n<li class=\"rouge\">Die Messungen werden dann aus dem Speicher des Loggers gel\u00f6scht, damit das Ger\u00e4t f\u00fcr einen neuen Transport eingesetzt werden kann.<\/li>\n<\/ul>\n<\/div><div class=\"fusion-clearfix\"><\/div><\/div><\/div><\/div><\/div><\/p>\n","protected":false},"excerpt":{"rendered":"","protected":false},"author":28,"featured_media":0,"parent":16325,"menu_order":3,"comment_status":"closed","ping_status":"closed","template":"","meta":{"footnotes":""},"class_list":["post-16386","page","type-page","status-publish","hentry"],"_links":{"self":[{"href":"https:\/\/www.newsteo.com\/de\/wp-json\/wp\/v2\/pages\/16386","targetHints":{"allow":["GET"]}}],"collection":[{"href":"https:\/\/www.newsteo.com\/de\/wp-json\/wp\/v2\/pages"}],"about":[{"href":"https:\/\/www.newsteo.com\/de\/wp-json\/wp\/v2\/types\/page"}],"author":[{"embeddable":true,"href":"https:\/\/www.newsteo.com\/de\/wp-json\/wp\/v2\/users\/28"}],"replies":[{"embeddable":true,"href":"https:\/\/www.newsteo.com\/de\/wp-json\/wp\/v2\/comments?post=16386"}],"version-history":[{"count":0,"href":"https:\/\/www.newsteo.com\/de\/wp-json\/wp\/v2\/pages\/16386\/revisions"}],"up":[{"embeddable":true,"href":"https:\/\/www.newsteo.com\/de\/wp-json\/wp\/v2\/pages\/16325"}],"wp:attachment":[{"href":"https:\/\/www.newsteo.com\/de\/wp-json\/wp\/v2\/media?parent=16386"}],"curies":[{"name":"wp","href":"https:\/\/api.w.org\/{rel}","templated":true}]}}