{"id":16685,"date":"2016-12-21T10:00:59","date_gmt":"2016-12-21T09:00:59","guid":{"rendered":"https:\/\/www.newsteo.com\/?page_id=16685"},"modified":"2021-09-21T09:34:23","modified_gmt":"2021-09-21T07:34:23","slug":"impressum","status":"publish","type":"page","link":"https:\/\/www.newsteo.com\/de\/impressum\/","title":{"rendered":"Impressum"},"content":{"rendered":"<p><div class=\"fusion-fullwidth fullwidth-box fusion-builder-row-1 nonhundred-percent-fullwidth non-hundred-percent-height-scrolling\" style=\"--awb-background-position:left top;--awb-border-sizes-top:0px;--awb-border-sizes-bottom:0px;--awb-border-sizes-left:0px;--awb-border-sizes-right:0px;--awb-border-radius-top-left:0px;--awb-border-radius-top-right:0px;--awb-border-radius-bottom-right:0px;--awb-border-radius-bottom-left:0px;--awb-padding-top:20px;--awb-padding-bottom:20px;--awb-flex-wrap:wrap;\" ><div class=\"fusion-builder-row fusion-row\"><div class=\"fusion-layout-column fusion_builder_column fusion-builder-column-0 fusion_builder_column_1_1 1_1 fusion-one-full fusion-column-first fusion-column-last fusion-column-no-min-height\" style=\"--awb-bg-size:cover;--awb-margin-top:0px;--awb-margin-bottom:0px;\"><div class=\"fusion-column-wrapper fusion-flex-column-wrapper-legacy\"><div class=\"fusion-title title fusion-title-1 fusion-sep-none fusion-title-text fusion-title-size-two\" style=\"--awb-margin-top-small:0px;--awb-margin-right-small:0px;--awb-margin-bottom-small:20px;--awb-margin-left-small:0px;\"><h2 class=\"fusion-title-heading title-heading-left\" style=\"margin:0;\">Impressum<\/h2><\/div><div class=\"fusion-clearfix\"><\/div><\/div><\/div><\/div><\/div><div class=\"fusion-fullwidth fullwidth-box fusion-builder-row-2 nonhundred-percent-fullwidth non-hundred-percent-height-scrolling\" style=\"--awb-border-radius-top-left:0px;--awb-border-radius-top-right:0px;--awb-border-radius-bottom-right:0px;--awb-border-radius-bottom-left:0px;--awb-padding-right:30px;--awb-padding-left:30px;--awb-flex-wrap:wrap;\" ><div class=\"fusion-builder-row fusion-row\"><div class=\"fusion-layout-column fusion_builder_column fusion-builder-column-1 fusion_builder_column_1_2 1_2 fusion-one-half fusion-column-first\" style=\"--awb-bg-size:cover;width:48%; margin-right: 4%;\"><div class=\"fusion-column-wrapper fusion-flex-column-wrapper-legacy\"><div class=\"fusion-title title fusion-title-2 fusion-sep-none fusion-title-text fusion-title-size-three\" style=\"--awb-margin-top-small:0px;--awb-margin-right-small:0px;--awb-margin-bottom-small:20px;--awb-margin-left-small:0px;\"><h3 class=\"fusion-title-heading title-heading-left\" style=\"margin:0;\">Newsteo S.A.S.<\/h3><\/div><div class=\"fusion-text fusion-text-1\"><p>Die Webseite Newsteo.com wird von der Firma Newsteo ver\u00f6ffentlicht, einer SAS mit Stammkapital in H\u00f6he von 592 112 \u20ac, mit Firmensitz in:<br \/>\n93 Avenue des Sorbiers,<br \/>\nZI Athelia IV,<br \/>\n13600 La Ciotat.<\/p>\n<p>HANDELSREGISTER : RCS Marseille (Bouches du Rh\u00f4ne \u2013 Frankreich) SIRET : 484 468 178 000 21 APE code : 2651 B Ust.ID.nr: FR02 484 468 178<\/p>\n<p>Veretretungsberechtigt f\u00fcr die Publikation: Arielle Cogniat<br \/>\nGraphik: Coralie Garoute<\/p>\n<p>Illustrations :\u00a0Created by Freepik<\/p>\n<\/div><div class=\"fusion-clearfix\"><\/div><\/div><\/div><div class=\"fusion-layout-column fusion_builder_column fusion-builder-column-2 fusion_builder_column_1_2 1_2 fusion-one-half fusion-column-last\" style=\"--awb-bg-size:cover;width:48%;\"><div class=\"fusion-column-wrapper fusion-flex-column-wrapper-legacy\"><div class=\"fusion-title title fusion-title-3 fusion-sep-none fusion-title-text fusion-title-size-three\" style=\"--awb-margin-top-small:0px;--awb-margin-right-small:0px;--awb-margin-bottom-small:20px;--awb-margin-left-small:0px;\"><h3 class=\"fusion-title-heading title-heading-left\" style=\"margin:0;\">Server<\/h3><\/div><div class=\"fusion-text fusion-text-2\"><p>Firma : OVH<br \/>\nWebadresse: www.ovh.com<br \/>\nPostanschrift: 2 rue kellermann<br \/>\nBP 80157<br \/>\n59053 ROUBAIX Cedex 1<br \/>\nTelefon: +33 (0)8 203 203 63<\/p>\n<\/div><div class=\"fusion-clearfix\"><\/div><\/div><\/div><div class=\"fusion-layout-column fusion_builder_column fusion-builder-column-3 fusion_builder_column_1_1 1_1 fusion-one-full fusion-column-first fusion-column-last\" style=\"--awb-bg-size:cover;\"><div class=\"fusion-column-wrapper fusion-flex-column-wrapper-legacy\"><div class=\"fusion-text fusion-text-3\"><p>Daten, Preise und Referenzen auf dieser Website sind rein informativ. Nur ein Angebot durch den kaufm\u00e4nnischen oder technischen Dienst ist bindend. Newsteo&#x2122; ist ein eingetragenes Warenzeichen. Text und Fotos sind vertraglich nicht bindend.<\/p>\n<\/div><div class=\"fusion-clearfix\"><\/div><\/div><\/div><\/div><\/div><div class=\"fusion-fullwidth fullwidth-box fusion-builder-row-3 nonhundred-percent-fullwidth non-hundred-percent-height-scrolling\" style=\"--awb-background-position:left top;--awb-border-sizes-top:0px;--awb-border-sizes-bottom:0px;--awb-border-sizes-left:0px;--awb-border-sizes-right:0px;--awb-border-radius-top-left:0px;--awb-border-radius-top-right:0px;--awb-border-radius-bottom-right:0px;--awb-border-radius-bottom-left:0px;--awb-padding-top:20px;--awb-padding-bottom:20px;--awb-flex-wrap:wrap;\" ><div class=\"fusion-builder-row fusion-row\"><div class=\"fusion-layout-column fusion_builder_column fusion-builder-column-4 fusion_builder_column_1_1 1_1 fusion-one-full fusion-column-first fusion-column-last fusion-column-no-min-height\" style=\"--awb-bg-size:cover;--awb-margin-top:0px;--awb-margin-bottom:0px;\"><div class=\"fusion-column-wrapper fusion-flex-column-wrapper-legacy\"><div class=\"fusion-title title fusion-title-4 fusion-sep-none fusion-title-text fusion-title-size-three\" style=\"--awb-margin-top-small:0px;--awb-margin-right-small:0px;--awb-margin-bottom-small:20px;--awb-margin-left-small:0px;\"><h3 class=\"fusion-title-heading title-heading-left\" style=\"margin:0;\">Allgemeine und spezielle Verkaufsbedingungen<\/h3><\/div><div class=\"fusion-builder-row fusion-builder-row-inner fusion-row\"><div class=\"fusion-layout-column fusion_builder_column_inner fusion-builder-nested-column-0 fusion_builder_column_inner_1_1 1_1 fusion-one-full fusion-column-first fusion-column-last\" style=\"--awb-bg-size:cover;\"><div class=\"fusion-column-wrapper fusion-flex-column-wrapper-legacy\"><ul style=\"--awb-size:13px;--awb-line-height:22.1px;--awb-icon-width:22.1px;--awb-icon-height:22.1px;--awb-icon-margin:9.1px;--awb-content-margin:31.2px;\" class=\"fusion-checklist fusion-checklist-1 fusion-checklist-default type-icons\"><li class=\"fusion-li-item\" style=\"\"><span class=\"icon-wrapper circle-no\"><i class=\"fusion-li-icon fa fa-file-pdf-o\" aria-hidden=\"true\"><\/i><\/span><div class=\"fusion-li-item-content\"><a href=\"https:\/\/www.newsteo.com\/wp-content\/uploads\/2017\/01\/CONDITIONS-GENERALES-DE-VENTE-EXPORT-NEWSTEO_FR.pdf\">Conditions G\u00e9n\u00e9rales de Vente<\/a>\u00a0[FR]<\/div><\/li><li class=\"fusion-li-item\" style=\"\"><span class=\"icon-wrapper circle-no\"><i class=\"fusion-li-icon fa fa-file-pdf-o\" aria-hidden=\"true\"><\/i><\/span><div class=\"fusion-li-item-content\"><a href=\"https:\/\/www.newsteo.com\/wp-content\/uploads\/2017\/01\/CONDITIONS-GENERALES-DE-VENTE-EXPORT-NEWSTEO-_EN.pdf\">Sales terms and conditions<\/a>\u00a0[EN]<\/div><\/li><\/ul><div class=\"fusion-clearfix\"><\/div><\/div><\/div><div class=\"fusion-layout-column fusion_builder_column_inner fusion-builder-nested-column-1 fusion_builder_column_inner_1_1 1_1 fusion-one-full fusion-column-first fusion-column-last\" style=\"--awb-bg-size:cover;\"><div class=\"fusion-column-wrapper fusion-flex-column-wrapper-legacy\"><ul style=\"--awb-size:13px;--awb-line-height:22.1px;--awb-icon-width:22.1px;--awb-icon-height:22.1px;--awb-icon-margin:9.1px;--awb-content-margin:31.2px;\" class=\"fusion-checklist fusion-checklist-2 fusion-checklist-default type-icons\"><li class=\"fusion-li-item\" style=\"\"><span class=\"icon-wrapper circle-no\"><i class=\"fusion-li-icon fa-file-pdf far\" aria-hidden=\"true\"><\/i><\/span><div class=\"fusion-li-item-content\"><a href=\"https:\/\/www.newsteo.com\/wp-content\/uploads\/_DWL\/CV\/CPV_NEWSTEO_HEBERGEMENT_sept21_v3.4.pdf\" target=\"_blank\" rel=\"noopener noreferrer\">Conditions particuli\u00e8res de vente du service d&#8217;h\u00e9bergement des donn\u00e9es (Septembre 2021)<\/a>\u00a0\u00a0[FR]<\/div><\/li><li class=\"fusion-li-item\" style=\"\"><span class=\"icon-wrapper circle-no\"><i class=\"fusion-li-icon fa-file-pdf far\" aria-hidden=\"true\"><\/i><\/span><div class=\"fusion-li-item-content\"><a href=\"\/wp-content\/uploads\/_DWL\/CV\/STC-NEWSTEO-HOSTING-sept21v3.4.pdf\" target=\"_blank\" rel=\"noopener noreferrer\">Special Terms and Conditions for service and hosting (September 2021)<\/a> [EN]<\/div><\/li><\/ul><div class=\"fusion-clearfix\"><\/div><\/div><\/div><div class=\"fusion-layout-column fusion_builder_column_inner fusion-builder-nested-column-2 fusion_builder_column_inner_1_1 1_1 fusion-one-full fusion-column-first fusion-column-last\" style=\"--awb-bg-size:cover;\"><div class=\"fusion-column-wrapper fusion-flex-column-wrapper-legacy\"><ul style=\"--awb-size:13px;--awb-line-height:22.1px;--awb-icon-width:22.1px;--awb-icon-height:22.1px;--awb-icon-margin:9.1px;--awb-content-margin:31.2px;\" class=\"fusion-checklist fusion-checklist-3 fusion-checklist-default type-icons\"><li class=\"fusion-li-item\" style=\"\"><span class=\"icon-wrapper circle-no\"><i class=\"fusion-li-icon fa-file-pdf far\" aria-hidden=\"true\"><\/i><\/span><div class=\"fusion-li-item-content\"><a href=\"https:\/\/www.newsteo.com\/wp-content\/uploads\/2017\/01\/CP-prestation de service-m\u00e9trologie-NEWSTEO- v1.0.pdf\" target=\"_blank\" rel=\"noopener\">Conditions Particuli\u00e8res de prestation de service M\u00e9trologie<\/a>\u00a0[FR]<\/div><\/li><li class=\"fusion-li-item\" style=\"\"><span class=\"icon-wrapper circle-no\"><i class=\"fusion-li-icon fa-file-pdf far\" aria-hidden=\"true\"><\/i><\/span><div class=\"fusion-li-item-content\"><a href=\"https:\/\/www.newsteo.com\/wp-content\/uploads\/2017\/01\/CPV-metrology-services-NEWSTEO-v1.0-en.pdf\" target=\"_blank\" rel=\"noopener\">Special Terms and Conditions of sale &#8211; Metrology services<\/a>\u00a0[EN]<\/div><\/li><\/ul><div class=\"fusion-clearfix\"><\/div><\/div><\/div><\/div><div class=\"fusion-clearfix\"><\/div><\/div><\/div><\/div><\/div><\/p>\n","protected":false},"excerpt":{"rendered":"","protected":false},"author":28,"featured_media":0,"parent":0,"menu_order":0,"comment_status":"closed","ping_status":"closed","template":"100-width.php","meta":{"footnotes":""},"class_list":["post-16685","page","type-page","status-publish","hentry"],"_links":{"self":[{"href":"https:\/\/www.newsteo.com\/de\/wp-json\/wp\/v2\/pages\/16685","targetHints":{"allow":["GET"]}}],"collection":[{"href":"https:\/\/www.newsteo.com\/de\/wp-json\/wp\/v2\/pages"}],"about":[{"href":"https:\/\/www.newsteo.com\/de\/wp-json\/wp\/v2\/types\/page"}],"author":[{"embeddable":true,"href":"https:\/\/www.newsteo.com\/de\/wp-json\/wp\/v2\/users\/28"}],"replies":[{"embeddable":true,"href":"https:\/\/www.newsteo.com\/de\/wp-json\/wp\/v2\/comments?post=16685"}],"version-history":[{"count":0,"href":"https:\/\/www.newsteo.com\/de\/wp-json\/wp\/v2\/pages\/16685\/revisions"}],"wp:attachment":[{"href":"https:\/\/www.newsteo.com\/de\/wp-json\/wp\/v2\/media?parent=16685"}],"curies":[{"name":"wp","href":"https:\/\/api.w.org\/{rel}","templated":true}]}}