{"id":63590,"date":"2019-11-14T17:07:58","date_gmt":"2019-11-14T16:07:58","guid":{"rendered":"https:\/\/www.newsteo.com\/hilfe\/logiciels\/"},"modified":"2022-12-02T16:47:07","modified_gmt":"2022-12-02T15:47:07","slug":"software","status":"publish","type":"page","link":"https:\/\/www.newsteo.com\/de\/hilfe\/software\/","title":{"rendered":"Software"},"content":{"rendered":"<p><div class=\"fusion-fullwidth fullwidth-box fusion-builder-row-1 nonhundred-percent-fullwidth non-hundred-percent-height-scrolling\" style=\"--awb-border-radius-top-left:0px;--awb-border-radius-top-right:0px;--awb-border-radius-bottom-right:0px;--awb-border-radius-bottom-left:0px;--awb-flex-wrap:wrap;\" ><div class=\"fusion-builder-row fusion-row\"><div class=\"fusion-layout-column fusion_builder_column fusion-builder-column-0 fusion_builder_column_1_4 1_4 fusion-one-fourth fusion-column-first\" style=\"--awb-padding-top:0px;--awb-padding-right:0px;--awb-padding-bottom:0px;--awb-padding-left:0px;--awb-bg-size:cover;width:25%;width:calc(25% - ( ( 4% + 4% + 4% ) * 0.25 ) );margin-right: 4%;\"><div class=\"fusion-column-wrapper fusion-column-has-shadow fusion-flex-column-wrapper-legacy\"><div class=\"fusion-image-element in-legacy-container\" style=\"--awb-caption-title-font-family:var(--h2_typography-font-family);--awb-caption-title-font-weight:var(--h2_typography-font-weight);--awb-caption-title-font-style:var(--h2_typography-font-style);--awb-caption-title-size:var(--h2_typography-font-size);--awb-caption-title-transform:var(--h2_typography-text-transform);--awb-caption-title-line-height:var(--h2_typography-line-height);--awb-caption-title-letter-spacing:var(--h2_typography-letter-spacing);\"><span class=\" fusion-imageframe imageframe-none imageframe-1 hover-type-none\"><img decoding=\"async\" width=\"570\" height=\"358\" title=\"logiciel-webmonitor-newsteo-web\" src=\"https:\/\/www.newsteo.com\/wp-content\/uploads\/2020\/04\/logiciel-webmonitor-newsteo-web-1.jpg\" alt class=\"img-responsive wp-image-68241\" srcset=\"https:\/\/www.newsteo.com\/wp-content\/uploads\/2020\/04\/logiciel-webmonitor-newsteo-web-1-500x314.jpg 500w, https:\/\/www.newsteo.com\/wp-content\/uploads\/2020\/04\/logiciel-webmonitor-newsteo-web-1.jpg 570w\" sizes=\"(max-width: 570px) 100vw, 570px\" \/><\/span><\/div><div class=\"fusion-clearfix\"><\/div><\/div><\/div><div class=\"fusion-layout-column fusion_builder_column fusion-builder-column-1 fusion_builder_column_1_4 1_4 fusion-one-fourth txtDownload\" style=\"--awb-padding-right:12%;--awb-padding-left:0px;--awb-bg-size:cover;width:25%;width:calc(25% - ( ( 4% + 4% + 4% ) * 0.25 ) );margin-right: 4%;\"><div class=\"fusion-column-wrapper fusion-column-has-shadow fusion-flex-column-wrapper-legacy\"><div class=\"fusion-title title fusion-title-1 fusion-sep-none fusion-title-text fusion-title-size-three\" style=\"--awb-margin-bottom:10px;--awb-margin-top-small:0px;--awb-margin-right-small:0px;--awb-margin-bottom-small:20px;--awb-margin-left-small:0px;\"><h3 class=\"fusion-title-heading title-heading-left\" style=\"margin:0;\"><h3 style=\"text-align: center;\">WEBMONITOR-Anwendung<\/h3><\/h3><\/div><div class=\"fusion-align-block\"><a class=\"fusion-button button-flat button-large button-default fusion-button-default button-1 fusion-button-span-yes \" style=\"--button-border-radius-top-left:0px;--button-border-radius-top-right:0px;--button-border-radius-bottom-right:0px;--button-border-radius-bottom-left:0px;--button_text_transform:uppercase;\" target=\"_blank\" rel=\"noopener noreferrer\" href=\"https:\/\/www.newsteo-webmonitor.com\/\"><i class=\"fa-external-link-alt fas awb-button__icon awb-button__icon--default button-icon-left\" aria-hidden=\"true\"><\/i><span class=\"fusion-button-text awb-button__text awb-button__text--default\">Link zu der WebMonitor<\/span><\/a><\/div><div class=\"fusion-text fusion-text-1\"><p>Erforderliche Mindestkonfiguration:\u00a0 neueste Version von Chrome, Firefox oder Microsoft Edge<\/p>\n<\/div><div class=\"fusion-clearfix\"><\/div><\/div><\/div><div class=\"fusion-layout-column fusion_builder_column fusion-builder-column-2 fusion_builder_column_1_4 1_4 fusion-one-fourth\" style=\"--awb-padding-right:0px;--awb-padding-left:4%;--awb-bg-size:cover;width:25%;width:calc(25% - ( ( 4% + 4% + 4% ) * 0.25 ) );margin-right: 4%;\"><div class=\"fusion-column-wrapper fusion-column-has-shadow fusion-flex-column-wrapper-legacy\"><div class=\"fusion-image-element fusion-image-align-center in-legacy-container\" style=\"text-align:center;--awb-caption-title-font-family:var(--h2_typography-font-family);--awb-caption-title-font-weight:var(--h2_typography-font-weight);--awb-caption-title-font-style:var(--h2_typography-font-style);--awb-caption-title-size:var(--h2_typography-font-size);--awb-caption-title-transform:var(--h2_typography-text-transform);--awb-caption-title-line-height:var(--h2_typography-line-height);--awb-caption-title-letter-spacing:var(--h2_typography-letter-spacing);\"><div class=\"imageframe-align-center\"><span class=\" fusion-imageframe imageframe-none imageframe-2 hover-type-none\"><img decoding=\"async\" width=\"225\" height=\"162\" title=\"rfm\" src=\"https:\/\/www.newsteo.com\/wp-content\/uploads\/2019\/10\/rfm.png\" alt class=\"img-responsive wp-image-59526\"\/><\/span><\/div><\/div><div class=\"fusion-clearfix\"><\/div><\/div><\/div><div class=\"fusion-layout-column fusion_builder_column fusion-builder-column-3 fusion_builder_column_1_4 1_4 fusion-one-fourth fusion-column-last txtDownload\" style=\"--awb-overflow:hidden;--awb-bg-size:cover;--awb-border-radius:0px 0px 20px 0px;width:25%;width:calc(25% - ( ( 4% + 4% + 4% ) * 0.25 ) );\"><div class=\"fusion-column-wrapper fusion-column-has-shadow fusion-flex-column-wrapper-legacy\"><div class=\"fusion-title title fusion-title-2 fusion-sep-none fusion-title-text fusion-title-size-three\" style=\"--awb-margin-bottom:10px;--awb-margin-top-small:0px;--awb-margin-right-small:0px;--awb-margin-bottom-small:20px;--awb-margin-left-small:0px;\"><h3 class=\"fusion-title-heading title-heading-left\" style=\"margin:0;\"><h3 style=\"text-align: center;\">RFMONITOR-Software<\/h3><\/h3><\/div><div class=\"fusion-align-block\"><a class=\"fusion-button button-flat button-large button-default fusion-button-default button-2 fusion-button-span-yes \" style=\"--button-border-radius-top-left:0px;--button-border-radius-top-right:0px;--button-border-radius-bottom-right:0px;--button-border-radius-bottom-left:0px;--button_text_transform:uppercase;\" target=\"_self\" href=\"#\" data-toggle=\"modal\" data-target=\".fusion-modal.rfm3\"><i class=\"fa-download fas awb-button__icon awb-button__icon--default button-icon-left\" aria-hidden=\"true\"><\/i><span class=\"fusion-button-text awb-button__text awb-button__text--default\">RF MONITOR herunterladen<\/span><\/a><\/div><div class=\"fusion-text fusion-text-2\"><p>Erforderliche Mindestkonfiguration: empfohlen f\u00fcr Windows 10<\/p>\n<\/div><div class=\"fusion-modal modal fade modal-1 rfm3\" tabindex=\"-1\" role=\"dialog\" aria-labelledby=\"modal-heading-1\" aria-hidden=\"true\" style=\"--awb-border-color:#ebebeb;--awb-background:#f6f6f6;\"><div class=\"modal-dialog modal-lg\" role=\"document\"><div class=\"modal-content fusion-modal-content\"><div class=\"modal-header\"><button class=\"close\" type=\"button\" data-dismiss=\"modal\" aria-hidden=\"true\" aria-label=\"Close\">&times;<\/button><h3 class=\"modal-title\" id=\"modal-heading-1\" data-dismiss=\"modal\" aria-hidden=\"true\">RF MONITOR<\/h3><\/div><div class=\"modal-body fusion-clearfix\">\n<p style=\"text-align: center;\"><div class=\"fusion-button-wrapper\"><a class=\"fusion-button button-flat fusion-button-default-size button-default fusion-button-default button-3 fusion-button-default-span fusion-button-default-type\" style=\"--button_text_transform:uppercase;\" target=\"_blank\" rel=\"noopener noreferrer\" href=\"https:\/\/www.newsteo.com\/wp-content\/uploads\/_DWL\/RFM\/NewsteoKit_v7.17.59_20221202_setup.zip\"><span class=\"fusion-button-text awb-button__text awb-button__text--default\">RF MONITOR HERUNTERLADEN<\/span><\/a><\/div>\n<h2>Installation der RF Monitor- und DB Monitor-Software<\/h2>\n<p>Laden Sie die letzte Version des RF\/DB Monitor-Software-Kits: in diesem Kit sind die Software RF Monitor und DB Monitor enthalten:<\/p>\n<ul>\n<li>Das letzte RF\/DB Monitor-Software-Kit herunterladen\u00a0<em>(bitte auf dem oberen Link klicken).<\/em><\/li>\n<li>Datei entzippen (auf Ihrem B\u00fcro zum Beispiel).<\/li>\n<li>Doppelklick auf der *.exe-Datei, um die Installation zu starten und den Anweisungen folgen.<\/li>\n<li>Empfehlungen f\u00fcr die Installation:\u00a0Sie m\u00fcssen \u00fcber ADMIN-Rechte auf die installierten Verzeichnisse verf\u00fcgen (Verzeichnis RF Monitor in &#8222;Programs Files&#8220;) um RF Monitor anwenden zu k\u00f6nnen oder RF-Monitor auf dem Desktop zu installieren.<\/li>\n<\/ul>\n<h2>RF Monitor und DB Monitor-Update<\/h2>\n<p>Es kann einfach die alte Version mit der neuen Version \u00fcberschrieben werden, indem das aktuelle RF\/DB Monitor-Software-Kit heruntergeladen wird:<\/p>\n<ul>\n<li>Das aktuelle RF\/DB Monitor-Softwarekit herunterladen\u00a0<em>(Klicken Sie auf dem oberen Link)\u00a0<\/em><\/li>\n<li>Datei entzippen (auf Ihrem Desktop zum Beispiel)<\/li>\n<li>Doppelklick auf der *.exe-Datei, um die Installation zu starten, und dann den Anweisungen folgen.<\/li>\n<\/ul>\n<h2>Versionsnummern:<\/h2>\n<ul>\n<li>Letzte \u00a0RFMonitor-Version<strong> 7.12.5.62\u00a0\u00a0<\/strong><\/li>\n<li>Letzte Installationskit-Version<strong> 7.17.59 <\/strong>(2. Dezember 2022)<\/li>\n<\/ul>\n<\/div><div class=\"modal-footer\"><button class=\"fusion-button button-default button-medium button default medium\" type=\"button\" data-dismiss=\"modal\">Close<\/button><\/div><\/div><\/div><\/div><div class=\"fusion-clearfix\"><\/div><\/div><\/div><\/div><\/div><div class=\"fusion-fullwidth fullwidth-box fusion-builder-row-2 nonhundred-percent-fullwidth non-hundred-percent-height-scrolling\" style=\"--awb-border-radius-top-left:0px;--awb-border-radius-top-right:0px;--awb-border-radius-bottom-right:0px;--awb-border-radius-bottom-left:0px;--awb-margin-top:5%;--awb-flex-wrap:wrap;\" ><div class=\"fusion-builder-row fusion-row\"><div class=\"fusion-layout-column fusion_builder_column fusion-builder-column-4 fusion_builder_column_1_4 1_4 fusion-one-fourth fusion-column-first\" style=\"--awb-padding-top:0px;--awb-padding-right:0px;--awb-padding-bottom:0px;--awb-padding-left:0px;--awb-bg-size:cover;width:25%;width:calc(25% - ( ( 4% + 4% + 4% ) * 0.25 ) );margin-right: 4%;\"><div class=\"fusion-column-wrapper fusion-column-has-shadow fusion-flex-column-wrapper-legacy\"><div class=\"fusion-image-element fusion-image-align-center in-legacy-container\" style=\"text-align:center;--awb-max-width:70%;--awb-caption-title-font-family:var(--h2_typography-font-family);--awb-caption-title-font-weight:var(--h2_typography-font-weight);--awb-caption-title-font-style:var(--h2_typography-font-style);--awb-caption-title-size:var(--h2_typography-font-size);--awb-caption-title-transform:var(--h2_typography-text-transform);--awb-caption-title-line-height:var(--h2_typography-line-height);--awb-caption-title-letter-spacing:var(--h2_typography-letter-spacing);\"><div class=\"imageframe-align-center\"><span class=\" fusion-imageframe imageframe-none imageframe-3 hover-type-none\"><img decoding=\"async\" width=\"302\" height=\"280\" title=\"tempbase\" src=\"https:\/\/www.newsteo.com\/wp-content\/uploads\/2019\/12\/tempbase.jpg\" alt class=\"img-responsive wp-image-63332\"\/><\/span><\/div><\/div><div class=\"fusion-clearfix\"><\/div><\/div><\/div><div class=\"fusion-layout-column fusion_builder_column fusion-builder-column-5 fusion_builder_column_1_4 1_4 fusion-one-fourth txtDownload\" style=\"--awb-padding-right:12%;--awb-padding-left:0px;--awb-bg-size:cover;width:25%;width:calc(25% - ( ( 4% + 4% + 4% ) * 0.25 ) );margin-right: 4%;\"><div class=\"fusion-column-wrapper fusion-column-has-shadow fusion-flex-column-wrapper-legacy\"><div class=\"fusion-title title fusion-title-3 fusion-sep-none fusion-title-text fusion-title-size-three\" style=\"--awb-margin-bottom:10px;--awb-margin-top-small:0px;--awb-margin-right-small:0px;--awb-margin-bottom-small:20px;--awb-margin-left-small:0px;\"><h3 class=\"fusion-title-heading title-heading-left\" style=\"margin:0;\"><h3 style=\"text-align: center;\">Software TEMPBASE<\/h3><\/h3><\/div><div class=\"fusion-align-block\"><a class=\"fusion-button button-flat button-large button-default fusion-button-default button-4 fusion-button-span-yes \" style=\"--button-border-radius-top-left:0px;--button-border-radius-top-right:0px;--button-border-radius-bottom-right:0px;--button-border-radius-bottom-left:0px;--button_text_transform:uppercase;\" target=\"_self\" href=\"https:\/\/www.newsteo.com\/wp-content\/uploads\/2022\/02\/tempbase-2.zip\"><i class=\"fa-download fas awb-button__icon awb-button__icon--default button-icon-left\" aria-hidden=\"true\"><\/i><span class=\"fusion-button-text awb-button__text awb-button__text--default\">Tempbase herunterladen<\/span><\/a><\/div><div class=\"fusion-text fusion-text-3\"><p><a href=\"https:\/\/www.newsteo.com\/wp-content\/uploads\/_DWL\/AN\/tempbase-D-Manual-V5.1-EN.pdf\">Anwendungsbuch zu der Software herunterladen (auf Englisch) HIER<\/a><\/p>\n<\/div><div class=\"fusion-clearfix\"><\/div><\/div><\/div><div class=\"fusion-layout-column fusion_builder_column fusion-builder-column-6 fusion_builder_column_1_4 1_4 fusion-one-fourth\" style=\"--awb-padding-right:0px;--awb-padding-left:4%;--awb-bg-size:cover;width:25%;width:calc(25% - ( ( 4% + 4% + 4% ) * 0.25 ) );margin-right: 4%;\"><div class=\"fusion-column-wrapper fusion-column-has-shadow fusion-flex-column-wrapper-legacy\"><div class=\"fusion-clearfix\"><\/div><\/div><\/div><div class=\"fusion-layout-column fusion_builder_column fusion-builder-column-7 fusion_builder_column_1_4 1_4 fusion-one-fourth fusion-column-last txtDownload\" style=\"--awb-overflow:hidden;--awb-bg-size:cover;--awb-border-radius:0px 0px 20px 0px;width:25%;width:calc(25% - ( ( 4% + 4% + 4% ) * 0.25 ) );\"><div class=\"fusion-column-wrapper fusion-column-has-shadow fusion-flex-column-wrapper-legacy\"><div class=\"fusion-clearfix\"><\/div><\/div><\/div><\/div><\/div><\/p>\n","protected":false},"excerpt":{"rendered":"","protected":false},"author":28,"featured_media":0,"parent":61622,"menu_order":0,"comment_status":"closed","ping_status":"closed","template":"","meta":{"footnotes":""},"class_list":["post-63590","page","type-page","status-publish","hentry"],"_links":{"self":[{"href":"https:\/\/www.newsteo.com\/de\/wp-json\/wp\/v2\/pages\/63590","targetHints":{"allow":["GET"]}}],"collection":[{"href":"https:\/\/www.newsteo.com\/de\/wp-json\/wp\/v2\/pages"}],"about":[{"href":"https:\/\/www.newsteo.com\/de\/wp-json\/wp\/v2\/types\/page"}],"author":[{"embeddable":true,"href":"https:\/\/www.newsteo.com\/de\/wp-json\/wp\/v2\/users\/28"}],"replies":[{"embeddable":true,"href":"https:\/\/www.newsteo.com\/de\/wp-json\/wp\/v2\/comments?post=63590"}],"version-history":[{"count":0,"href":"https:\/\/www.newsteo.com\/de\/wp-json\/wp\/v2\/pages\/63590\/revisions"}],"up":[{"embeddable":true,"href":"https:\/\/www.newsteo.com\/de\/wp-json\/wp\/v2\/pages\/61622"}],"wp:attachment":[{"href":"https:\/\/www.newsteo.com\/de\/wp-json\/wp\/v2\/media?parent=63590"}],"curies":[{"name":"wp","href":"https:\/\/api.w.org\/{rel}","templated":true}]}}