{"id":81166,"date":"2021-07-19T10:57:37","date_gmt":"2021-07-19T08:57:37","guid":{"rendered":"https:\/\/www.newsteo.com\/?page_id=81166"},"modified":"2021-11-19T13:57:16","modified_gmt":"2021-11-19T12:57:16","slug":"protokoll-bluetooth-wifi-zigbee","status":"publish","type":"page","link":"https:\/\/www.newsteo.com\/de\/hilfe\/fragen-und-antworten\/funkubertragung\/protokoll-bluetooth-wifi-zigbee\/","title":{"rendered":"Welche Unterschiede gibt es zwischen dem ISM-Protokoll und  Bluetooth, Wifi, Zigbee\u2026?"},"content":{"rendered":"<p><div class=\"fusion-fullwidth fullwidth-box fusion-builder-row-1 fusion-flex-container fusion-parallax-none nonhundred-percent-fullwidth non-hundred-percent-height-scrolling recherche-base-de-connaissance\" style=\"--awb-border-radius-top-left:0px;--awb-border-radius-top-right:0px;--awb-border-radius-bottom-right:0px;--awb-border-radius-bottom-left:0px;--awb-background-image:url(&quot;https:\/\/www.newsteo.com\/wp-content\/uploads\/2021\/02\/bandeau-base-de-connaince2.jpg&quot;);--awb-background-size:cover;--awb-flex-wrap:wrap;\" ><div class=\"fusion-builder-row fusion-row fusion-flex-align-items-flex-start fusion-flex-content-wrap\" style=\"max-width:1352px;margin-left: calc(-4% \/ 2 );margin-right: calc(-4% \/ 2 );\"><div class=\"fusion-layout-column fusion_builder_column fusion-builder-column-0 fusion_builder_column_1_1 1_1 fusion-flex-column\" style=\"--awb-padding-top:40px;--awb-bg-size:cover;--awb-width-large:100%;--awb-margin-top-large:30px;--awb-spacing-right-large:1.92%;--awb-margin-bottom-large:30px;--awb-spacing-left-large:1.92%;--awb-width-medium:100%;--awb-order-medium:0;--awb-spacing-right-medium:1.92%;--awb-spacing-left-medium:1.92%;--awb-width-small:100%;--awb-order-small:0;--awb-spacing-right-small:1.92%;--awb-spacing-left-small:1.92%;\"><div class=\"fusion-column-wrapper fusion-column-has-shadow fusion-flex-justify-content-flex-start fusion-content-layout-column\"><div class=\"fusion-title title fusion-title-1 fusion-sep-none fusion-title-center fusion-title-text fusion-title-size-two\" style=\"--awb-text-color:#ffffff;--awb-margin-top-small:0px;--awb-margin-right-small:0px;--awb-margin-bottom-small:20px;--awb-margin-left-small:0px;--awb-font-size:42px;\"><h2 class=\"fusion-title-heading title-heading-center\" style=\"margin:0;font-size:1em;\"><strong>In der FAQ-Datenbank suchen<\/strong><\/h2><\/div><div class=\"fusion-search-element fusion-search-element-1 search-base-de-connaissance fusion-search-form-classic\" style=\"--awb-input-height:52px;--awb-border-radius:4px;--awb-text-size:15px;\">\t\t<form role=\"search\" class=\"searchform fusion-search-form  fusion-live-search fusion-search-form-classic\" method=\"get\" action=\"https:\/\/www.newsteo.com\/de\/\">\n\t\t\t<div class=\"fusion-search-form-content\">\n\n\t\t\t\t\n\t\t\t\t<div class=\"fusion-search-field search-field\">\n\t\t\t\t\t<label><span class=\"screen-reader-text\">Search for:<\/span>\n\t\t\t\t\t\t\t\t\t\t\t\t\t<input type=\"search\" class=\"s fusion-live-search-input\" name=\"s\" id=\"fusion-live-search-input-0\" autocomplete=\"off\" placeholder=\"Search...\" required aria-required=\"true\" aria-label=\"Search...\"\/>\n\t\t\t\t\t\t\t\t\t\t\t<\/label>\n\t\t\t\t<\/div>\n\t\t\t\t<div class=\"fusion-search-button search-button\">\n\t\t\t\t\t<input type=\"submit\" class=\"fusion-search-submit searchsubmit\" aria-label=\"Search\" value=\"&#xf002;\" \/>\n\t\t\t\t\t\t\t\t\t\t<div class=\"fusion-slider-loading\"><\/div>\n\t\t\t\t\t\t\t\t\t<\/div>\n\n\t\t\t\t<input type=\"hidden\" name=\"post_type[]\" value=\"page\" \/><input type=\"hidden\" name=\"search_limit_to_post_titles\" value=\"0\" \/><input type=\"hidden\" name=\"add_woo_product_skus\" value=\"0\" \/><input type=\"hidden\" name=\"live_min_character\" value=\"4\" \/><input type=\"hidden\" name=\"live_posts_per_page\" value=\"100\" \/><input type=\"hidden\" name=\"live_search_display_featured_image\" value=\"1\" \/><input type=\"hidden\" name=\"live_search_display_post_type\" value=\"1\" \/><input type=\"hidden\" name=\"fs\" value=\"1\" \/>\n\t\t\t<\/div>\n\n\n\t\t\t\t\t\t\t<div class=\"fusion-search-results-wrapper\"><div class=\"fusion-search-results\"><\/div><\/div>\n\t\t\t\n\t\t<\/form>\n\t\t<\/div><\/div><\/div><\/div><\/div><div class=\"fusion-fullwidth fullwidth-box fusion-builder-row-2 fusion-flex-container nonhundred-percent-fullwidth non-hundred-percent-height-scrolling\" style=\"--awb-border-sizes-bottom:1px;--awb-border-radius-top-left:0px;--awb-border-radius-top-right:0px;--awb-border-radius-bottom-right:0px;--awb-border-radius-bottom-left:0px;--awb-margin-bottom:50px;--awb-flex-wrap:wrap;\" ><div class=\"fusion-builder-row fusion-row fusion-flex-align-items-flex-start fusion-flex-content-wrap\" style=\"max-width:1352px;margin-left: calc(-4% \/ 2 );margin-right: calc(-4% \/ 2 );\"><div class=\"fusion-layout-column fusion_builder_column fusion-builder-column-1 fusion_builder_column_1_1 1_1 fusion-flex-column\" style=\"--awb-bg-size:cover;--awb-width-large:100%;--awb-margin-top-large:20px;--awb-spacing-right-large:1.92%;--awb-margin-bottom-large:20px;--awb-spacing-left-large:1.92%;--awb-width-medium:100%;--awb-order-medium:0;--awb-spacing-right-medium:1.92%;--awb-spacing-left-medium:1.92%;--awb-width-small:100%;--awb-order-small:0;--awb-spacing-right-small:1.92%;--awb-spacing-left-small:1.92%;\"><div class=\"fusion-column-wrapper fusion-column-has-shadow fusion-flex-justify-content-flex-start fusion-content-layout-column\"><nav class=\"fusion-breadcrumbs awb-yoast-breadcrumbs fusion-breadcrumbs-1\" style=\"--awb-alignment:left;--awb-font-size:14px;--awb-text-color:#000000;--awb-breadcrumb-sep:&#039;\/&#039;;text-align:left;\" aria-label=\"Breadcrumb\"><ol class=\"awb-breadcrumb-list\"><li class=\"fusion-breadcrumb-item awb-breadcrumb-sep awb-home\" ><a href=\"https:\/\/www.newsteo.com\/de\/\" class=\"fusion-breadcrumb-link\"><span >Home<\/span><\/a><\/li><\/ol><\/nav><\/div><\/div><\/div><\/div><div class=\"fusion-fullwidth fullwidth-box fusion-builder-row-3 fusion-flex-container nonhundred-percent-fullwidth non-hundred-percent-height-scrolling\" style=\"--awb-border-radius-top-left:0px;--awb-border-radius-top-right:0px;--awb-border-radius-bottom-right:0px;--awb-border-radius-bottom-left:0px;--awb-flex-wrap:wrap;\" ><div class=\"fusion-builder-row fusion-row fusion-flex-align-items-flex-start fusion-flex-content-wrap\" style=\"max-width:1352px;margin-left: calc(-4% \/ 2 );margin-right: calc(-4% \/ 2 );\"><div class=\"fusion-layout-column fusion_builder_column fusion-builder-column-2 fusion_builder_column_1_4 1_4 fusion-flex-column\" style=\"--awb-bg-size:cover;--awb-width-large:25%;--awb-margin-top-large:30px;--awb-spacing-right-large:7.68%;--awb-margin-bottom-large:30px;--awb-spacing-left-large:7.68%;--awb-width-medium:100%;--awb-order-medium:0;--awb-spacing-right-medium:1.92%;--awb-spacing-left-medium:1.92%;--awb-width-small:100%;--awb-order-small:0;--awb-spacing-right-small:1.92%;--awb-spacing-left-small:1.92%;\"><div class=\"fusion-column-wrapper fusion-column-has-shadow fusion-flex-justify-content-flex-start fusion-content-layout-column\"><div class=\"fusion-title title fusion-title-2 fusion-sep-none fusion-title-text fusion-title-size-four\" style=\"--awb-margin-bottom:10px;--awb-margin-top-small:0px;--awb-margin-right-small:0px;--awb-margin-bottom-small:20px;--awb-margin-left-small:0px;\"><h4 class=\"fusion-title-heading title-heading-left\" style=\"margin:0;\"><a href=\"https:\/\/www.newsteo.com\/de\/hilfe\/fragen-und-antworten\/funkubertragung\/\">Funk\u00fcbertragung<\/a><\/h4><\/div><div class=\"fusion-widget fusion-widget-element fusion-widget-area fusion-content-widget-area wpWidget-1 fusion_widget_vertical_menu no-divider-color\" style=\"--awb-fusion-border-size:0px;--awb-fusion-border-style:solid;\"><div class=\"widget avada_vertical_menu\"><style>#fusion-vertical-menu-widget-avada-vertical-menu-widget-1-nav ul.menu li a {font-size:14px;}<\/style><nav id=\"fusion-vertical-menu-widget-avada-vertical-menu-widget-1-nav\" class=\"fusion-vertical-menu-widget fusion-menu hover left no-border\" aria-label=\"Secondary Navigation: \"><ul id=\"menu-bdc-transmission-radio-de\" class=\"menu\"><li id=\"menu-item-83048\" class=\"menu-item menu-item-type-post_type menu-item-object-page menu-item-83048\"><a href=\"https:\/\/www.newsteo.com\/de\/hilfe\/fragen-und-antworten\/funkubertragung\/aktualisieren-newsteo-produkt\/\"><span class=\"link-text\"> Aktualisieren Sie mein Newsteo-Produkt<\/span><span class=\"arrow\"><\/span><\/a><\/li><li id=\"menu-item-83070\" class=\"menu-item menu-item-type-post_type menu-item-object-page menu-item-83070\"><a href=\"https:\/\/www.newsteo.com\/de\/hilfe\/fragen-und-antworten\/funkubertragung\/eigenschaften-der-funkubertragungstechnologie\/\"><span class=\"link-text\"> Eigenschaften der Funk\u00fcbertragungstechnologie<\/span><span class=\"arrow\"><\/span><\/a><\/li><li id=\"menu-item-83072\" class=\"menu-item menu-item-type-post_type menu-item-object-page menu-item-83072\"><a href=\"https:\/\/www.newsteo.com\/de\/hilfe\/fragen-und-antworten\/funkubertragung\/maximale-funkreichweite\/\"><span class=\"link-text\"> Was ist die maximale Funkreichweite?<\/span><span class=\"arrow\"><\/span><\/a><\/li><li id=\"menu-item-83203\" class=\"menu-item menu-item-type-post_type menu-item-object-page menu-item-83203\"><a href=\"https:\/\/www.newsteo.com\/de\/hilfe\/fragen-und-antworten\/funkubertragung\/protokoll-bluetooth-wifi-zigbee\/\"><span class=\"link-text\"> Welche Unterschiede gibt es zwischen dem ISM-Protokoll und  Bluetooth, Wifi, Zigbee\u2026?<\/span><span class=\"arrow\"><\/span><\/a><\/li><li id=\"menu-item-83069\" class=\"menu-item menu-item-type-post_type menu-item-object-page menu-item-83069\"><a href=\"https:\/\/www.newsteo.com\/de\/hilfe\/fragen-und-antworten\/funkubertragung\/rf-funksignale\/\"><span class=\"link-text\"> Werden die RF-Funksignale durch B\u00e4ume oder menschliche K\u00f6rper beeintr\u00e4chtigt?<\/span><span class=\"arrow\"><\/span><\/a><\/li><li id=\"menu-item-83071\" class=\"menu-item menu-item-type-post_type menu-item-object-page menu-item-83071\"><a href=\"https:\/\/www.newsteo.com\/de\/hilfe\/fragen-und-antworten\/funkubertragung\/sendeleistung\/\"><span class=\"link-text\"> Wie hoch ist die Sendeleistung der Newsteo Funkdatenlogger?<\/span><span class=\"arrow\"><\/span><\/a><\/li><li id=\"menu-item-83068\" class=\"menu-item menu-item-type-post_type menu-item-object-page menu-item-83068\"><a href=\"https:\/\/www.newsteo.com\/de\/hilfe\/fragen-und-antworten\/funkubertragung\/funklosung-gebaudeumgebung\/\"><span class=\"link-text\"> Wie verh\u00e4lt sich Ihre Funkl\u00f6sung in einer Geb\u00e4udeumgebung?<\/span><span class=\"arrow\"><\/span><\/a><\/li><\/ul><\/nav><\/div><\/div><\/div><\/div><div class=\"fusion-layout-column fusion_builder_column fusion-builder-column-3 fusion_builder_column_3_4 3_4 fusion-flex-column\" style=\"--awb-bg-size:cover;--awb-width-large:75%;--awb-margin-top-large:30px;--awb-spacing-right-large:2.56%;--awb-margin-bottom-large:30px;--awb-spacing-left-large:2.56%;--awb-width-medium:100%;--awb-order-medium:0;--awb-spacing-right-medium:1.92%;--awb-spacing-left-medium:1.92%;--awb-width-small:100%;--awb-order-small:0;--awb-spacing-right-small:1.92%;--awb-spacing-left-small:1.92%;\"><div class=\"fusion-column-wrapper fusion-column-has-shadow fusion-flex-justify-content-flex-start fusion-content-layout-column\"><div class=\"fusion-title title fusion-title-3 fusion-sep-none fusion-title-text fusion-title-size-one\" style=\"--awb-margin-bottom:10px;--awb-margin-top-small:0px;--awb-margin-right-small:0px;--awb-margin-bottom-small:20px;--awb-margin-left-small:0px;\"><h1 class=\"fusion-title-heading title-heading-left\" style=\"margin:0;\">Welche Unterschiede gibt es zwischen dem ISM-Protokoll und Bluetooth, Wifi, Zigbee\u2026?<\/h1><\/div><div class=\"fusion-separator fusion-full-width-sep\" style=\"align-self: center;margin-left: auto;margin-right: auto;margin-bottom:40px;width:100%;\"><div class=\"fusion-separator-border sep-single sep-solid\" style=\"--awb-height:20px;--awb-amount:20px;border-color:#e0dede;border-top-width:1px;\"><\/div><\/div><div class=\"fusion-text fusion-text-1\"><p>Diese Protokolle sind in ihren technischen Eigenschaften sowie Anwendungen ganz unterschiedlich.<\/p>\n<p>Zum Beispiel ben\u00f6tigen Informatiksnetzwerke ein hohes Volum und eine hohe Daten\u00fcbertagungsrate. In dem Fall werden Bluetooth und Wifi-Netzwerke in erster Linie eingesetzt, aber sie ben\u00f6tigen einen festen Stromanschluss aufgrund des hohen Stromberbrauchs.<\/p>\n<\/div><div class=\"fusion-text fusion-text-2\"><p>Im Gegensatz ben\u00f6tigen \u00dcbertragungen von Sensorenmessungen im industriellen Bereich eine geringe \u00dcbertragungsrate, aber eine starke Zuverl\u00e4ssigkeit. Im dem Fall sichert der Wechsel zur ISM-868 MHz Band eine sichere Daten\u00fcbertragung bei einer Anwendung, die eine geringe \u00dcbertragungsrate erfordert.<\/p>\n<\/div><div class=\"fusion-text fusion-text-3\"><p>Die lizenfreie ISM-Bandbreite unter 1GHz wird bei zahlreichen Industrieanwendungen eingesetzt, in denen hohe Reichweite, Systemkosten und hohe Batterielebsndauer eine kritische Rolle spielen. Anwendungen in diesen Marktsegmenten sind unterschiedlich und beinhalten Heimautomatisierung, Sicherheit, Steuerungssysteme, Fernerkundung, Z\u00e4hlerfernlesung, Spielzeuge, Wetterstationen, unter anderen zahlreichen Consumer-Anwendungen.<\/p>\n<p>Die ISM Bandbreite erm\u00f6glicht eine kompakte Funkschnittstelle mit einer hohen Reichweite:<\/p>\n<ul>\n<li>Im Freifeld und mit einer \u00bc Wellenl\u00e4ngen-Antenne (z.B. nur 8,6cm lang) betr\u00e4gt die Reichweite bis zu 800 m<\/li>\n<li>Funkfrequenzen k\u00f6nnen durch Betonw\u00e4nde durchdringen<\/li>\n<li>Die \u00dcbertragung wird nicht durch Hindernisse wie menschliche K\u00f6rper gest\u00f6rt (im Gegensatz zu Wifi und Bluetooth-Technologien von 2,4 GHz)<\/li>\n<li>St\u00f6rungen sind selten, da diese Funkfrequenz nur bei industriellen, wissenschaftlichen und Medizinanwendungen eingesetzt werden.<\/li>\n<\/ul>\n<p>Aufgrund der sehr guten Verbreitung der sub-GHz Funkwellen k\u00f6nnen erh\u00f6hte Funkreichweite bei niedrigerem Stromverbrauch erreicht werden als in der 2.4GHz Bandbreite. Dazu sind diese Unter-GHz Bandbreiten frei von Mikrowellen, WiFi und Bluetooth St\u00f6rungen, demzufolge robuster als die\u00a0 2.4GHz-L\u00f6sungen.<\/p>\n<p>Das Kommunikationsprotokoll von Newsteo ist<\/p>\n<ul>\n<li>Optimiert um einen niedrigen Stromverbrauch bei einer beschr\u00e4nkten Stromquelle zu haben, damit mobile L\u00f6sungen mit einfachen Lithium Batterien erzielt werden k\u00f6nnen.<\/li>\n<li>Robust und f\u00fcr Industriel\u00f6sungen geeignet.<\/li>\n<\/ul>\n<\/div><\/div><\/div><\/div><\/div><\/p>\n","protected":false},"excerpt":{"rendered":"","protected":false},"author":28,"featured_media":0,"parent":81164,"menu_order":0,"comment_status":"closed","ping_status":"closed","template":"100-width.php","meta":{"footnotes":""},"class_list":["post-81166","page","type-page","status-publish","hentry"],"_links":{"self":[{"href":"https:\/\/www.newsteo.com\/de\/wp-json\/wp\/v2\/pages\/81166","targetHints":{"allow":["GET"]}}],"collection":[{"href":"https:\/\/www.newsteo.com\/de\/wp-json\/wp\/v2\/pages"}],"about":[{"href":"https:\/\/www.newsteo.com\/de\/wp-json\/wp\/v2\/types\/page"}],"author":[{"embeddable":true,"href":"https:\/\/www.newsteo.com\/de\/wp-json\/wp\/v2\/users\/28"}],"replies":[{"embeddable":true,"href":"https:\/\/www.newsteo.com\/de\/wp-json\/wp\/v2\/comments?post=81166"}],"version-history":[{"count":0,"href":"https:\/\/www.newsteo.com\/de\/wp-json\/wp\/v2\/pages\/81166\/revisions"}],"up":[{"embeddable":true,"href":"https:\/\/www.newsteo.com\/de\/wp-json\/wp\/v2\/pages\/81164"}],"wp:attachment":[{"href":"https:\/\/www.newsteo.com\/de\/wp-json\/wp\/v2\/media?parent=81166"}],"curies":[{"name":"wp","href":"https:\/\/api.w.org\/{rel}","templated":true}]}}