{"id":81565,"date":"2021-07-19T10:03:36","date_gmt":"2021-07-19T08:03:36","guid":{"rendered":"https:\/\/www.newsteo.com\/?page_id=81565"},"modified":"2021-11-19T16:09:21","modified_gmt":"2021-11-19T15:09:21","slug":"aktivitat-funkfrequenzen","status":"publish","type":"page","link":"https:\/\/www.newsteo.com\/de\/hilfe\/fragen-und-antworten\/rf-monitor-software\/aktivitat-funkfrequenzen\/","title":{"rendered":"Funkscanner zur Ermittlung der Aktivit\u00e4t auf den Funkfrequenzen"},"content":{"rendered":"<p><div class=\"fusion-fullwidth fullwidth-box fusion-builder-row-1 fusion-flex-container fusion-parallax-none nonhundred-percent-fullwidth non-hundred-percent-height-scrolling recherche-base-de-connaissance\" style=\"--awb-border-radius-top-left:0px;--awb-border-radius-top-right:0px;--awb-border-radius-bottom-right:0px;--awb-border-radius-bottom-left:0px;--awb-background-image:url(&quot;https:\/\/www.newsteo.com\/wp-content\/uploads\/2021\/02\/bandeau-base-de-connaince2.jpg&quot;);--awb-background-size:cover;--awb-flex-wrap:wrap;\" ><div class=\"fusion-builder-row fusion-row fusion-flex-align-items-flex-start fusion-flex-content-wrap\" style=\"max-width:1352px;margin-left: calc(-4% \/ 2 );margin-right: calc(-4% \/ 2 );\"><div class=\"fusion-layout-column fusion_builder_column fusion-builder-column-0 fusion_builder_column_1_1 1_1 fusion-flex-column\" style=\"--awb-padding-top:40px;--awb-bg-size:cover;--awb-width-large:100%;--awb-margin-top-large:30px;--awb-spacing-right-large:1.92%;--awb-margin-bottom-large:30px;--awb-spacing-left-large:1.92%;--awb-width-medium:100%;--awb-order-medium:0;--awb-spacing-right-medium:1.92%;--awb-spacing-left-medium:1.92%;--awb-width-small:100%;--awb-order-small:0;--awb-spacing-right-small:1.92%;--awb-spacing-left-small:1.92%;\"><div class=\"fusion-column-wrapper fusion-column-has-shadow fusion-flex-justify-content-flex-start fusion-content-layout-column\"><div class=\"fusion-title title fusion-title-1 fusion-sep-none fusion-title-center fusion-title-text fusion-title-size-two\" style=\"--awb-text-color:#ffffff;--awb-margin-top-small:0px;--awb-margin-right-small:0px;--awb-margin-bottom-small:20px;--awb-margin-left-small:0px;--awb-font-size:42px;\"><h2 class=\"fusion-title-heading title-heading-center\" style=\"margin:0;font-size:1em;\"><strong>In der FAQ-Datenbank suchen<\/strong><\/h2><\/div><div class=\"fusion-search-element fusion-search-element-1 search-base-de-connaissance fusion-search-form-classic\" style=\"--awb-input-height:52px;--awb-border-radius:4px;--awb-text-size:15px;\">\t\t<form role=\"search\" class=\"searchform fusion-search-form  fusion-live-search fusion-search-form-classic\" method=\"get\" action=\"https:\/\/www.newsteo.com\/de\/\">\n\t\t\t<div class=\"fusion-search-form-content\">\n\n\t\t\t\t\n\t\t\t\t<div class=\"fusion-search-field search-field\">\n\t\t\t\t\t<label><span class=\"screen-reader-text\">Search for:<\/span>\n\t\t\t\t\t\t\t\t\t\t\t\t\t<input type=\"search\" class=\"s fusion-live-search-input\" name=\"s\" id=\"fusion-live-search-input-0\" autocomplete=\"off\" placeholder=\"Search...\" required aria-required=\"true\" aria-label=\"Search...\"\/>\n\t\t\t\t\t\t\t\t\t\t\t<\/label>\n\t\t\t\t<\/div>\n\t\t\t\t<div class=\"fusion-search-button search-button\">\n\t\t\t\t\t<input type=\"submit\" class=\"fusion-search-submit searchsubmit\" aria-label=\"Search\" value=\"&#xf002;\" \/>\n\t\t\t\t\t\t\t\t\t\t<div class=\"fusion-slider-loading\"><\/div>\n\t\t\t\t\t\t\t\t\t<\/div>\n\n\t\t\t\t<input type=\"hidden\" name=\"post_type[]\" value=\"page\" \/><input type=\"hidden\" name=\"search_limit_to_post_titles\" value=\"0\" \/><input type=\"hidden\" name=\"add_woo_product_skus\" value=\"0\" \/><input type=\"hidden\" name=\"live_min_character\" value=\"4\" \/><input type=\"hidden\" name=\"live_posts_per_page\" value=\"100\" \/><input type=\"hidden\" name=\"live_search_display_featured_image\" value=\"1\" \/><input type=\"hidden\" name=\"live_search_display_post_type\" value=\"1\" \/><input type=\"hidden\" name=\"fs\" value=\"1\" \/>\n\t\t\t<\/div>\n\n\n\t\t\t\t\t\t\t<div class=\"fusion-search-results-wrapper\"><div class=\"fusion-search-results\"><\/div><\/div>\n\t\t\t\n\t\t<\/form>\n\t\t<\/div><\/div><\/div><\/div><\/div><div class=\"fusion-fullwidth fullwidth-box fusion-builder-row-2 fusion-flex-container nonhundred-percent-fullwidth non-hundred-percent-height-scrolling\" style=\"--awb-border-sizes-bottom:1px;--awb-border-radius-top-left:0px;--awb-border-radius-top-right:0px;--awb-border-radius-bottom-right:0px;--awb-border-radius-bottom-left:0px;--awb-margin-bottom:50px;--awb-flex-wrap:wrap;\" ><div class=\"fusion-builder-row fusion-row fusion-flex-align-items-flex-start fusion-flex-content-wrap\" style=\"max-width:1352px;margin-left: calc(-4% \/ 2 );margin-right: calc(-4% \/ 2 );\"><div class=\"fusion-layout-column fusion_builder_column fusion-builder-column-1 fusion_builder_column_1_1 1_1 fusion-flex-column\" style=\"--awb-bg-size:cover;--awb-width-large:100%;--awb-margin-top-large:20px;--awb-spacing-right-large:1.92%;--awb-margin-bottom-large:20px;--awb-spacing-left-large:1.92%;--awb-width-medium:100%;--awb-order-medium:0;--awb-spacing-right-medium:1.92%;--awb-spacing-left-medium:1.92%;--awb-width-small:100%;--awb-order-small:0;--awb-spacing-right-small:1.92%;--awb-spacing-left-small:1.92%;\"><div class=\"fusion-column-wrapper fusion-column-has-shadow fusion-flex-justify-content-flex-start fusion-content-layout-column\"><nav class=\"fusion-breadcrumbs awb-yoast-breadcrumbs fusion-breadcrumbs-1\" style=\"--awb-alignment:left;--awb-font-size:14px;--awb-text-color:#000000;--awb-breadcrumb-sep:&#039;\/&#039;;text-align:left;\" aria-label=\"Breadcrumb\"><ol class=\"awb-breadcrumb-list\"><li class=\"fusion-breadcrumb-item awb-breadcrumb-sep awb-home\" ><a href=\"https:\/\/www.newsteo.com\/de\/\" class=\"fusion-breadcrumb-link\"><span >Home<\/span><\/a><\/li><\/ol><\/nav><\/div><\/div><\/div><\/div><div class=\"fusion-fullwidth fullwidth-box fusion-builder-row-3 nonhundred-percent-fullwidth non-hundred-percent-height-scrolling\" style=\"--awb-border-radius-top-left:0px;--awb-border-radius-top-right:0px;--awb-border-radius-bottom-right:0px;--awb-border-radius-bottom-left:0px;--awb-margin-bottom:30px;--awb-flex-wrap:wrap;\" ><div class=\"fusion-builder-row fusion-row\"><div class=\"fusion-layout-column fusion_builder_column fusion-builder-column-2 fusion_builder_column_1_4 1_4 fusion-one-fourth fusion-column-first\" style=\"--awb-bg-size:cover;width:25%;width:calc(25% - ( ( 4% ) * 0.25 ) );margin-right: 4%;\"><div class=\"fusion-column-wrapper fusion-column-has-shadow fusion-flex-column-wrapper-legacy\"><div class=\"fusion-title title fusion-title-2 fusion-sep-none fusion-title-text fusion-title-size-four\" style=\"--awb-margin-bottom:10px;--awb-margin-top-small:0px;--awb-margin-right-small:0px;--awb-margin-bottom-small:20px;--awb-margin-left-small:0px;\"><h4 class=\"fusion-title-heading title-heading-left\" style=\"margin:0;\"><a href=\"https:\/\/www.newsteo.com\/de\/hilfe\/fragen-und-antworten\/rf-monitor-software\/\">RF Monitor Software<\/a><\/h4><\/div><div class=\"fusion-widget fusion-widget-element fusion-widget-area fusion-content-widget-area wpWidget-1 fusion_widget_vertical_menu no-divider-color\" style=\"--awb-fusion-border-size:0px;--awb-fusion-border-style:solid;\"><div class=\"widget avada_vertical_menu\"><style>#fusion-vertical-menu-widget-avada-vertical-menu-widget-1-nav ul.menu li a {font-size:14px;}<\/style><nav id=\"fusion-vertical-menu-widget-avada-vertical-menu-widget-1-nav\" class=\"fusion-vertical-menu-widget fusion-menu hover left no-border\" aria-label=\"Secondary Navigation: \"><ul id=\"menu-bdc-rf-monitor-de\" class=\"menu\"><li id=\"menu-item-83178\" class=\"menu-item menu-item-type-post_type menu-item-object-page menu-item-83178\"><a href=\"https:\/\/www.newsteo.com\/de\/hilfe\/fragen-und-antworten\/rf-monitor-software\/alarmeinstellung\/\"><span class=\"link-text\"> Alarmeinstellung \u2013 Konfiguration der Email-Alarme<\/span><span class=\"arrow\"><\/span><\/a><\/li><li id=\"menu-item-83179\" class=\"menu-item menu-item-type-post_type menu-item-object-page menu-item-83179\"><a href=\"https:\/\/www.newsteo.com\/de\/hilfe\/fragen-und-antworten\/rf-monitor-software\/anzeige-messdaten-rf-monitor\/\"><span class=\"link-text\"> Anzeige der Messdaten in RF Monitor<\/span><span class=\"arrow\"><\/span><\/a><\/li><li id=\"menu-item-83115\" class=\"menu-item menu-item-type-post_type menu-item-object-page menu-item-83115\"><a href=\"https:\/\/www.newsteo.com\/de\/hilfe\/fragen-und-antworten\/rf-monitor-software\/einem-logger-eine-formel-hinzufugen\/\"><span class=\"link-text\"> Einem Logger eine Formel hinzuf\u00fcgen<\/span><span class=\"arrow\"><\/span><\/a><\/li><li id=\"menu-item-83166\" class=\"menu-item menu-item-type-post_type menu-item-object-page menu-item-83166\"><a href=\"https:\/\/www.newsteo.com\/de\/hilfe\/fragen-und-antworten\/rf-monitor-software\/firmwareupdate\/\"><span class=\"link-text\"> Firmwareupdate \/ Upgrade eines Funkdatenloggers<\/span><span class=\"arrow\"><\/span><\/a><\/li><li id=\"menu-item-83183\" class=\"menu-item menu-item-type-post_type menu-item-object-page menu-item-83183\"><a href=\"https:\/\/www.newsteo.com\/de\/hilfe\/fragen-und-antworten\/rf-monitor-software\/upgrade-rf-to-usb-schlussels\/\"><span class=\"link-text\"> Firmwareupdate \/ Upgrade eines RF-to-USB Schl\u00fcssels<\/span><span class=\"arrow\"><\/span><\/a><\/li><li id=\"menu-item-83116\" class=\"menu-item menu-item-type-post_type menu-item-object-page menu-item-83116\"><a href=\"https:\/\/www.newsteo.com\/de\/hilfe\/fragen-und-antworten\/rf-monitor-software\/formelanzeige\/\"><span class=\"link-text\"> Formelanzeige zur Korrektur einer Messungenauigkeit<\/span><span class=\"arrow\"><\/span><\/a><\/li><li id=\"menu-item-83165\" class=\"menu-item menu-item-type-post_type menu-item-object-page menu-item-83165\"><a href=\"https:\/\/www.newsteo.com\/de\/hilfe\/fragen-und-antworten\/rf-monitor-software\/aktivitat-funkfrequenzen\/\"><span class=\"link-text\"> Funkscanner zur Ermittlung der Aktivit\u00e4t auf den Funkfrequenzen<\/span><span class=\"arrow\"><\/span><\/a><\/li><li id=\"menu-item-83170\" class=\"menu-item menu-item-type-post_type menu-item-object-page menu-item-83170\"><a href=\"https:\/\/www.newsteo.com\/de\/hilfe\/fragen-und-antworten\/rf-monitor-software\/logger-in-alarm\/\"><span class=\"link-text\"> Kann man mit der Software schnell wissen, welcher Logger in Alarm ist?<\/span><span class=\"arrow\"><\/span><\/a><\/li><li id=\"menu-item-83180\" class=\"menu-item menu-item-type-post_type menu-item-object-page menu-item-83180\"><a href=\"https:\/\/www.newsteo.com\/de\/hilfe\/fragen-und-antworten\/rf-monitor-software\/logger-kalibrierung\/\"><span class=\"link-text\"> Logger Kalibrierung<\/span><span class=\"arrow\"><\/span><\/a><\/li><li id=\"menu-item-83174\" class=\"menu-item menu-item-type-post_type menu-item-object-page menu-item-83174\"><a href=\"https:\/\/www.newsteo.com\/de\/hilfe\/fragen-und-antworten\/rf-monitor-software\/mindestanforderunge-konfiguration\/\"><span class=\"link-text\"> Mindestanforderungen an Konfiguration<\/span><span class=\"arrow\"><\/span><\/a><\/li><li id=\"menu-item-83181\" class=\"menu-item menu-item-type-post_type menu-item-object-page menu-item-83181\"><a href=\"https:\/\/www.newsteo.com\/de\/hilfe\/fragen-und-antworten\/rf-monitor-software\/anzeige-sensoren-andern\/\"><span class=\"link-text\"> Reihenfolge der Anzeige von Sensoren \u00e4ndern<\/span><span class=\"arrow\"><\/span><\/a><\/li><li id=\"menu-item-83172\" class=\"menu-item menu-item-type-post_type menu-item-object-page menu-item-83172\"><a href=\"https:\/\/www.newsteo.com\/de\/hilfe\/fragen-und-antworten\/rf-monitor-software\/feuchtigkeit-anzeigen\/\"><span class=\"link-text\"> Relative Feuchtigkeit in % anzeigen, ausgehend von einem 4-20 mA Sensor<\/span><span class=\"arrow\"><\/span><\/a><\/li><li id=\"menu-item-83171\" class=\"menu-item menu-item-type-post_type menu-item-object-page menu-item-83171\"><a href=\"https:\/\/www.newsteo.com\/de\/hilfe\/fragen-und-antworten\/rf-monitor-software\/rf-to-usb-key\/\"><span class=\"link-text\"> RF\u2010to\u2010USB KEY: Installation von stabilen Treibern f\u00fcr den RF-to-USB Key<\/span><span class=\"arrow\"><\/span><\/a><\/li><li id=\"menu-item-83173\" class=\"menu-item menu-item-type-post_type menu-item-object-page menu-item-83173\"><a href=\"https:\/\/www.newsteo.com\/de\/hilfe\/fragen-und-antworten\/rf-monitor-software\/sendekanal-andern-konfigurieren\/\"><span class=\"link-text\"> Sendekanal \u00e4ndern \/ konfigurieren<\/span><span class=\"arrow\"><\/span><\/a><\/li><li id=\"menu-item-83176\" class=\"menu-item menu-item-type-post_type menu-item-object-page menu-item-83176\"><a href=\"https:\/\/www.newsteo.com\/de\/hilfe\/fragen-und-antworten\/rf-monitor-software\/verschlusselung-ubertragung\/\"><span class=\"link-text\"> Verschl\u00fcsselung der \u00dcbertragung<\/span><span class=\"arrow\"><\/span><\/a><\/li><li id=\"menu-item-83177\" class=\"menu-item menu-item-type-post_type menu-item-object-page menu-item-83177\"><a href=\"https:\/\/www.newsteo.com\/de\/hilfe\/fragen-und-antworten\/rf-monitor-software\/vollstandiger-download-speichers\/\"><span class=\"link-text\"> Vollst\u00e4ndiger Download des Speichers?<\/span><span class=\"arrow\"><\/span><\/a><\/li><li id=\"menu-item-83168\" class=\"menu-item menu-item-type-post_type menu-item-object-page menu-item-83168\"><a href=\"https:\/\/www.newsteo.com\/de\/hilfe\/fragen-und-antworten\/rf-monitor-software\/hinzufugen-sensors-nicht-berucksichtigt\/\"><span class=\"link-text\"> Warum wird das Hinzuf\u00fcgen eines Sensors f\u00fcr meinen Logger nicht ber\u00fccksichtigt?<\/span><span class=\"arrow\"><\/span><\/a><\/li><li id=\"menu-item-83175\" class=\"menu-item menu-item-type-post_type menu-item-object-page menu-item-83175\"><a href=\"https:\/\/www.newsteo.com\/de\/hilfe\/fragen-und-antworten\/rf-monitor-software\/letzte-version-rf-monitor\/\"><span class=\"link-text\"> Wie kann ich die letzte Version der RF Monitor Software herunterladen?<\/span><span class=\"arrow\"><\/span><\/a><\/li><li id=\"menu-item-83169\" class=\"menu-item menu-item-type-post_type menu-item-object-page menu-item-83169\"><a href=\"https:\/\/www.newsteo.com\/de\/hilfe\/fragen-und-antworten\/rf-monitor-software\/xml-dateien-updaten\/\"><span class=\"link-text\"> XML-Dateien updaten<\/span><span class=\"arrow\"><\/span><\/a><\/li><li id=\"menu-item-116003\" class=\"menu-item menu-item-type-post_type menu-item-object-page menu-item-116003\"><a href=\"https:\/\/www.newsteo.com\/de\/hilfe\/fragen-und-antworten\/rf-monitor-software\/erlauben-rfm-senden-e-mail\/\"><span class=\"link-text\"> Verfahren, zum Versenden \u00fcber RFM von E-Mails mit Google Mail<\/span><span class=\"arrow\"><\/span><\/a><\/li><\/ul><\/nav><\/div><\/div><div class=\"fusion-clearfix\"><\/div><\/div><\/div><div class=\"fusion-layout-column fusion_builder_column fusion-builder-column-3 fusion_builder_column_3_4 3_4 fusion-three-fourth fusion-column-last\" style=\"--awb-bg-size:cover;width:75%;width:calc(75% - ( ( 4% ) * 0.75 ) );\"><div class=\"fusion-column-wrapper fusion-column-has-shadow fusion-flex-column-wrapper-legacy\"><div class=\"fusion-title title fusion-title-3 fusion-sep-none fusion-title-text fusion-title-size-one\" style=\"--awb-margin-bottom:10px;--awb-margin-top-small:0px;--awb-margin-right-small:0px;--awb-margin-bottom-small:20px;--awb-margin-left-small:0px;\"><h1 class=\"fusion-title-heading title-heading-left\" style=\"margin:0;\">Funkscanner zur Ermittlung der Aktivit\u00e4t auf den Funkfrequenzen<\/h1><\/div><div class=\"fusion-sep-clear\"><\/div><div class=\"fusion-separator fusion-full-width-sep\" style=\"margin-left: auto;margin-right: auto;margin-bottom:40px;width:100%;\"><div class=\"fusion-separator-border sep-single sep-solid\" style=\"--awb-height:20px;--awb-amount:20px;border-color:#e0dede;border-top-width:1px;\"><\/div><\/div><div class=\"fusion-sep-clear\"><\/div><div class=\"fusion-text fusion-text-1\"><p>In der RF Monitor-Software ist ein Tool integriert, mit dem die Aktivit\u00e4t auf der Bandbreite der\u00a0Newsteo\u00a0Loggers (868 MHz) ermittelt werden kann. Wenn Sie eine Installation vornehmen, sollten Sie die Umgebung testen und bei Bedarf, den Funk\u00fcbertragungskanal wechseln, damit Ihnen eine freie Bandbreite zur Verf\u00fcgung steht. Dieses wird eine bessere Funk\u00fcbertragung erm\u00f6glichen, aber auch einen niedrigen Batterieverbrauch erm\u00f6glichen: wenn die Funk\u00fcbertragung besser ist, wird verhindert, dass der Logger mehrmals versucht, seine Informationen zu funken..<\/p>\n<\/div><div class=\"fusion-title title fusion-title-4 fusion-sep-none fusion-title-text fusion-title-size-three\" style=\"--awb-margin-top-small:0px;--awb-margin-right-small:0px;--awb-margin-bottom-small:20px;--awb-margin-left-small:0px;\"><h3 class=\"fusion-title-heading title-heading-left\" style=\"margin:0;\">Aktivierung des Radio-Scanners<\/h3><\/div><div class=\"fusion-text fusion-text-2\"><p>Klicken Sie auf\u00a0<em>Parameter<\/em>\/\u00a0<em>Optionen<\/em><br \/>\nKlicken Sie auf\u00a0<em>Module<\/em><br \/>\nTicken Sie\u00a0<em>Installations Tools aktivieren<\/em><br \/>\nKlicken Sie auf\u00a0<em>Speichern<\/em><\/p>\n<\/div><div class=\"fusion-image-element fusion-image-align-center in-legacy-container\" style=\"text-align:center;--awb-margin-top:30px;--awb-margin-bottom:30px;--awb-caption-title-font-family:var(--h2_typography-font-family);--awb-caption-title-font-weight:var(--h2_typography-font-weight);--awb-caption-title-font-style:var(--h2_typography-font-style);--awb-caption-title-size:var(--h2_typography-font-size);--awb-caption-title-transform:var(--h2_typography-text-transform);--awb-caption-title-line-height:var(--h2_typography-line-height);--awb-caption-title-letter-spacing:var(--h2_typography-letter-spacing);\"><div class=\"imageframe-align-center\"><span class=\" fusion-imageframe imageframe-none imageframe-1 hover-type-none\"><img decoding=\"async\" width=\"700\" height=\"521\" title=\"menu_scanner_EN\" src=\"https:\/\/www.newsteo.com\/wp-content\/uploads\/2019\/07\/menu_scanner_EN.png\" alt class=\"img-responsive wp-image-63060\" srcset=\"https:\/\/www.newsteo.com\/wp-content\/uploads\/2019\/07\/menu_scanner_EN-500x372.png 500w, https:\/\/www.newsteo.com\/wp-content\/uploads\/2019\/07\/menu_scanner_EN.png 700w\" sizes=\"(max-width: 700px) 100vw, 700px\" \/><\/span><\/div><\/div><div class=\"fusion-sep-clear\"><\/div><div class=\"fusion-separator fusion-full-width-sep\" style=\"margin-left: auto;margin-right: auto;margin-bottom:30px;width:100%;\"><div class=\"fusion-separator-border sep-single sep-solid\" style=\"--awb-height:20px;--awb-amount:20px;border-color:#e0dede;border-top-width:1px;\"><\/div><\/div><div class=\"fusion-sep-clear\"><\/div><div class=\"fusion-title title fusion-title-5 fusion-sep-none fusion-title-text fusion-title-size-three\" style=\"--awb-margin-top-small:0px;--awb-margin-right-small:0px;--awb-margin-bottom-small:20px;--awb-margin-left-small:0px;\"><h3 class=\"fusion-title-heading title-heading-left\" style=\"margin:0;\">START des Radio Scanners<\/h3><\/div><div class=\"fusion-text fusion-text-3\"><p>RF-to-USB Key an den USB-Port anschliessen<br \/>\nGehen Sie in das Men\u00fc\u00a0<em>Extras \/ Installationshilfetools \/ Radio Scanner<\/em>.<\/p>\n<\/div><div class=\"fusion-image-element fusion-image-align-center in-legacy-container\" style=\"text-align:center;--awb-margin-top:30px;--awb-margin-bottom:30px;--awb-caption-title-font-family:var(--h2_typography-font-family);--awb-caption-title-font-weight:var(--h2_typography-font-weight);--awb-caption-title-font-style:var(--h2_typography-font-style);--awb-caption-title-size:var(--h2_typography-font-size);--awb-caption-title-transform:var(--h2_typography-text-transform);--awb-caption-title-line-height:var(--h2_typography-line-height);--awb-caption-title-letter-spacing:var(--h2_typography-letter-spacing);\"><div class=\"imageframe-align-center\"><span class=\" fusion-imageframe imageframe-none imageframe-2 hover-type-none\"><img decoding=\"async\" width=\"577\" height=\"123\" title=\"acces_scanner_EN\" src=\"https:\/\/www.newsteo.com\/wp-content\/uploads\/2019\/07\/acces_scanner_EN.png\" alt class=\"img-responsive wp-image-63068\" srcset=\"https:\/\/www.newsteo.com\/wp-content\/uploads\/2019\/07\/acces_scanner_EN-500x107.png 500w, https:\/\/www.newsteo.com\/wp-content\/uploads\/2019\/07\/acces_scanner_EN.png 577w\" sizes=\"(max-width: 577px) 100vw, 577px\" \/><\/span><\/div><\/div><div class=\"fusion-sep-clear\"><\/div><div class=\"fusion-separator fusion-full-width-sep\" style=\"margin-left: auto;margin-right: auto;margin-bottom:30px;width:100%;\"><div class=\"fusion-separator-border sep-single sep-solid\" style=\"--awb-height:20px;--awb-amount:20px;border-color:#e0dede;border-top-width:1px;\"><\/div><\/div><div class=\"fusion-sep-clear\"><\/div><div class=\"fusion-text fusion-text-4\"><p>W\u00e4hlen Sie den USB-Schl\u00fcsselsaus und klick Sie auf\u00a0<em>Start<\/em><\/p>\n<\/div><div class=\"fusion-image-element fusion-image-align-center in-legacy-container\" style=\"text-align:center;--awb-margin-top:30px;--awb-margin-bottom:30px;--awb-caption-title-font-family:var(--h2_typography-font-family);--awb-caption-title-font-weight:var(--h2_typography-font-weight);--awb-caption-title-font-style:var(--h2_typography-font-style);--awb-caption-title-size:var(--h2_typography-font-size);--awb-caption-title-transform:var(--h2_typography-text-transform);--awb-caption-title-line-height:var(--h2_typography-line-height);--awb-caption-title-letter-spacing:var(--h2_typography-letter-spacing);\"><div class=\"imageframe-align-center\"><span class=\" fusion-imageframe imageframe-none imageframe-3 hover-type-none\"><img decoding=\"async\" width=\"775\" height=\"671\" title=\"scanner_radio_EN\" src=\"https:\/\/www.newsteo.com\/wp-content\/uploads\/2019\/07\/scanner_radio_EN.png\" alt class=\"img-responsive wp-image-63052\" srcset=\"https:\/\/www.newsteo.com\/wp-content\/uploads\/2019\/07\/scanner_radio_EN-500x433.png 500w, https:\/\/www.newsteo.com\/wp-content\/uploads\/2019\/07\/scanner_radio_EN-700x606.png 700w, https:\/\/www.newsteo.com\/wp-content\/uploads\/2019\/07\/scanner_radio_EN.png 775w\" sizes=\"(max-width: 775px) 100vw, 775px\" \/><\/span><\/div><\/div><div class=\"fusion-text fusion-text-5\"><p>In diesem Beispiel, sieht man, dass es eine Aktivit\u00e4t auf die Kan\u00e4le\u00a0 4, 7, 8, und 9 gibt. Es ist daher von Vorteil andere Kan\u00e4le f\u00fcr die Installation des Materials anzuwenden.<\/p>\n<\/div><div class=\"fusion-clearfix\"><\/div><\/div><\/div><\/div><\/div><\/p>\n","protected":false},"excerpt":{"rendered":"","protected":false},"author":28,"featured_media":0,"parent":81201,"menu_order":0,"comment_status":"closed","ping_status":"closed","template":"100-width.php","meta":{"footnotes":""},"class_list":["post-81565","page","type-page","status-publish","hentry"],"_links":{"self":[{"href":"https:\/\/www.newsteo.com\/de\/wp-json\/wp\/v2\/pages\/81565","targetHints":{"allow":["GET"]}}],"collection":[{"href":"https:\/\/www.newsteo.com\/de\/wp-json\/wp\/v2\/pages"}],"about":[{"href":"https:\/\/www.newsteo.com\/de\/wp-json\/wp\/v2\/types\/page"}],"author":[{"embeddable":true,"href":"https:\/\/www.newsteo.com\/de\/wp-json\/wp\/v2\/users\/28"}],"replies":[{"embeddable":true,"href":"https:\/\/www.newsteo.com\/de\/wp-json\/wp\/v2\/comments?post=81565"}],"version-history":[{"count":0,"href":"https:\/\/www.newsteo.com\/de\/wp-json\/wp\/v2\/pages\/81565\/revisions"}],"up":[{"embeddable":true,"href":"https:\/\/www.newsteo.com\/de\/wp-json\/wp\/v2\/pages\/81201"}],"wp:attachment":[{"href":"https:\/\/www.newsteo.com\/de\/wp-json\/wp\/v2\/media?parent=81565"}],"curies":[{"name":"wp","href":"https:\/\/api.w.org\/{rel}","templated":true}]}}