{"id":81632,"date":"2021-07-19T11:10:34","date_gmt":"2021-07-19T09:10:34","guid":{"rendered":"https:\/\/www.newsteo.com\/?page_id=81632"},"modified":"2021-11-24T11:28:21","modified_gmt":"2021-11-24T10:28:21","slug":"messdaten-bei-tempmate-geraten","status":"publish","type":"page","link":"https:\/\/www.newsteo.com\/de\/hilfe\/fragen-und-antworten\/tempmate\/messdaten-bei-tempmate-geraten\/","title":{"rendered":"Messdaten bei Tempmate-Ger\u00e4ten im Recordmodus herunterladen?"},"content":{"rendered":"<p><div class=\"fusion-fullwidth fullwidth-box fusion-builder-row-1 fusion-flex-container fusion-parallax-none nonhundred-percent-fullwidth non-hundred-percent-height-scrolling recherche-base-de-connaissance\" style=\"--awb-border-radius-top-left:0px;--awb-border-radius-top-right:0px;--awb-border-radius-bottom-right:0px;--awb-border-radius-bottom-left:0px;--awb-background-image:url(&quot;https:\/\/www.newsteo.com\/wp-content\/uploads\/2021\/02\/bandeau-base-de-connaince2.jpg&quot;);--awb-background-size:cover;--awb-flex-wrap:wrap;\" ><div class=\"fusion-builder-row fusion-row fusion-flex-align-items-flex-start fusion-flex-content-wrap\" style=\"max-width:1352px;margin-left: calc(-4% \/ 2 );margin-right: calc(-4% \/ 2 );\"><div class=\"fusion-layout-column fusion_builder_column fusion-builder-column-0 fusion_builder_column_1_1 1_1 fusion-flex-column\" style=\"--awb-padding-top:40px;--awb-bg-size:cover;--awb-width-large:100%;--awb-margin-top-large:30px;--awb-spacing-right-large:1.92%;--awb-margin-bottom-large:30px;--awb-spacing-left-large:1.92%;--awb-width-medium:100%;--awb-order-medium:0;--awb-spacing-right-medium:1.92%;--awb-spacing-left-medium:1.92%;--awb-width-small:100%;--awb-order-small:0;--awb-spacing-right-small:1.92%;--awb-spacing-left-small:1.92%;\"><div class=\"fusion-column-wrapper fusion-column-has-shadow fusion-flex-justify-content-flex-start fusion-content-layout-column\"><div class=\"fusion-title title fusion-title-1 fusion-sep-none fusion-title-center fusion-title-text fusion-title-size-two\" style=\"--awb-text-color:#ffffff;--awb-margin-top-small:0px;--awb-margin-right-small:0px;--awb-margin-bottom-small:20px;--awb-margin-left-small:0px;--awb-font-size:42px;\"><h2 class=\"fusion-title-heading title-heading-center\" style=\"margin:0;font-size:1em;\"><strong>In der FAQ-Datenbank suchen<\/strong><\/h2><\/div><div class=\"fusion-search-element fusion-search-element-1 search-base-de-connaissance fusion-search-form-classic\" style=\"--awb-input-height:52px;--awb-border-radius:4px;--awb-text-size:15px;\">\t\t<form role=\"search\" class=\"searchform fusion-search-form  fusion-live-search fusion-search-form-classic\" method=\"get\" action=\"https:\/\/www.newsteo.com\/de\/\">\n\t\t\t<div class=\"fusion-search-form-content\">\n\n\t\t\t\t\n\t\t\t\t<div class=\"fusion-search-field search-field\">\n\t\t\t\t\t<label><span class=\"screen-reader-text\">Search for:<\/span>\n\t\t\t\t\t\t\t\t\t\t\t\t\t<input type=\"search\" class=\"s fusion-live-search-input\" name=\"s\" id=\"fusion-live-search-input-0\" autocomplete=\"off\" placeholder=\"Search...\" required aria-required=\"true\" aria-label=\"Search...\"\/>\n\t\t\t\t\t\t\t\t\t\t\t<\/label>\n\t\t\t\t<\/div>\n\t\t\t\t<div class=\"fusion-search-button search-button\">\n\t\t\t\t\t<input type=\"submit\" class=\"fusion-search-submit searchsubmit\" aria-label=\"Search\" value=\"&#xf002;\" \/>\n\t\t\t\t\t\t\t\t\t\t<div class=\"fusion-slider-loading\"><\/div>\n\t\t\t\t\t\t\t\t\t<\/div>\n\n\t\t\t\t<input type=\"hidden\" name=\"post_type[]\" value=\"page\" \/><input type=\"hidden\" name=\"search_limit_to_post_titles\" value=\"0\" \/><input type=\"hidden\" name=\"add_woo_product_skus\" value=\"0\" \/><input type=\"hidden\" name=\"live_min_character\" value=\"4\" \/><input type=\"hidden\" name=\"live_posts_per_page\" value=\"100\" \/><input type=\"hidden\" name=\"live_search_display_featured_image\" value=\"1\" \/><input type=\"hidden\" name=\"live_search_display_post_type\" value=\"1\" \/><input type=\"hidden\" name=\"fs\" value=\"1\" \/>\n\t\t\t<\/div>\n\n\n\t\t\t\t\t\t\t<div class=\"fusion-search-results-wrapper\"><div class=\"fusion-search-results\"><\/div><\/div>\n\t\t\t\n\t\t<\/form>\n\t\t<\/div><\/div><\/div><\/div><\/div><div class=\"fusion-fullwidth fullwidth-box fusion-builder-row-2 fusion-flex-container nonhundred-percent-fullwidth non-hundred-percent-height-scrolling\" style=\"--awb-border-sizes-bottom:1px;--awb-border-radius-top-left:0px;--awb-border-radius-top-right:0px;--awb-border-radius-bottom-right:0px;--awb-border-radius-bottom-left:0px;--awb-margin-bottom:50px;--awb-flex-wrap:wrap;\" ><div class=\"fusion-builder-row fusion-row fusion-flex-align-items-flex-start fusion-flex-content-wrap\" style=\"max-width:1352px;margin-left: calc(-4% \/ 2 );margin-right: calc(-4% \/ 2 );\"><div class=\"fusion-layout-column fusion_builder_column fusion-builder-column-1 fusion_builder_column_1_1 1_1 fusion-flex-column\" style=\"--awb-bg-size:cover;--awb-width-large:100%;--awb-margin-top-large:20px;--awb-spacing-right-large:1.92%;--awb-margin-bottom-large:20px;--awb-spacing-left-large:1.92%;--awb-width-medium:100%;--awb-order-medium:0;--awb-spacing-right-medium:1.92%;--awb-spacing-left-medium:1.92%;--awb-width-small:100%;--awb-order-small:0;--awb-spacing-right-small:1.92%;--awb-spacing-left-small:1.92%;\"><div class=\"fusion-column-wrapper fusion-column-has-shadow fusion-flex-justify-content-flex-start fusion-content-layout-column\"><nav class=\"fusion-breadcrumbs awb-yoast-breadcrumbs fusion-breadcrumbs-1\" style=\"--awb-alignment:left;--awb-font-size:14px;--awb-text-color:#000000;--awb-breadcrumb-sep:&#039;\/&#039;;text-align:left;\" aria-label=\"Breadcrumb\"><ol class=\"awb-breadcrumb-list\"><li class=\"fusion-breadcrumb-item awb-breadcrumb-sep awb-home\" ><a href=\"https:\/\/www.newsteo.com\/de\/\" class=\"fusion-breadcrumb-link\"><span >Home<\/span><\/a><\/li><\/ol><\/nav><\/div><\/div><\/div><\/div><div class=\"fusion-fullwidth fullwidth-box fusion-builder-row-3 fusion-flex-container nonhundred-percent-fullwidth non-hundred-percent-height-scrolling\" style=\"--awb-border-radius-top-left:0px;--awb-border-radius-top-right:0px;--awb-border-radius-bottom-right:0px;--awb-border-radius-bottom-left:0px;--awb-margin-bottom:50px;--awb-flex-wrap:wrap;\" ><div class=\"fusion-builder-row fusion-row fusion-flex-align-items-flex-start fusion-flex-content-wrap\" style=\"max-width:1352px;margin-left: calc(-4% \/ 2 );margin-right: calc(-4% \/ 2 );\"><div class=\"fusion-layout-column fusion_builder_column fusion-builder-column-2 fusion_builder_column_1_4 1_4 fusion-flex-column\" style=\"--awb-bg-size:cover;--awb-width-large:25%;--awb-margin-top-large:30px;--awb-spacing-right-large:7.68%;--awb-margin-bottom-large:30px;--awb-spacing-left-large:7.68%;--awb-width-medium:100%;--awb-order-medium:0;--awb-spacing-right-medium:1.92%;--awb-spacing-left-medium:1.92%;--awb-width-small:100%;--awb-order-small:0;--awb-spacing-right-small:1.92%;--awb-spacing-left-small:1.92%;\"><div class=\"fusion-column-wrapper fusion-column-has-shadow fusion-flex-justify-content-flex-start fusion-content-layout-column\"><div class=\"fusion-title title fusion-title-2 fusion-sep-none fusion-title-text fusion-title-size-four\" style=\"--awb-margin-bottom:10px;--awb-margin-top-small:0px;--awb-margin-right-small:0px;--awb-margin-bottom-small:20px;--awb-margin-left-small:0px;\"><h4 class=\"fusion-title-heading title-heading-left\" style=\"margin:0;\"><a href=\"https:\/\/www.newsteo.com\/de\/hilfe\/fragen-und-antworten\/tempmate\/\">Tempmate<\/a><\/h4><\/div><div class=\"fusion-widget fusion-widget-element fusion-widget-area fusion-content-widget-area wpWidget-1 fusion_widget_vertical_menu no-divider-color\" style=\"--awb-fusion-border-size:0px;--awb-fusion-border-style:solid;\"><div class=\"widget avada_vertical_menu\"><style>#fusion-vertical-menu-widget-avada-vertical-menu-widget-1-nav ul.menu li a {font-size:14px;}<\/style><nav id=\"fusion-vertical-menu-widget-avada-vertical-menu-widget-1-nav\" class=\"fusion-vertical-menu-widget fusion-menu hover left no-border\" aria-label=\"Secondary Navigation: \"><ul id=\"menu-bdc-tempmate-de\" class=\"menu\"><li id=\"menu-item-83226\" class=\"menu-item menu-item-type-post_type menu-item-object-page menu-item-83226\"><a href=\"https:\/\/www.newsteo.com\/de\/hilfe\/fragen-und-antworten\/tempmate\/pdf-bericht-nicht-offnen\/\"><span class=\"link-text\"> Ich kann den PDF-Bericht nicht \u00f6ffnen<\/span><span class=\"arrow\"><\/span><\/a><\/li><li id=\"menu-item-83222\" class=\"menu-item menu-item-type-post_type menu-item-object-page menu-item-83222\"><a href=\"https:\/\/www.newsteo.com\/de\/hilfe\/fragen-und-antworten\/tempmate\/messdaten-bei-tempmate-geraten\/\"><span class=\"link-text\"> Messdaten bei Tempmate-Ger\u00e4ten im Recordmodus herunterladen?<\/span><span class=\"arrow\"><\/span><\/a><\/li><li id=\"menu-item-83225\" class=\"menu-item menu-item-type-post_type menu-item-object-page menu-item-83225\"><a href=\"https:\/\/www.newsteo.com\/de\/hilfe\/fragen-und-antworten\/tempmate\/s1-tempmate-iata-konform\/\"><span class=\"link-text\"> S1-TempMate IATA-konform?<\/span><span class=\"arrow\"><\/span><\/a><\/li><li id=\"menu-item-83237\" class=\"menu-item menu-item-type-post_type menu-item-object-page menu-item-83237\"><a href=\"https:\/\/www.newsteo.com\/de\/hilfe\/fragen-und-antworten\/tempmate\/tempmate-datenlogger-kalibriert\/\"><span class=\"link-text\"> Sind die TempMate-Datenlogger kalibriert?<\/span><span class=\"arrow\"><\/span><\/a><\/li><li id=\"menu-item-83224\" class=\"menu-item menu-item-type-post_type menu-item-object-page menu-item-83224\"><a href=\"https:\/\/www.newsteo.com\/de\/hilfe\/fragen-und-antworten\/tempmate\/level-of-precision-tempmate\/\"><span class=\"link-text\"> \u00dcber welche Genauigkeit verf\u00fcgt die Echtzeituhr der TempMate-Ger\u00e4te?<\/span><span class=\"arrow\"><\/span><\/a><\/li><li id=\"menu-item-83228\" class=\"menu-item menu-item-type-post_type menu-item-object-page menu-item-83228\"><a href=\"https:\/\/www.newsteo.com\/de\/hilfe\/fragen-und-antworten\/tempmate\/tempmate-pdf-bericht-verfugbar\/\"><span class=\"link-text\"> Welche Daten sind im Tempmate PDF-Bericht verf\u00fcgbar?<\/span><span class=\"arrow\"><\/span><\/a><\/li><li id=\"menu-item-83223\" class=\"menu-item menu-item-type-post_type menu-item-object-page menu-item-83223\"><a href=\"https:\/\/www.newsteo.com\/de\/hilfe\/fragen-und-antworten\/tempmate\/tempmate-datenlogger-verwendet\/\"><span class=\"link-text\"> Welche zeit wird bei den TempMate-Datenlogger verwendet?<\/span><span class=\"arrow\"><\/span><\/a><\/li><li id=\"menu-item-83227\" class=\"menu-item menu-item-type-post_type menu-item-object-page menu-item-83227\"><a href=\"https:\/\/www.newsteo.com\/de\/hilfe\/fragen-und-antworten\/tempmate\/s1-tempmate-gelagert\/\"><span class=\"link-text\"> Wie lange kann ein S1-TempMate gelagert werden?<\/span><span class=\"arrow\"><\/span><\/a><\/li><li id=\"menu-item-83238\" class=\"menu-item menu-item-type-post_type menu-item-object-page menu-item-83238\"><a href=\"https:\/\/www.newsteo.com\/de\/hilfe\/fragen-und-antworten\/tempmate\/wird-der-generierte-pdf-bericht\/\"><span class=\"link-text\"> Wird der generierte PDF-Bericht?<\/span><span class=\"arrow\"><\/span><\/a><\/li><\/ul><\/nav><\/div><\/div><\/div><\/div><div class=\"fusion-layout-column fusion_builder_column fusion-builder-column-3 fusion_builder_column_3_4 3_4 fusion-flex-column\" style=\"--awb-bg-size:cover;--awb-width-large:75%;--awb-margin-top-large:30px;--awb-spacing-right-large:2.56%;--awb-margin-bottom-large:30px;--awb-spacing-left-large:2.56%;--awb-width-medium:100%;--awb-order-medium:0;--awb-spacing-right-medium:1.92%;--awb-spacing-left-medium:1.92%;--awb-width-small:100%;--awb-order-small:0;--awb-spacing-right-small:1.92%;--awb-spacing-left-small:1.92%;\"><div class=\"fusion-column-wrapper fusion-column-has-shadow fusion-flex-justify-content-flex-start fusion-content-layout-column\"><div class=\"fusion-title title fusion-title-3 fusion-sep-none fusion-title-text fusion-title-size-one\" style=\"--awb-margin-bottom:10px;--awb-margin-top-small:0px;--awb-margin-right-small:0px;--awb-margin-bottom-small:20px;--awb-margin-left-small:0px;\"><h1 class=\"fusion-title-heading title-heading-left\" style=\"margin:0;\">Messdaten bei Tempmate-Ger\u00e4ten im Recordmodus herunterladen?<\/h1><\/div><div class=\"fusion-separator fusion-full-width-sep\" style=\"align-self: center;margin-left: auto;margin-right: auto;margin-bottom:40px;width:100%;\"><div class=\"fusion-separator-border sep-single sep-solid\" style=\"--awb-height:20px;--awb-amount:20px;border-color:#e0dede;border-top-width:1px;\"><\/div><\/div><div class=\"fusion-title title fusion-title-4 fusion-sep-none fusion-title-text fusion-title-size-three\" style=\"--awb-margin-top-small:0px;--awb-margin-right-small:0px;--awb-margin-bottom-small:20px;--awb-margin-left-small:0px;\"><h3 class=\"fusion-title-heading title-heading-left\" style=\"margin:0;\">K\u00f6nnen die Daten des Tempmate-Rekorders w\u00e4hrend der Registrierungskampagne heruntergeladen werden?<\/h3><\/div><div class=\"fusion-text fusion-text-1\"><p><u><strong>Tempmate S1<\/strong><\/u><span style=\"text-decoration: underline;\"> :<\/span>\u00a0 Antwort: NEIN<\/p>\n<div>\n<p class=\"espace\">Um Messdaten herunterzuladen muss man erst die Aufnahme mit dem STOP.-Button beenden. Ab dann wird der Recordvorgang definitiv beendet.<\/p>\n<\/div>\n<p><u><strong>Tempmate M1 <\/strong><\/u>:\u00a0 Antwort: JA<\/p>\n<div>Ob der M1 im Aufnahmemodus ist oder nicht ist, kann der Benutzer es zu jeder Zeit mit dem Computer verbinden. Er kann dann die Daten direkt \u00fcber den\u00a0automatisch generierten PDF-Bericht\u00a0 sichten (auf Basis der Messdaten, die im Speicher des M1 gespeichert sind).<br \/>\nWenn der Benutzer w\u00e4hrend des Messzeitraumes den Recorder an den Computer anschlie\u00dft, wird keine Messung in der Zeit genommen. Diese Zeit wird dann in grau in der Datenliste erscheinen (mit dem USB-Vermerk) und wird in grauen Punkten auf der Graphik erscheinen.<\/div>\n<\/div><\/div><\/div><\/div><\/div><\/p>\n","protected":false},"excerpt":{"rendered":"","protected":false},"author":28,"featured_media":0,"parent":83023,"menu_order":0,"comment_status":"closed","ping_status":"closed","template":"100-width.php","meta":{"footnotes":""},"class_list":["post-81632","page","type-page","status-publish","hentry"],"_links":{"self":[{"href":"https:\/\/www.newsteo.com\/de\/wp-json\/wp\/v2\/pages\/81632","targetHints":{"allow":["GET"]}}],"collection":[{"href":"https:\/\/www.newsteo.com\/de\/wp-json\/wp\/v2\/pages"}],"about":[{"href":"https:\/\/www.newsteo.com\/de\/wp-json\/wp\/v2\/types\/page"}],"author":[{"embeddable":true,"href":"https:\/\/www.newsteo.com\/de\/wp-json\/wp\/v2\/users\/28"}],"replies":[{"embeddable":true,"href":"https:\/\/www.newsteo.com\/de\/wp-json\/wp\/v2\/comments?post=81632"}],"version-history":[{"count":0,"href":"https:\/\/www.newsteo.com\/de\/wp-json\/wp\/v2\/pages\/81632\/revisions"}],"up":[{"embeddable":true,"href":"https:\/\/www.newsteo.com\/de\/wp-json\/wp\/v2\/pages\/83023"}],"wp:attachment":[{"href":"https:\/\/www.newsteo.com\/de\/wp-json\/wp\/v2\/media?parent=81632"}],"curies":[{"name":"wp","href":"https:\/\/api.w.org\/{rel}","templated":true}]}}