{"id":17121,"date":"2017-01-17T16:01:29","date_gmt":"2017-01-17T15:01:29","guid":{"rendered":"https:\/\/www.newsteo.com\/?page_id=17121"},"modified":"2019-01-08T11:00:12","modified_gmt":"2019-01-08T10:00:12","slug":"arquitectura-de-los-sistemas","status":"publish","type":"page","link":"https:\/\/www.newsteo.com\/es\/data-logger-2\/arquitectura-de-los-sistemas\/","title":{"rendered":"Arquitectura de los sistemas"},"content":{"rendered":"<p><div class=\"fusion-fullwidth fullwidth-box fusion-builder-row-1 nonhundred-percent-fullwidth non-hundred-percent-height-scrolling fusion-equal-height-columns\" style=\"--awb-background-position:left top;--awb-border-radius-top-left:0px;--awb-border-radius-top-right:0px;--awb-border-radius-bottom-right:0px;--awb-border-radius-bottom-left:0px;--awb-padding-top:15px;--awb-padding-bottom:30px;--awb-border-sizes-top:0px;--awb-border-sizes-bottom:0px;--awb-flex-wrap:wrap;\" ><div class=\"fusion-builder-row fusion-row\"><div class=\"fusion-layout-column fusion_builder_column fusion-builder-column-0 fusion_builder_column_1_3 1_3 fusion-one-third fusion-column-first fusion-column-inner-bg-wrapper fusion-column-liftup-border\" style=\"--awb-padding-top:10px;--awb-padding-right:10px;--awb-padding-bottom:10px;--awb-padding-left:10px;--awb-inner-bg-color:#f7f7f7;--awb-inner-bg-color-hover:#f7f7f7;--awb-inner-bg-size:cover;--awb-margin-top:15px;--awb-margin-bottom:15px;width:30.6666%; margin-right: 4%;\"><span class=\"fusion-column-inner-bg hover-type-liftup\"><a class=\"fusion-column-anchor\" href=\"https:\/\/www.newsteo.com\/es\/data-logger-2\/arquitectura-de-los-sistemas\/red-local-un-puesto\/\"><span class=\"fusion-column-inner-bg-image\"><\/span><\/a><\/span><div class=\"fusion-column-wrapper fusion-flex-column-wrapper-legacy\"><div class=\"fusion-image-element fusion-image-align-center in-legacy-container\" style=\"text-align:center;--awb-caption-title-font-family:var(--h2_typography-font-family);--awb-caption-title-font-weight:var(--h2_typography-font-weight);--awb-caption-title-font-style:var(--h2_typography-font-style);--awb-caption-title-size:var(--h2_typography-font-size);--awb-caption-title-transform:var(--h2_typography-text-transform);--awb-caption-title-line-height:var(--h2_typography-line-height);--awb-caption-title-letter-spacing:var(--h2_typography-letter-spacing);\"><div class=\"imageframe-align-center\"><span class=\" fusion-imageframe imageframe-none imageframe-1 hover-type-none\" style=\"border:5px solid #f6f6f6;\"><img decoding=\"async\" width=\"934\" height=\"657\" alt=\"monoposte\" title=\"monoposte\" src=\"https:\/\/www.newsteo.com\/wp-content\/uploads\/2016\/08\/monoposte.png\" class=\"img-responsive wp-image-24204\" srcset=\"https:\/\/www.newsteo.com\/wp-content\/uploads\/2016\/08\/monoposte-500x352.png 500w, https:\/\/www.newsteo.com\/wp-content\/uploads\/2016\/08\/monoposte-700x492.png 700w, https:\/\/www.newsteo.com\/wp-content\/uploads\/2016\/08\/monoposte.png 934w\" sizes=\"(max-width: 934px) 100vw, 934px\" \/><\/span><\/div><\/div><div class=\"fusion-text fusion-text-1\"><h2 style=\"text-align: center;\">Red local para un solo puesto<\/h2>\n<p style=\"text-align: center;\">Para una peque\u00f1a instalaci\u00f3n, supervisi\u00f3n Interna<\/p>\n<\/div><div class=\"fusion-clearfix\"><\/div><\/div><\/div><div class=\"fusion-layout-column fusion_builder_column fusion-builder-column-1 fusion_builder_column_1_3 1_3 fusion-one-third fusion-column-inner-bg-wrapper fusion-column-liftup-border\" style=\"--awb-padding-top:15px;--awb-padding-right:15px;--awb-padding-bottom:15px;--awb-padding-left:15px;--awb-inner-bg-color:#f7f7f7;--awb-inner-bg-color-hover:#f7f7f7;--awb-inner-bg-size:cover;--awb-margin-top:15px;--awb-margin-bottom:10px;width:30.6666%; margin-right: 4%;\"><span class=\"fusion-column-inner-bg hover-type-liftup\"><a class=\"fusion-column-anchor\" href=\"https:\/\/www.newsteo.com\/es\/data-logger-2\/arquitectura-de-los-sistemas\/redes-de-sensores-inalambricos-multi-sitios\/\"><span class=\"fusion-column-inner-bg-image\"><\/span><\/a><\/span><div class=\"fusion-column-wrapper fusion-flex-column-wrapper-legacy\"><div class=\"fusion-image-element fusion-image-align-center in-legacy-container\" style=\"text-align:center;--awb-caption-title-font-family:var(--h2_typography-font-family);--awb-caption-title-font-weight:var(--h2_typography-font-weight);--awb-caption-title-font-style:var(--h2_typography-font-style);--awb-caption-title-size:var(--h2_typography-font-size);--awb-caption-title-transform:var(--h2_typography-text-transform);--awb-caption-title-line-height:var(--h2_typography-line-height);--awb-caption-title-letter-spacing:var(--h2_typography-letter-spacing);\"><div class=\"imageframe-align-center\"><span class=\" fusion-imageframe imageframe-none imageframe-2 hover-type-none\" style=\"border:5px solid #f6f6f6;\"><img decoding=\"async\" width=\"934\" height=\"657\" alt=\"multiposte\" title=\"multiposte\" src=\"https:\/\/www.newsteo.com\/wp-content\/uploads\/2016\/08\/multiposte.png\" class=\"img-responsive wp-image-24211\" srcset=\"https:\/\/www.newsteo.com\/wp-content\/uploads\/2016\/08\/multiposte-500x352.png 500w, https:\/\/www.newsteo.com\/wp-content\/uploads\/2016\/08\/multiposte-700x492.png 700w, https:\/\/www.newsteo.com\/wp-content\/uploads\/2016\/08\/multiposte.png 934w\" sizes=\"(max-width: 934px) 100vw, 934px\" \/><\/span><\/div><\/div><div class=\"fusion-text fusion-text-2\"><h2 style=\"text-align: center;\">Instalaci\u00f3n en varios sitios<\/h2>\n<p style=\"text-align: center;\">Varios sitios, supervisi\u00f3n por Internet a distancia, en la Nube<\/p>\n<\/div><div class=\"fusion-clearfix\"><\/div><\/div><\/div><div class=\"fusion-layout-column fusion_builder_column fusion-builder-column-2 fusion_builder_column_1_3 1_3 fusion-one-third fusion-column-last fusion-column-inner-bg-wrapper fusion-column-liftup-border\" style=\"--awb-padding-top:15px;--awb-padding-right:15px;--awb-padding-bottom:15px;--awb-padding-left:15px;--awb-inner-bg-color:#f7f7f7;--awb-inner-bg-color-hover:#f7f7f7;--awb-inner-bg-size:cover;--awb-margin-top:15px;--awb-margin-bottom:10px;width:30.6666%;\"><span class=\"fusion-column-inner-bg hover-type-liftup\"><a class=\"fusion-column-anchor\" href=\"https:\/\/www.newsteo.com\/es\/data-logger-2\/arquitectura-de-los-sistemas\/transmision-radio-868-mhz\/\"><span class=\"fusion-column-inner-bg-image\"><\/span><\/a><\/span><div class=\"fusion-column-wrapper fusion-flex-column-wrapper-legacy\"><div class=\"fusion-image-element fusion-image-align-center in-legacy-container\" style=\"text-align:center;--awb-caption-title-font-family:var(--h2_typography-font-family);--awb-caption-title-font-weight:var(--h2_typography-font-weight);--awb-caption-title-font-style:var(--h2_typography-font-style);--awb-caption-title-size:var(--h2_typography-font-size);--awb-caption-title-transform:var(--h2_typography-text-transform);--awb-caption-title-line-height:var(--h2_typography-line-height);--awb-caption-title-letter-spacing:var(--h2_typography-letter-spacing);\"><div class=\"imageframe-align-center\"><span class=\" fusion-imageframe imageframe-none imageframe-3 hover-type-none\" style=\"border:5px solid #f6f6f6;\"><img decoding=\"async\" width=\"934\" height=\"657\" alt=\"radio\" title=\"radio\" src=\"https:\/\/www.newsteo.com\/wp-content\/uploads\/2016\/08\/radio.png\" class=\"img-responsive wp-image-24218\" srcset=\"https:\/\/www.newsteo.com\/wp-content\/uploads\/2016\/08\/radio-500x352.png 500w, https:\/\/www.newsteo.com\/wp-content\/uploads\/2016\/08\/radio-700x492.png 700w, https:\/\/www.newsteo.com\/wp-content\/uploads\/2016\/08\/radio.png 934w\" sizes=\"(max-width: 934px) 100vw, 934px\" \/><\/span><\/div><\/div><div class=\"fusion-text fusion-text-3\"><h2 style=\"text-align: center;\">Transmisi\u00f3n radio<\/h2>\n<p style=\"text-align: center;\">Las bases de transmisi\u00f3n radio en 868 MHz<\/p>\n<\/div><div class=\"fusion-clearfix\"><\/div><\/div><\/div><\/div><\/div><div class=\"fusion-fullwidth fullwidth-box fusion-builder-row-2 hundred-percent-fullwidth non-hundred-percent-height-scrolling\" style=\"--awb-border-radius-top-left:0px;--awb-border-radius-top-right:0px;--awb-border-radius-bottom-right:0px;--awb-border-radius-bottom-left:0px;--awb-overflow:visible;--awb-flex-wrap:wrap;\" ><div class=\"fusion-builder-row fusion-row\"><div class=\"fusion-layout-column fusion_builder_column fusion-builder-column-3 fusion_builder_column_1_1 1_1 fusion-one-full fusion-column-first fusion-column-last fusion-column-no-min-height\" style=\"--awb-bg-size:cover;--awb-margin-top:0px;--awb-margin-bottom:0px;\"><div class=\"fusion-column-wrapper fusion-flex-column-wrapper-legacy\"><div class=\"fusion-widget-area awb-widget-area-element fusion-widget-area-1 fusion-content-widget-area\" style=\"--awb-title-size:13px;--awb-title-color:#333333;--awb-padding:0px 0px 0px 0px;\"><div class=\"fusion-additional-widget-content\"><\/div><\/div><div class=\"fusion-clearfix\"><\/div><\/div><\/div><\/div><\/div><\/p>\n","protected":false},"excerpt":{"rendered":"","protected":false},"author":28,"featured_media":0,"parent":17108,"menu_order":11,"comment_status":"closed","ping_status":"closed","template":"","meta":{"footnotes":""},"class_list":["post-17121","page","type-page","status-publish","hentry"],"_links":{"self":[{"href":"https:\/\/www.newsteo.com\/es\/wp-json\/wp\/v2\/pages\/17121","targetHints":{"allow":["GET"]}}],"collection":[{"href":"https:\/\/www.newsteo.com\/es\/wp-json\/wp\/v2\/pages"}],"about":[{"href":"https:\/\/www.newsteo.com\/es\/wp-json\/wp\/v2\/types\/page"}],"author":[{"embeddable":true,"href":"https:\/\/www.newsteo.com\/es\/wp-json\/wp\/v2\/users\/28"}],"replies":[{"embeddable":true,"href":"https:\/\/www.newsteo.com\/es\/wp-json\/wp\/v2\/comments?post=17121"}],"version-history":[{"count":0,"href":"https:\/\/www.newsteo.com\/es\/wp-json\/wp\/v2\/pages\/17121\/revisions"}],"up":[{"embeddable":true,"href":"https:\/\/www.newsteo.com\/es\/wp-json\/wp\/v2\/pages\/17108"}],"wp:attachment":[{"href":"https:\/\/www.newsteo.com\/es\/wp-json\/wp\/v2\/media?parent=17121"}],"curies":[{"name":"wp","href":"https:\/\/api.w.org\/{rel}","templated":true}]}}