{"id":38136,"date":"2018-08-06T11:10:42","date_gmt":"2018-08-06T09:10:42","guid":{"rendered":"https:\/\/www.newsteo.com\/metrologia\/"},"modified":"2021-05-21T17:31:34","modified_gmt":"2021-05-21T15:31:34","slug":"metrologia","status":"publish","type":"page","link":"https:\/\/www.newsteo.com\/es\/servicios\/metrologia\/","title":{"rendered":"Metrolog\u00eda"},"content":{"rendered":"<p><div class=\"fusion-fullwidth fullwidth-box fusion-builder-row-1 hundred-percent-fullwidth non-hundred-percent-height-scrolling\" style=\"--awb-border-radius-top-left:0px;--awb-border-radius-top-right:0px;--awb-border-radius-bottom-right:0px;--awb-border-radius-bottom-left:0px;--awb-overflow:visible;--awb-flex-wrap:wrap;\" ><div class=\"fusion-builder-row fusion-row\"><div class=\"fusion-layout-column fusion_builder_column fusion-builder-column-0 fusion_builder_column_1_1 1_1 fusion-one-full fusion-column-first fusion-column-last fusion-column-no-min-height\" style=\"--awb-bg-size:cover;--awb-margin-top:0px;--awb-margin-bottom:0px;\"><div class=\"fusion-column-wrapper fusion-flex-column-wrapper-legacy\"><div class=\"fusion-text fusion-text-1\"><h2 class=\"h2subtitle\">Servicio de calibraci\u00f3n para los registradores de temperaturas y de humedad<\/h2>\n<\/div><div class=\"fusion-clearfix\"><\/div><\/div><\/div><div class=\"fusion-layout-column fusion_builder_column fusion-builder-column-1 fusion_builder_column_2_3 2_3 fusion-two-third fusion-column-first\" style=\"--awb-bg-size:cover;width:65.3333%; margin-right: 4%;\"><div class=\"fusion-column-wrapper fusion-flex-column-wrapper-legacy\"><div class=\"fusion-text fusion-text-2\"><p style=\"text-align: justify;\">El objetivo de la calibraci\u00f3n es de <b>asegurarse de la precisi\u00f3n de un aparato de medici\u00f3n.<\/b> El m\u00e9todo general consiste en utilizar <b>el aparato de medici\u00f3n simultaneamente con un aparato de referencia,<\/b> y<b>verificar la correspondencia entre las dos medidas<\/b> ; si no correspondieran, corregir\u00edamos la regulaci\u00f3n del aparato (calibraci\u00f3n).<\/p>\n<p style=\"text-align: justify;\">El usuario puede efectuar esta operaci\u00f3n solo, con los instrumentos proveedos gratuitamente por Newsteo.<\/p>\n<\/div><div class=\"fusion-clearfix\"><\/div><\/div><\/div><div class=\"fusion-layout-column fusion_builder_column fusion-builder-column-2 fusion_builder_column_1_3 1_3 fusion-one-third fusion-column-last\" style=\"--awb-bg-size:cover;--awb-margin-top:2px;width:30.6666%;\"><div class=\"fusion-column-wrapper fusion-flex-column-wrapper-legacy\"><div class=\"fusion-image-element fusion-image-align-right in-legacy-container\" style=\"text-align:right;--awb-caption-title-font-family:var(--h2_typography-font-family);--awb-caption-title-font-weight:var(--h2_typography-font-weight);--awb-caption-title-font-style:var(--h2_typography-font-style);--awb-caption-title-size:var(--h2_typography-font-size);--awb-caption-title-transform:var(--h2_typography-text-transform);--awb-caption-title-line-height:var(--h2_typography-line-height);--awb-caption-title-letter-spacing:var(--h2_typography-letter-spacing);\"><span class=\" fusion-imageframe imageframe-none imageframe-1 hover-type-none\" style=\"margin-left:25px;float:right;\"><img decoding=\"async\" width=\"231\" height=\"198\" alt=\"Recinto de calibraci\u00f3n\" title=\"gamme_calibration\" src=\"https:\/\/www.newsteo.com\/wp-content\/uploads\/2016\/07\/gamme_calibration.png\" class=\"img-responsive wp-image-21425\"\/><\/span><\/div><div class=\"fusion-clearfix\"><\/div><\/div><\/div><div class=\"fusion-layout-column fusion_builder_column fusion-builder-column-3 fusion_builder_column_1_1 1_1 fusion-one-full fusion-column-first fusion-column-last fusion-column-no-min-height\" style=\"--awb-bg-size:cover;--awb-margin-top:0px;--awb-margin-bottom:0px;\"><div class=\"fusion-column-wrapper fusion-flex-column-wrapper-legacy\"><div class=\"fusion-text fusion-text-3\"><p style=\"text-align: justify;\">Sin embargo, si la calibraci\u00f3n es sometida a algunas normas o coacciones de calidad, <b>ser\u00e1 quiz\u00e1s necesario obtener un nivel de certificaci\u00f3n superior, de un tipo COFRAC o conectado con COFRAC.<\/b><\/p>\n<p style=\"text-align: justify;\">En este caso, una calibraci\u00f3n en laboratorio es necesaria. Adem\u00e1s, lo que se debe notar, es que un certificado tiene una duraci\u00f3n de vida limitada en funci\u00f3n de la aplicaci\u00f3n del cliente o de la actualizaci\u00f3n regular impuesta por las normas.<\/p>\n<\/div><div class=\"fusion-sep-clear\"><\/div><div class=\"fusion-separator fusion-full-width-sep\" style=\"margin-left: auto;margin-right: auto;margin-top:20px;margin-bottom:20px;width:100%;\"><\/div><div class=\"fusion-sep-clear\"><\/div><div class=\"fusion-clearfix\"><\/div><\/div><\/div><div class=\"fusion-layout-column fusion_builder_column fusion-builder-column-4 fusion_builder_column_1_1 1_1 fusion-one-full fusion-column-first fusion-column-last fusion-column-no-min-height\" style=\"--awb-bg-size:cover;--awb-margin-top:0px;--awb-margin-bottom:0px;\"><div class=\"fusion-column-wrapper fusion-flex-column-wrapper-legacy\"><div class=\"fusion-widget-area awb-widget-area-element fusion-widget-area-1 fusion-content-widget-area\" style=\"--awb-title-size:13px;--awb-title-color:#333333;--awb-padding:0px 0px 0px 0px;\"><div class=\"fusion-additional-widget-content\"><\/div><\/div><div class=\"fusion-clearfix\"><\/div><\/div><\/div><\/div><\/div><div class=\"fusion-fullwidth fullwidth-box fusion-builder-row-2 nonhundred-percent-fullwidth non-hundred-percent-height-scrolling\" style=\"--awb-background-position:left top;--awb-border-radius-top-left:0px;--awb-border-radius-top-right:0px;--awb-border-radius-bottom-right:0px;--awb-border-radius-bottom-left:0px;--awb-padding-top:30px;--awb-padding-bottom:30px;--awb-flex-wrap:wrap;\" ><div class=\"fusion-builder-row fusion-row\"><div class=\"fusion-layout-column fusion_builder_column fusion-builder-column-5 fusion_builder_column_3_4 3_4 fusion-three-fourth fusion-column-first\" style=\"--awb-bg-size:cover;width:75%;width:calc(75% - ( ( 4% ) * 0.75 ) );margin-right: 4%;\"><div class=\"fusion-column-wrapper fusion-column-has-shadow fusion-flex-column-wrapper-legacy\"><div class=\"fusion-title title fusion-title-1 fusion-sep-none fusion-title-text fusion-title-size-two\" style=\"--awb-margin-bottom:15px;--awb-margin-top-small:0px;--awb-margin-right-small:0px;--awb-margin-bottom-small:20px;--awb-margin-left-small:0px;\"><h2 class=\"fusion-title-heading title-heading-left\" style=\"margin:0;\"><h2>La oferta Newsteo<\/h2><\/h2><\/div><div class=\"fusion-text fusion-text-4\"><p>Newsteo les propone un servicio de calibraci\u00f3n para todos los <b>data loggers Temperatura y\/o Humedad<\/b>.<br \/>\nPara descubrir con m\u00e1s detalles nuestra oferta, no vacilan para consultarnos.<\/p>\n<\/div><ul style=\"--awb-size:16px;--awb-iconcolor:#bc3238;--awb-line-height:27.2px;--awb-icon-width:27.2px;--awb-icon-height:27.2px;--awb-icon-margin:11.2px;--awb-content-margin:38.4px;\" class=\"fusion-checklist fusion-checklist-1 fusion-checklist-default type-icons\"><li class=\"fusion-li-item\" style=\"\"><span class=\"icon-wrapper circle-no\"><i class=\"fusion-li-icon fa-chevron-right fas\" aria-hidden=\"true\"><\/i><\/span><div class=\"fusion-li-item-content\">\n<p>Oferta de calibraci\u00f3n con un aparato de referencia COFRAC* en temperatura hecha en el laboratorio Newsteo<\/p>\n<\/div><\/li><li class=\"fusion-li-item\" style=\"\"><span class=\"icon-wrapper circle-no\"><i class=\"fusion-li-icon fa-chevron-right fas\" aria-hidden=\"true\"><\/i><\/span><div class=\"fusion-li-item-content\">Oferta de calibraci\u00f3n COFRAC en temperatura hecha en un laboratorio socio de Newsteo<\/div><\/li><li class=\"fusion-li-item\" style=\"\"><span class=\"icon-wrapper circle-no\"><i class=\"fusion-li-icon fa-chevron-right fas\" aria-hidden=\"true\"><\/i><\/span><div class=\"fusion-li-item-content\">Oferta de calibraci\u00f3n COFRAC o conectada con COFRAC en humedad hecha en un laboratorio socio de Newsteo<\/div><\/li><li class=\"fusion-li-item\" style=\"\"><span class=\"icon-wrapper circle-no\"><i class=\"fusion-li-icon fa-chevron-right fas\" aria-hidden=\"true\"><\/i><\/span><div class=\"fusion-li-item-content\">\n<p>Calibraci\u00f3n conectada a un est\u00e1ndar de humedad COFRAC realizada en el laboratorio Newsteo<\/p>\n<\/div><\/li><\/ul><div class=\"fusion-text fusion-text-5\"><p>* Equivalente ENAC<\/p>\n<\/div><div class=\"fusion-clearfix\"><\/div><\/div><\/div><div class=\"fusion-layout-column fusion_builder_column fusion-builder-column-6 fusion_builder_column_1_4 1_4 fusion-one-fourth fusion-column-last\" style=\"--awb-padding-top:70px;--awb-bg-size:cover;width:25%;width:calc(25% - ( ( 4% ) * 0.25 ) );\"><div class=\"fusion-column-wrapper fusion-column-has-shadow fusion-flex-column-wrapper-legacy\"><div class=\"fusion-image-element fusion-image-align-center in-legacy-container\" style=\"text-align:center;--awb-caption-title-font-family:var(--h2_typography-font-family);--awb-caption-title-font-weight:var(--h2_typography-font-weight);--awb-caption-title-font-style:var(--h2_typography-font-style);--awb-caption-title-size:var(--h2_typography-font-size);--awb-caption-title-transform:var(--h2_typography-text-transform);--awb-caption-title-line-height:var(--h2_typography-line-height);--awb-caption-title-letter-spacing:var(--h2_typography-letter-spacing);\"><div class=\"imageframe-align-center\"><span class=\" fusion-imageframe imageframe-none imageframe-2 hover-type-none\"><img decoding=\"async\" width=\"158\" height=\"220\" title=\"cofrac-logo-web\" src=\"https:\/\/www.newsteo.com\/wp-content\/uploads\/2019\/08\/cofrac-logo-web.jpg\" alt class=\"img-responsive wp-image-56684\"\/><\/span><\/div><\/div><div class=\"fusion-clearfix\"><\/div><\/div><\/div><div class=\"fusion-layout-column fusion_builder_column fusion-builder-column-7 fusion_builder_column_1_1 1_1 fusion-one-full fusion-column-first fusion-column-last fusion-column-no-min-height\" style=\"--awb-bg-size:cover;--awb-margin-top:0px;--awb-margin-bottom:0px;\"><div class=\"fusion-column-wrapper fusion-flex-column-wrapper-legacy\"><div class=\"fusion-title title fusion-title-2 fusion-sep-none fusion-title-text fusion-title-size-two\" style=\"--awb-margin-top:40px;--awb-margin-bottom:15px;--awb-margin-top-small:0px;--awb-margin-right-small:0px;--awb-margin-bottom-small:20px;--awb-margin-left-small:0px;\"><h2 class=\"fusion-title-heading title-heading-left\" style=\"margin:0;\"><h2>Nuestros plazos<\/h2><\/h2><\/div><div class=\"fusion-text fusion-text-6\"><p>Cuando las operaciones se elaboran en el laboratorio interno Newsteo, los plazos de inmobilizaci\u00f3n son muy cortos.<\/p>\n<\/div><div class=\"fusion-clearfix\"><\/div><\/div><\/div><\/div><\/div><div class=\"fusion-fullwidth fullwidth-box fusion-builder-row-3 hundred-percent-fullwidth non-hundred-percent-height-scrolling\" style=\"--awb-border-radius-top-left:0px;--awb-border-radius-top-right:0px;--awb-border-radius-bottom-right:0px;--awb-border-radius-bottom-left:0px;--awb-overflow:visible;--awb-flex-wrap:wrap;\" ><div class=\"fusion-builder-row fusion-row\"><div class=\"fusion-layout-column fusion_builder_column fusion-builder-column-8 fusion_builder_column_1_1 1_1 fusion-one-full fusion-column-first fusion-column-last fusion-column-no-min-height\" style=\"--awb-bg-size:cover;--awb-margin-top:0px;--awb-margin-bottom:0px;\"><div class=\"fusion-column-wrapper fusion-flex-column-wrapper-legacy\"><div class=\"fusion-image-carousel fusion-image-carousel-auto fusion-image-carousel-1 lightbox-enabled\"><div class=\"awb-carousel awb-swiper awb-swiper-carousel awb-carousel--carousel awb-swiper-dots-position-bottom\" data-layout=\"carousel\" data-autoplay=\"no\" data-autoplayspeed=\"2500\" data-autoplaypause=\"no\" data-columns=\"5\" data-columnsmedium=\"1\" data-columnssmall=\"1\" data-itemmargin=\"13\" data-itemwidth=\"180\" data-touchscroll=\"no\" data-freemode=\"no\" data-imagesize=\"auto\" data-scrollitems=\"0\" data-centeredslides=\"no\" data-rotationangle=\"50\" data-depth=\"100\" data-speed=\"500\" data-shadow=\"no\" data-pagination=\"bullets\"><div class=\"swiper-wrapper awb-image-carousel-wrapper fusion-flex-align-items-center\"><div class=\"swiper-slide\"><div class=\"fusion-carousel-item-wrapper\"><div class=\"fusion-image-wrapper hover-type-none\"><a data-rel=\"iLightbox[image_carousel_1]\" data-title=\"s-enceinte-newsteo-fermee\" aria-label=\"s-enceinte-newsteo-fermee\" href=\"https:\/\/www.newsteo.com\/wp-content\/uploads\/2016\/10\/enceinte-Newsteo-fermee.jpg\" target=\"_self\"><img decoding=\"async\" width=\"450\" height=\"300\" src=\"https:\/\/www.newsteo.com\/wp-content\/uploads\/2016\/10\/S-enceinte-Newsteo-fermee.jpg\" class=\"attachment-full size-full\" alt=\"recinto de calibraci\u00f3n\" \/><\/a><\/div><\/div><\/div><div class=\"swiper-slide\"><div class=\"fusion-carousel-item-wrapper\"><div class=\"fusion-image-wrapper hover-type-none\"><a data-rel=\"iLightbox[image_carousel_1]\" data-title=\"s-enceinte-lom\" aria-label=\"s-enceinte-lom\" href=\"https:\/\/www.newsteo.com\/wp-content\/uploads\/2016\/10\/enceinte-LOM.jpg\" target=\"_self\"><img decoding=\"async\" width=\"200\" height=\"300\" src=\"https:\/\/www.newsteo.com\/wp-content\/uploads\/2016\/10\/S-enceinte-LOM.jpg\" class=\"attachment-full size-full\" alt=\"recinto de calibraci\u00f3n\" \/><\/a><\/div><\/div><\/div><div class=\"swiper-slide\"><div class=\"fusion-carousel-item-wrapper\"><div class=\"fusion-image-wrapper hover-type-none\"><a data-rel=\"iLightbox[image_carousel_1]\" data-title=\"s-enceinte-ouverte\" aria-label=\"s-enceinte-ouverte\" href=\"https:\/\/www.newsteo.com\/wp-content\/uploads\/2016\/10\/enceinte-ouverte.jpg\" target=\"_self\"><img decoding=\"async\" width=\"200\" height=\"300\" src=\"https:\/\/www.newsteo.com\/wp-content\/uploads\/2016\/10\/S-enceinte-ouverte.jpg\" class=\"attachment-full size-full\" alt=\"recinto de calibraci\u00f3n\" \/><\/a><\/div><\/div><\/div><div class=\"swiper-slide\"><div class=\"fusion-carousel-item-wrapper\"><div class=\"fusion-image-wrapper hover-type-none\"><a data-rel=\"iLightbox[image_carousel_1]\" data-title=\"s-enceinte-newsteo\" aria-label=\"s-enceinte-newsteo\" href=\"https:\/\/www.newsteo.com\/wp-content\/uploads\/2016\/10\/enceinte-newsteo.jpg\" target=\"_self\"><img decoding=\"async\" width=\"200\" height=\"300\" src=\"https:\/\/www.newsteo.com\/wp-content\/uploads\/2016\/10\/S-enceinte-newsteo.jpg\" class=\"attachment-full size-full\" alt=\"recinto de calibraci\u00f3n\" \/><\/a><\/div><\/div><\/div><div class=\"swiper-slide\"><div class=\"fusion-carousel-item-wrapper\"><div class=\"fusion-image-wrapper hover-type-none\"><a data-rel=\"iLightbox[image_carousel_1]\" data-title=\"s-enceinte-fermee\" aria-label=\"s-enceinte-fermee\" href=\"https:\/\/www.newsteo.com\/wp-content\/uploads\/2016\/10\/enceinte-fermee.jpg\" target=\"_self\"><img decoding=\"async\" width=\"200\" height=\"300\" src=\"https:\/\/www.newsteo.com\/wp-content\/uploads\/2016\/10\/S-enceinte-fermee.jpg\" class=\"attachment-full size-full\" alt=\"recinto de calibraci\u00f3n\" \/><\/a><\/div><\/div><\/div><\/div><div class=\"awb-swiper-button awb-swiper-button-prev\"><i class=\"awb-icon-angle-left\" aria-hidden=\"true\"><\/i><\/div><div class=\"awb-swiper-button awb-swiper-button-next\"><i class=\"awb-icon-angle-right\" aria-hidden=\"true\"><\/i><\/div><\/div><\/div><div class=\"fusion-clearfix\"><\/div><\/div><\/div><\/div><\/div><\/p>\n","protected":false},"excerpt":{"rendered":"","protected":false},"author":28,"featured_media":0,"parent":38150,"menu_order":1,"comment_status":"closed","ping_status":"closed","template":"","meta":{"footnotes":""},"class_list":["post-38136","page","type-page","status-publish","hentry"],"_links":{"self":[{"href":"https:\/\/www.newsteo.com\/es\/wp-json\/wp\/v2\/pages\/38136","targetHints":{"allow":["GET"]}}],"collection":[{"href":"https:\/\/www.newsteo.com\/es\/wp-json\/wp\/v2\/pages"}],"about":[{"href":"https:\/\/www.newsteo.com\/es\/wp-json\/wp\/v2\/types\/page"}],"author":[{"embeddable":true,"href":"https:\/\/www.newsteo.com\/es\/wp-json\/wp\/v2\/users\/28"}],"replies":[{"embeddable":true,"href":"https:\/\/www.newsteo.com\/es\/wp-json\/wp\/v2\/comments?post=38136"}],"version-history":[{"count":0,"href":"https:\/\/www.newsteo.com\/es\/wp-json\/wp\/v2\/pages\/38136\/revisions"}],"up":[{"embeddable":true,"href":"https:\/\/www.newsteo.com\/es\/wp-json\/wp\/v2\/pages\/38150"}],"wp:attachment":[{"href":"https:\/\/www.newsteo.com\/es\/wp-json\/wp\/v2\/media?parent=38136"}],"curies":[{"name":"wp","href":"https:\/\/api.w.org\/{rel}","templated":true}]}}