{"id":40444,"date":"2016-08-23T15:25:00","date_gmt":"2016-08-23T13:25:00","guid":{"rendered":"https:\/\/www.newsteo.com\/data-logger-2\/arquitectura-de-los-sistemas\/transmission-radio-868-mhz\/"},"modified":"2022-08-24T10:17:22","modified_gmt":"2022-08-24T08:17:22","slug":"transmision-radio-868-mhz","status":"publish","type":"page","link":"https:\/\/www.newsteo.com\/es\/data-logger-2\/arquitectura-de-los-sistemas\/transmision-radio-868-mhz\/","title":{"rendered":"Transmisi\u00f3n radio 868 MHz"},"content":{"rendered":"<p><div class=\"fusion-fullwidth fullwidth-box fusion-builder-row-1 hundred-percent-fullwidth non-hundred-percent-height-scrolling\" style=\"--awb-border-radius-top-left:0px;--awb-border-radius-top-right:0px;--awb-border-radius-bottom-right:0px;--awb-border-radius-bottom-left:0px;--awb-overflow:visible;--awb-flex-wrap:wrap;\" ><div class=\"fusion-builder-row fusion-row\"><div class=\"fusion-layout-column fusion_builder_column fusion-builder-column-0 fusion_builder_column_1_1 1_1 fusion-one-full fusion-column-first fusion-column-last fusion-column-no-min-height\" style=\"--awb-bg-size:cover;--awb-margin-top:0px;--awb-margin-bottom:0px;\"><div class=\"fusion-column-wrapper fusion-flex-column-wrapper-legacy\"><div class=\"fusion-title title fusion-title-1 fusion-sep-none fusion-title-text fusion-title-size-two\" style=\"--awb-margin-top-small:0px;--awb-margin-right-small:0px;--awb-margin-bottom-small:20px;--awb-margin-left-small:0px;\"><h2 class=\"fusion-title-heading title-heading-left\" style=\"margin:0;\"><h2 style=\"text-align: left; font-size: 34px !important;\">El protocolo de transmisi\u00f3n radio 868 MHz de Newsteo<\/h2><\/h2><\/div><div class=\"fusion-clearfix\"><\/div><\/div><\/div><div class=\"fusion-layout-column fusion_builder_column fusion-builder-column-1 fusion_builder_column_2_3 2_3 fusion-two-third fusion-column-first\" style=\"--awb-bg-size:cover;width:65.3333%; margin-right: 4%;\"><div class=\"fusion-column-wrapper fusion-flex-column-wrapper-legacy\"><div class=\"fusion-text fusion-text-1\"><p style=\"text-align: justify;\">La soluci\u00f3n Newsteo es \u00f3ptima para facilitar su instalaci\u00f3n y multiplicar sus capacidades.<\/p>\n<p style=\"text-align: justify;\">Las transmisiones se hacen con una banda de frecuencia que no debe respectar las normas nacionales y que as\u00ed pueden utilizarse libremente (gratuitamente y sin autorizaci\u00f3n). Es la banda ISM (Industria, Ciencia y M\u00e9dico). Estas bandas ISM se utilizan en diferentes aplicaciones grande p\u00fablico o industriales donde los criterios de alcance, de precio y de autonom\u00eda son importantes. Estas aplicaciones son diversas y pueden ser: la dom\u00f3tica, la seguridad y el control industrial, la teledetecci\u00f3n, la lectura de contadores autom\u00e1ticos, los juguetes, las estaciones meteorol\u00f3gicas&#8230;<\/p>\n<\/div><div class=\"fusion-clearfix\"><\/div><\/div><\/div><div class=\"fusion-layout-column fusion_builder_column fusion-builder-column-2 fusion_builder_column_1_3 1_3 fusion-one-third fusion-column-last\" style=\"--awb-bg-size:cover;--awb-margin-top:20px;width:30.6666%;\"><div class=\"fusion-column-wrapper fusion-flex-column-wrapper-legacy\"><div class=\"fusion-image-element fusion-image-align-right in-legacy-container\" style=\"text-align:right;--awb-caption-title-font-family:var(--h2_typography-font-family);--awb-caption-title-font-weight:var(--h2_typography-font-weight);--awb-caption-title-font-style:var(--h2_typography-font-style);--awb-caption-title-size:var(--h2_typography-font-size);--awb-caption-title-transform:var(--h2_typography-text-transform);--awb-caption-title-line-height:var(--h2_typography-line-height);--awb-caption-title-letter-spacing:var(--h2_typography-letter-spacing);\"><span class=\" fusion-imageframe imageframe-none imageframe-1 hover-type-none\" style=\"margin-left:25px;float:right;\"><img decoding=\"async\" width=\"231\" height=\"198\" alt=\"radio\" title=\"transmissio-radio\" src=\"https:\/\/www.newsteo.com\/wp-content\/uploads\/2016\/08\/transmissio-radio.png\" class=\"img-responsive wp-image-24127\"\/><\/span><\/div><div class=\"fusion-clearfix\"><\/div><\/div><\/div><div class=\"fusion-layout-column fusion_builder_column fusion-builder-column-3 fusion_builder_column_1_1 1_1 fusion-one-full fusion-column-first fusion-column-last fusion-column-no-min-height\" style=\"--awb-bg-size:cover;--awb-margin-top:0px;--awb-margin-bottom:0px;\"><div class=\"fusion-column-wrapper fusion-flex-column-wrapper-legacy\"><div class=\"fusion-title title fusion-title-2 fusion-sep-none fusion-title-text fusion-title-size-two\" style=\"--awb-margin-top-small:0px;--awb-margin-right-small:0px;--awb-margin-bottom-small:20px;--awb-margin-left-small:0px;\"><h2 class=\"fusion-title-heading title-heading-left\" style=\"margin:0;\">Las ventajas de la transmisi\u00f3n radio 868 MHz<\/h2><\/div><div class=\"fusion-text fusion-text-2\"><p>La banda de frecuencia elegida, <strong>868MHz en Europa<\/strong>, permite a\u00f1adir a un amplio alcance un espacio de instalaci\u00f3n reducido.<\/p>\n<ul>\n<li class=\"rouge\">En un ambiente sin obst\u00e1culos y con una antena 1\/4 de onda (es decir de solamente 8.6 cm), se puede obtener alcances de 800 metros<\/li>\n<li class=\"rouge\">Es posible atravesar varias paredes de hormig\u00f3n<\/li>\n<li class=\"rouge\"><strong>La transmisi\u00f3n no es perturbada por obst\u00e1culos tal como el cuerpo humano<\/strong> (lo que perturba el Wifi o Bluetooth a 2,4 GHz)<\/li>\n<li class=\"rouge\">El riesgo de interferencia es muy d\u00e9bil porque est\u00e1 frecuencia es reservada a ciertas aplicaciones y la potencia de los aparatos funcionando con este frecuencia es limitada.<\/li>\n<\/ul>\n<p>Gracias a sus excelentes caracter\u00edsticas de propagaci\u00f3n de las ondas radio a una frecuencia inferior a 1 GHz, muy grandes alcances pueden obtenerse con consumos de corriente inferiores a la de los productos utilizando las bandas 2.4 GHz. Adem\u00e1s, la banda ISM no es perturbada por mas micro-ondas (A contrario del Wifi o del Bluetooth) y es as\u00ed mucho m\u00e1s s\u00f3lida. El protocolo de communicaci\u00f3n Newsteo es :<\/p>\n<ul>\n<li class=\"rouge\"><strong>Optimizado<\/strong> para limitar la potencia necesaria a las transmisiones y as\u00ed quedarse una soluci\u00f3n m\u00f3vil, alimentada por simples bater\u00edas de litio.<\/li>\n<li class=\"rouge\"><strong>Robustecido<\/strong> para transmitir en condiciones industriales extremas.<\/li>\n<\/ul>\n<\/div><div class=\"fusion-clearfix\"><\/div><\/div><\/div><\/div><\/div><div class=\"fusion-fullwidth fullwidth-box fusion-builder-row-2 nonhundred-percent-fullwidth non-hundred-percent-height-scrolling\" style=\"--awb-background-position:left top;--awb-border-sizes-top:0px;--awb-border-sizes-bottom:0px;--awb-border-sizes-left:0px;--awb-border-sizes-right:0px;--awb-border-radius-top-left:0px;--awb-border-radius-top-right:0px;--awb-border-radius-bottom-right:0px;--awb-border-radius-bottom-left:0px;--awb-padding-top:20px;--awb-padding-bottom:20px;--awb-flex-wrap:wrap;\" ><div class=\"fusion-builder-row fusion-row\"><div class=\"fusion-layout-column fusion_builder_column fusion-builder-column-4 fusion_builder_column_1_1 1_1 fusion-one-full fusion-column-first fusion-column-last fusion-column-no-min-height\" style=\"--awb-bg-size:cover;--awb-margin-top:0px;--awb-margin-bottom:0px;\"><div class=\"fusion-column-wrapper fusion-flex-column-wrapper-legacy\"><div class=\"fusion-title title fusion-title-3 fusion-sep-none fusion-title-text fusion-title-size-two\" style=\"--awb-margin-top-small:0px;--awb-margin-right-small:0px;--awb-margin-bottom-small:20px;--awb-margin-left-small:0px;\"><h2 class=\"fusion-title-heading title-heading-left\" style=\"margin:0;\">El protocolo de communicaci\u00f3n Newsteo<\/h2><\/div><div class=\"fusion-clearfix\"><\/div><\/div><\/div><div class=\"fusion-layout-column fusion_builder_column fusion-builder-column-5 fusion_builder_column_1_2 1_2 fusion-one-half fusion-column-first\" style=\"--awb-bg-size:cover;width:48%; margin-right: 4%;\"><div class=\"fusion-column-wrapper fusion-flex-column-wrapper-legacy\"><div class=\"fusion-text fusion-text-3\"><p>Los sensores conectados Newsteo con<strong> transmisi\u00f3n radio 868 MHz<\/strong> pueden utilisarse con 2 modos diferentes seg\u00fan la aplicaci\u00f3n del cliente.<\/p>\n<ul>\n<li class=\"rouge\"><strong>Modo monitoring<\/strong>: las medidas se env\u00edan en directo al receptor, para una vigilancia eficaz<\/li>\n<li class=\"rouge\"><strong>Modo record<\/strong>: las medidas se almacenan en la memoria del sensor conectado. Cuando el usuario lo pide por radio, las medidas se descargan. Este modo es utilizado para campa\u00f1as de medici\u00f3n sin transmisi\u00f3n inmediata.<\/li>\n<\/ul>\n<\/div><div class=\"fusion-clearfix\"><\/div><\/div><\/div><div class=\"fusion-layout-column fusion_builder_column fusion-builder-column-6 fusion_builder_column_1_2 1_2 fusion-one-half fusion-column-last\" style=\"--awb-bg-size:cover;--awb-margin-bottom:5px;width:48%;\"><div class=\"fusion-column-wrapper fusion-flex-column-wrapper-legacy\"><div class=\"fusion-video fusion-youtube\" style=\"--awb-max-width:600px;--awb-max-height:350px;\"><div class=\"video-shortcode\"><div class=\"fluid-width-video-wrapper\" style=\"padding-top:58.33%;\" ><iframe title=\"YouTube video player 1\" src=\"https:\/\/www.youtube.com\/embed\/40qSwr8D1K0?wmode=transparent&autoplay=0\" width=\"600\" height=\"350\" allowfullscreen allow=\"autoplay; clipboard-write; encrypted-media; gyroscope; picture-in-picture;\"><\/iframe><\/div><\/div><\/div><div class=\"fusion-clearfix\"><\/div><\/div><\/div><div class=\"fusion-layout-column fusion_builder_column fusion-builder-column-7 fusion_builder_column_1_1 1_1 fusion-one-full fusion-column-first fusion-column-last fusion-column-no-min-height\" style=\"--awb-bg-size:cover;--awb-margin-top:0px;--awb-margin-bottom:0px;\"><div class=\"fusion-column-wrapper fusion-flex-column-wrapper-legacy\"><div class=\"fusion-text fusion-text-4\"><h3>Modo monitoring<\/h3>\n<p>Concierne aplicaciones de Monitoring en directo. Aplicaciones t\u00edpicas: supervisi\u00f3n de temperaturas en un almac\u00e9n. <strong>Principio de funcionamiento :<\/strong><\/p>\n<ul>\n<li class=\"rouge\">El sensor conectado mide con la frecuencia ajustada (10 minutos por ejemplo) y env\u00eda su medida al ordenador, con la pedida de un acuse de recibo.<\/li>\n<li>Si la medida no fuera recibida (llave no enchufada, ordenador parado, RF-Monitor no arrancado, problemas de comunicaci\u00f3n&#8230;), el sensor conectado registrar\u00eda la medida en su memoria interna (capacidad de 32.000 medidas). Cuando la comunicaci\u00f3n se establece de nuevo, las medidas de la memoria interna se env\u00edan de manera autom\u00e1tica hasta el ordenador.<\/li>\n<li class=\"rouge\">RF Monitor visualiza las medidas, las registra, y si sobrepasan los umbrales elegidos, provoca una alerta<\/li>\n<\/ul>\n<h3>Modo Record<\/h3>\n<p>Concierne las campa\u00f1as de medici\u00f3n con consultaci\u00f3n\/utilizaci\u00f3n de los datos, sin posibilidad de provocar alertas en directo. Aplicaci\u00f3n t\u00edpica : vigilancia de las condiciones de transporte de una mercanc\u00eda fr\u00e1gil : obra de arte, productos alimentarios refrigerados&#8230; <strong>Principio de funcionamiento :<\/strong><\/p>\n<ul>\n<li class=\"rouge\">El usuario lanza su campa\u00f1a de medici\u00f3n pasando el producto en Record<\/li>\n<li class=\"rouge\">A lo largo de esta campa\u00f1a de registro, el sensor conectado mide respectando la frecuencia elegida (1 medida cada 10 minutos por ejemplo) y registra las medidas de manera autom\u00e1tica en su memoria.<\/li>\n<li class=\"rouge\">Al final de la campa\u00f1a, el usuario para el registrador y descarga todas sus medidas en el ordenador.<\/li>\n<li class=\"rouge\">Las medidas son as\u00ed almacenadas en el ordenador y se consultan con un gr\u00e1fico, tablas&#8230;y con Excel<\/li>\n<li class=\"rouge\">Las medidas almacenadas en el sensor conectado se pueden borrar y el sensor utilizarse de nuevo para una otra campa\u00f1a<\/li>\n<\/ul>\n<\/div><div class=\"fusion-clearfix\"><\/div><\/div><\/div><\/div><\/div><\/p>\n","protected":false},"excerpt":{"rendered":"","protected":false},"author":3,"featured_media":0,"parent":17121,"menu_order":3,"comment_status":"closed","ping_status":"closed","template":"","meta":{"footnotes":""},"class_list":["post-40444","page","type-page","status-publish","hentry"],"_links":{"self":[{"href":"https:\/\/www.newsteo.com\/es\/wp-json\/wp\/v2\/pages\/40444","targetHints":{"allow":["GET"]}}],"collection":[{"href":"https:\/\/www.newsteo.com\/es\/wp-json\/wp\/v2\/pages"}],"about":[{"href":"https:\/\/www.newsteo.com\/es\/wp-json\/wp\/v2\/types\/page"}],"author":[{"embeddable":true,"href":"https:\/\/www.newsteo.com\/es\/wp-json\/wp\/v2\/users\/3"}],"replies":[{"embeddable":true,"href":"https:\/\/www.newsteo.com\/es\/wp-json\/wp\/v2\/comments?post=40444"}],"version-history":[{"count":0,"href":"https:\/\/www.newsteo.com\/es\/wp-json\/wp\/v2\/pages\/40444\/revisions"}],"up":[{"embeddable":true,"href":"https:\/\/www.newsteo.com\/es\/wp-json\/wp\/v2\/pages\/17121"}],"wp:attachment":[{"href":"https:\/\/www.newsteo.com\/es\/wp-json\/wp\/v2\/media?parent=40444"}],"curies":[{"name":"wp","href":"https:\/\/api.w.org\/{rel}","templated":true}]}}