{"id":12808,"date":"2016-07-12T11:50:05","date_gmt":"2016-07-12T09:50:05","guid":{"rendered":"https:\/\/www.newsteo.com\/?page_id=12808"},"modified":"2023-11-20T14:22:49","modified_gmt":"2023-11-20T13:22:49","slug":"equipe-newsteo","status":"publish","type":"page","link":"https:\/\/www.newsteo.com\/fr\/societe\/equipe-newsteo\/","title":{"rendered":"L&rsquo;\u00e9quipe"},"content":{"rendered":"<p><div class=\"fusion-fullwidth fullwidth-box fusion-builder-row-1 nonhundred-percent-fullwidth non-hundred-percent-height-scrolling\" style=\"--awb-border-radius-top-left:0px;--awb-border-radius-top-right:0px;--awb-border-radius-bottom-right:0px;--awb-border-radius-bottom-left:0px;--awb-padding-bottom:50px;--awb-flex-wrap:wrap;\" ><div class=\"fusion-builder-row fusion-row\"><div class=\"fusion-layout-column fusion_builder_column fusion-builder-column-0 fusion_builder_column_1_1 1_1 fusion-one-full fusion-column-first fusion-column-last fusion-column-no-min-height\" style=\"--awb-bg-size:cover;--awb-margin-top:0px;--awb-margin-bottom:0px;\"><div class=\"fusion-column-wrapper fusion-flex-column-wrapper-legacy\"><div class=\"fusion-column-content-centered\"><div class=\"fusion-column-content\"><div class=\"fusion-text fusion-text-1\"><h2 style=\"text-align: center; font-size: 27px !important; margin-bottom: 5px;\">L\u2019\u00c9QUIPE NEWSTEO<\/h2>\n<\/div><div class=\"fusion-sep-clear\"><\/div><div class=\"fusion-separator\" style=\"margin-left: auto;margin-right: auto;margin-bottom:40px;width:100%;max-width:100px;\"><div class=\"fusion-separator-border sep-single sep-solid\" style=\"--awb-height:20px;--awb-amount:20px;--awb-sep-color:#d92d3d;border-color:#d92d3d;border-top-width:4px;\"><\/div><\/div><div class=\"fusion-sep-clear\"><\/div><\/div><\/div><div class=\"fusion-clearfix\"><\/div><\/div><\/div><div class=\"fusion-layout-column fusion_builder_column fusion-builder-column-1 fusion_builder_column_1_1 1_1 fusion-one-full fusion-column-first fusion-column-last\" style=\"--awb-bg-size:cover;\"><div class=\"fusion-column-wrapper fusion-flex-column-wrapper-legacy\"><div class=\"fusion-text fusion-text-2\"><p style=\"line-height: 1.7;\">L\u2019\u00e9quipe Newsteo se compose de plus de 22 personnes, s\u00e9lectionn\u00e9es pour leur expertise, leur cr\u00e9ativit\u00e9, leur esprit d\u2019\u00e9quipe et leur sens de l\u2019\u00e9coute. Tous des experts dans leur domaine, anim\u00e9s par la passion et la volont\u00e9 de vous proposer des produits qui r\u00e9pondent toujours plus \u00e0 vos besoins. Depuis 2005, Newsteo est \u00e0 votre service pour le d\u00e9ploiement de solutions de capteurs communicants sans fil.<\/p>\n<\/div><div class=\"fusion-clearfix\"><\/div><\/div><\/div><\/div><\/div><div class=\"fusion-fullwidth fullwidth-box fusion-builder-row-2 nonhundred-percent-fullwidth non-hundred-percent-height-scrolling fusion-equal-height-columns page-equipe-width\" style=\"--awb-border-radius-top-left:0px;--awb-border-radius-top-right:0px;--awb-border-radius-bottom-right:0px;--awb-border-radius-bottom-left:0px;--awb-padding-top:50px;--awb-padding-bottom:50px;--awb-background-color:#f9f9f9;--awb-flex-wrap:wrap;\" ><div class=\"fusion-builder-row fusion-row\"><div class=\"fusion-layout-column fusion_builder_column fusion-builder-column-2 fusion_builder_column_1_1 1_1 fusion-one-full fusion-column-first fusion-column-last fusion-column-no-min-height\" style=\"--awb-bg-size:cover;--awb-margin-top:0px;--awb-margin-bottom:0px;\"><div class=\"fusion-column-wrapper fusion-flex-column-wrapper-legacy\"><div class=\"fusion-column-content-centered\"><div class=\"fusion-column-content\"><div class=\"fusion-text fusion-text-3\"><h2 style=\"text-align: center; font-size: 27px !important; margin-bottom: 5px;\">MANAGEMENT<\/h2>\n<\/div><div class=\"fusion-sep-clear\"><\/div><div class=\"fusion-separator\" style=\"margin-left: auto;margin-right: auto;margin-bottom:40px;width:100%;max-width:100px;\"><div class=\"fusion-separator-border sep-single sep-solid\" style=\"--awb-height:20px;--awb-amount:20px;--awb-sep-color:#d92d3d;border-color:#d92d3d;border-top-width:4px;\"><\/div><\/div><div class=\"fusion-sep-clear\"><\/div><\/div><\/div><div class=\"fusion-clearfix\"><\/div><\/div><\/div><div class=\"fusion-layout-column fusion_builder_column fusion-builder-column-3 fusion_builder_column_1_4 1_4 fusion-one-fourth fusion-column-first\" style=\"--awb-bg-size:cover;width:25%;width:calc(25% - ( ( 4% + 4% ) * 0.25 ) );margin-right: 4%;\"><div class=\"fusion-column-wrapper fusion-flex-column-wrapper-legacy\"><div class=\"fusion-person person fusion-person-left fusion-person-1 fusion-person-icon-top\" style=\"--awb-pic-style-color:#000000;--awb-pic-borderradius:0px;--awb-margin-top:0px;--awb-margin-right:0px;--awb-margin-bottom:0px;--awb-margin-left:0px;--awb-social-box-border-top:0px;--awb-social-box-border-right:0px;--awb-social-box-border-bottom:0px;--awb-social-box-border-left:0px;--awb-social-box-border-color:var(--awb-color3);--awb-social-box-border-color-hover:var(--awb-color4);--awb-social-box-colors-hover:rgba(232,232,232,0.8);--awb-social-icon-boxed-colors:#e8e8e8;--awb-social-icon-colors:#0077B5;--awb-social-icon-colors-hover:rgba(190,189,189,0.8);\"><div class=\"person-shortcode-image-wrapper element-bottomshadow\" style=\" display:inline-block; z-index:1\"><div class=\"person-image-container hover-type-zoomin element-bottomshadow\" style=\"border:0px solid #f6f6f6;-webkit-border-radius:0px;-moz-border-radius:0px;border-radius:0px;\"><img decoding=\"async\" class=\"person-img img-responsive wp-image-81823\" width=\"470\" height=\"614\" src=\"https:\/\/www.newsteo.com\/wp-content\/uploads\/2021\/07\/franck.jpg\" alt=\"Franck Przysiek \" srcset=\"https:\/\/www.newsteo.com\/wp-content\/uploads\/2021\/07\/franck-200x261.jpg 200w, https:\/\/www.newsteo.com\/wp-content\/uploads\/2021\/07\/franck-400x523.jpg 400w, https:\/\/www.newsteo.com\/wp-content\/uploads\/2021\/07\/franck.jpg 470w\" sizes=\"(max-width: 800px) 100vw, 400px\" \/><\/div><\/div><div class=\"person-desc\"><div class=\"person-author\"><div class=\"person-author-wrapper\"><span class=\"person-name\">Franck Przysiek <\/span><span class=\"person-title\">Directeur g\u00e9n\u00e9ral &amp; CTO<\/span><\/div><div class=\"fusion-social-networks\"><div class=\"fusion-social-networks-wrapper\"><a class=\"fusion-social-network-icon fusion-tooltip fusion-linkedin awb-icon-linkedin custom\" aria-label=\"fusion-linkedin\" href=\"https:\/\/www.linkedin.com\/in\/franck-przysiek-210492b\/\" target=\"_blank\" rel=\"noopener noreferrer\" style=\"color:#0077B5;font-size:16px;\" data-placement=\"top\" data-title=\"LinkedIn\" title=\"LinkedIn\" data-toggle=\"tooltip\"><\/a><\/div><\/div><\/div><div class=\"person-content fusion-clearfix\"><\/div><\/div><\/div><div class=\"accordian fusion-accordian\" style=\"--awb-border-size:1px;--awb-icon-size:13px;--awb-content-font-size:16px;--awb-icon-alignment:left;--awb-hover-color:#f9f9f9;--awb-border-color:#cccccc;--awb-background-color:#ffffff;--awb-divider-color:#e0dede;--awb-divider-hover-color:#e0dede;--awb-icon-color:#ffffff;--awb-title-color:#333333;--awb-content-color:#3d3d3d;--awb-icon-box-color:#333333;--awb-toggle-hover-accent-color:#b8292f;--awb-title-font-family:&quot;Open Sans&quot;;--awb-title-font-weight:400;--awb-title-font-style:normal;--awb-title-font-size:16px;--awb-content-font-family:&quot;Open Sans&quot;;--awb-content-font-style:normal;--awb-content-font-weight:400;\"><div class=\"panel-group fusion-toggle-icon-boxed\" id=\"accordion-12808-1\"><div class=\"fusion-panel panel-default panel-e55871baa3f98148a fusion-toggle-no-divider\"><div class=\"panel-heading\"><h4 class=\"panel-title toggle\" id=\"toggle_e55871baa3f98148a\"><a aria-expanded=\"false\" aria-controls=\"e55871baa3f98148a\" role=\"button\" data-toggle=\"collapse\" data-parent=\"#accordion-12808-1\" data-target=\"#e55871baa3f98148a\" href=\"#e55871baa3f98148a\"><span class=\"fusion-toggle-icon-wrapper\" aria-hidden=\"true\"><i class=\"fa-fusion-box active-icon awb-icon-minus\" aria-hidden=\"true\"><\/i><i class=\"fa-fusion-box inactive-icon awb-icon-plus\" aria-hidden=\"true\"><\/i><\/span><span class=\"fusion-toggle-heading\">Plus sur Franck<\/span><\/a><\/h4><\/div><div id=\"e55871baa3f98148a\" class=\"panel-collapse collapse \" aria-labelledby=\"toggle_e55871baa3f98148a\"><div class=\"panel-body toggle-content fusion-clearfix\">\n<p class=\"espace\" style=\"text-align: justify;\">Franck Przysiek est Directeur Technique et co-fondateur de Newsteo. Il est expert en \u00e9lectronique dans les t\u00e9l\u00e9communications et la s\u00e9curit\u00e9.<\/p>\n<p style=\"text-align: justify;\">Franck cumule 23 ans d\u2019exp\u00e9rience dans la gestion d\u2019\u00e9quipe R&amp;D (hardware et software) dans des domaines High-Tech (capteurs connect\u00e9s, lecteurs de carte \u00e0 puce, lecteurs biom\u00e9triques, cryptographie, r\u00e9cepteurs pour la t\u00e9l\u00e9vision payante\u2026). Il a pr\u00e9c\u00e9demment travaill\u00e9 au sein de SCM Microsystems comme chef de projets. Franck Przysiek est dipl\u00f4m\u00e9 de l\u2019Ecole des Mines de Paris (Institut Sup\u00e9rieur d\u2019Informatique et Automatique).<\/p>\n<\/div><\/div><\/div><\/div><\/div><div class=\"fusion-clearfix\"><\/div><\/div><\/div><div class=\"fusion-layout-column fusion_builder_column fusion-builder-column-4 fusion_builder_column_1_4 1_4 fusion-one-fourth\" style=\"--awb-bg-size:cover;width:25%;width:calc(25% - ( ( 4% + 4% ) * 0.25 ) );margin-right: 4%;\"><div class=\"fusion-column-wrapper fusion-flex-column-wrapper-legacy\"><div class=\"fusion-person person fusion-person-left fusion-person-2 fusion-person-icon-top\" style=\"--awb-pic-style-color:#000000;--awb-pic-borderradius:0px;--awb-margin-top:0px;--awb-margin-right:0px;--awb-margin-bottom:0px;--awb-margin-left:0px;--awb-social-box-border-top:0px;--awb-social-box-border-right:0px;--awb-social-box-border-bottom:0px;--awb-social-box-border-left:0px;--awb-social-box-border-color:var(--awb-color3);--awb-social-box-border-color-hover:var(--awb-color4);--awb-social-box-colors-hover:rgba(232,232,232,0.8);--awb-social-icon-boxed-colors:#e8e8e8;--awb-social-icon-colors:#0077B5;--awb-social-icon-colors-hover:rgba(190,189,189,0.8);\"><div class=\"person-shortcode-image-wrapper element-bottomshadow\" style=\" display:inline-block; z-index:1\"><div class=\"person-image-container hover-type-zoomin element-bottomshadow\" style=\"border:0px solid #f6f6f6;-webkit-border-radius:0px;-moz-border-radius:0px;border-radius:0px;\"><img decoding=\"async\" class=\"person-img img-responsive wp-image-45451\" width=\"374\" height=\"470\" src=\"https:\/\/www.newsteo.com\/wp-content\/uploads\/2019\/01\/fabien-1.jpg\" alt=\"Fabien Sgard\" \/><\/div><\/div><div class=\"person-desc\"><div class=\"person-author\"><div class=\"person-author-wrapper\"><span class=\"person-name\">Fabien Sgard<\/span><span class=\"person-title\">Directeur des syst\u00e8mes d'informations<\/span><\/div><div class=\"fusion-social-networks\"><div class=\"fusion-social-networks-wrapper\"><a class=\"fusion-social-network-icon fusion-tooltip fusion-linkedin awb-icon-linkedin custom\" aria-label=\"fusion-linkedin\" href=\"https:\/\/www.linkedin.com\/in\/fabien-sgard-54209461\/\" target=\"_blank\" rel=\"noopener noreferrer\" style=\"color:#0077B5;font-size:16px;\" data-placement=\"top\" data-title=\"LinkedIn\" title=\"LinkedIn\" data-toggle=\"tooltip\"><\/a><\/div><\/div><\/div><div class=\"person-content fusion-clearfix\"><\/div><\/div><\/div><div class=\"accordian fusion-accordian\" style=\"--awb-border-size:1px;--awb-icon-size:13px;--awb-content-font-size:16px;--awb-icon-alignment:left;--awb-hover-color:#f9f9f9;--awb-border-color:#cccccc;--awb-background-color:#ffffff;--awb-divider-color:#e0dede;--awb-divider-hover-color:#e0dede;--awb-icon-color:#ffffff;--awb-title-color:#333333;--awb-content-color:#3d3d3d;--awb-icon-box-color:#333333;--awb-toggle-hover-accent-color:#b8292f;--awb-title-font-family:&quot;Open Sans&quot;;--awb-title-font-weight:400;--awb-title-font-style:normal;--awb-title-font-size:16px;--awb-content-font-family:&quot;Open Sans&quot;;--awb-content-font-style:normal;--awb-content-font-weight:400;\"><div class=\"panel-group fusion-toggle-icon-boxed\" id=\"accordion-12808-2\"><div class=\"fusion-panel panel-default panel-b8a91465b004a051a fusion-toggle-no-divider\"><div class=\"panel-heading\"><h4 class=\"panel-title toggle\" id=\"toggle_b8a91465b004a051a\"><a aria-expanded=\"false\" aria-controls=\"b8a91465b004a051a\" role=\"button\" data-toggle=\"collapse\" data-parent=\"#accordion-12808-2\" data-target=\"#b8a91465b004a051a\" href=\"#b8a91465b004a051a\"><span class=\"fusion-toggle-icon-wrapper\" aria-hidden=\"true\"><i class=\"fa-fusion-box active-icon awb-icon-minus\" aria-hidden=\"true\"><\/i><i class=\"fa-fusion-box inactive-icon awb-icon-plus\" aria-hidden=\"true\"><\/i><\/span><span class=\"fusion-toggle-heading\">Plus sur Fabien<\/span><\/a><\/h4><\/div><div id=\"b8a91465b004a051a\" class=\"panel-collapse collapse \" aria-labelledby=\"toggle_b8a91465b004a051a\"><div class=\"panel-body toggle-content fusion-clearfix\">\n<p class=\"espace\" style=\"text-align: justify;\">Fabien pilote le service software de Newsteo et en particulier le d\u00e9veloppement des applications web et applications mobiles. Il poss\u00e8de une exp\u00e9rience de plus de 23 ans dans le conseil et le d\u00e9veloppement informatique.<\/p>\n<p style=\"text-align: justify;\">Fabien a travaill\u00e9 plusieurs ann\u00e9es en freelance et dans les services informatiques de soci\u00e9t\u00e9s du domaine du transport, de la gestion de flotte ou encore du m\u00e9dical. Son expertise m\u00e9tier correspond parfaitement aux domaines d\u2019intervention de Newsteo.<\/p>\n<\/div><\/div><\/div><\/div><\/div><div class=\"fusion-clearfix\"><\/div><\/div><\/div><div class=\"fusion-layout-column fusion_builder_column fusion-builder-column-5 fusion_builder_column_1_4 1_4 fusion-one-fourth fusion-column-last\" style=\"--awb-bg-size:cover;width:25%;width:calc(25% - ( ( 4% + 4% ) * 0.25 ) );\"><div class=\"fusion-column-wrapper fusion-flex-column-wrapper-legacy\"><div class=\"fusion-person person fusion-person-left fusion-person-3 fusion-person-icon-top\" style=\"--awb-pic-style-color:#000000;--awb-pic-borderradius:0px;--awb-margin-top:0px;--awb-margin-right:0px;--awb-margin-bottom:0px;--awb-margin-left:0px;--awb-social-box-border-top:0px;--awb-social-box-border-right:0px;--awb-social-box-border-bottom:0px;--awb-social-box-border-left:0px;--awb-social-box-border-color:var(--awb-color3);--awb-social-box-border-color-hover:var(--awb-color4);--awb-social-box-colors-hover:rgba(232,232,232,0.8);--awb-social-icon-boxed-colors:#e8e8e8;--awb-social-icon-colors:#0077b5;--awb-social-icon-colors-hover:rgba(190,189,189,0.8);\"><div class=\"person-shortcode-image-wrapper element-bottomshadow\" style=\" display:inline-block; z-index:1\"><div class=\"person-image-container hover-type-zoomin element-bottomshadow\" style=\"border:0px solid #f6f6f6;-webkit-border-radius:0px;-moz-border-radius:0px;border-radius:0px;\"><img decoding=\"async\" class=\"person-img img-responsive wp-image-98188\" width=\"374\" height=\"470\" src=\"https:\/\/www.newsteo.com\/wp-content\/uploads\/2022\/08\/Michel-2.jpg\" alt=\"Michel Poccard\" srcset=\"https:\/\/www.newsteo.com\/wp-content\/uploads\/2022\/08\/Michel-2-200x251.jpg 200w, https:\/\/www.newsteo.com\/wp-content\/uploads\/2022\/08\/Michel-2.jpg 374w\" sizes=\"(max-width: 800px) 100vw, 374px\" \/><\/div><\/div><div class=\"person-desc\"><div class=\"person-author\"><div class=\"person-author-wrapper\"><span class=\"person-name\">Michel Poccard<\/span><span class=\"person-title\">Directeur de Production<\/span><\/div><\/div><div class=\"person-content fusion-clearfix\"><\/div><\/div><\/div><div class=\"accordian fusion-accordian\" style=\"--awb-border-size:1px;--awb-icon-size:13px;--awb-content-font-size:16px;--awb-icon-alignment:left;--awb-hover-color:#f9f9f9;--awb-border-color:#cccccc;--awb-background-color:#ffffff;--awb-divider-color:#e0dede;--awb-divider-hover-color:#e0dede;--awb-icon-color:#ffffff;--awb-title-color:#333333;--awb-content-color:#3d3d3d;--awb-icon-box-color:#333333;--awb-toggle-hover-accent-color:#b8292f;--awb-title-font-family:&quot;Open Sans&quot;;--awb-title-font-weight:400;--awb-title-font-style:normal;--awb-title-font-size:16px;--awb-content-font-family:&quot;Open Sans&quot;;--awb-content-font-style:normal;--awb-content-font-weight:400;\"><div class=\"panel-group fusion-toggle-icon-boxed\" id=\"accordion-12808-3\"><div class=\"fusion-panel panel-default panel-cbdec986ad77010a7 fusion-toggle-no-divider\"><div class=\"panel-heading\"><h4 class=\"panel-title toggle\" id=\"toggle_cbdec986ad77010a7\"><a aria-expanded=\"false\" aria-controls=\"cbdec986ad77010a7\" role=\"button\" data-toggle=\"collapse\" data-parent=\"#accordion-12808-3\" data-target=\"#cbdec986ad77010a7\" href=\"#cbdec986ad77010a7\"><span class=\"fusion-toggle-icon-wrapper\" aria-hidden=\"true\"><i class=\"fa-fusion-box active-icon awb-icon-minus\" aria-hidden=\"true\"><\/i><i class=\"fa-fusion-box inactive-icon awb-icon-plus\" aria-hidden=\"true\"><\/i><\/span><span class=\"fusion-toggle-heading\">Plus sur Michel<\/span><\/a><\/h4><\/div><div id=\"cbdec986ad77010a7\" class=\"panel-collapse collapse \" aria-labelledby=\"toggle_cbdec986ad77010a7\"><div class=\"panel-body toggle-content fusion-clearfix\">\n<p class=\"espace\" style=\"text-align: justify;\">Michel a rejoint Newsteo en avril 2009 pour piloter le service achat de Newsteo.<\/p>\n<p>Il coordonne l&rsquo;approvisionnement afin de p\u00e9renniser la chaine de production et ainsi assurer les d\u00e9lais de livraison de tous les produits Newsteo.<\/p>\n<\/div><\/div><\/div><\/div><\/div><div class=\"fusion-clearfix\"><\/div><\/div><\/div><\/div><\/div><div class=\"fusion-fullwidth fullwidth-box fusion-builder-row-3 nonhundred-percent-fullwidth non-hundred-percent-height-scrolling fusion-equal-height-columns page-equipe-width\" style=\"--awb-border-radius-top-left:0px;--awb-border-radius-top-right:0px;--awb-border-radius-bottom-right:0px;--awb-border-radius-bottom-left:0px;--awb-padding-top:50px;--awb-padding-bottom:50px;--awb-background-color:#ffffff;--awb-flex-wrap:wrap;\" ><div class=\"fusion-builder-row fusion-row\"><div class=\"fusion-layout-column fusion_builder_column fusion-builder-column-6 fusion_builder_column_1_1 1_1 fusion-one-full fusion-column-first fusion-column-last fusion-column-no-min-height\" style=\"--awb-bg-size:cover;--awb-margin-top:0px;--awb-margin-bottom:0px;\"><div class=\"fusion-column-wrapper fusion-flex-column-wrapper-legacy\"><div class=\"fusion-column-content-centered\"><div class=\"fusion-column-content\"><div class=\"fusion-text fusion-text-4\"><h2 style=\"text-align: center; font-size: 27px !important; margin-bottom: 5px;\">L&rsquo;\u00c9QUIPE COMMERCIALE<\/h2>\n<\/div><div class=\"fusion-sep-clear\"><\/div><div class=\"fusion-separator\" style=\"margin-left: auto;margin-right: auto;margin-bottom:40px;width:100%;max-width:100px;\"><div class=\"fusion-separator-border sep-single sep-solid\" style=\"--awb-height:20px;--awb-amount:20px;--awb-sep-color:#d92d3d;border-color:#d92d3d;border-top-width:4px;\"><\/div><\/div><div class=\"fusion-sep-clear\"><\/div><\/div><\/div><div class=\"fusion-clearfix\"><\/div><\/div><\/div><div class=\"fusion-layout-column fusion_builder_column fusion-builder-column-7 fusion_builder_column_1_4 1_4 fusion-one-fourth fusion-column-first\" style=\"--awb-bg-size:cover;width:25%;width:calc(25% - ( ( 4% ) * 0.25 ) );margin-right: 4%;\"><div class=\"fusion-column-wrapper fusion-column-has-shadow fusion-flex-column-wrapper-legacy\"><div class=\"fusion-person person fusion-person-left fusion-person-4 fusion-person-icon-top\" style=\"--awb-pic-style-color:#000000;--awb-pic-borderradius:0px;--awb-margin-top:0px;--awb-margin-right:0px;--awb-margin-bottom:0px;--awb-margin-left:0px;--awb-social-box-border-top:0px;--awb-social-box-border-right:0px;--awb-social-box-border-bottom:0px;--awb-social-box-border-left:0px;--awb-social-box-border-color:var(--awb-color3);--awb-social-box-border-color-hover:var(--awb-color4);--awb-social-box-colors-hover:rgba(232,232,232,0.8);--awb-social-icon-boxed-colors:#e8e8e8;--awb-social-icon-colors:#0077b5;--awb-social-icon-colors-hover:rgba(190,189,189,0.8);\"><div class=\"person-desc\"><div class=\"person-author\"><div class=\"person-author-wrapper\"><span class=\"person-name\">Pascal Binsse<\/span><span class=\"person-title\">Commercial<\/span><\/div><\/div><div class=\"person-content fusion-clearfix\"><\/div><\/div><\/div><div class=\"accordian fusion-accordian\" style=\"--awb-border-size:1px;--awb-icon-size:13px;--awb-content-font-size:16px;--awb-icon-alignment:left;--awb-hover-color:#f9f9f9;--awb-border-color:#cccccc;--awb-background-color:#ffffff;--awb-divider-color:#e0dede;--awb-divider-hover-color:#e0dede;--awb-icon-color:#ffffff;--awb-title-color:#333333;--awb-content-color:#3d3d3d;--awb-icon-box-color:#333333;--awb-toggle-hover-accent-color:#b8292f;--awb-title-font-family:&quot;Open Sans&quot;;--awb-title-font-weight:400;--awb-title-font-style:normal;--awb-title-font-size:16px;--awb-content-font-family:&quot;Open Sans&quot;;--awb-content-font-style:normal;--awb-content-font-weight:400;\"><div class=\"panel-group fusion-toggle-icon-boxed\" id=\"accordion-12808-4\"><div class=\"fusion-panel panel-default panel-e01fc01b7bddf174e fusion-toggle-no-divider\"><div class=\"panel-heading\"><h4 class=\"panel-title toggle\" id=\"toggle_e01fc01b7bddf174e\"><a aria-expanded=\"false\" aria-controls=\"e01fc01b7bddf174e\" role=\"button\" data-toggle=\"collapse\" data-parent=\"#accordion-12808-4\" data-target=\"#e01fc01b7bddf174e\" href=\"#e01fc01b7bddf174e\"><span class=\"fusion-toggle-icon-wrapper\" aria-hidden=\"true\"><i class=\"fa-fusion-box active-icon awb-icon-minus\" aria-hidden=\"true\"><\/i><i class=\"fa-fusion-box inactive-icon awb-icon-plus\" aria-hidden=\"true\"><\/i><\/span><span class=\"fusion-toggle-heading\">plus<\/span><\/a><\/h4><\/div><div id=\"e01fc01b7bddf174e\" class=\"panel-collapse collapse \" aria-labelledby=\"toggle_e01fc01b7bddf174e\"><div class=\"panel-body toggle-content fusion-clearfix\"><\/div><\/div><\/div><\/div><\/div><div class=\"fusion-clearfix\"><\/div><\/div><\/div><div class=\"fusion-layout-column fusion_builder_column fusion-builder-column-8 fusion_builder_column_1_4 1_4 fusion-one-fourth fusion-column-last\" style=\"--awb-bg-size:cover;width:25%;width:calc(25% - ( ( 4% ) * 0.25 ) );\"><div class=\"fusion-column-wrapper fusion-column-has-shadow fusion-flex-column-wrapper-legacy\"><div class=\"fusion-person person fusion-person-left fusion-person-5 fusion-person-icon-top\" style=\"--awb-pic-style-color:#000000;--awb-pic-borderradius:0px;--awb-margin-top:0px;--awb-margin-right:0px;--awb-margin-bottom:0px;--awb-margin-left:0px;--awb-social-box-border-top:0px;--awb-social-box-border-right:0px;--awb-social-box-border-bottom:0px;--awb-social-box-border-left:0px;--awb-social-box-border-color:var(--awb-color3);--awb-social-box-border-color-hover:var(--awb-color4);--awb-social-box-colors-hover:rgba(232,232,232,0.8);--awb-social-icon-boxed-colors:#e8e8e8;--awb-social-icon-colors:#0077b5;--awb-social-icon-colors-hover:rgba(190,189,189,0.8);\"><div class=\"person-desc\"><div class=\"person-author\"><div class=\"person-author-wrapper\"><span class=\"person-name\">to be defined<\/span><span class=\"person-title\">TCS<\/span><\/div><\/div><div class=\"person-content fusion-clearfix\"><\/div><\/div><\/div><div class=\"accordian fusion-accordian\" style=\"--awb-border-size:1px;--awb-icon-size:13px;--awb-content-font-size:16px;--awb-icon-alignment:left;--awb-hover-color:#f9f9f9;--awb-border-color:#cccccc;--awb-background-color:#ffffff;--awb-divider-color:#e0dede;--awb-divider-hover-color:#e0dede;--awb-icon-color:#ffffff;--awb-title-color:#333333;--awb-content-color:#3d3d3d;--awb-icon-box-color:#333333;--awb-toggle-hover-accent-color:#b8292f;--awb-title-font-family:&quot;Open Sans&quot;;--awb-title-font-weight:400;--awb-title-font-style:normal;--awb-title-font-size:16px;--awb-content-font-family:&quot;Open Sans&quot;;--awb-content-font-style:normal;--awb-content-font-weight:400;\"><div class=\"panel-group fusion-toggle-icon-boxed\" id=\"accordion-12808-5\"><div class=\"fusion-panel panel-default panel-488f16404b10fa6bf fusion-toggle-no-divider\"><div class=\"panel-heading\"><h4 class=\"panel-title toggle\" id=\"toggle_488f16404b10fa6bf\"><a aria-expanded=\"false\" aria-controls=\"488f16404b10fa6bf\" role=\"button\" data-toggle=\"collapse\" data-parent=\"#accordion-12808-5\" data-target=\"#488f16404b10fa6bf\" href=\"#488f16404b10fa6bf\"><span class=\"fusion-toggle-icon-wrapper\" aria-hidden=\"true\"><i class=\"fa-fusion-box active-icon awb-icon-minus\" aria-hidden=\"true\"><\/i><i class=\"fa-fusion-box inactive-icon awb-icon-plus\" aria-hidden=\"true\"><\/i><\/span><span class=\"fusion-toggle-heading\">Plus<\/span><\/a><\/h4><\/div><div id=\"488f16404b10fa6bf\" class=\"panel-collapse collapse \" aria-labelledby=\"toggle_488f16404b10fa6bf\"><div class=\"panel-body toggle-content fusion-clearfix\">\n<p style=\"text-align: justify;\">Elle travaille en collaboration avec les \u00e9quipes commerciales \u00e9trang\u00e8res et fran\u00e7aises en leur apportant un soutien sur le plan administratif et commercial.<\/p>\n<\/div><\/div><\/div><\/div><\/div><div class=\"fusion-clearfix\"><\/div><\/div><\/div><\/div><\/div><\/p>\n","protected":false},"excerpt":{"rendered":"","protected":false},"author":28,"featured_media":0,"parent":12779,"menu_order":2,"comment_status":"closed","ping_status":"closed","template":"100-width.php","meta":{"footnotes":""},"class_list":["post-12808","page","type-page","status-publish","hentry"],"_links":{"self":[{"href":"https:\/\/www.newsteo.com\/fr\/wp-json\/wp\/v2\/pages\/12808","targetHints":{"allow":["GET"]}}],"collection":[{"href":"https:\/\/www.newsteo.com\/fr\/wp-json\/wp\/v2\/pages"}],"about":[{"href":"https:\/\/www.newsteo.com\/fr\/wp-json\/wp\/v2\/types\/page"}],"author":[{"embeddable":true,"href":"https:\/\/www.newsteo.com\/fr\/wp-json\/wp\/v2\/users\/28"}],"replies":[{"embeddable":true,"href":"https:\/\/www.newsteo.com\/fr\/wp-json\/wp\/v2\/comments?post=12808"}],"version-history":[{"count":0,"href":"https:\/\/www.newsteo.com\/fr\/wp-json\/wp\/v2\/pages\/12808\/revisions"}],"up":[{"embeddable":true,"href":"https:\/\/www.newsteo.com\/fr\/wp-json\/wp\/v2\/pages\/12779"}],"wp:attachment":[{"href":"https:\/\/www.newsteo.com\/fr\/wp-json\/wp\/v2\/media?parent=12808"}],"curies":[{"name":"wp","href":"https:\/\/api.w.org\/{rel}","templated":true}]}}