{"id":12877,"date":"2016-07-12T16:48:51","date_gmt":"2016-07-12T14:48:51","guid":{"rendered":"https:\/\/www.newsteo.com\/?page_id=12877"},"modified":"2026-02-27T10:03:09","modified_gmt":"2026-02-27T09:03:09","slug":"recrutement","status":"publish","type":"page","link":"https:\/\/www.newsteo.com\/fr\/societe\/recrutement\/","title":{"rendered":"Recrutement"},"content":{"rendered":"<div class=\"fusion-fullwidth fullwidth-box fusion-builder-row-1 nonhundred-percent-fullwidth non-hundred-percent-height-scrolling\" style=\"--awb-border-radius-top-left:0px;--awb-border-radius-top-right:0px;--awb-border-radius-bottom-right:0px;--awb-border-radius-bottom-left:0px;--awb-flex-wrap:wrap;\" ><div class=\"fusion-builder-row fusion-row\"><div class=\"fusion-layout-column fusion_builder_column fusion-builder-column-0 fusion_builder_column_1_1 1_1 fusion-one-full fusion-column-first fusion-column-last fusion-column-no-min-height\" style=\"--awb-bg-blend:overlay;--awb-bg-size:cover;--awb-margin-top:0px;--awb-margin-bottom:0px;\"><div class=\"fusion-column-wrapper fusion-column-has-shadow fusion-flex-column-wrapper-legacy\"><div class=\"fusion-text fusion-text-1\"><h2 class=\"h2subtitle\" style=\"text-align: center;\">Opportunit\u00e9s de carri\u00e8re<\/h2>\n<\/div><div class=\"fusion-sep-clear\"><\/div><div class=\"fusion-separator\" style=\"margin-left: auto;margin-right: auto;margin-bottom:40px;width:100%;max-width:100px;\"><div class=\"fusion-separator-border sep-single sep-solid\" style=\"--awb-height:20px;--awb-amount:20px;--awb-sep-color:#d92d3d;border-color:#d92d3d;border-top-width:4px;\"><\/div><\/div><div class=\"fusion-sep-clear\"><\/div><div class=\"fusion-clearfix\"><\/div><\/div><\/div><div class=\"fusion-layout-column fusion_builder_column fusion-builder-column-1 fusion_builder_column_1_1 1_1 fusion-one-full fusion-column-first fusion-column-last fusion-column-no-min-height\" style=\"--awb-bg-blend:overlay;--awb-bg-size:cover;--awb-margin-top:0px;--awb-margin-bottom:0px;\"><div class=\"fusion-column-wrapper fusion-flex-column-wrapper-legacy\"><div class=\"fusion-text fusion-text-2\"><p class=\"espace\">Newsteo est une soci\u00e9t\u00e9 High-Tech travaillant sur de nouvelles technologies de pointe en IoT et capteurs connect\u00e9s, dans les secteurs de la sant\u00e9, du transport, de l\u2019industrie, de l\u2019alimentaire et du g\u00e9nie civil.<\/p>\n<p>Nous recherchons de nouveaux talents et vous donnons une occasion unique de travailler sur des sujets passionnants dans un environnement privil\u00e9gi\u00e9, \u00e0 La Ciotat. Au sein de notre entreprise, les collaborateurs se sentent investis d&rsquo;une vraie mission : par leur travail, ils fournissent des outils visant \u00e0 renforcer la s\u00e9curit\u00e9 des utilisateurs finaux des clients de Newsteo. Des gens comme vous et nous qui consommeront des aliments plus frais, des m\u00e9dicaments plus s\u00fbrs et emprunteront des ponts s\u00e9curis\u00e9s &#8230;<\/p>\n<\/div><div class=\"fusion-clearfix\"><\/div><\/div><\/div><div class=\"fusion-layout-column fusion_builder_column fusion-builder-column-2 fusion_builder_column_1_1 1_1 fusion-one-full fusion-column-first fusion-column-last fusion-column-no-min-height\" style=\"--awb-bg-blend:overlay;--awb-bg-size:cover;--awb-margin-top:40px;--awb-margin-bottom:10px;\"><div class=\"fusion-column-wrapper fusion-column-has-shadow fusion-flex-column-wrapper-legacy\"><div class=\"fusion-sep-clear\"><\/div><div class=\"fusion-separator fusion-full-width-sep\" style=\"margin-left: auto;margin-right: auto;margin-top:5px;margin-bottom:30px;width:100%;\"><div class=\"fusion-separator-border sep-single sep-solid\" style=\"--awb-height:20px;--awb-amount:20px;border-color:#e0dede;border-top-width:1px;\"><\/div><\/div><div class=\"fusion-sep-clear\"><\/div><div class=\"fusion-clearfix\"><\/div><\/div><\/div><div class=\"fusion-layout-column fusion_builder_column fusion-builder-column-3 fusion_builder_column_1_2 1_2 fusion-one-half fusion-column-first\" style=\"--awb-bg-position:center center;--awb-bg-blend:overlay;--awb-bg-size:cover;--awb-margin-top:5px;\"><div class=\"fusion-column-wrapper fusion-flex-column-wrapper-legacy\"><div class=\"fusion-title title fusion-title-1 fusion-sep-none fusion-title-text fusion-title-size-two\" style=\"--awb-margin-top-small:0px;--awb-margin-right-small:0px;--awb-margin-bottom-small:20px;--awb-margin-left-small:0px;\"><h2 class=\"fusion-title-heading title-heading-left\" style=\"margin:0;\">Actuellement, Newsteo recherche :<\/h2><\/div><div class=\"fusion-clearfix\"><\/div><\/div><\/div><div class=\"fusion-layout-column fusion_builder_column fusion-builder-column-4 fusion_builder_column_1_1 1_1 fusion-one-full fusion-column-last fusion-column-no-min-height\" style=\"--awb-bg-blend:overlay;--awb-bg-size:cover;--awb-margin-top:40px;--awb-margin-bottom:10px;\"><div class=\"fusion-column-wrapper fusion-column-has-shadow fusion-flex-column-wrapper-legacy\"><div class=\"fusion-text fusion-text-3\" style=\"--awb-text-transform:none;\"><p class=\"espace fusion-responsive-typography-calculated\" data-fontsize=\"24\" data-lineheight=\"36px\"><strong><a href=\"https:\/\/www.newsteo.com\/fr\/secretaire-assistante-de-direction-polyvalente-temps-plein-35h-la-ciotat\/\" target=\"_blank\" rel=\"noopener\">SECRETAIRE \/ ASSISTANT(E) DE DIRECTION POLYVALENT(E) TEMPS PLEIN 35H \u2013 La Ciota<\/a><\/strong><\/p>\n<p class=\"espace fusion-responsive-typography-calculated\" data-fontsize=\"24\" data-lineheight=\"36px\"><strong><a href=\"https:\/\/www.newsteo.com\/fr\/directeur-trice-metrologie-la-ciotat\/\" target=\"_blank\" rel=\"noopener\">DIRECTEUR M\u00c9TROLOGIE \u2013 La Ciotat<\/a><\/strong><\/p>\n<p class=\"espace fusion-responsive-typography-calculated\" data-fontsize=\"24\" data-lineheight=\"36px\"><strong><a href=\"https:\/\/www.newsteo.com\/fr\/docteur-intelligence-artificielle\/\" target=\"_blank\" rel=\"noopener\">DOCTEUR INTELLIGENCE ARTIFICIELLE<\/a><\/strong><\/p>\n<p class=\"espace fusion-responsive-typography-calculated\" data-fontsize=\"24\" data-lineheight=\"36px\"><strong><a href=\"https:\/\/www.newsteo.com\/fr\/developpeur-h-f-logiciel-embarque-firmware\/\" target=\"_blank\" rel=\"noopener\">D\u00c9VELOPPEUR H\/F LOGICIEL EMBARQU\u00c9 (FIRMWARE)<\/a><\/strong><\/p>\n<p class=\"espace fusion-responsive-typography-calculated\" data-fontsize=\"24\" data-lineheight=\"36px\"><strong><a href=\"https:\/\/www.newsteo.com\/fr\/offre-de-stage-service-achats-production-35h-par-semaine-2-4-mois-minimum\/\" target=\"_blank\" rel=\"noopener\">OFFRE DE STAGE SERVICE ACHATS \/ PRODUCTION 35H par semaine (2\/4 MOIS MINIMUM)<\/a><\/strong><\/p>\n<p class=\"espace fusion-responsive-typography-calculated\" data-fontsize=\"24\" data-lineheight=\"36px\"><strong><a href=\"https:\/\/www.newsteo.com\/fr\/support-client-technique-h-f-cdi\/\" target=\"_blank\" rel=\"noopener\">SUPPORT CLIENT TECHNIQUE (H\/F) CDI<\/a><\/strong><\/p>\n<p class=\"espace fusion-responsive-typography-calculated\" data-fontsize=\"24\" data-lineheight=\"36px\"><strong><a href=\"https:\/\/www.newsteo.com\/fr\/ingenieur-developpement-php-h-f-cdi\/\" target=\"_blank\" rel=\"noopener\">INGENIEUR DEVELOPPEMENT PHP H\/F CDI<\/a><\/strong><\/p>\n<p class=\"espace fusion-responsive-typography-calculated\" data-fontsize=\"24\" data-lineheight=\"36px\"><strong><a href=\"https:\/\/www.newsteo.com\/fr\/apporteurs-daffaires\/\" target=\"_blank\" rel=\"noopener\">APPORTEURS D\u2019AFFAIRES<\/a><\/strong><\/p>\n<p class=\"espace fusion-responsive-typography-calculated\" data-fontsize=\"24\" data-lineheight=\"36px\"><strong><a href=\"https:\/\/www.newsteo.com\/fr\/stagiaire-en-developpement-c-ou-c-linux\/\" target=\"_blank\" rel=\"noopener\">STAGIAIRE EN D\u00c9VELOPPEMENT C (ou C++), LINUX<\/a><\/strong><\/p>\n<\/div><div class=\"fusion-clearfix\"><\/div><\/div><\/div><\/div><\/div>\n","protected":false},"excerpt":{"rendered":"","protected":false},"author":28,"featured_media":0,"parent":12779,"menu_order":6,"comment_status":"closed","ping_status":"closed","template":"100-width.php","meta":{"footnotes":""},"class_list":["post-12877","page","type-page","status-publish","hentry"],"_links":{"self":[{"href":"https:\/\/www.newsteo.com\/fr\/wp-json\/wp\/v2\/pages\/12877","targetHints":{"allow":["GET"]}}],"collection":[{"href":"https:\/\/www.newsteo.com\/fr\/wp-json\/wp\/v2\/pages"}],"about":[{"href":"https:\/\/www.newsteo.com\/fr\/wp-json\/wp\/v2\/types\/page"}],"author":[{"embeddable":true,"href":"https:\/\/www.newsteo.com\/fr\/wp-json\/wp\/v2\/users\/28"}],"replies":[{"embeddable":true,"href":"https:\/\/www.newsteo.com\/fr\/wp-json\/wp\/v2\/comments?post=12877"}],"version-history":[{"count":16,"href":"https:\/\/www.newsteo.com\/fr\/wp-json\/wp\/v2\/pages\/12877\/revisions"}],"predecessor-version":[{"id":198091,"href":"https:\/\/www.newsteo.com\/fr\/wp-json\/wp\/v2\/pages\/12877\/revisions\/198091"}],"up":[{"embeddable":true,"href":"https:\/\/www.newsteo.com\/fr\/wp-json\/wp\/v2\/pages\/12779"}],"wp:attachment":[{"href":"https:\/\/www.newsteo.com\/fr\/wp-json\/wp\/v2\/media?parent=12877"}],"curies":[{"name":"wp","href":"https:\/\/api.w.org\/{rel}","templated":true}]}}