{"id":198067,"date":"2026-02-27T09:33:19","date_gmt":"2026-02-27T08:33:19","guid":{"rendered":"https:\/\/www.newsteo.com\/?page_id=198067"},"modified":"2026-02-27T10:06:31","modified_gmt":"2026-02-27T09:06:31","slug":"offre-de-stage-service-achats-production-35h-par-semaine-2-4-mois-minimum","status":"publish","type":"page","link":"https:\/\/www.newsteo.com\/fr\/societe\/recrutement\/offre-de-stage-service-achats-production-35h-par-semaine-2-4-mois-minimum\/","title":{"rendered":"OFFRE DE STAGE SERVICE ACHATS \/ PRODUCTION 35H par semaine (2\/4 MOIS MINIMUM)"},"content":{"rendered":"<div class=\"fusion-fullwidth fullwidth-box fusion-builder-row-1 fusion-flex-container nonhundred-percent-fullwidth non-hundred-percent-height-scrolling\" style=\"--awb-border-radius-top-left:0px;--awb-border-radius-top-right:0px;--awb-border-radius-bottom-right:0px;--awb-border-radius-bottom-left:0px;--awb-flex-wrap:wrap;\" ><div class=\"fusion-builder-row fusion-row fusion-flex-align-items-flex-start fusion-flex-content-wrap\" style=\"max-width:1352px;margin-left: calc(-4% \/ 2 );margin-right: calc(-4% \/ 2 );\"><div class=\"fusion-layout-column fusion_builder_column fusion-builder-column-0 fusion_builder_column_1_1 1_1 fusion-flex-column\" style=\"--awb-bg-size:cover;--awb-width-large:100%;--awb-margin-top-large:30px;--awb-spacing-right-large:1.92%;--awb-margin-bottom-large:30px;--awb-spacing-left-large:1.92%;--awb-width-medium:100%;--awb-order-medium:0;--awb-spacing-right-medium:1.92%;--awb-spacing-left-medium:1.92%;--awb-width-small:100%;--awb-order-small:0;--awb-spacing-right-small:1.92%;--awb-spacing-left-small:1.92%;\"><div class=\"fusion-column-wrapper fusion-column-has-shadow fusion-flex-justify-content-flex-start fusion-content-layout-column\"><div class=\"fusion-text fusion-text-1\" style=\"--awb-text-transform:none;\"><p>Nous proposons un stage d\u2019une dur\u00e9e de 4 semaines minimum aupr\u00e8s de notre service achats \/ production.<\/p>\n<h3 class=\"fusion-responsive-typography-calculated\" data-fontsize=\"16\" data-lineheight=\"24px\"><strong>FORMATION :<\/strong><\/h3>\n<ul>\n<li>Cursus universitaire<\/li>\n<\/ul>\n<h3 class=\"fusion-responsive-typography-calculated\" data-fontsize=\"16\" data-lineheight=\"24px\"><strong>Comp\u00e9tences (Obligatoire)<\/strong><\/h3>\n<ul>\n<li>Bon relationnel humain<\/li>\n<li>Facilit\u00e9 de communication \u00e9crite (emails\u2026.)<\/li>\n<li>Aisance informatique<\/li>\n<\/ul>\n<h3 class=\"fusion-responsive-typography-calculated\" data-fontsize=\"16\" data-lineheight=\"24px\"><strong>Comp\u00e9tence (Souhaitable)<\/strong><\/h3>\n<ul>\n<li>Anglais<\/li>\n<\/ul>\n<h3 class=\"fusion-responsive-typography-calculated\" data-fontsize=\"16\" data-lineheight=\"24px\"><strong>SUJET DU STAGE :<\/strong><\/h3>\n<p>Optimisation et gestion des achats de composants \u00e9lectroniques et m\u00e9caniques avec notre ERP.<br \/>\nApr\u00e8s formation sur notre ERP, am\u00e9lioration de nos principaux achats en fonction des besoins, des prix et des d\u00e9lais.<br \/>\nN\u00e9gociation avec les fournisseurs.<\/p>\n<h3 class=\"fusion-responsive-typography-calculated\" data-fontsize=\"16\" data-lineheight=\"24px\"><strong>Gratification du stage<\/strong>\u00a0: selon la convention<\/h3>\n<p>Possibilit\u00e9 de tickets restaurant et d\u2019une participation aux frais de transport<\/p>\n<p>Si cette opportunit\u00e9 vous int\u00e9resse, nous serons ravis de recevoir votre CV \u00e0 l\u2019adresse <a href=\"mailto:san@antonio.net\">sn@newsteo.com<\/a>.<\/p>\n<\/div><\/div><\/div><\/div><\/div>\n","protected":false},"excerpt":{"rendered":"","protected":false},"author":195,"featured_media":0,"parent":12877,"menu_order":0,"comment_status":"closed","ping_status":"closed","template":"","meta":{"footnotes":""},"class_list":["post-198067","page","type-page","status-publish","hentry"],"_links":{"self":[{"href":"https:\/\/www.newsteo.com\/fr\/wp-json\/wp\/v2\/pages\/198067","targetHints":{"allow":["GET"]}}],"collection":[{"href":"https:\/\/www.newsteo.com\/fr\/wp-json\/wp\/v2\/pages"}],"about":[{"href":"https:\/\/www.newsteo.com\/fr\/wp-json\/wp\/v2\/types\/page"}],"author":[{"embeddable":true,"href":"https:\/\/www.newsteo.com\/fr\/wp-json\/wp\/v2\/users\/195"}],"replies":[{"embeddable":true,"href":"https:\/\/www.newsteo.com\/fr\/wp-json\/wp\/v2\/comments?post=198067"}],"version-history":[{"count":1,"href":"https:\/\/www.newsteo.com\/fr\/wp-json\/wp\/v2\/pages\/198067\/revisions"}],"predecessor-version":[{"id":198068,"href":"https:\/\/www.newsteo.com\/fr\/wp-json\/wp\/v2\/pages\/198067\/revisions\/198068"}],"up":[{"embeddable":true,"href":"https:\/\/www.newsteo.com\/fr\/wp-json\/wp\/v2\/pages\/12877"}],"wp:attachment":[{"href":"https:\/\/www.newsteo.com\/fr\/wp-json\/wp\/v2\/media?parent=198067"}],"curies":[{"name":"wp","href":"https:\/\/api.w.org\/{rel}","templated":true}]}}