{"id":32264,"date":"2018-04-09T15:00:23","date_gmt":"2018-04-09T13:00:23","guid":{"rendered":"https:\/\/www.newsteo.com\/?page_id=32264"},"modified":"2022-08-26T12:15:03","modified_gmt":"2022-08-26T10:15:03","slug":"use-case","status":"publish","type":"page","link":"https:\/\/www.newsteo.com\/fr\/use-case\/","title":{"rendered":"Use case"},"content":{"rendered":"<p><div class=\"fusion-fullwidth fullwidth-box fusion-builder-row-1 fusion-flex-container nonhundred-percent-fullwidth non-hundred-percent-height-scrolling\" style=\"--awb-border-radius-top-left:0px;--awb-border-radius-top-right:0px;--awb-border-radius-bottom-right:0px;--awb-border-radius-bottom-left:0px;--awb-margin-bottom:0px;--awb-flex-wrap:wrap;\" ><div class=\"fusion-builder-row fusion-row fusion-flex-align-items-flex-start fusion-flex-content-wrap\" style=\"max-width:1352px;margin-left: calc(-4% \/ 2 );margin-right: calc(-4% \/ 2 );\"><div class=\"fusion-layout-column fusion_builder_column fusion-builder-column-0 fusion_builder_column_1_1 1_1 fusion-flex-column\" style=\"--awb-bg-size:cover;--awb-width-large:100%;--awb-margin-top-large:30px;--awb-spacing-right-large:1.92%;--awb-margin-bottom-large:0px;--awb-spacing-left-large:1.92%;--awb-width-medium:100%;--awb-order-medium:0;--awb-spacing-right-medium:1.92%;--awb-spacing-left-medium:1.92%;--awb-width-small:100%;--awb-order-small:0;--awb-spacing-right-small:1.92%;--awb-spacing-left-small:1.92%;\"><div class=\"fusion-column-wrapper fusion-column-has-shadow fusion-flex-justify-content-flex-start fusion-content-layout-column\"><div class=\"fusion-title title fusion-title-1 fusion-sep-none fusion-title-center fusion-title-text fusion-title-size-one\" style=\"--awb-text-color:#3d717e;--awb-margin-top-small:0px;--awb-margin-right-small:0px;--awb-margin-bottom-small:20px;--awb-margin-left-small:0px;\"><h1 class=\"fusion-title-heading title-heading-center\" style=\"margin:0;\"><strong>USE CASE<\/strong><\/h1><\/div><\/div><\/div><\/div><\/div><div class=\"fusion-fullwidth fullwidth-box fusion-builder-row-2 nonhundred-percent-fullwidth non-hundred-percent-height-scrolling\" style=\"--awb-border-radius-top-left:0px;--awb-border-radius-top-right:0px;--awb-border-radius-bottom-right:0px;--awb-border-radius-bottom-left:0px;--awb-padding-top:0px;--awb-padding-bottom:0px;--awb-flex-wrap:wrap;\" ><div class=\"fusion-builder-row fusion-row\"><div class=\"fusion-layout-column fusion_builder_column fusion-builder-column-1 fusion_builder_column_1_1 1_1 fusion-one-full fusion-column-first fusion-column-last\" style=\"--awb-padding-top:0px;--awb-bg-size:cover;--awb-margin-top:23px;\"><div class=\"fusion-column-wrapper fusion-flex-column-wrapper-legacy\"><div class=\"fusion-column-content-centered\"><div class=\"fusion-column-content\"><div class=\"fusion-recent-works fusion-portfolio-element fusion-portfolio fusion-portfolio-1 fusion-portfolio-grid fusion-portfolio-paging-none fusion-portfolio-three fusion-portfolio-no_text fusion-portfolio-rollover\" data-id=\"-rw-1\" data-columns=\"three\"><div><ul class=\"fusion-filters\" role=\"menu\" aria-label=\"Portfolio Filters\"><li role=\"presentation\" class=\"fusion-filter fusion-filter-all fusion-active\"><a href=\"#\" data-filter=\"*\" role=\"menuitem\">Tout<\/a><\/li><li role=\"presentation\" class=\"fusion-filter fusion-hidden\"><a href=\"#\" data-filter=\".agro-alimentaire\" role=\"menuitem\">Agro-alimentaire<\/a><\/li><li role=\"presentation\" class=\"fusion-filter fusion-hidden\"><a href=\"#\" data-filter=\".industrie\" role=\"menuitem\">Industrie<\/a><\/li><li role=\"presentation\" class=\"fusion-filter fusion-hidden\"><a href=\"#\" data-filter=\".instrumentation\" role=\"menuitem\">Instrumentation<\/a><\/li><li role=\"presentation\" class=\"fusion-filter fusion-hidden\"><a href=\"#\" data-filter=\".laboratoire-et-sante\" role=\"menuitem\">Laboratoire et sant\u00e9<\/a><\/li><li role=\"presentation\" class=\"fusion-filter fusion-hidden\"><a href=\"#\" data-filter=\".musee\" role=\"menuitem\">Mus\u00e9e<\/a><\/li><li role=\"presentation\" class=\"fusion-filter fusion-hidden\"><a href=\"#\" data-filter=\".transport\" role=\"menuitem\">Transport<\/a><\/li><\/ul><\/div><style type=\"text\/css\">.fusion-portfolio-1 .fusion-portfolio-wrapper .fusion-col-spacing{padding:5px;}<\/style><div class=\"fusion-portfolio-wrapper\" id=\"fusion-portfolio-1\" data-picturesize=\"auto\" data-pages=\"1\" style=\"margin:-5px;\"><article id=\"portfolio-1-post-80893\" class=\"fusion-portfolio-post industrie fusion-col-spacing post-80893\"><div class=\"fusion-portfolio-content-wrapper\" style=\"border:none;\"><span class=\"entry-title rich-snippet-hidden\">ESA : Surveiller les conditions de transport d\u2019un bras robotis\u00e9<\/span><span class=\"vcard rich-snippet-hidden\"><span class=\"fn\"><a href=\"https:\/\/www.newsteo.com\/fr\/author\/trze75\/\" title=\"Articles par TrZE75\" rel=\"author\">TrZE75<\/a><\/span><\/span><span class=\"updated rich-snippet-hidden\">2023-01-26T09:11:50+01:00<\/span><div  class=\"fusion-image-wrapper\" aria-haspopup=\"true\">\n\t\t\t\t<img decoding=\"async\" width=\"650\" height=\"433\" src=\"https:\/\/www.newsteo.com\/wp-content\/uploads\/2021\/06\/esa-newsteo-featured.jpg\" class=\"attachment-full size-full wp-post-image\" alt=\"\" srcset=\"https:\/\/www.newsteo.com\/wp-content\/uploads\/2021\/06\/esa-newsteo-featured-200x133.jpg 200w, https:\/\/www.newsteo.com\/wp-content\/uploads\/2021\/06\/esa-newsteo-featured-400x266.jpg 400w, https:\/\/www.newsteo.com\/wp-content\/uploads\/2021\/06\/esa-newsteo-featured-600x400.jpg 600w, https:\/\/www.newsteo.com\/wp-content\/uploads\/2021\/06\/esa-newsteo-featured.jpg 650w\" sizes=\"(min-width: 2200px) 100vw, (min-width: 956px) 427px, (min-width: 798px) 640px, (min-width: 640px) 798px, \" \/><div class=\"fusion-rollover\">\n\t<div class=\"fusion-rollover-content\">\n\n\t\t\t\t\t\t\t\t\t\t\t\t\t\t<a class=\"fusion-rollover-link\" href=\"https:\/\/www.newsteo.com\/fr\/portfolio-items\/esa-transport-bras-robotise\/\">ESA : Surveiller les conditions de transport d\u2019un bras robotis\u00e9<\/a>\n\t\t\t\n\t\t\t\t\t\t\t\t\n\t\t\n\t\t\t\t\t\t\t\t\t\t\t\t<h4 class=\"fusion-rollover-title\">\n\t\t\t\t\t<a class=\"fusion-rollover-title-link\" href=\"https:\/\/www.newsteo.com\/fr\/portfolio-items\/esa-transport-bras-robotise\/\">\n\t\t\t\t\t\tESA : Surveiller les conditions de transport d\u2019un bras robotis\u00e9\t\t\t\t\t<\/a>\n\t\t\t\t<\/h4>\n\t\t\t\n\t\t\t\t\t\t\t\t\n\t\t\n\t\t\t\t\t\t<a class=\"fusion-link-wrapper\" href=\"https:\/\/www.newsteo.com\/fr\/portfolio-items\/esa-transport-bras-robotise\/\" aria-label=\"ESA : Surveiller les conditions de transport d\u2019un bras robotis\u00e9\"><\/a>\n\t<\/div>\n<\/div>\n<\/div>\n<\/div><\/article><article id=\"portfolio-1-post-76293\" class=\"fusion-portfolio-post industrie fusion-col-spacing post-76293\"><div class=\"fusion-portfolio-content-wrapper\" style=\"border:none;\"><span class=\"entry-title rich-snippet-hidden\">BERRY GLOBAL : R\u00e9duire sa consommation d&rsquo;\u00e9nergie<\/span><span class=\"vcard rich-snippet-hidden\"><span class=\"fn\"><a href=\"https:\/\/www.newsteo.com\/fr\/author\/trze75\/\" title=\"Articles par TrZE75\" rel=\"author\">TrZE75<\/a><\/span><\/span><span class=\"updated rich-snippet-hidden\">2022-12-02T17:35:16+01:00<\/span><div  class=\"fusion-image-wrapper\" aria-haspopup=\"true\">\n\t\t\t\t<img decoding=\"async\" width=\"600\" height=\"400\" src=\"https:\/\/www.newsteo.com\/wp-content\/uploads\/2021\/02\/berry-global-newsteo-featured-2-1.jpg\" class=\"attachment-full size-full wp-post-image\" alt=\"\" \/><div class=\"fusion-rollover\">\n\t<div class=\"fusion-rollover-content\">\n\n\t\t\t\t\t\t\t\t\t\t\t\t\t\t<a class=\"fusion-rollover-link\" href=\"https:\/\/www.newsteo.com\/fr\/portfolio-items\/reduire-consommation-energie\/\">BERRY GLOBAL : R\u00e9duire sa consommation d&rsquo;\u00e9nergie<\/a>\n\t\t\t\n\t\t\t\t\t\t\t\t\n\t\t\n\t\t\t\t\t\t\t\t\t\t\t\t<h4 class=\"fusion-rollover-title\">\n\t\t\t\t\t<a class=\"fusion-rollover-title-link\" href=\"https:\/\/www.newsteo.com\/fr\/portfolio-items\/reduire-consommation-energie\/\">\n\t\t\t\t\t\tBERRY GLOBAL : R\u00e9duire sa consommation d&rsquo;\u00e9nergie\t\t\t\t\t<\/a>\n\t\t\t\t<\/h4>\n\t\t\t\n\t\t\t\t\t\t\t\t\n\t\t\n\t\t\t\t\t\t<a class=\"fusion-link-wrapper\" href=\"https:\/\/www.newsteo.com\/fr\/portfolio-items\/reduire-consommation-energie\/\" aria-label=\"BERRY GLOBAL : R\u00e9duire sa consommation d&rsquo;\u00e9nergie\"><\/a>\n\t<\/div>\n<\/div>\n<\/div>\n<\/div><\/article><article id=\"portfolio-1-post-64664\" class=\"fusion-portfolio-post agro-alimentaire fusion-col-spacing post-64664\"><div class=\"fusion-portfolio-content-wrapper\" style=\"border:none;\"><span class=\"entry-title rich-snippet-hidden\">L&rsquo;\u00c9chaillon : Supervision de la temp\u00e9rature dans un restaurant<\/span><span class=\"vcard rich-snippet-hidden\"><span class=\"fn\"><a href=\"https:\/\/www.newsteo.com\/fr\/author\/trze75\/\" title=\"Articles par TrZE75\" rel=\"author\">TrZE75<\/a><\/span><\/span><span class=\"updated rich-snippet-hidden\">2023-01-24T16:11:04+01:00<\/span><div  class=\"fusion-image-wrapper\" aria-haspopup=\"true\">\n\t\t\t\t<img decoding=\"async\" width=\"650\" height=\"433\" src=\"https:\/\/www.newsteo.com\/wp-content\/uploads\/2020\/01\/echaillon-newsteo-featured2.jpg\" class=\"attachment-full size-full wp-post-image\" alt=\"\" \/><div class=\"fusion-rollover\">\n\t<div class=\"fusion-rollover-content\">\n\n\t\t\t\t\t\t\t\t\t\t\t\t\t\t<a class=\"fusion-rollover-link\" href=\"https:\/\/www.newsteo.com\/fr\/portfolio-items\/supervision-temperature-restaurant\/\">L&rsquo;\u00c9chaillon : Supervision de la temp\u00e9rature dans un restaurant<\/a>\n\t\t\t\n\t\t\t\t\t\t\t\t\n\t\t\n\t\t\t\t\t\t\t\t\t\t\t\t<h4 class=\"fusion-rollover-title\">\n\t\t\t\t\t<a class=\"fusion-rollover-title-link\" href=\"https:\/\/www.newsteo.com\/fr\/portfolio-items\/supervision-temperature-restaurant\/\">\n\t\t\t\t\t\tL&rsquo;\u00c9chaillon : Supervision de la temp\u00e9rature dans un restaurant\t\t\t\t\t<\/a>\n\t\t\t\t<\/h4>\n\t\t\t\n\t\t\t\t\t\t\t\t\n\t\t\n\t\t\t\t\t\t<a class=\"fusion-link-wrapper\" href=\"https:\/\/www.newsteo.com\/fr\/portfolio-items\/supervision-temperature-restaurant\/\" aria-label=\"L&rsquo;\u00c9chaillon : Supervision de la temp\u00e9rature dans un restaurant\"><\/a>\n\t<\/div>\n<\/div>\n<\/div>\n<\/div><\/article><article id=\"portfolio-1-post-51834\" class=\"fusion-portfolio-post agro-alimentaire transport fusion-col-spacing post-51834\"><div class=\"fusion-portfolio-content-wrapper\" style=\"border:none;\"><span class=\"entry-title rich-snippet-hidden\">FRATELLI MANNO : Pr\u00e9server vos denr\u00e9es<\/span><span class=\"vcard rich-snippet-hidden\"><span class=\"fn\"><a href=\"https:\/\/www.newsteo.com\/fr\/author\/trze75\/\" title=\"Articles par TrZE75\" rel=\"author\">TrZE75<\/a><\/span><\/span><span class=\"updated rich-snippet-hidden\">2023-01-24T16:03:22+01:00<\/span><div  class=\"fusion-image-wrapper\" aria-haspopup=\"true\">\n\t\t\t\t<img decoding=\"async\" width=\"600\" height=\"386\" src=\"https:\/\/www.newsteo.com\/wp-content\/uploads\/2019\/06\/img-feature-use-case-fratelli-mano2.jpg\" class=\"attachment-full size-full wp-post-image\" alt=\"\" \/><div class=\"fusion-rollover\">\n\t<div class=\"fusion-rollover-content\">\n\n\t\t\t\t\t\t\t\t\t\t\t\t\t\t<a class=\"fusion-rollover-link\" href=\"https:\/\/www.newsteo.com\/fr\/portfolio-items\/fratelli-manno\/\">FRATELLI MANNO : Pr\u00e9server vos denr\u00e9es<\/a>\n\t\t\t\n\t\t\t\t\t\t\t\t\n\t\t\n\t\t\t\t\t\t\t\t\t\t\t\t<h4 class=\"fusion-rollover-title\">\n\t\t\t\t\t<a class=\"fusion-rollover-title-link\" href=\"https:\/\/www.newsteo.com\/fr\/portfolio-items\/fratelli-manno\/\">\n\t\t\t\t\t\tFRATELLI MANNO : Pr\u00e9server vos denr\u00e9es\t\t\t\t\t<\/a>\n\t\t\t\t<\/h4>\n\t\t\t\n\t\t\t\t\t\t\t\t\n\t\t\n\t\t\t\t\t\t<a class=\"fusion-link-wrapper\" href=\"https:\/\/www.newsteo.com\/fr\/portfolio-items\/fratelli-manno\/\" aria-label=\"FRATELLI MANNO : Pr\u00e9server vos denr\u00e9es\"><\/a>\n\t<\/div>\n<\/div>\n<\/div>\n<\/div><\/article><article id=\"portfolio-1-post-49784\" class=\"fusion-portfolio-post laboratoire-et-sante transport fusion-col-spacing post-49784\"><div class=\"fusion-portfolio-content-wrapper\" style=\"border:none;\"><span class=\"entry-title rich-snippet-hidden\">STAR SERVICE : Transport de produits de sant\u00e9<\/span><span class=\"vcard rich-snippet-hidden\"><span class=\"fn\"><a href=\"https:\/\/www.newsteo.com\/fr\/author\/trze75\/\" title=\"Articles par TrZE75\" rel=\"author\">TrZE75<\/a><\/span><\/span><span class=\"updated rich-snippet-hidden\">2023-01-24T16:15:17+01:00<\/span><div  class=\"fusion-image-wrapper\" aria-haspopup=\"true\">\n\t\t\t\t<img decoding=\"async\" width=\"650\" height=\"433\" src=\"https:\/\/www.newsteo.com\/wp-content\/uploads\/2019\/04\/star-service-newsteo-featured2.jpg\" class=\"attachment-full size-full wp-post-image\" alt=\"\" \/><div class=\"fusion-rollover\">\n\t<div class=\"fusion-rollover-content\">\n\n\t\t\t\t\t\t\t\t\t\t\t\t\t\t<a class=\"fusion-rollover-link\" href=\"https:\/\/www.newsteo.com\/fr\/portfolio-items\/transport-produits-sante\/\">STAR SERVICE : Transport de produits de sant\u00e9<\/a>\n\t\t\t\n\t\t\t\t\t\t\t\t\n\t\t\n\t\t\t\t\t\t\t\t\t\t\t\t<h4 class=\"fusion-rollover-title\">\n\t\t\t\t\t<a class=\"fusion-rollover-title-link\" href=\"https:\/\/www.newsteo.com\/fr\/portfolio-items\/transport-produits-sante\/\">\n\t\t\t\t\t\tSTAR SERVICE : Transport de produits de sant\u00e9\t\t\t\t\t<\/a>\n\t\t\t\t<\/h4>\n\t\t\t\n\t\t\t\t\t\t\t\t\n\t\t\n\t\t\t\t\t\t<a class=\"fusion-link-wrapper\" href=\"https:\/\/www.newsteo.com\/fr\/portfolio-items\/transport-produits-sante\/\" aria-label=\"STAR SERVICE : Transport de produits de sant\u00e9\"><\/a>\n\t<\/div>\n<\/div>\n<\/div>\n<\/div><\/article><article id=\"portfolio-1-post-48011\" class=\"fusion-portfolio-post laboratoire-et-sante fusion-col-spacing post-48011\"><div class=\"fusion-portfolio-content-wrapper\" style=\"border:none;\"><span class=\"entry-title rich-snippet-hidden\">CARMAT : Surveillance temp\u00e9rature &#038; humidit\u00e9 dans une salle blanche<\/span><span class=\"vcard rich-snippet-hidden\"><span class=\"fn\"><a href=\"https:\/\/www.newsteo.com\/fr\/author\/trze75\/\" title=\"Articles par TrZE75\" rel=\"author\">TrZE75<\/a><\/span><\/span><span class=\"updated rich-snippet-hidden\">2023-01-27T14:09:41+01:00<\/span><div  class=\"fusion-image-wrapper\" aria-haspopup=\"true\">\n\t\t\t\t<img decoding=\"async\" width=\"699\" height=\"402\" src=\"https:\/\/www.newsteo.com\/wp-content\/uploads\/2019\/02\/use-case-nesteo-1.jpg\" class=\"attachment-full size-full wp-post-image\" alt=\"\" \/><div class=\"fusion-rollover\">\n\t<div class=\"fusion-rollover-content\">\n\n\t\t\t\t\t\t\t\t\t\t\t\t\t\t<a class=\"fusion-rollover-link\" href=\"https:\/\/www.newsteo.com\/fr\/portfolio-items\/carmat\/\">CARMAT : Surveillance temp\u00e9rature &#038; humidit\u00e9 dans une salle blanche<\/a>\n\t\t\t\n\t\t\t\t\t\t\t\t\n\t\t\n\t\t\t\t\t\t\t\t\t\t\t\t<h4 class=\"fusion-rollover-title\">\n\t\t\t\t\t<a class=\"fusion-rollover-title-link\" href=\"https:\/\/www.newsteo.com\/fr\/portfolio-items\/carmat\/\">\n\t\t\t\t\t\tCARMAT : Surveillance temp\u00e9rature &#038; humidit\u00e9 dans une salle blanche\t\t\t\t\t<\/a>\n\t\t\t\t<\/h4>\n\t\t\t\n\t\t\t\t\t\t\t\t\n\t\t\n\t\t\t\t\t\t<a class=\"fusion-link-wrapper\" href=\"https:\/\/www.newsteo.com\/fr\/portfolio-items\/carmat\/\" aria-label=\"CARMAT : Surveillance temp\u00e9rature &#038; humidit\u00e9 dans une salle blanche\"><\/a>\n\t<\/div>\n<\/div>\n<\/div>\n<\/div><\/article><article id=\"portfolio-1-post-45302\" class=\"fusion-portfolio-post transport fusion-col-spacing post-45302\"><div class=\"fusion-portfolio-content-wrapper\" style=\"border:none;\"><span class=\"entry-title rich-snippet-hidden\">VEHCO : Supervision de la temp\u00e9rature dans un camion<\/span><span class=\"vcard rich-snippet-hidden\"><span class=\"fn\"><a href=\"https:\/\/www.newsteo.com\/fr\/author\/trze75\/\" title=\"Articles par TrZE75\" rel=\"author\">TrZE75<\/a><\/span><\/span><span class=\"updated rich-snippet-hidden\">2023-01-26T09:09:52+01:00<\/span><div  class=\"fusion-image-wrapper\" aria-haspopup=\"true\">\n\t\t\t\t<img decoding=\"async\" width=\"650\" height=\"433\" src=\"https:\/\/www.newsteo.com\/wp-content\/uploads\/2019\/01\/vehco-newsteo.jpg\" class=\"attachment-full size-full wp-post-image\" alt=\"\" \/><div class=\"fusion-rollover\">\n\t<div class=\"fusion-rollover-content\">\n\n\t\t\t\t\t\t\t\t\t\t\t\t\t\t<a class=\"fusion-rollover-link\" href=\"https:\/\/www.newsteo.com\/fr\/portfolio-items\/suivi-temperature-telematique\/\">VEHCO : Supervision de la temp\u00e9rature dans un camion<\/a>\n\t\t\t\n\t\t\t\t\t\t\t\t\n\t\t\n\t\t\t\t\t\t\t\t\t\t\t\t<h4 class=\"fusion-rollover-title\">\n\t\t\t\t\t<a class=\"fusion-rollover-title-link\" href=\"https:\/\/www.newsteo.com\/fr\/portfolio-items\/suivi-temperature-telematique\/\">\n\t\t\t\t\t\tVEHCO : Supervision de la temp\u00e9rature dans un camion\t\t\t\t\t<\/a>\n\t\t\t\t<\/h4>\n\t\t\t\n\t\t\t\t\t\t\t\t\n\t\t\n\t\t\t\t\t\t<a class=\"fusion-link-wrapper\" href=\"https:\/\/www.newsteo.com\/fr\/portfolio-items\/suivi-temperature-telematique\/\" aria-label=\"VEHCO : Supervision de la temp\u00e9rature dans un camion\"><\/a>\n\t<\/div>\n<\/div>\n<\/div>\n<\/div><\/article><article id=\"portfolio-1-post-43621\" class=\"fusion-portfolio-post musee tous-les-use-case-2 fusion-col-spacing post-43621\"><div class=\"fusion-portfolio-content-wrapper\" style=\"border:none;\"><span class=\"entry-title rich-snippet-hidden\">Homme de Vitruve : Suivi des conditions de transport<\/span><span class=\"vcard rich-snippet-hidden\"><span class=\"fn\"><a href=\"https:\/\/www.newsteo.com\/fr\/author\/trze75\/\" title=\"Articles par TrZE75\" rel=\"author\">TrZE75<\/a><\/span><\/span><span class=\"updated rich-snippet-hidden\">2023-01-24T16:16:50+01:00<\/span><div  class=\"fusion-image-wrapper\" aria-haspopup=\"true\">\n\t\t\t\t<img decoding=\"async\" width=\"635\" height=\"409\" src=\"https:\/\/www.newsteo.com\/wp-content\/uploads\/2018\/04\/img-feature-use-case-homme-de-vitruve.jpg\" class=\"attachment-full size-full wp-post-image\" alt=\"\" \/><div class=\"fusion-rollover\">\n\t<div class=\"fusion-rollover-content\">\n\n\t\t\t\t\t\t\t\t\t\t\t\t\t\t<a class=\"fusion-rollover-link\" href=\"https:\/\/www.newsteo.com\/fr\/portfolio-items\/homme-de-vitruve-suivi-des-conditions-de-transport\/\">Homme de Vitruve : Suivi des conditions de transport<\/a>\n\t\t\t\n\t\t\t\t\t\t\t\t\n\t\t\n\t\t\t\t\t\t\t\t\t\t\t\t<h4 class=\"fusion-rollover-title\">\n\t\t\t\t\t<a class=\"fusion-rollover-title-link\" href=\"https:\/\/www.newsteo.com\/fr\/portfolio-items\/homme-de-vitruve-suivi-des-conditions-de-transport\/\">\n\t\t\t\t\t\tHomme de Vitruve : Suivi des conditions de transport\t\t\t\t\t<\/a>\n\t\t\t\t<\/h4>\n\t\t\t\n\t\t\t\t\t\t\t\t\n\t\t\n\t\t\t\t\t\t<a class=\"fusion-link-wrapper\" href=\"https:\/\/www.newsteo.com\/fr\/portfolio-items\/homme-de-vitruve-suivi-des-conditions-de-transport\/\" aria-label=\"Homme de Vitruve : Suivi des conditions de transport\"><\/a>\n\t<\/div>\n<\/div>\n<\/div>\n<\/div><\/article><article id=\"portfolio-1-post-67725\" class=\"fusion-portfolio-post laboratoire-et-sante fusion-col-spacing post-67725\"><div class=\"fusion-portfolio-content-wrapper\" style=\"border:none;\"><span class=\"entry-title rich-snippet-hidden\">V\u00c9T\u00c9RINAIRE : Des vaccins \u00e0 la bonne temp\u00e9rature<\/span><span class=\"vcard rich-snippet-hidden\"><span class=\"fn\"><a href=\"https:\/\/www.newsteo.com\/fr\/author\/trze75\/\" title=\"Articles par TrZE75\" rel=\"author\">TrZE75<\/a><\/span><\/span><span class=\"updated rich-snippet-hidden\">2023-01-25T16:24:36+01:00<\/span><div  class=\"fusion-image-wrapper\" aria-haspopup=\"true\">\n\t\t\t\t<img decoding=\"async\" width=\"650\" height=\"433\" src=\"https:\/\/www.newsteo.com\/wp-content\/uploads\/2020\/04\/featured-veterinaire.jpg\" class=\"attachment-full size-full wp-post-image\" alt=\"\" \/><div class=\"fusion-rollover\">\n\t<div class=\"fusion-rollover-content\">\n\n\t\t\t\t\t\t\t\t\t\t\t\t\t\t<a class=\"fusion-rollover-link\" href=\"https:\/\/www.newsteo.com\/fr\/portfolio-items\/veterinaire-use-case\/\">V\u00c9T\u00c9RINAIRE : Des vaccins \u00e0 la bonne temp\u00e9rature<\/a>\n\t\t\t\n\t\t\t\t\t\t\t\t\n\t\t\n\t\t\t\t\t\t\t\t\t\t\t\t<h4 class=\"fusion-rollover-title\">\n\t\t\t\t\t<a class=\"fusion-rollover-title-link\" href=\"https:\/\/www.newsteo.com\/fr\/portfolio-items\/veterinaire-use-case\/\">\n\t\t\t\t\t\tV\u00c9T\u00c9RINAIRE : Des vaccins \u00e0 la bonne temp\u00e9rature\t\t\t\t\t<\/a>\n\t\t\t\t<\/h4>\n\t\t\t\n\t\t\t\t\t\t\t\t\n\t\t\n\t\t\t\t\t\t<a class=\"fusion-link-wrapper\" href=\"https:\/\/www.newsteo.com\/fr\/portfolio-items\/veterinaire-use-case\/\" aria-label=\"V\u00c9T\u00c9RINAIRE : Des vaccins \u00e0 la bonne temp\u00e9rature\"><\/a>\n\t<\/div>\n<\/div>\n<\/div>\n<\/div><\/article><article id=\"portfolio-1-post-32657\" class=\"fusion-portfolio-post agro-alimentaire fusion-col-spacing post-32657\"><div class=\"fusion-portfolio-content-wrapper\" style=\"border:none;\"><span class=\"entry-title rich-snippet-hidden\">P\u00c2TES LANZA : Maintenir la cha\u00eene du froid<\/span><span class=\"vcard rich-snippet-hidden\"><span class=\"fn\"><a href=\"https:\/\/www.newsteo.com\/fr\/author\/trze75\/\" title=\"Articles par TrZE75\" rel=\"author\">TrZE75<\/a><\/span><\/span><span class=\"updated rich-snippet-hidden\">2023-01-26T09:12:38+01:00<\/span><div  class=\"fusion-image-wrapper\" aria-haspopup=\"true\">\n\t\t\t\t<img decoding=\"async\" width=\"635\" height=\"409\" src=\"https:\/\/www.newsteo.com\/wp-content\/uploads\/2018\/04\/img-feature-use-case-pate-lanza2.jpg\" class=\"attachment-full size-full wp-post-image\" alt=\"newsteo p\u00e2tes lanza\" \/><div class=\"fusion-rollover\">\n\t<div class=\"fusion-rollover-content\">\n\n\t\t\t\t\t\t\t\t\t\t\t\t\t\t<a class=\"fusion-rollover-link\" href=\"https:\/\/www.newsteo.com\/fr\/portfolio-items\/pate-lanza\/\">P\u00c2TES LANZA : Maintenir la cha\u00eene du froid<\/a>\n\t\t\t\n\t\t\t\t\t\t\t\t\n\t\t\n\t\t\t\t\t\t\t\t\t\t\t\t<h4 class=\"fusion-rollover-title\">\n\t\t\t\t\t<a class=\"fusion-rollover-title-link\" href=\"https:\/\/www.newsteo.com\/fr\/portfolio-items\/pate-lanza\/\">\n\t\t\t\t\t\tP\u00c2TES LANZA : Maintenir la cha\u00eene du froid\t\t\t\t\t<\/a>\n\t\t\t\t<\/h4>\n\t\t\t\n\t\t\t\t\t\t\t\t\n\t\t\n\t\t\t\t\t\t<a class=\"fusion-link-wrapper\" href=\"https:\/\/www.newsteo.com\/fr\/portfolio-items\/pate-lanza\/\" aria-label=\"P\u00c2TES LANZA : Maintenir la cha\u00eene du froid\"><\/a>\n\t<\/div>\n<\/div>\n<\/div>\n<\/div><\/article><article id=\"portfolio-1-post-32415\" class=\"fusion-portfolio-post musee fusion-col-spacing post-32415\"><div class=\"fusion-portfolio-content-wrapper\" style=\"border:none;\"><span class=\"entry-title rich-snippet-hidden\">LE LOUVRE : Temp\u00e9rature et humidit\u00e9 dans une salle d&rsquo;exposition<\/span><span class=\"vcard rich-snippet-hidden\"><span class=\"fn\"><a href=\"https:\/\/www.newsteo.com\/fr\/author\/trze75\/\" title=\"Articles par TrZE75\" rel=\"author\">TrZE75<\/a><\/span><\/span><span class=\"updated rich-snippet-hidden\">2022-12-02T17:44:18+01:00<\/span><div  class=\"fusion-image-wrapper\" aria-haspopup=\"true\">\n\t\t\t\t<img decoding=\"async\" width=\"635\" height=\"405\" src=\"https:\/\/www.newsteo.com\/wp-content\/uploads\/2018\/04\/img-feature-use-case3-1.jpg\" class=\"attachment-full size-full wp-post-image\" alt=\"\" \/><div class=\"fusion-rollover\">\n\t<div class=\"fusion-rollover-content\">\n\n\t\t\t\t\t\t\t\t\t\t\t\t\t\t<a class=\"fusion-rollover-link\" href=\"https:\/\/www.newsteo.com\/fr\/portfolio-items\/suivi-climatologie-le-louvre\/\">LE LOUVRE : Temp\u00e9rature et humidit\u00e9 dans une salle d&rsquo;exposition<\/a>\n\t\t\t\n\t\t\t\t\t\t\t\t\n\t\t\n\t\t\t\t\t\t\t\t\t\t\t\t<h4 class=\"fusion-rollover-title\">\n\t\t\t\t\t<a class=\"fusion-rollover-title-link\" href=\"https:\/\/www.newsteo.com\/fr\/portfolio-items\/suivi-climatologie-le-louvre\/\">\n\t\t\t\t\t\tLE LOUVRE : Temp\u00e9rature et humidit\u00e9 dans une salle d&rsquo;exposition\t\t\t\t\t<\/a>\n\t\t\t\t<\/h4>\n\t\t\t\n\t\t\t\t\t\t\t\t\n\t\t\n\t\t\t\t\t\t<a class=\"fusion-link-wrapper\" href=\"https:\/\/www.newsteo.com\/fr\/portfolio-items\/suivi-climatologie-le-louvre\/\" aria-label=\"LE LOUVRE : Temp\u00e9rature et humidit\u00e9 dans une salle d&rsquo;exposition\"><\/a>\n\t<\/div>\n<\/div>\n<\/div>\n<\/div><\/article><article id=\"portfolio-1-post-32538\" class=\"fusion-portfolio-post instrumentation fusion-col-spacing post-32538\"><div class=\"fusion-portfolio-content-wrapper\" style=\"border:none;\"><span class=\"entry-title rich-snippet-hidden\">TELEMAC: Instrumentation G\u00e9otechnique<\/span><span class=\"vcard rich-snippet-hidden\"><span class=\"fn\"><a href=\"https:\/\/www.newsteo.com\/fr\/author\/trze75\/\" title=\"Articles par TrZE75\" rel=\"author\">TrZE75<\/a><\/span><\/span><span class=\"updated rich-snippet-hidden\">2023-01-26T09:13:21+01:00<\/span><div  class=\"fusion-image-wrapper\" aria-haspopup=\"true\">\n\t\t\t\t<img decoding=\"async\" width=\"635\" height=\"405\" src=\"https:\/\/www.newsteo.com\/wp-content\/uploads\/2018\/04\/img-feature-use-case-web-2.jpg\" class=\"attachment-full size-full wp-post-image\" alt=\"newsteo telemac\" \/><div class=\"fusion-rollover\">\n\t<div class=\"fusion-rollover-content\">\n\n\t\t\t\t\t\t\t\t\t\t\t\t\t\t<a class=\"fusion-rollover-link\" href=\"https:\/\/www.newsteo.com\/fr\/portfolio-items\/telemac\/\">TELEMAC: Instrumentation G\u00e9otechnique<\/a>\n\t\t\t\n\t\t\t\t\t\t\t\t\n\t\t\n\t\t\t\t\t\t\t\t\t\t\t\t<h4 class=\"fusion-rollover-title\">\n\t\t\t\t\t<a class=\"fusion-rollover-title-link\" href=\"https:\/\/www.newsteo.com\/fr\/portfolio-items\/telemac\/\">\n\t\t\t\t\t\tTELEMAC: Instrumentation G\u00e9otechnique\t\t\t\t\t<\/a>\n\t\t\t\t<\/h4>\n\t\t\t\n\t\t\t\t\t\t\t\t\n\t\t\n\t\t\t\t\t\t<a class=\"fusion-link-wrapper\" href=\"https:\/\/www.newsteo.com\/fr\/portfolio-items\/telemac\/\" aria-label=\"TELEMAC: Instrumentation G\u00e9otechnique\"><\/a>\n\t<\/div>\n<\/div>\n<\/div>\n<\/div><\/article><\/div><\/div><\/div><\/div><div class=\"fusion-clearfix\"><\/div><\/div><\/div><\/div><\/div><\/p>\n","protected":false},"excerpt":{"rendered":"","protected":false},"author":28,"featured_media":0,"parent":0,"menu_order":0,"comment_status":"closed","ping_status":"closed","template":"","meta":{"footnotes":""},"class_list":["post-32264","page","type-page","status-publish","hentry"],"_links":{"self":[{"href":"https:\/\/www.newsteo.com\/fr\/wp-json\/wp\/v2\/pages\/32264","targetHints":{"allow":["GET"]}}],"collection":[{"href":"https:\/\/www.newsteo.com\/fr\/wp-json\/wp\/v2\/pages"}],"about":[{"href":"https:\/\/www.newsteo.com\/fr\/wp-json\/wp\/v2\/types\/page"}],"author":[{"embeddable":true,"href":"https:\/\/www.newsteo.com\/fr\/wp-json\/wp\/v2\/users\/28"}],"replies":[{"embeddable":true,"href":"https:\/\/www.newsteo.com\/fr\/wp-json\/wp\/v2\/comments?post=32264"}],"version-history":[{"count":0,"href":"https:\/\/www.newsteo.com\/fr\/wp-json\/wp\/v2\/pages\/32264\/revisions"}],"wp:attachment":[{"href":"https:\/\/www.newsteo.com\/fr\/wp-json\/wp\/v2\/media?parent=32264"}],"curies":[{"name":"wp","href":"https:\/\/api.w.org\/{rel}","templated":true}]}}