{"id":72373,"date":"2020-11-12T09:42:21","date_gmt":"2020-11-12T08:42:21","guid":{"rendered":"https:\/\/www.newsteo.com\/?page_id=72373"},"modified":"2021-05-07T11:01:00","modified_gmt":"2021-05-07T09:01:00","slug":"newsteo-webmonitor-presentation-generale","status":"publish","type":"page","link":"https:\/\/www.newsteo.com\/fr\/assistance\/tutoriels-videos\/newsteo-webmonitor-presentation-generale\/","title":{"rendered":"Newsteo Webmonitor : Pr\u00e9sentation g\u00e9n\u00e9rale"},"content":{"rendered":"<div class=\"fusion-fullwidth fullwidth-box fusion-builder-row-1 nonhundred-percent-fullwidth non-hundred-percent-height-scrolling\" style=\"--awb-border-radius-top-left:0px;--awb-border-radius-top-right:0px;--awb-border-radius-bottom-right:0px;--awb-border-radius-bottom-left:0px;--awb-flex-wrap:wrap;\" ><div class=\"fusion-builder-row fusion-row\"><div class=\"fusion-layout-column fusion_builder_column fusion-builder-column-0 fusion_builder_column_1_1 1_1 fusion-one-full fusion-column-first fusion-column-last\" style=\"--awb-bg-size:cover;\"><div class=\"fusion-column-wrapper fusion-column-has-shadow fusion-flex-column-wrapper-legacy\"><div class=\"fusion-video fusion-youtube fusion-aligncenter\" style=\"--awb-max-width:960px;--awb-max-height:600px;--awb-width:100%;\" data-autoplay=\"1\"><div class=\"video-shortcode\"><div class=\"fluid-width-video-wrapper\" style=\"padding-top:62.5%;\" ><iframe title=\"YouTube video player 1\" src=\"https:\/\/www.youtube.com\/embed\/9XMYV29Y5I8?wmode=transparent&autoplay=0&amp;rel=0\" width=\"960\" height=\"600\" allowfullscreen allow=\"autoplay; clipboard-write; encrypted-media; gyroscope; picture-in-picture;\"><\/iframe><\/div><\/div><\/div><div class=\"fusion-clearfix\"><\/div><\/div><\/div><div class=\"fusion-layout-column fusion_builder_column fusion-builder-column-1 fusion_builder_column_1_1 1_1 fusion-one-full fusion-column-first fusion-column-last\" style=\"--awb-bg-size:cover;\"><div class=\"fusion-column-wrapper fusion-column-has-shadow fusion-flex-column-wrapper-legacy\"><div class=\"fusion-title title fusion-title-1 fusion-sep-none fusion-title-center fusion-title-text fusion-title-size-two\" style=\"--awb-margin-bottom:15px;--awb-margin-top-small:0px;--awb-margin-right-small:0px;--awb-margin-bottom-small:20px;--awb-margin-left-small:0px;\"><h2 class=\"fusion-title-heading title-heading-center\" style=\"margin:0;\">Pr\u00e9sentation de Webmonitor v10<\/h2><\/div><div class=\"videoCap\">\n\t<div class=\"videoSubTitle\">\n\t\t<p>Webmonitor<\/p>\n\t<\/div>\n\t<div class=\"point\">\n\t\t<i class=\"fa-circle fas button-icon-left\"><\/i>\n\t<\/div>\n\t<div class=\"videoTime\">\n\t\t<p>01:31<\/p>\n\t<\/div>\n<\/div><div class=\"fusion-sep-clear\"><\/div><div class=\"fusion-separator fusion-full-width-sep\" style=\"margin-left: auto;margin-right: auto;margin-top:20px;width:100%;\"><\/div><div class=\"fusion-sep-clear\"><\/div><div class=\"fusion-text fusion-text-1\"><p>D\u00e9couvrez en 1 minute 30 le principe de fonctionnement de Webmonitor<\/p>\n<\/div><div class=\"fusion-clearfix\"><\/div><\/div><\/div><\/div><\/div>\n","protected":false},"excerpt":{"rendered":"","protected":false},"author":3,"featured_media":0,"parent":57140,"menu_order":0,"comment_status":"closed","ping_status":"closed","template":"100-width.php","meta":{"footnotes":""},"class_list":["post-72373","page","type-page","status-publish","hentry"],"_links":{"self":[{"href":"https:\/\/www.newsteo.com\/fr\/wp-json\/wp\/v2\/pages\/72373","targetHints":{"allow":["GET"]}}],"collection":[{"href":"https:\/\/www.newsteo.com\/fr\/wp-json\/wp\/v2\/pages"}],"about":[{"href":"https:\/\/www.newsteo.com\/fr\/wp-json\/wp\/v2\/types\/page"}],"author":[{"embeddable":true,"href":"https:\/\/www.newsteo.com\/fr\/wp-json\/wp\/v2\/users\/3"}],"replies":[{"embeddable":true,"href":"https:\/\/www.newsteo.com\/fr\/wp-json\/wp\/v2\/comments?post=72373"}],"version-history":[{"count":0,"href":"https:\/\/www.newsteo.com\/fr\/wp-json\/wp\/v2\/pages\/72373\/revisions"}],"up":[{"embeddable":true,"href":"https:\/\/www.newsteo.com\/fr\/wp-json\/wp\/v2\/pages\/57140"}],"wp:attachment":[{"href":"https:\/\/www.newsteo.com\/fr\/wp-json\/wp\/v2\/media?parent=72373"}],"curies":[{"name":"wp","href":"https:\/\/api.w.org\/{rel}","templated":true}]}}