{"id":80046,"date":"2021-07-06T14:46:31","date_gmt":"2021-07-06T12:46:31","guid":{"rendered":"https:\/\/www.newsteo.com\/?page_id=80046"},"modified":"2021-08-30T16:09:52","modified_gmt":"2021-08-30T14:09:52","slug":"puissance-demission-caracteristiques-des-ondes-radio","status":"publish","type":"page","link":"https:\/\/www.newsteo.com\/fr\/assistance\/base-de-connaissance\/transmission-radio\/puissance-demission-caracteristiques-des-ondes-radio\/","title":{"rendered":"Puissance d&rsquo;\u00e9mission &#8211; Caract\u00e9ristiques des ondes radio"},"content":{"rendered":"<p><div class=\"fusion-fullwidth fullwidth-box fusion-builder-row-1 fusion-flex-container fusion-parallax-none nonhundred-percent-fullwidth non-hundred-percent-height-scrolling recherche-base-de-connaissance\" style=\"--awb-border-radius-top-left:0px;--awb-border-radius-top-right:0px;--awb-border-radius-bottom-right:0px;--awb-border-radius-bottom-left:0px;--awb-background-image:url(&quot;https:\/\/www.newsteo.com\/wp-content\/uploads\/2021\/02\/bandeau-base-de-connaince2.jpg&quot;);--awb-background-size:cover;--awb-flex-wrap:wrap;\" ><div class=\"fusion-builder-row fusion-row fusion-flex-align-items-flex-start fusion-flex-content-wrap\" style=\"max-width:1352px;margin-left: calc(-4% \/ 2 );margin-right: calc(-4% \/ 2 );\"><div class=\"fusion-layout-column fusion_builder_column fusion-builder-column-0 fusion_builder_column_1_1 1_1 fusion-flex-column\" style=\"--awb-padding-top:40px;--awb-bg-size:cover;--awb-width-large:100%;--awb-margin-top-large:30px;--awb-spacing-right-large:1.92%;--awb-margin-bottom-large:30px;--awb-spacing-left-large:1.92%;--awb-width-medium:100%;--awb-order-medium:0;--awb-spacing-right-medium:1.92%;--awb-spacing-left-medium:1.92%;--awb-width-small:100%;--awb-order-small:0;--awb-spacing-right-small:1.92%;--awb-spacing-left-small:1.92%;\"><div class=\"fusion-column-wrapper fusion-column-has-shadow fusion-flex-justify-content-flex-start fusion-content-layout-column\"><div class=\"fusion-title title fusion-title-1 fusion-sep-none fusion-title-center fusion-title-text fusion-title-size-two\" style=\"--awb-text-color:#ffffff;--awb-margin-top-small:0px;--awb-margin-right-small:0px;--awb-margin-bottom-small:20px;--awb-margin-left-small:0px;--awb-font-size:42px;\"><h2 class=\"fusion-title-heading title-heading-center\" style=\"margin:0;font-size:1em;\"><strong>Rechercher dans la base de connaissance<\/strong><\/h2><\/div><div class=\"fusion-search-element fusion-search-element-1 search-base-de-connaissance fusion-search-form-classic\" style=\"--awb-input-height:52px;--awb-border-radius:4px;--awb-text-size:15px;\">\t\t<form role=\"search\" class=\"searchform fusion-search-form  fusion-live-search fusion-search-form-classic\" method=\"get\" action=\"https:\/\/www.newsteo.com\/fr\/\">\n\t\t\t<div class=\"fusion-search-form-content\">\n\n\t\t\t\t\n\t\t\t\t<div class=\"fusion-search-field search-field\">\n\t\t\t\t\t<label><span class=\"screen-reader-text\">Rechercher:<\/span>\n\t\t\t\t\t\t\t\t\t\t\t\t\t<input type=\"search\" class=\"s fusion-live-search-input\" name=\"s\" id=\"fusion-live-search-input-0\" autocomplete=\"off\" placeholder=\"Search...\" required aria-required=\"true\" aria-label=\"Search...\"\/>\n\t\t\t\t\t\t\t\t\t\t\t<\/label>\n\t\t\t\t<\/div>\n\t\t\t\t<div class=\"fusion-search-button search-button\">\n\t\t\t\t\t<input type=\"submit\" class=\"fusion-search-submit searchsubmit\" aria-label=\"Recherche\" value=\"&#xf002;\" \/>\n\t\t\t\t\t\t\t\t\t\t<div class=\"fusion-slider-loading\"><\/div>\n\t\t\t\t\t\t\t\t\t<\/div>\n\n\t\t\t\t<input type=\"hidden\" name=\"post_type[]\" value=\"page\" \/><input type=\"hidden\" name=\"search_limit_to_post_titles\" value=\"0\" \/><input type=\"hidden\" name=\"add_woo_product_skus\" value=\"0\" \/><input type=\"hidden\" name=\"live_min_character\" value=\"4\" \/><input type=\"hidden\" name=\"live_posts_per_page\" value=\"100\" \/><input type=\"hidden\" name=\"live_search_display_featured_image\" value=\"1\" \/><input type=\"hidden\" name=\"live_search_display_post_type\" value=\"1\" \/><input type=\"hidden\" name=\"fs\" value=\"1\" \/>\n\t\t\t<\/div>\n\n\n\t\t\t\t\t\t\t<div class=\"fusion-search-results-wrapper\"><div class=\"fusion-search-results\"><\/div><\/div>\n\t\t\t\n\t\t<\/form>\n\t\t<\/div><\/div><\/div><\/div><\/div><div class=\"fusion-fullwidth fullwidth-box fusion-builder-row-2 fusion-flex-container nonhundred-percent-fullwidth non-hundred-percent-height-scrolling\" style=\"--awb-border-sizes-bottom:1px;--awb-border-radius-top-left:0px;--awb-border-radius-top-right:0px;--awb-border-radius-bottom-right:0px;--awb-border-radius-bottom-left:0px;--awb-margin-bottom:50px;--awb-flex-wrap:wrap;\" ><div class=\"fusion-builder-row fusion-row fusion-flex-align-items-flex-start fusion-flex-content-wrap\" style=\"max-width:1352px;margin-left: calc(-4% \/ 2 );margin-right: calc(-4% \/ 2 );\"><div class=\"fusion-layout-column fusion_builder_column fusion-builder-column-1 fusion_builder_column_1_1 1_1 fusion-flex-column\" style=\"--awb-bg-size:cover;--awb-width-large:100%;--awb-margin-top-large:20px;--awb-spacing-right-large:1.92%;--awb-margin-bottom-large:20px;--awb-spacing-left-large:1.92%;--awb-width-medium:100%;--awb-order-medium:0;--awb-spacing-right-medium:1.92%;--awb-spacing-left-medium:1.92%;--awb-width-small:100%;--awb-order-small:0;--awb-spacing-right-small:1.92%;--awb-spacing-left-small:1.92%;\"><div class=\"fusion-column-wrapper fusion-column-has-shadow fusion-flex-justify-content-flex-start fusion-content-layout-column\"><nav class=\"fusion-breadcrumbs awb-yoast-breadcrumbs fusion-breadcrumbs-1\" style=\"--awb-alignment:left;--awb-font-size:14px;--awb-text-color:#000000;--awb-breadcrumb-sep:&#039;\/&#039;;text-align:left;\" aria-label=\"Breadcrumb\"><ol class=\"awb-breadcrumb-list\"><li class=\"fusion-breadcrumb-item awb-breadcrumb-sep awb-home\" ><a href=\"https:\/\/www.newsteo.com\/fr\/\" class=\"fusion-breadcrumb-link\"><span >Home<\/span><\/a><\/li><\/ol><\/nav><\/div><\/div><\/div><\/div><div class=\"fusion-fullwidth fullwidth-box fusion-builder-row-3 fusion-flex-container nonhundred-percent-fullwidth non-hundred-percent-height-scrolling\" style=\"--awb-border-radius-top-left:0px;--awb-border-radius-top-right:0px;--awb-border-radius-bottom-right:0px;--awb-border-radius-bottom-left:0px;--awb-flex-wrap:wrap;\" ><div class=\"fusion-builder-row fusion-row fusion-flex-align-items-flex-start fusion-flex-content-wrap\" style=\"max-width:1352px;margin-left: calc(-4% \/ 2 );margin-right: calc(-4% \/ 2 );\"><div class=\"fusion-layout-column fusion_builder_column fusion-builder-column-2 fusion_builder_column_1_4 1_4 fusion-flex-column\" style=\"--awb-bg-size:cover;--awb-width-large:25%;--awb-margin-top-large:30px;--awb-spacing-right-large:7.68%;--awb-margin-bottom-large:30px;--awb-spacing-left-large:7.68%;--awb-width-medium:100%;--awb-order-medium:0;--awb-spacing-right-medium:1.92%;--awb-spacing-left-medium:1.92%;--awb-width-small:100%;--awb-order-small:0;--awb-spacing-right-small:1.92%;--awb-spacing-left-small:1.92%;\"><div class=\"fusion-column-wrapper fusion-column-has-shadow fusion-flex-justify-content-flex-start fusion-content-layout-column\"><div class=\"fusion-title title fusion-title-2 fusion-sep-none fusion-title-text fusion-title-size-four title-menu-3-base\" style=\"--awb-margin-bottom:10px;--awb-margin-top-small:0px;--awb-margin-right-small:0px;--awb-margin-bottom-small:20px;--awb-margin-left-small:0px;\"><h4 class=\"fusion-title-heading title-heading-left\" style=\"margin:0;\"><a href=\"https:\/\/www.newsteo.com\/fr\/assistance\/base-de-connaissance\/transmission-radio\/\">Transmission radio<\/a><\/h4><\/div><div class=\"fusion-separator fusion-full-width-sep\" style=\"align-self: center;margin-left: auto;margin-right: auto;margin-bottom:40px;width:100%;\"><div class=\"fusion-separator-border sep-single sep-solid\" style=\"--awb-height:20px;--awb-amount:20px;border-color:#e0dede;border-top-width:1px;\"><\/div><\/div><div class=\"fusion-widget fusion-widget-element fusion-widget-area fusion-content-widget-area wpWidget-1 fusion-widget-align-left fusion_widget_vertical_menu no-divider-color\" style=\"--awb-fusion-border-size:0px;--awb-fusion-border-style:solid;\"><div class=\"widget avada_vertical_menu\"><style>#fusion-vertical-menu-widget-avada-vertical-menu-widget-1-nav ul.menu li a {font-size:14px;}<\/style><nav id=\"fusion-vertical-menu-widget-avada-vertical-menu-widget-1-nav\" class=\"fusion-vertical-menu-widget fusion-menu hover left no-border\" aria-label=\"Secondary Navigation: \"><ul id=\"menu-base-de-connaissance-transmission-radio\" class=\"menu\"><li id=\"menu-item-81976\" class=\"menu-item menu-item-type-post_type menu-item-object-page menu-item-81976\"><a href=\"https:\/\/www.newsteo.com\/fr\/assistance\/base-de-connaissance\/transmission-radio\/differences-protocole-ism-et-protocoles-sans-fil\/\"><span class=\"link-text\"> Diff\u00e9rences entre le protocole ISM et les protocoles sans-fil Bluetooth, Wifi, Zigbee<\/span><span class=\"arrow\"><\/span><\/a><\/li><li id=\"menu-item-82067\" class=\"menu-item menu-item-type-post_type menu-item-object-page menu-item-82067\"><a href=\"https:\/\/www.newsteo.com\/fr\/assistance\/base-de-connaissance\/transmission-radio\/mise-a-jour-data-logger-newsteo\/\"><span class=\"link-text\"> Mettre \u00e0 jour mon produit Newsteo<\/span><span class=\"arrow\"><\/span><\/a><\/li><li id=\"menu-item-82066\" class=\"menu-item menu-item-type-post_type menu-item-object-page menu-item-82066\"><a href=\"https:\/\/www.newsteo.com\/fr\/assistance\/base-de-connaissance\/transmission-radio\/portee-maximale\/\"><span class=\"link-text\"> Quelle est la port\u00e9e maximale possible ?<\/span><span class=\"arrow\"><\/span><\/a><\/li><li id=\"menu-item-82064\" class=\"menu-item menu-item-type-post_type menu-item-object-page menu-item-82064\"><a href=\"https:\/\/www.newsteo.com\/fr\/assistance\/base-de-connaissance\/transmission-radio\/puissance-emission-loggers-newsteo\/\"><span class=\"link-text\"> Quelle est la puissance d\u2019\u00e9mission des Loggers Newsteo ?<\/span><span class=\"arrow\"><\/span><\/a><\/li><li id=\"menu-item-82065\" class=\"menu-item menu-item-type-post_type menu-item-object-page menu-item-82065\"><a href=\"https:\/\/www.newsteo.com\/fr\/assistance\/base-de-connaissance\/transmission-radio\/puissance-demission-caracteristiques-des-ondes-radio\/\"><span class=\"link-text\"> Puissance d\u2019\u00e9mission \u2013 Caract\u00e9ristiques des ondes radio<\/span><span class=\"arrow\"><\/span><\/a><\/li><li id=\"menu-item-82063\" class=\"menu-item menu-item-type-post_type menu-item-object-page menu-item-82063\"><a href=\"https:\/\/www.newsteo.com\/fr\/assistance\/base-de-connaissance\/transmission-radio\/solutions-rf-arretees\/\"><span class=\"link-text\"> Vos solutions RF sont-elles arr\u00eat\u00e9es par des arbres ou des corps humains ?<\/span><span class=\"arrow\"><\/span><\/a><\/li><li id=\"menu-item-82062\" class=\"menu-item menu-item-type-post_type menu-item-object-page menu-item-82062\"><a href=\"https:\/\/www.newsteo.com\/fr\/assistance\/base-de-connaissance\/transmission-radio\/solution-rf-dans-un-environnement-construit\/\"><span class=\"link-text\"> Votre solution rf dans un environnement construit<\/span><span class=\"arrow\"><\/span><\/a><\/li><\/ul><\/nav><\/div><\/div><\/div><\/div><div class=\"fusion-layout-column fusion_builder_column fusion-builder-column-3 fusion_builder_column_3_4 3_4 fusion-flex-column\" style=\"--awb-bg-size:cover;--awb-width-large:75%;--awb-margin-top-large:20px;--awb-spacing-right-large:2.56%;--awb-margin-bottom-large:50px;--awb-spacing-left-large:2.56%;--awb-width-medium:100%;--awb-order-medium:0;--awb-spacing-right-medium:1.92%;--awb-spacing-left-medium:1.92%;--awb-width-small:100%;--awb-order-small:0;--awb-spacing-right-small:1.92%;--awb-spacing-left-small:1.92%;\"><div class=\"fusion-column-wrapper fusion-column-has-shadow fusion-flex-justify-content-flex-start fusion-content-layout-column\"><div class=\"fusion-title title fusion-title-3 fusion-sep-none fusion-title-text fusion-title-size-one title-menu-3-base\" style=\"--awb-margin-bottom:10px;--awb-margin-top-small:0px;--awb-margin-right-small:0px;--awb-margin-bottom-small:20px;--awb-margin-left-small:0px;\"><h1 class=\"fusion-title-heading title-heading-left\" style=\"margin:0;\">Puissance d&rsquo;\u00e9mission &#8211; Caract\u00e9ristiques des ondes radio<\/h1><\/div><div class=\"fusion-separator fusion-full-width-sep\" style=\"align-self: center;margin-left: auto;margin-right: auto;margin-bottom:40px;width:100%;\"><div class=\"fusion-separator-border sep-single sep-solid\" style=\"--awb-height:20px;--awb-amount:20px;border-color:#e0dede;border-top-width:1px;\"><\/div><\/div><div class=\"fusion-text fusion-text-1\"><p>Les produits de T\u00e9l\u00e9m\u00e9trie Newsteo utilisent la technologie sans fil qui permet de communiquer sur les\u00a0<strong>bandes ISM 868 MHz<\/strong>.\u00a0Les bandes\u00a0<strong>ISM\u00a0<em>(industriel, scientifique, et m\u00e9dical) <\/em><\/strong>ne sont\u00a0<strong>pas soumises \u00e0 des r\u00e9glementations nationales<\/strong>\u00a0et qui peuvent \u00eatre\u00a0<strong>utilis\u00e9es librement\u00a0<\/strong><em>(gratuitement, et sans autorisation)\u00a0<\/em>pour des applications\u00a0industrielles, scientifiques et m\u00e9dicales en Europe. La technologie Newsteo permet ainsi une\u00a0<strong>grande port\u00e9e coupl\u00e9e \u00e0 une faible consommation et donc une grande autonomie.<\/strong><\/p>\n<\/div><div class=\"fusion-image-element \" style=\"--awb-caption-title-font-family:var(--h2_typography-font-family);--awb-caption-title-font-weight:var(--h2_typography-font-weight);--awb-caption-title-font-style:var(--h2_typography-font-style);--awb-caption-title-size:var(--h2_typography-font-size);--awb-caption-title-transform:var(--h2_typography-text-transform);--awb-caption-title-line-height:var(--h2_typography-line-height);--awb-caption-title-letter-spacing:var(--h2_typography-letter-spacing);\"><span class=\" fusion-imageframe imageframe-none imageframe-1 hover-type-none\"><img decoding=\"async\" width=\"1230\" height=\"432\" title=\"caracteristiques-ondes-radio\" src=\"https:\/\/www.newsteo.com\/wp-content\/uploads\/2019\/07\/caracteristiques-ondes-radio.png\" alt class=\"img-responsive wp-image-61247\" srcset=\"https:\/\/www.newsteo.com\/wp-content\/uploads\/2019\/07\/caracteristiques-ondes-radio-500x176.png 500w, https:\/\/www.newsteo.com\/wp-content\/uploads\/2019\/07\/caracteristiques-ondes-radio-700x246.png 700w, https:\/\/www.newsteo.com\/wp-content\/uploads\/2019\/07\/caracteristiques-ondes-radio.png 1230w\" sizes=\"(max-width: 1230px) 100vw, 1230px\" \/><\/span><\/div><div class=\"fusion-text fusion-text-2\"><p><a href=\"https:\/\/www.newsteo.com\/fr\/data-logger\/accessoires\/antennes\/\">(*)<u> Gamme des antennes NEWSTEO<\/u><\/a><\/p>\n<\/div><div class=\"fusion-image-element \" style=\"--awb-caption-title-font-family:var(--h2_typography-font-family);--awb-caption-title-font-weight:var(--h2_typography-font-weight);--awb-caption-title-font-style:var(--h2_typography-font-style);--awb-caption-title-size:var(--h2_typography-font-size);--awb-caption-title-transform:var(--h2_typography-text-transform);--awb-caption-title-line-height:var(--h2_typography-line-height);--awb-caption-title-letter-spacing:var(--h2_typography-letter-spacing);\"><span class=\" fusion-imageframe imageframe-none imageframe-2 hover-type-none\"><a href=\"https:\/\/www.newsteo.com\/wp-content\/uploads\/2019\/07\/caracteristiques-ondes-radio-2.jpg\" class=\"fusion-lightbox\" data-rel=\"iLightbox[695bff3a81473177f1c]\" data-title=\"caracteristiques-ondes-radio-2\" title=\"caracteristiques-ondes-radio-2\"><img decoding=\"async\" width=\"500\" height=\"169\" src=\"https:\/\/www.newsteo.com\/wp-content\/uploads\/2019\/07\/caracteristiques-ondes-radio-2.jpg\" alt class=\"img-responsive wp-image-61263\"\/><\/a><\/span><\/div><div class=\"fusion-text fusion-text-3\"><p><strong>Exemple d&rsquo;exposition aux ondes radio<\/strong><strong>:<\/strong><br \/>\nDans le cadre d\u2019un d\u00e9ploiement dans une \u00e9cole, les rayonnements des produits Newsteo ont \u00e9t\u00e9 cartographies par simulation. La puissance d\u2019\u00e9mission est tr\u00e8s faible en tout point de l\u2019\u00e9cole.\u00a0L&rsquo;exposition aux ondes radio-\u00e9lectriques est conforme aux normes\u00a0en vigueur \u00e0 l&rsquo;int\u00e9rieur des b\u00e2timents qui imposent un\u00a0seuil maximum de 3V\/m.<\/p>\n<ul>\n<li>Exposition\u00a0&lt;0.6 V\/m\u00a0dans les pi\u00e8ces comportant les antennes (R\u00e9p\u00e9teurs et cl\u00e9 USB radio)<\/li>\n<li>Exposition\u00a0&lt;0.001 V\/m\u00a0partout ailleurs<\/li>\n<\/ul>\n<p>Carte de couverture en V\/m de l\u2019antenne PC avec 2 r\u00e9p\u00e9teurs\u00a0:<\/p>\n<\/div><div class=\"fusion-image-element \" style=\"--awb-caption-title-font-family:var(--h2_typography-font-family);--awb-caption-title-font-weight:var(--h2_typography-font-weight);--awb-caption-title-font-style:var(--h2_typography-font-style);--awb-caption-title-size:var(--h2_typography-font-size);--awb-caption-title-transform:var(--h2_typography-text-transform);--awb-caption-title-line-height:var(--h2_typography-line-height);--awb-caption-title-letter-spacing:var(--h2_typography-letter-spacing);\"><span class=\" fusion-imageframe imageframe-none imageframe-3 hover-type-none\"><a href=\"https:\/\/www.newsteo.com\/wp-content\/uploads\/2019\/07\/caracteristiques-ondes-radio-3.png\" class=\"fusion-lightbox\" data-rel=\"iLightbox[f0cf831cd1a5af01225]\" data-title=\"caracteristiques-ondes-radio-3\" title=\"caracteristiques-ondes-radio-3\"><img decoding=\"async\" width=\"694\" height=\"264\" src=\"https:\/\/www.newsteo.com\/wp-content\/uploads\/2019\/07\/caracteristiques-ondes-radio-3.png\" alt class=\"img-responsive wp-image-61271\" srcset=\"https:\/\/www.newsteo.com\/wp-content\/uploads\/2019\/07\/caracteristiques-ondes-radio-3-500x190.png 500w, https:\/\/www.newsteo.com\/wp-content\/uploads\/2019\/07\/caracteristiques-ondes-radio-3.png 694w\" sizes=\"(max-width: 694px) 100vw, 694px\" \/><\/a><\/span><\/div><div class=\"fusion-separator fusion-full-width-sep\" style=\"align-self: center;margin-left: auto;margin-right: auto;margin-bottom:40px;width:100%;\"><div class=\"fusion-separator-border sep-single sep-solid\" style=\"--awb-height:20px;--awb-amount:20px;border-color:#e0dede;border-top-width:1px;\"><\/div><\/div><div class=\"fusion-title title fusion-title-4 fusion-sep-none fusion-title-text fusion-title-size-three\" style=\"--awb-margin-top-small:0px;--awb-margin-right-small:0px;--awb-margin-bottom-small:20px;--awb-margin-left-small:0px;\"><h3 class=\"fusion-title-heading title-heading-left\" style=\"margin:0;\">Pi\u00e8ce(s) jointe(s)<\/h3><\/div><div class=\"fusion-text fusion-text-4\"><p><a href=\"https:\/\/www.newsteo.com\/wp-content\/uploads\/2019\/07\/FTFR_Puissance_d\u2019\u00e9mission_et__Caract\u00e9ristiques_des_ondes_radio.pdf\" target=\"_blank\" rel=\"noopener noreferrer\">FTFR_Puissance_d\u2019\u00e9mission_et__Caract\u00e9ristiques_des_ondes_radio.pdf<\/a><\/p>\n<\/div><\/div><\/div><\/div><\/div><\/p>\n","protected":false},"excerpt":{"rendered":"","protected":false},"author":28,"featured_media":0,"parent":80029,"menu_order":0,"comment_status":"closed","ping_status":"closed","template":"100-width.php","meta":{"footnotes":""},"class_list":["post-80046","page","type-page","status-publish","hentry"],"_links":{"self":[{"href":"https:\/\/www.newsteo.com\/fr\/wp-json\/wp\/v2\/pages\/80046","targetHints":{"allow":["GET"]}}],"collection":[{"href":"https:\/\/www.newsteo.com\/fr\/wp-json\/wp\/v2\/pages"}],"about":[{"href":"https:\/\/www.newsteo.com\/fr\/wp-json\/wp\/v2\/types\/page"}],"author":[{"embeddable":true,"href":"https:\/\/www.newsteo.com\/fr\/wp-json\/wp\/v2\/users\/28"}],"replies":[{"embeddable":true,"href":"https:\/\/www.newsteo.com\/fr\/wp-json\/wp\/v2\/comments?post=80046"}],"version-history":[{"count":0,"href":"https:\/\/www.newsteo.com\/fr\/wp-json\/wp\/v2\/pages\/80046\/revisions"}],"up":[{"embeddable":true,"href":"https:\/\/www.newsteo.com\/fr\/wp-json\/wp\/v2\/pages\/80029"}],"wp:attachment":[{"href":"https:\/\/www.newsteo.com\/fr\/wp-json\/wp\/v2\/media?parent=80046"}],"curies":[{"name":"wp","href":"https:\/\/api.w.org\/{rel}","templated":true}]}}