{"id":80211,"date":"2021-07-07T15:45:30","date_gmt":"2021-07-07T13:45:30","guid":{"rendered":"https:\/\/www.newsteo.com\/?page_id=80211"},"modified":"2021-11-02T16:51:16","modified_gmt":"2021-11-02T15:51:16","slug":"installation-driver-cle-rf-to-usb","status":"publish","type":"page","link":"https:\/\/www.newsteo.com\/fr\/assistance\/base-de-connaissance\/logiciel-rf-monitor\/installation-driver-cle-rf-to-usb\/","title":{"rendered":"Installation de driver stable pour la cl\u00e9 RF-to-USB"},"content":{"rendered":"<div class=\"fusion-fullwidth fullwidth-box fusion-builder-row-1 fusion-flex-container fusion-parallax-none nonhundred-percent-fullwidth non-hundred-percent-height-scrolling recherche-base-de-connaissance\" style=\"--awb-border-radius-top-left:0px;--awb-border-radius-top-right:0px;--awb-border-radius-bottom-right:0px;--awb-border-radius-bottom-left:0px;--awb-background-image:url(&quot;https:\/\/www.newsteo.com\/wp-content\/uploads\/2021\/02\/bandeau-base-de-connaince2.jpg&quot;);--awb-background-size:cover;--awb-flex-wrap:wrap;\" ><div class=\"fusion-builder-row fusion-row fusion-flex-align-items-flex-start fusion-flex-content-wrap\" style=\"max-width:1352px;margin-left: calc(-4% \/ 2 );margin-right: calc(-4% \/ 2 );\"><div class=\"fusion-layout-column fusion_builder_column fusion-builder-column-0 fusion_builder_column_1_1 1_1 fusion-flex-column\" style=\"--awb-padding-top:40px;--awb-bg-size:cover;--awb-width-large:100%;--awb-margin-top-large:30px;--awb-spacing-right-large:1.92%;--awb-margin-bottom-large:30px;--awb-spacing-left-large:1.92%;--awb-width-medium:100%;--awb-order-medium:0;--awb-spacing-right-medium:1.92%;--awb-spacing-left-medium:1.92%;--awb-width-small:100%;--awb-order-small:0;--awb-spacing-right-small:1.92%;--awb-spacing-left-small:1.92%;\"><div class=\"fusion-column-wrapper fusion-column-has-shadow fusion-flex-justify-content-flex-start fusion-content-layout-column\"><div class=\"fusion-title title fusion-title-1 fusion-sep-none fusion-title-center fusion-title-text fusion-title-size-two\" style=\"--awb-text-color:#ffffff;--awb-margin-top-small:0px;--awb-margin-right-small:0px;--awb-margin-bottom-small:20px;--awb-margin-left-small:0px;--awb-font-size:42px;\"><h2 class=\"fusion-title-heading title-heading-center\" style=\"margin:0;font-size:1em;\"><strong>Rechercher dans la base de connaissance<\/strong><\/h2><\/div><div class=\"fusion-search-element fusion-search-element-1 search-base-de-connaissance fusion-search-form-classic\" style=\"--awb-input-height:52px;--awb-border-radius:4px;--awb-text-size:15px;\">\t\t<form role=\"search\" class=\"searchform fusion-search-form  fusion-live-search fusion-search-form-classic\" method=\"get\" action=\"https:\/\/www.newsteo.com\/fr\/\">\n\t\t\t<div class=\"fusion-search-form-content\">\n\n\t\t\t\t\n\t\t\t\t<div class=\"fusion-search-field search-field\">\n\t\t\t\t\t<label><span class=\"screen-reader-text\">Rechercher:<\/span>\n\t\t\t\t\t\t\t\t\t\t\t\t\t<input type=\"search\" class=\"s fusion-live-search-input\" name=\"s\" id=\"fusion-live-search-input-0\" autocomplete=\"off\" placeholder=\"Search...\" required aria-required=\"true\" aria-label=\"Search...\"\/>\n\t\t\t\t\t\t\t\t\t\t\t<\/label>\n\t\t\t\t<\/div>\n\t\t\t\t<div class=\"fusion-search-button search-button\">\n\t\t\t\t\t<input type=\"submit\" class=\"fusion-search-submit searchsubmit\" aria-label=\"Recherche\" value=\"&#xf002;\" \/>\n\t\t\t\t\t\t\t\t\t\t<div class=\"fusion-slider-loading\"><\/div>\n\t\t\t\t\t\t\t\t\t<\/div>\n\n\t\t\t\t<input type=\"hidden\" name=\"post_type[]\" value=\"page\" \/><input type=\"hidden\" name=\"search_limit_to_post_titles\" value=\"0\" \/><input type=\"hidden\" name=\"add_woo_product_skus\" value=\"0\" \/><input type=\"hidden\" name=\"live_min_character\" value=\"4\" \/><input type=\"hidden\" name=\"live_posts_per_page\" value=\"100\" \/><input type=\"hidden\" name=\"live_search_display_featured_image\" value=\"1\" \/><input type=\"hidden\" name=\"live_search_display_post_type\" value=\"1\" \/><input type=\"hidden\" name=\"fs\" value=\"1\" \/>\n\t\t\t<\/div>\n\n\n\t\t\t\t\t\t\t<div class=\"fusion-search-results-wrapper\"><div class=\"fusion-search-results\"><\/div><\/div>\n\t\t\t\n\t\t<\/form>\n\t\t<\/div><\/div><\/div><\/div><\/div><div class=\"fusion-fullwidth fullwidth-box fusion-builder-row-2 fusion-flex-container nonhundred-percent-fullwidth non-hundred-percent-height-scrolling\" style=\"--awb-border-sizes-bottom:1px;--awb-border-radius-top-left:0px;--awb-border-radius-top-right:0px;--awb-border-radius-bottom-right:0px;--awb-border-radius-bottom-left:0px;--awb-margin-bottom:50px;--awb-flex-wrap:wrap;\" ><div class=\"fusion-builder-row fusion-row fusion-flex-align-items-flex-start fusion-flex-content-wrap\" style=\"max-width:1352px;margin-left: calc(-4% \/ 2 );margin-right: calc(-4% \/ 2 );\"><div class=\"fusion-layout-column fusion_builder_column fusion-builder-column-1 fusion_builder_column_1_1 1_1 fusion-flex-column\" style=\"--awb-bg-size:cover;--awb-width-large:100%;--awb-margin-top-large:20px;--awb-spacing-right-large:1.92%;--awb-margin-bottom-large:20px;--awb-spacing-left-large:1.92%;--awb-width-medium:100%;--awb-order-medium:0;--awb-spacing-right-medium:1.92%;--awb-spacing-left-medium:1.92%;--awb-width-small:100%;--awb-order-small:0;--awb-spacing-right-small:1.92%;--awb-spacing-left-small:1.92%;\"><div class=\"fusion-column-wrapper fusion-column-has-shadow fusion-flex-justify-content-flex-start fusion-content-layout-column\"><nav class=\"fusion-breadcrumbs awb-yoast-breadcrumbs fusion-breadcrumbs-1\" style=\"--awb-alignment:left;--awb-font-size:14px;--awb-text-color:#000000;--awb-breadcrumb-sep:&#039;\/&#039;;text-align:left;\" aria-label=\"Breadcrumb\"><ol class=\"awb-breadcrumb-list\"><li class=\"fusion-breadcrumb-item awb-breadcrumb-sep awb-home\" ><a href=\"https:\/\/www.newsteo.com\/fr\/\" class=\"fusion-breadcrumb-link\"><span >Home<\/span><\/a><\/li><\/ol><\/nav><\/div><\/div><\/div><\/div><div class=\"fusion-fullwidth fullwidth-box fusion-builder-row-3 fusion-flex-container nonhundred-percent-fullwidth non-hundred-percent-height-scrolling\" style=\"--awb-border-radius-top-left:0px;--awb-border-radius-top-right:0px;--awb-border-radius-bottom-right:0px;--awb-border-radius-bottom-left:0px;--awb-flex-wrap:wrap;\" ><div class=\"fusion-builder-row fusion-row fusion-flex-align-items-flex-start fusion-flex-content-wrap\" style=\"max-width:1352px;margin-left: calc(-4% \/ 2 );margin-right: calc(-4% \/ 2 );\"><div class=\"fusion-layout-column fusion_builder_column fusion-builder-column-2 fusion_builder_column_1_4 1_4 fusion-flex-column\" style=\"--awb-bg-size:cover;--awb-width-large:25%;--awb-margin-top-large:30px;--awb-spacing-right-large:7.68%;--awb-margin-bottom-large:30px;--awb-spacing-left-large:7.68%;--awb-width-medium:100%;--awb-order-medium:0;--awb-spacing-right-medium:1.92%;--awb-spacing-left-medium:1.92%;--awb-width-small:100%;--awb-order-small:0;--awb-spacing-right-small:1.92%;--awb-spacing-left-small:1.92%;\"><div class=\"fusion-column-wrapper fusion-column-has-shadow fusion-flex-justify-content-flex-start fusion-content-layout-column\"><div class=\"fusion-title title fusion-title-2 fusion-sep-none fusion-title-text fusion-title-size-four title-menu-3-base\" style=\"--awb-margin-bottom:10px;--awb-margin-top-small:0px;--awb-margin-right-small:0px;--awb-margin-bottom-small:20px;--awb-margin-left-small:0px;\"><h4 class=\"fusion-title-heading title-heading-left\" style=\"margin:0;\"><a href=\"https:\/\/www.newsteo.com\/fr\/assistance\/base-de-connaissance\/logiciel-rf-monitor\/\">Logiciel RF Monitor<\/a><\/h4><\/div><div class=\"fusion-separator fusion-full-width-sep\" style=\"align-self: center;margin-left: auto;margin-right: auto;margin-bottom:40px;width:100%;\"><div class=\"fusion-separator-border sep-single sep-solid\" style=\"--awb-height:20px;--awb-amount:20px;border-color:#e0dede;border-top-width:1px;\"><\/div><\/div><div class=\"fusion-widget fusion-widget-element fusion-widget-area fusion-content-widget-area wpWidget-1 fusion-widget-align-left fusion_widget_vertical_menu no-divider-color\" style=\"--awb-fusion-border-size:0px;--awb-fusion-border-style:solid;\"><div class=\"widget avada_vertical_menu\"><style>#fusion-vertical-menu-widget-avada-vertical-menu-widget-1-nav ul.menu li a {font-size:14px;}<\/style><nav id=\"fusion-vertical-menu-widget-avada-vertical-menu-widget-1-nav\" class=\"fusion-vertical-menu-widget fusion-menu hover left no-border\" aria-label=\"Secondary Navigation: \"><ul id=\"menu-base-de-connaissance-rf-monitor\" class=\"menu\"><li id=\"menu-item-82262\" class=\"menu-item menu-item-type-post_type menu-item-object-page menu-item-82262\"><a href=\"https:\/\/www.newsteo.com\/fr\/assistance\/base-de-connaissance\/logiciel-rf-monitor\/formules-logger\/\"><span class=\"link-text\"> Affichage de la fen\u00eatre d\u2019\u00e9dition des formules pour ajouter une formule \u00e0 un Logger<\/span><span class=\"arrow\"><\/span><\/a><\/li><li id=\"menu-item-82263\" class=\"menu-item menu-item-type-post_type menu-item-object-page menu-item-82263\"><a href=\"https:\/\/www.newsteo.com\/fr\/assistance\/base-de-connaissance\/logiciel-rf-monitor\/afficher-modifier-formule-derive\/\"><span class=\"link-text\"> Afficher ou modifier une formule pour corriger une d\u00e9rive<\/span><span class=\"arrow\"><\/span><\/a><\/li><li id=\"menu-item-82264\" class=\"menu-item menu-item-type-post_type menu-item-object-page menu-item-82264\"><a href=\"https:\/\/www.newsteo.com\/fr\/assistance\/base-de-connaissance\/logiciel-rf-monitor\/calibration-dun-logger\/\"><span class=\"link-text\"> Calibration d\u2019un logger<\/span><span class=\"arrow\"><\/span><\/a><\/li><li id=\"menu-item-82265\" class=\"menu-item menu-item-type-post_type menu-item-object-page menu-item-82265\"><a href=\"https:\/\/www.newsteo.com\/fr\/assistance\/base-de-connaissance\/logiciel-rf-monitor\/changer-lordre-ou-supprimer-laffichage-dun-capteur\/\"><span class=\"link-text\"> Changer l\u2019ordre ou supprimer l\u2019affichage d\u2019un capteur<\/span><span class=\"arrow\"><\/span><\/a><\/li><li id=\"menu-item-82266\" class=\"menu-item menu-item-type-post_type menu-item-object-page menu-item-82266\"><a href=\"https:\/\/www.newsteo.com\/fr\/assistance\/base-de-connaissance\/logiciel-rf-monitor\/comment-afficher-les-mesures-avec-rf-monitor\/\"><span class=\"link-text\"> Comment afficher les mesures avec RF Monitor ?<\/span><span class=\"arrow\"><\/span><\/a><\/li><li id=\"menu-item-82247\" class=\"menu-item menu-item-type-post_type menu-item-object-page menu-item-82247\"><a href=\"https:\/\/www.newsteo.com\/fr\/assistance\/base-de-connaissance\/logiciel-rf-monitor\/telechargement-memoire-loggers\/\"><span class=\"link-text\"> Comment faire un t\u00e9l\u00e9chargement int\u00e9gral de la m\u00e9moire des loggers ?<\/span><span class=\"arrow\"><\/span><\/a><\/li><li id=\"menu-item-82248\" class=\"menu-item menu-item-type-post_type menu-item-object-page menu-item-82248\"><a href=\"https:\/\/www.newsteo.com\/fr\/assistance\/base-de-connaissance\/logiciel-rf-monitor\/parametrer-alertes-e-mail\/\"><span class=\"link-text\"> Comment param\u00e9trer les alertes et l\u2019envoi des alertes par E-mail ?<\/span><span class=\"arrow\"><\/span><\/a><\/li><li id=\"menu-item-82249\" class=\"menu-item menu-item-type-post_type menu-item-object-page menu-item-82249\"><a href=\"https:\/\/www.newsteo.com\/fr\/assistance\/base-de-connaissance\/logiciel-rf-monitor\/comment-recuperer-ses-donnees-au-format-csv\/\"><span class=\"link-text\"> Comment r\u00e9cup\u00e9rer ses donn\u00e9es au format csv ?<\/span><span class=\"arrow\"><\/span><\/a><\/li><li id=\"menu-item-82250\" class=\"menu-item menu-item-type-post_type menu-item-object-page menu-item-82250\"><a href=\"https:\/\/www.newsteo.com\/fr\/assistance\/base-de-connaissance\/logiciel-rf-monitor\/securiser-canal-radio\/\"><span class=\"link-text\"> Comment s\u00e9curiser le canal radio avec une cl\u00e9 de S\u00e9curisation ?<\/span><span class=\"arrow\"><\/span><\/a><\/li><li id=\"menu-item-82267\" class=\"menu-item menu-item-type-post_type menu-item-object-page menu-item-82267\"><a href=\"https:\/\/www.newsteo.com\/fr\/assistance\/base-de-connaissance\/logiciel-rf-monitor\/derniere-version-rf-monitor\/\"><span class=\"link-text\"> Comment t\u00e9l\u00e9charger la derni\u00e8re version du logiciel RF Monitor<\/span><span class=\"arrow\"><\/span><\/a><\/li><li id=\"menu-item-82261\" class=\"menu-item menu-item-type-post_type menu-item-object-page menu-item-82261\"><a href=\"https:\/\/www.newsteo.com\/fr\/assistance\/base-de-connaissance\/logiciel-rf-monitor\/configuration-minimale\/\"><span class=\"link-text\"> Configuration minimale<\/span><span class=\"arrow\"><\/span><\/a><\/li><li id=\"menu-item-82251\" class=\"menu-item menu-item-type-post_type menu-item-object-page menu-item-82251\"><a href=\"https:\/\/www.newsteo.com\/fr\/assistance\/base-de-connaissance\/logiciel-rf-monitor\/configurer-canal-radio-loggers-newsteo\/\"><span class=\"link-text\"> Configurer le canal radio des loggers et appareils Newsteo<\/span><span class=\"arrow\"><\/span><\/a><\/li><li id=\"menu-item-82252\" class=\"menu-item menu-item-type-post_type menu-item-object-page menu-item-82252\"><a href=\"https:\/\/www.newsteo.com\/fr\/assistance\/base-de-connaissance\/logiciel-rf-monitor\/affichage-humidite-4-20-ma\/\"><span class=\"link-text\"> Configurer pour Affichage de l\u2019humidit\u00e9 en pourcentage \u00e0 partir de 4-20 mA<\/span><span class=\"arrow\"><\/span><\/a><\/li><li id=\"menu-item-82260\" class=\"menu-item menu-item-type-post_type menu-item-object-page menu-item-82260\"><a href=\"https:\/\/www.newsteo.com\/fr\/assistance\/base-de-connaissance\/logiciel-rf-monitor\/installation-driver-cle-rf-to-usb\/\"><span class=\"link-text\"> Installation de driver stable pour la cl\u00e9 RF-to-USB<\/span><span class=\"arrow\"><\/span><\/a><\/li><li id=\"menu-item-82258\" class=\"menu-item menu-item-type-post_type menu-item-object-page menu-item-82258\"><a href=\"https:\/\/www.newsteo.com\/fr\/assistance\/base-de-connaissance\/logiciel-rf-monitor\/loggers-sur-plan-de-masse-ou-photo\/\"><span class=\"link-text\"> Les loggers sur un plan de masse ou une photo pour les localiser<\/span><span class=\"arrow\"><\/span><\/a><\/li><li id=\"menu-item-82259\" class=\"menu-item menu-item-type-post_type menu-item-object-page menu-item-82259\"><a href=\"https:\/\/www.newsteo.com\/fr\/assistance\/base-de-connaissance\/logiciel-rf-monitor\/gestion-utilisateurs-ne-saffiche-pas\/\"><span class=\"link-text\"> La gestion des utilisateurs ne s\u2019affiche pas avec Windows Serveur 2008<\/span><span class=\"arrow\"><\/span><\/a><\/li><li id=\"menu-item-82257\" class=\"menu-item menu-item-type-post_type menu-item-object-page menu-item-82257\"><a href=\"https:\/\/www.newsteo.com\/fr\/assistance\/base-de-connaissance\/logiciel-rf-monitor\/mise-a-jour-fichiers-xml\/\"><span class=\"link-text\"> Mise \u00e0 jour fichiers XML<\/span><span class=\"arrow\"><\/span><\/a><\/li><li id=\"menu-item-82256\" class=\"menu-item menu-item-type-post_type menu-item-object-page menu-item-82256\"><a href=\"https:\/\/www.newsteo.com\/fr\/assistance\/base-de-connaissance\/logiciel-rf-monitor\/ajout-capteur-non-pris-en-compte\/\"><span class=\"link-text\"> Pourquoi l\u2019ajout d\u2019un capteur pour mon logger n\u2019est-il pas prise en compte ?<\/span><span class=\"arrow\"><\/span><\/a><\/li><li id=\"menu-item-82255\" class=\"menu-item menu-item-type-post_type menu-item-object-page menu-item-82255\"><a href=\"https:\/\/www.newsteo.com\/fr\/assistance\/base-de-connaissance\/logiciel-rf-monitor\/mise-a-jour-cle-rf-to-usb\/\"><span class=\"link-text\"> Proc\u00e9dure de mise \u00e0 jour de la cl\u00e9 RF-to-USB<\/span><span class=\"arrow\"><\/span><\/a><\/li><li id=\"menu-item-82254\" class=\"menu-item menu-item-type-post_type menu-item-object-page menu-item-82254\"><a href=\"https:\/\/www.newsteo.com\/fr\/assistance\/base-de-connaissance\/logiciel-rf-monitor\/mise-a-jour-logiciel-embarque\/\"><span class=\"link-text\"> Proc\u00e9dure de mise \u00e0 jour du logiciel embarqu\u00e9<\/span><span class=\"arrow\"><\/span><\/a><\/li><li id=\"menu-item-82253\" class=\"menu-item menu-item-type-post_type menu-item-object-page menu-item-82253\"><a href=\"https:\/\/www.newsteo.com\/fr\/assistance\/base-de-connaissance\/logiciel-rf-monitor\/scanner-radio-bande-passante\/\"><span class=\"link-text\"> Scanner radio d\u2019occupation de la bande passante<\/span><span class=\"arrow\"><\/span><\/a><\/li><li id=\"menu-item-115836\" class=\"menu-item menu-item-type-post_type menu-item-object-page menu-item-115836\"><a href=\"https:\/\/www.newsteo.com\/fr\/assistance\/base-de-connaissance\/logiciel-rf-monitor\/autoriser-rfm-envoyer-emails\/\"><span class=\"link-text\"> Proc\u00e9dure pour autoriser RFM \u00e0 envoyer des emails par gmail<\/span><span class=\"arrow\"><\/span><\/a><\/li><\/ul><\/nav><\/div><\/div><\/div><\/div><div class=\"fusion-layout-column fusion_builder_column fusion-builder-column-3 fusion_builder_column_3_4 3_4 fusion-flex-column\" style=\"--awb-bg-size:cover;--awb-width-large:75%;--awb-margin-top-large:20px;--awb-spacing-right-large:2.56%;--awb-margin-bottom-large:50px;--awb-spacing-left-large:2.56%;--awb-width-medium:100%;--awb-order-medium:0;--awb-spacing-right-medium:1.92%;--awb-spacing-left-medium:1.92%;--awb-width-small:100%;--awb-order-small:0;--awb-spacing-right-small:1.92%;--awb-spacing-left-small:1.92%;\"><div class=\"fusion-column-wrapper fusion-column-has-shadow fusion-flex-justify-content-flex-start fusion-content-layout-column\"><div class=\"fusion-title title fusion-title-3 fusion-sep-none fusion-title-text fusion-title-size-one title-menu-3-base\" style=\"--awb-margin-bottom:10px;--awb-margin-top-small:0px;--awb-margin-right-small:0px;--awb-margin-bottom-small:20px;--awb-margin-left-small:0px;\"><h1 class=\"fusion-title-heading title-heading-left\" style=\"margin:0;\">Installation de driver stable pour la cl\u00e9 RF-to-USB<\/h1><\/div><div class=\"fusion-separator fusion-full-width-sep\" style=\"align-self: center;margin-left: auto;margin-right: auto;margin-bottom:40px;width:100%;\"><div class=\"fusion-separator-border sep-single sep-solid\" style=\"--awb-height:20px;--awb-amount:20px;border-color:#e0dede;border-top-width:1px;\"><\/div><\/div><div class=\"fusion-text fusion-text-1\"><p>Il peut arriver que Windows mette \u00e0 jour automatiquement le driver de la Cl\u00e9 RF-to-USB, avec une version qui ne fonctionne pas. Il est alors n\u00e9cessaire de r\u00e9installer manuellement le driver correct.<\/p>\n<h3 class=\"wp-block-heading\">Proc\u00e9dure d\u2019installation de driver stable<\/h3>\n<ul class=\"wp-block-list\">\n<li>Fermer RF Monitor<\/li>\n<li>Connecter la cl\u00e9 RF to USB<\/li>\n<li>Attendre la mont\u00e9e du driver<\/li>\n<li>T\u00e9l\u00e9charger le fichier joint<\/li>\n<li>Le d\u00e9zipper\u00a0sur votre PC (par exemple sur votre Bureau)<\/li>\n<li>Ouvrir le gestionnaire des t\u00e2ches (D\u00e9marrer\/Panneau de configuration\/Gestionnaire de p\u00e9riph\u00e9rique ou Appuyer sur les touches [windows] + [Pause])<\/li>\n<li><strong>Ouvrir la section Ports<\/strong><\/li>\n<li><strong>Cliquer droit sur la ligne \u00ab\u00a0Silicon Labs CP210x USB to UART Bridge\u00a0\u00bb puis sur mettre \u00e0 jour le Pilote\u2026<\/strong><\/li>\n<li><strong>Cliquer sur rechercher un pilote sur mon ordinateur<\/strong><\/li>\n<\/ul>\n<p>&nbsp;<\/p>\n<h3 class=\"wp-block-heading\">Pi\u00e8ce(s) jointe(s)<\/h3>\n<hr class=\"fusion-separator fusion-full-width-sep sep-single sep-solid sepmargin\" \/>\n<div class=\"wp-block-file\"><a href=\"https:\/\/www.newsteo.com\/wp-content\/uploads\/2019\/07\/Newsteo_KEY_DRIVER_downgrade.zip\">Newsteo_KEY_DRIVER_downgrade<\/a> <a class=\"fusion-button-default fusion-button-default-size wp-block-file__button\" href=\"https:\/\/www.newsteo.com\/wp-content\/uploads\/2019\/07\/Newsteo_KEY_DRIVER_downgrade.zip\" download=\"\">T\u00e9l\u00e9charger<\/a><\/div>\n<p>&nbsp;<\/p>\n<\/div><\/div><\/div><\/div><\/div>","protected":false},"excerpt":{"rendered":"","protected":false},"author":28,"featured_media":0,"parent":80143,"menu_order":0,"comment_status":"closed","ping_status":"closed","template":"100-width.php","meta":{"footnotes":""},"class_list":["post-80211","page","type-page","status-publish","hentry"],"_links":{"self":[{"href":"https:\/\/www.newsteo.com\/fr\/wp-json\/wp\/v2\/pages\/80211","targetHints":{"allow":["GET"]}}],"collection":[{"href":"https:\/\/www.newsteo.com\/fr\/wp-json\/wp\/v2\/pages"}],"about":[{"href":"https:\/\/www.newsteo.com\/fr\/wp-json\/wp\/v2\/types\/page"}],"author":[{"embeddable":true,"href":"https:\/\/www.newsteo.com\/fr\/wp-json\/wp\/v2\/users\/28"}],"replies":[{"embeddable":true,"href":"https:\/\/www.newsteo.com\/fr\/wp-json\/wp\/v2\/comments?post=80211"}],"version-history":[{"count":0,"href":"https:\/\/www.newsteo.com\/fr\/wp-json\/wp\/v2\/pages\/80211\/revisions"}],"up":[{"embeddable":true,"href":"https:\/\/www.newsteo.com\/fr\/wp-json\/wp\/v2\/pages\/80143"}],"wp:attachment":[{"href":"https:\/\/www.newsteo.com\/fr\/wp-json\/wp\/v2\/media?parent=80211"}],"curies":[{"name":"wp","href":"https:\/\/api.w.org\/{rel}","templated":true}]}}