{"id":80265,"date":"2021-07-07T19:47:28","date_gmt":"2021-07-07T17:47:28","guid":{"rendered":"https:\/\/www.newsteo.com\/?page_id=80265"},"modified":"2021-09-03T17:26:09","modified_gmt":"2021-09-03T15:26:09","slug":"filtres-db-monitor","status":"publish","type":"page","link":"https:\/\/www.newsteo.com\/fr\/assistance\/base-de-connaissance\/logiciel-db-monitor\/filtres-db-monitor\/","title":{"rendered":"Comment utiliser les filtres dans DB Monitor ?"},"content":{"rendered":"<p><div class=\"fusion-fullwidth fullwidth-box fusion-builder-row-1 fusion-flex-container fusion-parallax-none nonhundred-percent-fullwidth non-hundred-percent-height-scrolling recherche-base-de-connaissance\" style=\"--awb-border-radius-top-left:0px;--awb-border-radius-top-right:0px;--awb-border-radius-bottom-right:0px;--awb-border-radius-bottom-left:0px;--awb-background-image:url(&quot;https:\/\/www.newsteo.com\/wp-content\/uploads\/2021\/02\/bandeau-base-de-connaince2.jpg&quot;);--awb-background-size:cover;--awb-flex-wrap:wrap;\" ><div class=\"fusion-builder-row fusion-row fusion-flex-align-items-flex-start fusion-flex-content-wrap\" style=\"max-width:1352px;margin-left: calc(-4% \/ 2 );margin-right: calc(-4% \/ 2 );\"><div class=\"fusion-layout-column fusion_builder_column fusion-builder-column-0 fusion_builder_column_1_1 1_1 fusion-flex-column\" style=\"--awb-padding-top:40px;--awb-bg-size:cover;--awb-width-large:100%;--awb-margin-top-large:30px;--awb-spacing-right-large:1.92%;--awb-margin-bottom-large:30px;--awb-spacing-left-large:1.92%;--awb-width-medium:100%;--awb-order-medium:0;--awb-spacing-right-medium:1.92%;--awb-spacing-left-medium:1.92%;--awb-width-small:100%;--awb-order-small:0;--awb-spacing-right-small:1.92%;--awb-spacing-left-small:1.92%;\"><div class=\"fusion-column-wrapper fusion-column-has-shadow fusion-flex-justify-content-flex-start fusion-content-layout-column\"><div class=\"fusion-title title fusion-title-1 fusion-sep-none fusion-title-center fusion-title-text fusion-title-size-two\" style=\"--awb-text-color:#ffffff;--awb-margin-top-small:0px;--awb-margin-right-small:0px;--awb-margin-bottom-small:20px;--awb-margin-left-small:0px;--awb-font-size:42px;\"><h2 class=\"fusion-title-heading title-heading-center\" style=\"margin:0;font-size:1em;\"><strong>Rechercher dans la base de connaissance<\/strong><\/h2><\/div><div class=\"fusion-search-element fusion-search-element-1 search-base-de-connaissance fusion-search-form-classic\" style=\"--awb-input-height:52px;--awb-border-radius:4px;--awb-text-size:15px;\">\t\t<form role=\"search\" class=\"searchform fusion-search-form  fusion-live-search fusion-search-form-classic\" method=\"get\" action=\"https:\/\/www.newsteo.com\/fr\/\">\n\t\t\t<div class=\"fusion-search-form-content\">\n\n\t\t\t\t\n\t\t\t\t<div class=\"fusion-search-field search-field\">\n\t\t\t\t\t<label><span class=\"screen-reader-text\">Rechercher:<\/span>\n\t\t\t\t\t\t\t\t\t\t\t\t\t<input type=\"search\" class=\"s fusion-live-search-input\" name=\"s\" id=\"fusion-live-search-input-0\" autocomplete=\"off\" placeholder=\"Search...\" required aria-required=\"true\" aria-label=\"Search...\"\/>\n\t\t\t\t\t\t\t\t\t\t\t<\/label>\n\t\t\t\t<\/div>\n\t\t\t\t<div class=\"fusion-search-button search-button\">\n\t\t\t\t\t<input type=\"submit\" class=\"fusion-search-submit searchsubmit\" aria-label=\"Recherche\" value=\"&#xf002;\" \/>\n\t\t\t\t\t\t\t\t\t\t<div class=\"fusion-slider-loading\"><\/div>\n\t\t\t\t\t\t\t\t\t<\/div>\n\n\t\t\t\t<input type=\"hidden\" name=\"post_type[]\" value=\"page\" \/><input type=\"hidden\" name=\"search_limit_to_post_titles\" value=\"0\" \/><input type=\"hidden\" name=\"add_woo_product_skus\" value=\"0\" \/><input type=\"hidden\" name=\"live_min_character\" value=\"4\" \/><input type=\"hidden\" name=\"live_posts_per_page\" value=\"100\" \/><input type=\"hidden\" name=\"live_search_display_featured_image\" value=\"1\" \/><input type=\"hidden\" name=\"live_search_display_post_type\" value=\"1\" \/><input type=\"hidden\" name=\"fs\" value=\"1\" \/>\n\t\t\t<\/div>\n\n\n\t\t\t\t\t\t\t<div class=\"fusion-search-results-wrapper\"><div class=\"fusion-search-results\"><\/div><\/div>\n\t\t\t\n\t\t<\/form>\n\t\t<\/div><\/div><\/div><\/div><\/div><div class=\"fusion-fullwidth fullwidth-box fusion-builder-row-2 fusion-flex-container nonhundred-percent-fullwidth non-hundred-percent-height-scrolling\" style=\"--awb-border-sizes-bottom:1px;--awb-border-radius-top-left:0px;--awb-border-radius-top-right:0px;--awb-border-radius-bottom-right:0px;--awb-border-radius-bottom-left:0px;--awb-margin-bottom:50px;--awb-flex-wrap:wrap;\" ><div class=\"fusion-builder-row fusion-row fusion-flex-align-items-flex-start fusion-flex-content-wrap\" style=\"max-width:1352px;margin-left: calc(-4% \/ 2 );margin-right: calc(-4% \/ 2 );\"><div class=\"fusion-layout-column fusion_builder_column fusion-builder-column-1 fusion_builder_column_1_1 1_1 fusion-flex-column\" style=\"--awb-bg-size:cover;--awb-width-large:100%;--awb-margin-top-large:20px;--awb-spacing-right-large:1.92%;--awb-margin-bottom-large:20px;--awb-spacing-left-large:1.92%;--awb-width-medium:100%;--awb-order-medium:0;--awb-spacing-right-medium:1.92%;--awb-spacing-left-medium:1.92%;--awb-width-small:100%;--awb-order-small:0;--awb-spacing-right-small:1.92%;--awb-spacing-left-small:1.92%;\"><div class=\"fusion-column-wrapper fusion-column-has-shadow fusion-flex-justify-content-flex-start fusion-content-layout-column\"><nav class=\"fusion-breadcrumbs awb-yoast-breadcrumbs fusion-breadcrumbs-1\" style=\"--awb-alignment:left;--awb-font-size:14px;--awb-text-color:#000000;--awb-breadcrumb-sep:&#039;\/&#039;;text-align:left;\" aria-label=\"Breadcrumb\"><ol class=\"awb-breadcrumb-list\"><li class=\"fusion-breadcrumb-item awb-breadcrumb-sep awb-home\" ><a href=\"https:\/\/www.newsteo.com\/fr\/\" class=\"fusion-breadcrumb-link\"><span >Home<\/span><\/a><\/li><\/ol><\/nav><\/div><\/div><\/div><\/div><div class=\"fusion-fullwidth fullwidth-box fusion-builder-row-3 fusion-flex-container nonhundred-percent-fullwidth non-hundred-percent-height-scrolling\" style=\"--awb-border-radius-top-left:0px;--awb-border-radius-top-right:0px;--awb-border-radius-bottom-right:0px;--awb-border-radius-bottom-left:0px;--awb-flex-wrap:wrap;\" ><div class=\"fusion-builder-row fusion-row fusion-flex-align-items-flex-start fusion-flex-content-wrap\" style=\"max-width:1352px;margin-left: calc(-4% \/ 2 );margin-right: calc(-4% \/ 2 );\"><div class=\"fusion-layout-column fusion_builder_column fusion-builder-column-2 fusion_builder_column_1_4 1_4 fusion-flex-column\" style=\"--awb-bg-size:cover;--awb-width-large:25%;--awb-margin-top-large:30px;--awb-spacing-right-large:7.68%;--awb-margin-bottom-large:30px;--awb-spacing-left-large:7.68%;--awb-width-medium:100%;--awb-order-medium:0;--awb-spacing-right-medium:1.92%;--awb-spacing-left-medium:1.92%;--awb-width-small:100%;--awb-order-small:0;--awb-spacing-right-small:1.92%;--awb-spacing-left-small:1.92%;\"><div class=\"fusion-column-wrapper fusion-column-has-shadow fusion-flex-justify-content-flex-start fusion-content-layout-column\"><div class=\"fusion-title title fusion-title-2 fusion-sep-none fusion-title-text fusion-title-size-four title-menu-3-base\" style=\"--awb-margin-bottom:10px;--awb-margin-top-small:0px;--awb-margin-right-small:0px;--awb-margin-bottom-small:20px;--awb-margin-left-small:0px;\"><h4 class=\"fusion-title-heading title-heading-left\" style=\"margin:0;\"><a href=\"https:\/\/www.newsteo.com\/fr\/assistance\/base-de-connaissance\/logiciel-db-monitor\/\">Logiciel DB Monitor<\/a><\/h4><\/div><div class=\"fusion-separator fusion-full-width-sep\" style=\"align-self: center;margin-left: auto;margin-right: auto;margin-bottom:40px;width:100%;\"><div class=\"fusion-separator-border sep-single sep-solid\" style=\"--awb-height:20px;--awb-amount:20px;border-color:#e0dede;border-top-width:1px;\"><\/div><\/div><div class=\"fusion-widget fusion-widget-element fusion-widget-area fusion-content-widget-area wpWidget-1 fusion-widget-align-left fusion_widget_vertical_menu no-divider-color\" style=\"--awb-fusion-border-size:0px;--awb-fusion-border-style:solid;\"><div class=\"widget avada_vertical_menu\"><style>#fusion-vertical-menu-widget-avada-vertical-menu-widget-1-nav ul.menu li a {font-size:14px;}<\/style><nav id=\"fusion-vertical-menu-widget-avada-vertical-menu-widget-1-nav\" class=\"fusion-vertical-menu-widget fusion-menu hover left no-border\" aria-label=\"Secondary Navigation: \"><ul id=\"menu-base-de-connaissance-db-monitor\" class=\"menu\"><li id=\"menu-item-82284\" class=\"menu-item menu-item-type-post_type menu-item-object-page menu-item-82284\"><a href=\"https:\/\/www.newsteo.com\/fr\/assistance\/base-de-connaissance\/logiciel-db-monitor\/lenteurs-plantage-affichage-db-monitor\/\"><span class=\"link-text\"> Comment \u00e9viter les lenteurs et plantage lors de l\u2019affichage graphique sur DB Monitor ?<\/span><span class=\"arrow\"><\/span><\/a><\/li><li id=\"menu-item-82283\" class=\"menu-item menu-item-type-post_type menu-item-object-page menu-item-82283\"><a href=\"https:\/\/www.newsteo.com\/fr\/assistance\/base-de-connaissance\/logiciel-db-monitor\/sauvegarder-base-de-donnees\/\"><span class=\"link-text\"> Comment sauvegarder, archiver, effacer la base de donn\u00e9es ?<\/span><span class=\"arrow\"><\/span><\/a><\/li><li id=\"menu-item-82282\" class=\"menu-item menu-item-type-post_type menu-item-object-page menu-item-82282\"><a href=\"https:\/\/www.newsteo.com\/fr\/assistance\/base-de-connaissance\/logiciel-db-monitor\/filtres-db-monitor\/\"><span class=\"link-text\"> Comment utiliser les filtres dans DB Monitor ?<\/span><span class=\"arrow\"><\/span><\/a><\/li><\/ul><\/nav><\/div><\/div><\/div><\/div><div class=\"fusion-layout-column fusion_builder_column fusion-builder-column-3 fusion_builder_column_3_4 3_4 fusion-flex-column\" style=\"--awb-bg-size:cover;--awb-width-large:75%;--awb-margin-top-large:20px;--awb-spacing-right-large:2.56%;--awb-margin-bottom-large:50px;--awb-spacing-left-large:2.56%;--awb-width-medium:100%;--awb-order-medium:0;--awb-spacing-right-medium:1.92%;--awb-spacing-left-medium:1.92%;--awb-width-small:100%;--awb-order-small:0;--awb-spacing-right-small:1.92%;--awb-spacing-left-small:1.92%;\"><div class=\"fusion-column-wrapper fusion-column-has-shadow fusion-flex-justify-content-flex-start fusion-content-layout-column\"><div class=\"fusion-title title fusion-title-3 fusion-sep-none fusion-title-text fusion-title-size-one title-menu-3-base\" style=\"--awb-margin-bottom:10px;--awb-margin-top-small:0px;--awb-margin-right-small:0px;--awb-margin-bottom-small:20px;--awb-margin-left-small:0px;\"><h1 class=\"fusion-title-heading title-heading-left\" style=\"margin:0;\">Comment utiliser les filtres dans DB Monitor ?<\/h1><\/div><div class=\"fusion-separator fusion-full-width-sep\" style=\"align-self: center;margin-left: auto;margin-right: auto;margin-bottom:40px;width:100%;\"><div class=\"fusion-separator-border sep-single sep-solid\" style=\"--awb-height:20px;--awb-amount:20px;border-color:#e0dede;border-top-width:1px;\"><\/div><\/div><div class=\"fusion-text fusion-text-1\"><p><u>Pour ouvrir DB Monitor, vous pouvez soit:<\/u><\/p>\n<ul class=\"wp-block-list\">\n<li>\u00a0 Double cliquer sur l&rsquo;icone DB Monitor pr\u00e9sent sur votre bureau<\/li>\n<p>ou<\/p>\n<li>\u00a0 Dans RF Monitor, aller dans le menu Base de donn\u00e9es \/ Mesures<\/li>\n<\/ul>\n<hr class=\"fusion-separator fusion-full-width-sep sep-single sep-solid sepmargin\" \/>\n<h3 class=\"wp-block-heading\">Utiliser les filtres rapides<\/h3>\n<p>S\u00e9lectionner manuellement:<\/p>\n<ul class=\"wp-block-list\">\n<li>\u00a0 Le ou les loggers dont vous souhaitez faire appara\u00eetre les mesures<\/li>\n<li>\u00a0 Le ou les capteurs correspondants<\/li>\n<li>\u00a0 La p\u00e9riode<\/li>\n<\/ul>\n<figure class=\"wp-block-image\"><img decoding=\"async\" src=\"https:\/\/www.newsteo.com\/wp-content\/uploads\/2019\/07\/1.png\" alt=\"\" \/><\/figure>\n<p>Appuyer sur <em>Actualiser<\/em><\/p>\n<figure class=\"wp-block-image\"><img decoding=\"async\" src=\"https:\/\/www.newsteo.com\/wp-content\/uploads\/2019\/07\/2.png\" alt=\"\" \/><\/figure>\n<hr class=\"fusion-separator fusion-full-width-sep sep-single sep-solid sepmargin\" \/>\n<h3 class=\"wp-block-heading\">Cr\u00e9er et sauvegarder un filtre personnalis\u00e9<\/h3>\n<p>Appuyer sur le bouton <em>Filtres<\/em><\/p>\n<figure class=\"wp-block-image\"><img decoding=\"async\" src=\"https:\/\/www.newsteo.com\/wp-content\/uploads\/2019\/07\/3.png\" alt=\"\" \/><\/figure>\n<p>Une nouvelle fen\u00eatre s&rsquo;ouvre.<br \/>Appuyer sur la croix verte pour cr\u00e9er un nouveau filtre et lui attribuer un nom.<\/p>\n<figure class=\"wp-block-image\"><img decoding=\"async\" src=\"https:\/\/www.newsteo.com\/wp-content\/uploads\/2019\/07\/4.png\" alt=\"\" \/><\/figure>\n<p>S\u00e9lectionner ensuite les loggers \u00e0 utiliser dans le filtre, les capteurs, la p\u00e9riode&#8230; et cliquer sur <em>Appliquer<\/em> puis <em>Fermer<\/em>.<\/p>\n<figure class=\"wp-block-image\"><img decoding=\"async\" src=\"https:\/\/www.newsteo.com\/wp-content\/uploads\/2019\/07\/5.png\" alt=\"\" \/><\/figure>\n<hr class=\"fusion-separator fusion-full-width-sep sep-single sep-solid sepmargin\" \/>\n<h3 class=\"wp-block-heading\">Utiliser un filtre personnalis\u00e9<\/h3>\n<p>S\u00e9lectionner le filtre dans le menu <em>Filtre en cours<\/em> et <em>cliquer sur Actualiser<\/em>.<\/p>\n<figure class=\"wp-block-image\"><img decoding=\"async\" src=\"https:\/\/www.newsteo.com\/wp-content\/uploads\/2019\/07\/6.png\" alt=\"\" \/><\/figure>\n<\/div><\/div><\/div><\/div><\/div><\/p>","protected":false},"excerpt":{"rendered":"","protected":false},"author":28,"featured_media":0,"parent":80247,"menu_order":0,"comment_status":"closed","ping_status":"closed","template":"100-width.php","meta":{"footnotes":""},"class_list":["post-80265","page","type-page","status-publish","hentry"],"_links":{"self":[{"href":"https:\/\/www.newsteo.com\/fr\/wp-json\/wp\/v2\/pages\/80265","targetHints":{"allow":["GET"]}}],"collection":[{"href":"https:\/\/www.newsteo.com\/fr\/wp-json\/wp\/v2\/pages"}],"about":[{"href":"https:\/\/www.newsteo.com\/fr\/wp-json\/wp\/v2\/types\/page"}],"author":[{"embeddable":true,"href":"https:\/\/www.newsteo.com\/fr\/wp-json\/wp\/v2\/users\/28"}],"replies":[{"embeddable":true,"href":"https:\/\/www.newsteo.com\/fr\/wp-json\/wp\/v2\/comments?post=80265"}],"version-history":[{"count":0,"href":"https:\/\/www.newsteo.com\/fr\/wp-json\/wp\/v2\/pages\/80265\/revisions"}],"up":[{"embeddable":true,"href":"https:\/\/www.newsteo.com\/fr\/wp-json\/wp\/v2\/pages\/80247"}],"wp:attachment":[{"href":"https:\/\/www.newsteo.com\/fr\/wp-json\/wp\/v2\/media?parent=80265"}],"curies":[{"name":"wp","href":"https:\/\/api.w.org\/{rel}","templated":true}]}}