{"id":80316,"date":"2021-07-08T11:16:31","date_gmt":"2021-07-08T09:16:31","guid":{"rendered":"https:\/\/www.newsteo.com\/?page_id=80316"},"modified":"2021-09-24T15:45:46","modified_gmt":"2021-09-24T13:45:46","slug":"telecharger-donnees-tempmate","status":"publish","type":"page","link":"https:\/\/www.newsteo.com\/fr\/assistance\/base-de-connaissance\/tempmate-enregistreurs-usb\/telecharger-donnees-tempmate\/","title":{"rendered":"T\u00e9l\u00e9charger les donn\u00e9es des Tempmate en cours d&rsquo;enregistrement ?"},"content":{"rendered":"<p><div class=\"fusion-fullwidth fullwidth-box fusion-builder-row-1 fusion-flex-container fusion-parallax-none nonhundred-percent-fullwidth non-hundred-percent-height-scrolling recherche-base-de-connaissance\" style=\"--awb-border-radius-top-left:0px;--awb-border-radius-top-right:0px;--awb-border-radius-bottom-right:0px;--awb-border-radius-bottom-left:0px;--awb-background-image:url(&quot;https:\/\/www.newsteo.com\/wp-content\/uploads\/2021\/02\/bandeau-base-de-connaince2.jpg&quot;);--awb-background-size:cover;--awb-flex-wrap:wrap;\" ><div class=\"fusion-builder-row fusion-row fusion-flex-align-items-flex-start fusion-flex-content-wrap\" style=\"max-width:1352px;margin-left: calc(-4% \/ 2 );margin-right: calc(-4% \/ 2 );\"><div class=\"fusion-layout-column fusion_builder_column fusion-builder-column-0 fusion_builder_column_1_1 1_1 fusion-flex-column\" style=\"--awb-padding-top:40px;--awb-bg-size:cover;--awb-width-large:100%;--awb-margin-top-large:30px;--awb-spacing-right-large:1.92%;--awb-margin-bottom-large:30px;--awb-spacing-left-large:1.92%;--awb-width-medium:100%;--awb-order-medium:0;--awb-spacing-right-medium:1.92%;--awb-spacing-left-medium:1.92%;--awb-width-small:100%;--awb-order-small:0;--awb-spacing-right-small:1.92%;--awb-spacing-left-small:1.92%;\"><div class=\"fusion-column-wrapper fusion-column-has-shadow fusion-flex-justify-content-flex-start fusion-content-layout-column\"><div class=\"fusion-title title fusion-title-1 fusion-sep-none fusion-title-center fusion-title-text fusion-title-size-two\" style=\"--awb-text-color:#ffffff;--awb-margin-top-small:0px;--awb-margin-right-small:0px;--awb-margin-bottom-small:20px;--awb-margin-left-small:0px;--awb-font-size:42px;\"><h2 class=\"fusion-title-heading title-heading-center\" style=\"margin:0;font-size:1em;\"><strong>Rechercher dans la base de connaissance<\/strong><\/h2><\/div><div class=\"fusion-search-element fusion-search-element-1 search-base-de-connaissance fusion-search-form-classic\" style=\"--awb-input-height:52px;--awb-border-radius:4px;--awb-text-size:15px;\">\t\t<form role=\"search\" class=\"searchform fusion-search-form  fusion-live-search fusion-search-form-classic\" method=\"get\" action=\"https:\/\/www.newsteo.com\/fr\/\">\n\t\t\t<div class=\"fusion-search-form-content\">\n\n\t\t\t\t\n\t\t\t\t<div class=\"fusion-search-field search-field\">\n\t\t\t\t\t<label><span class=\"screen-reader-text\">Rechercher:<\/span>\n\t\t\t\t\t\t\t\t\t\t\t\t\t<input type=\"search\" class=\"s fusion-live-search-input\" name=\"s\" id=\"fusion-live-search-input-0\" autocomplete=\"off\" placeholder=\"Search...\" required aria-required=\"true\" aria-label=\"Search...\"\/>\n\t\t\t\t\t\t\t\t\t\t\t<\/label>\n\t\t\t\t<\/div>\n\t\t\t\t<div class=\"fusion-search-button search-button\">\n\t\t\t\t\t<input type=\"submit\" class=\"fusion-search-submit searchsubmit\" aria-label=\"Recherche\" value=\"&#xf002;\" \/>\n\t\t\t\t\t\t\t\t\t\t<div class=\"fusion-slider-loading\"><\/div>\n\t\t\t\t\t\t\t\t\t<\/div>\n\n\t\t\t\t<input type=\"hidden\" name=\"post_type[]\" value=\"page\" \/><input type=\"hidden\" name=\"search_limit_to_post_titles\" value=\"0\" \/><input type=\"hidden\" name=\"add_woo_product_skus\" value=\"0\" \/><input type=\"hidden\" name=\"live_min_character\" value=\"4\" \/><input type=\"hidden\" name=\"live_posts_per_page\" value=\"100\" \/><input type=\"hidden\" name=\"live_search_display_featured_image\" value=\"1\" \/><input type=\"hidden\" name=\"live_search_display_post_type\" value=\"1\" \/><input type=\"hidden\" name=\"fs\" value=\"1\" \/>\n\t\t\t<\/div>\n\n\n\t\t\t\t\t\t\t<div class=\"fusion-search-results-wrapper\"><div class=\"fusion-search-results\"><\/div><\/div>\n\t\t\t\n\t\t<\/form>\n\t\t<\/div><\/div><\/div><\/div><\/div><div class=\"fusion-fullwidth fullwidth-box fusion-builder-row-2 fusion-flex-container nonhundred-percent-fullwidth non-hundred-percent-height-scrolling\" style=\"--awb-border-sizes-bottom:1px;--awb-border-radius-top-left:0px;--awb-border-radius-top-right:0px;--awb-border-radius-bottom-right:0px;--awb-border-radius-bottom-left:0px;--awb-margin-bottom:50px;--awb-flex-wrap:wrap;\" ><div class=\"fusion-builder-row fusion-row fusion-flex-align-items-flex-start fusion-flex-content-wrap\" style=\"max-width:1352px;margin-left: calc(-4% \/ 2 );margin-right: calc(-4% \/ 2 );\"><div class=\"fusion-layout-column fusion_builder_column fusion-builder-column-1 fusion_builder_column_1_1 1_1 fusion-flex-column\" style=\"--awb-bg-size:cover;--awb-width-large:100%;--awb-margin-top-large:20px;--awb-spacing-right-large:1.92%;--awb-margin-bottom-large:20px;--awb-spacing-left-large:1.92%;--awb-width-medium:100%;--awb-order-medium:0;--awb-spacing-right-medium:1.92%;--awb-spacing-left-medium:1.92%;--awb-width-small:100%;--awb-order-small:0;--awb-spacing-right-small:1.92%;--awb-spacing-left-small:1.92%;\"><div class=\"fusion-column-wrapper fusion-column-has-shadow fusion-flex-justify-content-flex-start fusion-content-layout-column\"><nav class=\"fusion-breadcrumbs awb-yoast-breadcrumbs fusion-breadcrumbs-1\" style=\"--awb-alignment:left;--awb-font-size:14px;--awb-text-color:#000000;--awb-breadcrumb-sep:&#039;\/&#039;;text-align:left;\" aria-label=\"Breadcrumb\"><ol class=\"awb-breadcrumb-list\"><li class=\"fusion-breadcrumb-item awb-breadcrumb-sep awb-home\" ><a href=\"https:\/\/www.newsteo.com\/fr\/\" class=\"fusion-breadcrumb-link\"><span >Home<\/span><\/a><\/li><\/ol><\/nav><\/div><\/div><\/div><\/div><div class=\"fusion-fullwidth fullwidth-box fusion-builder-row-3 fusion-flex-container nonhundred-percent-fullwidth non-hundred-percent-height-scrolling\" style=\"--awb-border-radius-top-left:0px;--awb-border-radius-top-right:0px;--awb-border-radius-bottom-right:0px;--awb-border-radius-bottom-left:0px;--awb-flex-wrap:wrap;\" ><div class=\"fusion-builder-row fusion-row fusion-flex-align-items-flex-start fusion-flex-content-wrap\" style=\"max-width:1352px;margin-left: calc(-4% \/ 2 );margin-right: calc(-4% \/ 2 );\"><div class=\"fusion-layout-column fusion_builder_column fusion-builder-column-2 fusion_builder_column_1_4 1_4 fusion-flex-column\" style=\"--awb-bg-size:cover;--awb-width-large:25%;--awb-margin-top-large:30px;--awb-spacing-right-large:7.68%;--awb-margin-bottom-large:30px;--awb-spacing-left-large:7.68%;--awb-width-medium:100%;--awb-order-medium:0;--awb-spacing-right-medium:1.92%;--awb-spacing-left-medium:1.92%;--awb-width-small:100%;--awb-order-small:0;--awb-spacing-right-small:1.92%;--awb-spacing-left-small:1.92%;\"><div class=\"fusion-column-wrapper fusion-column-has-shadow fusion-flex-justify-content-flex-start fusion-content-layout-column\"><div class=\"fusion-title title fusion-title-2 fusion-sep-none fusion-title-text fusion-title-size-four title-menu-3-base\" style=\"--awb-margin-bottom:10px;--awb-margin-top-small:0px;--awb-margin-right-small:0px;--awb-margin-bottom-small:20px;--awb-margin-left-small:0px;\"><h4 class=\"fusion-title-heading title-heading-left\" style=\"margin:0;\"><a href=\"https:\/\/www.newsteo.com\/fr\/assistance\/base-de-connaissance\/tempmate-enregistreurs-usb\/\">Tempmate-Enregistreurs USB<\/a><\/h4><\/div><div class=\"fusion-separator fusion-full-width-sep\" style=\"align-self: center;margin-left: auto;margin-right: auto;margin-bottom:40px;width:100%;\"><div class=\"fusion-separator-border sep-single sep-solid\" style=\"--awb-height:20px;--awb-amount:20px;border-color:#e0dede;border-top-width:1px;\"><\/div><\/div><div class=\"fusion-widget fusion-widget-element fusion-widget-area fusion-content-widget-area wpWidget-1 fusion-widget-align-left fusion_widget_vertical_menu no-divider-color\" style=\"--awb-fusion-border-size:0px;--awb-fusion-border-style:solid;\"><div class=\"widget avada_vertical_menu\"><style>#fusion-vertical-menu-widget-avada-vertical-menu-widget-1-nav ul.menu li a {font-size:14px;}<\/style><nav id=\"fusion-vertical-menu-widget-avada-vertical-menu-widget-1-nav\" class=\"fusion-vertical-menu-widget fusion-menu hover left no-border\" aria-label=\"Secondary Navigation: \"><ul id=\"menu-base-de-connaissance-tempmate-usb\" class=\"menu\"><li id=\"menu-item-82323\" class=\"menu-item menu-item-type-post_type menu-item-object-page menu-item-82323\"><a href=\"https:\/\/www.newsteo.com\/fr\/assistance\/base-de-connaissance\/tempmate-enregistreurs-usb\/temps-stocker-s1-tempmate\/\"><span class=\"link-text\"> Combien de temps peut-on stocker le Tempmate S1 ?<\/span><span class=\"arrow\"><\/span><\/a><\/li><li id=\"menu-item-82322\" class=\"menu-item menu-item-type-post_type menu-item-object-page menu-item-82322\"><a href=\"https:\/\/www.newsteo.com\/fr\/assistance\/base-de-connaissance\/tempmate-enregistreurs-usb\/je-narrive-pas-a-ouvrir-le-rapport-pdf\/\"><span class=\"link-text\"> Je n\u2019arrive pas \u00e0 ouvrir le rapport PDF du Tempmate<\/span><span class=\"arrow\"><\/span><\/a><\/li><li id=\"menu-item-82321\" class=\"menu-item menu-item-type-post_type menu-item-object-page menu-item-82321\"><a href=\"https:\/\/www.newsteo.com\/fr\/assistance\/base-de-connaissance\/tempmate-enregistreurs-usb\/rapport-pdf-protege\/\"><span class=\"link-text\"> Le rapport PDF g\u00e9n\u00e9r\u00e9 par les enregistreurs Tempmate est-il prot\u00e9g\u00e9 ?<\/span><span class=\"arrow\"><\/span><\/a><\/li><li id=\"menu-item-82320\" class=\"menu-item menu-item-type-post_type menu-item-object-page menu-item-82320\"><a href=\"https:\/\/www.newsteo.com\/fr\/assistance\/base-de-connaissance\/tempmate-enregistreurs-usb\/s1-tempmate-conforme-dans-avion\/\"><span class=\"link-text\"> Le Tempmate S1 est-il conforme IATA et donc utilisable dans un avion ?<\/span><span class=\"arrow\"><\/span><\/a><\/li><li id=\"menu-item-82319\" class=\"menu-item menu-item-type-post_type menu-item-object-page menu-item-82319\"><a href=\"https:\/\/www.newsteo.com\/fr\/assistance\/base-de-connaissance\/tempmate-enregistreurs-usb\/tempmate-calibres\/\"><span class=\"link-text\"> Les enregistreurs de temp\u00e9rature TempMate sont-il calibr\u00e9s ?<\/span><span class=\"arrow\"><\/span><\/a><\/li><li id=\"menu-item-82328\" class=\"menu-item menu-item-type-post_type menu-item-object-page menu-item-82328\"><a href=\"https:\/\/www.newsteo.com\/fr\/assistance\/base-de-connaissance\/tempmate-enregistreurs-usb\/niveau-de-precision-tempmate\/\"><span class=\"link-text\"> Quel est le niveau de pr\u00e9cision de l\u2019horloge temps r\u00e9el du Tempmate ?<\/span><span class=\"arrow\"><\/span><\/a><\/li><li id=\"menu-item-82318\" class=\"menu-item menu-item-type-post_type menu-item-object-page menu-item-82318\"><a href=\"https:\/\/www.newsteo.com\/fr\/assistance\/base-de-connaissance\/tempmate-enregistreurs-usb\/heure-utilisee-enregistreurs-tempmate\/\"><span class=\"link-text\"> Quelle heure est utilis\u00e9e dans les enregistreurs de la gamme Tempmate ?<\/span><span class=\"arrow\"><\/span><\/a><\/li><li id=\"menu-item-82324\" class=\"menu-item menu-item-type-post_type menu-item-object-page menu-item-82324\"><a href=\"https:\/\/www.newsteo.com\/fr\/assistance\/base-de-connaissance\/tempmate-enregistreurs-usb\/donnees-disponibles-dans-rapport-pdf\/\"><span class=\"link-text\"> Quelles sont les donn\u00e9es disponibles dans le rapport PDF du Tempmate ?<\/span><span class=\"arrow\"><\/span><\/a><\/li><li id=\"menu-item-82317\" class=\"menu-item menu-item-type-post_type menu-item-object-page menu-item-82317\"><a href=\"https:\/\/www.newsteo.com\/fr\/assistance\/base-de-connaissance\/tempmate-enregistreurs-usb\/telecharger-donnees-tempmate\/\"><span class=\"link-text\"> T\u00e9l\u00e9charger les donn\u00e9es des Tempmate en cours d\u2019enregistrement ?<\/span><span class=\"arrow\"><\/span><\/a><\/li><\/ul><\/nav><\/div><\/div><\/div><\/div><div class=\"fusion-layout-column fusion_builder_column fusion-builder-column-3 fusion_builder_column_3_4 3_4 fusion-flex-column\" style=\"--awb-bg-size:cover;--awb-width-large:75%;--awb-margin-top-large:20px;--awb-spacing-right-large:2.56%;--awb-margin-bottom-large:50px;--awb-spacing-left-large:2.56%;--awb-width-medium:100%;--awb-order-medium:0;--awb-spacing-right-medium:1.92%;--awb-spacing-left-medium:1.92%;--awb-width-small:100%;--awb-order-small:0;--awb-spacing-right-small:1.92%;--awb-spacing-left-small:1.92%;\"><div class=\"fusion-column-wrapper fusion-column-has-shadow fusion-flex-justify-content-flex-start fusion-content-layout-column\"><div class=\"fusion-title title fusion-title-3 fusion-sep-none fusion-title-text fusion-title-size-one title-menu-3-base\" style=\"--awb-margin-bottom:10px;--awb-margin-top-small:0px;--awb-margin-right-small:0px;--awb-margin-bottom-small:20px;--awb-margin-left-small:0px;\"><h1 class=\"fusion-title-heading title-heading-left\" style=\"margin:0;\">T\u00e9l\u00e9charger les donn\u00e9es des Tempmate en cours d&rsquo;enregistrement ?<\/h1><\/div><div class=\"fusion-separator fusion-full-width-sep\" style=\"align-self: center;margin-left: auto;margin-right: auto;margin-bottom:40px;width:100%;\"><div class=\"fusion-separator-border sep-single sep-solid\" style=\"--awb-height:20px;--awb-amount:20px;border-color:#e0dede;border-top-width:1px;\"><\/div><\/div><div class=\"fusion-title title fusion-title-4 fusion-sep-none fusion-title-text fusion-title-size-three\" style=\"--awb-margin-top-small:0px;--awb-margin-right-small:0px;--awb-margin-bottom-small:20px;--awb-margin-left-small:0px;\"><h3 class=\"fusion-title-heading title-heading-left\" style=\"margin:0;\">Peut-on t\u00e9l\u00e9charger les donn\u00e9es des enregistreurs de la gamme Tempmate pendant la campagne d&rsquo;enregistrement ?<\/h3><\/div><div class=\"fusion-text fusion-text-1\"><p><u><strong>Tempmate S1<\/strong><\/u><span style=\"text-decoration: underline;\"> :<\/span>\u00a0 R\u00e9ponse: NON<\/p>\n<div>Pour t\u00e9l\u00e9charger les donn\u00e9es, il faut d&rsquo;abord arr\u00eater l&rsquo;enregistrement en appuyant sur le bouton STOP. D\u00e8s lors, la campagne d&rsquo;enregistrement est d\u00e9finitivement arr\u00eat\u00e9e.<\/div>\n<p><u><strong>Tempmate M1 <\/strong><\/u>:\u00a0 R\u00e9ponse: OUI<\/p>\n<div>Que le M1 soit en mode enregistrement ou \u00e0 l\u2019arr\u00eat, l\u2019utilisateur peut le connecter \u00e0 l\u2019ordinateur \u00e0 tout\u00a0moment. Il peut alors visualiser les donn\u00e9es directement sur le rapport PDF automatiquement g\u00e9n\u00e9r\u00e9\u00a0et enregistr\u00e9 dans la m\u00e9moire embarqu\u00e9e du M1.<br \/>\nSi l\u2019utilisateur connecte l\u2019enregistreur \u00e0 l\u2019ordinateur pendant une campagne\u00a0d\u2019enregistrement, aucune mesure ne sera prise durant toute la p\u00e9riode de connexion. Cette p\u00e9riode\u00a0sera repr\u00e9sent\u00e9e en gris dans le listing des donn\u00e9es avec la mention USB et appara\u00eetra en pointill\u00e9s\u00a0gris sur la courbe de mesures.<\/div>\n<\/div><\/div><\/div><\/div><\/div><\/p>\n","protected":false},"excerpt":{"rendered":"","protected":false},"author":28,"featured_media":0,"parent":80270,"menu_order":0,"comment_status":"closed","ping_status":"closed","template":"100-width.php","meta":{"footnotes":""},"class_list":["post-80316","page","type-page","status-publish","hentry"],"_links":{"self":[{"href":"https:\/\/www.newsteo.com\/fr\/wp-json\/wp\/v2\/pages\/80316","targetHints":{"allow":["GET"]}}],"collection":[{"href":"https:\/\/www.newsteo.com\/fr\/wp-json\/wp\/v2\/pages"}],"about":[{"href":"https:\/\/www.newsteo.com\/fr\/wp-json\/wp\/v2\/types\/page"}],"author":[{"embeddable":true,"href":"https:\/\/www.newsteo.com\/fr\/wp-json\/wp\/v2\/users\/28"}],"replies":[{"embeddable":true,"href":"https:\/\/www.newsteo.com\/fr\/wp-json\/wp\/v2\/comments?post=80316"}],"version-history":[{"count":0,"href":"https:\/\/www.newsteo.com\/fr\/wp-json\/wp\/v2\/pages\/80316\/revisions"}],"up":[{"embeddable":true,"href":"https:\/\/www.newsteo.com\/fr\/wp-json\/wp\/v2\/pages\/80270"}],"wp:attachment":[{"href":"https:\/\/www.newsteo.com\/fr\/wp-json\/wp\/v2\/media?parent=80316"}],"curies":[{"name":"wp","href":"https:\/\/api.w.org\/{rel}","templated":true}]}}