{"id":80340,"date":"2021-07-08T11:54:15","date_gmt":"2021-07-08T09:54:15","guid":{"rendered":"https:\/\/www.newsteo.com\/?page_id=80340"},"modified":"2021-09-29T16:59:13","modified_gmt":"2021-09-29T14:59:13","slug":"mise-en-route-et-fonctionnement-dis3x","status":"publish","type":"page","link":"https:\/\/www.newsteo.com\/fr\/assistance\/base-de-connaissance\/divers\/mise-en-route-et-fonctionnement-dis3x\/","title":{"rendered":"Mise en route et fonctionnement DIS3x"},"content":{"rendered":"<p><div class=\"fusion-fullwidth fullwidth-box fusion-builder-row-1 fusion-flex-container fusion-parallax-none nonhundred-percent-fullwidth non-hundred-percent-height-scrolling recherche-base-de-connaissance\" style=\"--awb-border-radius-top-left:0px;--awb-border-radius-top-right:0px;--awb-border-radius-bottom-right:0px;--awb-border-radius-bottom-left:0px;--awb-background-image:url(&quot;https:\/\/www.newsteo.com\/wp-content\/uploads\/2021\/02\/bandeau-base-de-connaince2.jpg&quot;);--awb-background-size:cover;--awb-flex-wrap:wrap;\" ><div class=\"fusion-builder-row fusion-row fusion-flex-align-items-flex-start fusion-flex-content-wrap\" style=\"max-width:1352px;margin-left: calc(-4% \/ 2 );margin-right: calc(-4% \/ 2 );\"><div class=\"fusion-layout-column fusion_builder_column fusion-builder-column-0 fusion_builder_column_1_1 1_1 fusion-flex-column\" style=\"--awb-padding-top:40px;--awb-bg-size:cover;--awb-width-large:100%;--awb-margin-top-large:30px;--awb-spacing-right-large:1.92%;--awb-margin-bottom-large:30px;--awb-spacing-left-large:1.92%;--awb-width-medium:100%;--awb-order-medium:0;--awb-spacing-right-medium:1.92%;--awb-spacing-left-medium:1.92%;--awb-width-small:100%;--awb-order-small:0;--awb-spacing-right-small:1.92%;--awb-spacing-left-small:1.92%;\"><div class=\"fusion-column-wrapper fusion-column-has-shadow fusion-flex-justify-content-flex-start fusion-content-layout-column\"><div class=\"fusion-title title fusion-title-1 fusion-sep-none fusion-title-center fusion-title-text fusion-title-size-two\" style=\"--awb-text-color:#ffffff;--awb-margin-top-small:0px;--awb-margin-right-small:0px;--awb-margin-bottom-small:20px;--awb-margin-left-small:0px;--awb-font-size:42px;\"><h2 class=\"fusion-title-heading title-heading-center\" style=\"margin:0;font-size:1em;\"><strong>Rechercher dans la base de connaissance<\/strong><\/h2><\/div><div class=\"fusion-search-element fusion-search-element-1 search-base-de-connaissance fusion-search-form-classic\" style=\"--awb-input-height:52px;--awb-border-radius:4px;--awb-text-size:15px;\">\t\t<form role=\"search\" class=\"searchform fusion-search-form  fusion-live-search fusion-search-form-classic\" method=\"get\" action=\"https:\/\/www.newsteo.com\/fr\/\">\n\t\t\t<div class=\"fusion-search-form-content\">\n\n\t\t\t\t\n\t\t\t\t<div class=\"fusion-search-field search-field\">\n\t\t\t\t\t<label><span class=\"screen-reader-text\">Rechercher:<\/span>\n\t\t\t\t\t\t\t\t\t\t\t\t\t<input type=\"search\" class=\"s fusion-live-search-input\" name=\"s\" id=\"fusion-live-search-input-0\" autocomplete=\"off\" placeholder=\"Search...\" required aria-required=\"true\" aria-label=\"Search...\"\/>\n\t\t\t\t\t\t\t\t\t\t\t<\/label>\n\t\t\t\t<\/div>\n\t\t\t\t<div class=\"fusion-search-button search-button\">\n\t\t\t\t\t<input type=\"submit\" class=\"fusion-search-submit searchsubmit\" aria-label=\"Recherche\" value=\"&#xf002;\" \/>\n\t\t\t\t\t\t\t\t\t\t<div class=\"fusion-slider-loading\"><\/div>\n\t\t\t\t\t\t\t\t\t<\/div>\n\n\t\t\t\t<input type=\"hidden\" name=\"post_type[]\" value=\"page\" \/><input type=\"hidden\" name=\"search_limit_to_post_titles\" value=\"0\" \/><input type=\"hidden\" name=\"add_woo_product_skus\" value=\"0\" \/><input type=\"hidden\" name=\"live_min_character\" value=\"4\" \/><input type=\"hidden\" name=\"live_posts_per_page\" value=\"100\" \/><input type=\"hidden\" name=\"live_search_display_featured_image\" value=\"1\" \/><input type=\"hidden\" name=\"live_search_display_post_type\" value=\"1\" \/><input type=\"hidden\" name=\"fs\" value=\"1\" \/>\n\t\t\t<\/div>\n\n\n\t\t\t\t\t\t\t<div class=\"fusion-search-results-wrapper\"><div class=\"fusion-search-results\"><\/div><\/div>\n\t\t\t\n\t\t<\/form>\n\t\t<\/div><\/div><\/div><\/div><\/div><div class=\"fusion-fullwidth fullwidth-box fusion-builder-row-2 fusion-flex-container nonhundred-percent-fullwidth non-hundred-percent-height-scrolling\" style=\"--awb-border-sizes-bottom:1px;--awb-border-radius-top-left:0px;--awb-border-radius-top-right:0px;--awb-border-radius-bottom-right:0px;--awb-border-radius-bottom-left:0px;--awb-margin-bottom:50px;--awb-flex-wrap:wrap;\" ><div class=\"fusion-builder-row fusion-row fusion-flex-align-items-flex-start fusion-flex-content-wrap\" style=\"max-width:1352px;margin-left: calc(-4% \/ 2 );margin-right: calc(-4% \/ 2 );\"><div class=\"fusion-layout-column fusion_builder_column fusion-builder-column-1 fusion_builder_column_1_1 1_1 fusion-flex-column\" style=\"--awb-bg-size:cover;--awb-width-large:100%;--awb-margin-top-large:20px;--awb-spacing-right-large:1.92%;--awb-margin-bottom-large:20px;--awb-spacing-left-large:1.92%;--awb-width-medium:100%;--awb-order-medium:0;--awb-spacing-right-medium:1.92%;--awb-spacing-left-medium:1.92%;--awb-width-small:100%;--awb-order-small:0;--awb-spacing-right-small:1.92%;--awb-spacing-left-small:1.92%;\"><div class=\"fusion-column-wrapper fusion-column-has-shadow fusion-flex-justify-content-flex-start fusion-content-layout-column\"><nav class=\"fusion-breadcrumbs awb-yoast-breadcrumbs fusion-breadcrumbs-1\" style=\"--awb-alignment:left;--awb-font-size:14px;--awb-text-color:#000000;--awb-breadcrumb-sep:&#039;\/&#039;;text-align:left;\" aria-label=\"Breadcrumb\"><ol class=\"awb-breadcrumb-list\"><li class=\"fusion-breadcrumb-item awb-breadcrumb-sep awb-home\" ><a href=\"https:\/\/www.newsteo.com\/fr\/\" class=\"fusion-breadcrumb-link\"><span >Home<\/span><\/a><\/li><\/ol><\/nav><\/div><\/div><\/div><\/div><div class=\"fusion-fullwidth fullwidth-box fusion-builder-row-3 nonhundred-percent-fullwidth non-hundred-percent-height-scrolling\" style=\"--awb-border-radius-top-left:0px;--awb-border-radius-top-right:0px;--awb-border-radius-bottom-right:0px;--awb-border-radius-bottom-left:0px;--awb-flex-wrap:wrap;\" ><div class=\"fusion-builder-row fusion-row\"><div class=\"fusion-layout-column fusion_builder_column fusion-builder-column-2 fusion_builder_column_1_4 1_4 fusion-one-fourth fusion-column-first\" style=\"--awb-bg-size:cover;width:25%;width:calc(25% - ( ( 4% ) * 0.25 ) );margin-right: 4%;\"><div class=\"fusion-column-wrapper fusion-column-has-shadow fusion-flex-column-wrapper-legacy\"><div class=\"fusion-title title fusion-title-2 fusion-sep-none fusion-title-text fusion-title-size-four title-menu-3-base\" style=\"--awb-margin-bottom:10px;--awb-margin-top-small:0px;--awb-margin-right-small:0px;--awb-margin-bottom-small:20px;--awb-margin-left-small:0px;\"><h4 class=\"fusion-title-heading title-heading-left\" style=\"margin:0;\"><a href=\"https:\/\/www.newsteo.com\/fr\/assistance\/base-de-connaissance\/divers\/\">Divers<\/a><\/h4><\/div><div class=\"fusion-sep-clear\"><\/div><div class=\"fusion-separator fusion-full-width-sep\" style=\"margin-left: auto;margin-right: auto;margin-bottom:40px;width:100%;\"><div class=\"fusion-separator-border sep-single sep-solid\" style=\"--awb-height:20px;--awb-amount:20px;border-color:#e0dede;border-top-width:1px;\"><\/div><\/div><div class=\"fusion-sep-clear\"><\/div><div class=\"fusion-widget fusion-widget-element fusion-widget-area fusion-content-widget-area wpWidget-1 fusion-widget-align-left fusion_widget_vertical_menu no-divider-color\" style=\"--awb-fusion-border-size:0px;--awb-fusion-border-style:solid;\"><div class=\"widget avada_vertical_menu\"><style>#fusion-vertical-menu-widget-avada-vertical-menu-widget-1-nav ul.menu li a {font-size:14px;}<\/style><nav id=\"fusion-vertical-menu-widget-avada-vertical-menu-widget-1-nav\" class=\"fusion-vertical-menu-widget fusion-menu hover left no-border\" aria-label=\"Secondary Navigation: \"><ul id=\"menu-base-de-connaissance-divers\" class=\"menu\"><li id=\"menu-item-83452\" class=\"menu-item menu-item-type-post_type menu-item-object-page menu-item-83452\"><a href=\"https:\/\/www.newsteo.com\/fr\/assistance\/base-de-connaissance\/divers\/branchement-passerelle-cub22\/\"><span class=\"link-text\"> Branchement de la passerelle CUB22<\/span><span class=\"arrow\"><\/span><\/a><\/li><li id=\"menu-item-82437\" class=\"menu-item menu-item-type-post_type menu-item-object-page menu-item-82437\"><a href=\"https:\/\/www.newsteo.com\/fr\/assistance\/base-de-connaissance\/divers\/cablage-rlb\/\"><span class=\"link-text\"> C\u00e2blage RLB et exemples<\/span><span class=\"arrow\"><\/span><\/a><\/li><li id=\"menu-item-82438\" class=\"menu-item menu-item-type-post_type menu-item-object-page menu-item-82438\"><a href=\"https:\/\/www.newsteo.com\/fr\/?page_id=80326\"><span class=\"link-text\"> Capteur : Pr\u00e9cision, r\u00e9solution, incertitude<\/span><span class=\"arrow\"><\/span><\/a><\/li><li id=\"menu-item-82439\" class=\"menu-item menu-item-type-post_type menu-item-object-page menu-item-82439\"><a href=\"https:\/\/www.newsteo.com\/fr\/assistance\/base-de-connaissance\/divers\/comment-eteindre-la-led-du-cub\/\"><span class=\"link-text\"> Comment \u00e9teindre la LED du CUB<\/span><span class=\"arrow\"><\/span><\/a><\/li><li id=\"menu-item-82440\" class=\"menu-item menu-item-type-post_type menu-item-object-page menu-item-82440\"><a href=\"https:\/\/www.newsteo.com\/fr\/assistance\/base-de-connaissance\/divers\/recycle-deee-professionnels\/\"><span class=\"link-text\"> Est-ce que Newsteo recycle les DEEE professionnels dont il est \u00e0 l\u2019origine ?<\/span><span class=\"arrow\"><\/span><\/a><\/li><li id=\"menu-item-82441\" class=\"menu-item menu-item-type-post_type menu-item-object-page menu-item-82441\"><a href=\"https:\/\/www.newsteo.com\/fr\/assistance\/base-de-connaissance\/divers\/installation-parafoudre-antenne-pleine-onde\/\"><span class=\"link-text\"> Installation du parafoudre sur une antenne pleine onde<\/span><span class=\"arrow\"><\/span><\/a><\/li><li id=\"menu-item-82442\" class=\"menu-item menu-item-type-post_type menu-item-object-page menu-item-82442\"><a href=\"https:\/\/www.newsteo.com\/fr\/assistance\/base-de-connaissance\/divers\/mise-en-route-et-fonctionnement-dis3x\/\"><span class=\"link-text\"> Mise en route et fonctionnement DIS3x<\/span><span class=\"arrow\"><\/span><\/a><\/li><li id=\"menu-item-82443\" class=\"menu-item menu-item-type-post_type menu-item-object-page menu-item-82443\"><a href=\"https:\/\/www.newsteo.com\/fr\/assistance\/base-de-connaissance\/divers\/ou-sont-fabriques-les-produits-newsteo\/\"><span class=\"link-text\"> O\u00f9 sont fabriqu\u00e9s les produits Newsteo ?<\/span><span class=\"arrow\"><\/span><\/a><\/li><li id=\"menu-item-82445\" class=\"menu-item menu-item-type-post_type menu-item-object-page menu-item-82445\"><a href=\"https:\/\/www.newsteo.com\/fr\/assistance\/base-de-connaissance\/divers\/pharmacie-reglements-recommandations\/\"><span class=\"link-text\"> Pharmacie : r\u00e8glements et recommandations<\/span><span class=\"arrow\"><\/span><\/a><\/li><li id=\"menu-item-82446\" class=\"menu-item menu-item-type-post_type menu-item-object-page menu-item-82446\"><a href=\"https:\/\/www.newsteo.com\/fr\/assistance\/base-de-connaissance\/divers\/changement-pile-lom-lop\/\"><span class=\"link-text\"> Proc\u00e9dure de changement de pile sur les enregistreurs LOM et LOP<\/span><span class=\"arrow\"><\/span><\/a><\/li><li id=\"menu-item-82447\" class=\"menu-item menu-item-type-post_type menu-item-object-page menu-item-82447\"><a href=\"https:\/\/www.newsteo.com\/fr\/assistance\/base-de-connaissance\/divers\/rapports-caracterisation-enceinte\/\"><span class=\"link-text\"> Rapport de caract\u00e9risation et de v\u00e9rification d\u2019enceinte \u2013 Norme FD X 15-140<\/span><span class=\"arrow\"><\/span><\/a><\/li><li id=\"menu-item-82444\" class=\"menu-item menu-item-type-post_type menu-item-object-page menu-item-82444\"><a href=\"https:\/\/www.newsteo.com\/fr\/assistance\/base-de-connaissance\/divers\/sante-reglements-textes\/\"><span class=\"link-text\"> Sant\u00e9 : r\u00e8glements, textes<\/span><span class=\"arrow\"><\/span><\/a><\/li><\/ul><\/nav><\/div><\/div><div class=\"fusion-clearfix\"><\/div><\/div><\/div><div class=\"fusion-layout-column fusion_builder_column fusion-builder-column-3 fusion_builder_column_3_4 3_4 fusion-three-fourth fusion-column-last\" style=\"--awb-bg-size:cover;--awb-margin-top:20px;--awb-margin-bottom:50px;width:75%;width:calc(75% - ( ( 4% ) * 0.75 ) );\"><div class=\"fusion-column-wrapper fusion-column-has-shadow fusion-flex-column-wrapper-legacy\"><div class=\"fusion-title title fusion-title-3 fusion-sep-none fusion-title-text fusion-title-size-one title-menu-3-base\" style=\"--awb-margin-bottom:10px;--awb-margin-top-small:0px;--awb-margin-right-small:0px;--awb-margin-bottom-small:20px;--awb-margin-left-small:0px;\"><h1 class=\"fusion-title-heading title-heading-left\" style=\"margin:0;\">Mise en route et fonctionnement DIS3x<\/h1><\/div><div class=\"fusion-sep-clear\"><\/div><div class=\"fusion-separator fusion-full-width-sep\" style=\"margin-left: auto;margin-right: auto;margin-bottom:40px;width:100%;\"><div class=\"fusion-separator-border sep-single sep-solid\" style=\"--awb-height:20px;--awb-amount:20px;border-color:#e0dede;border-top-width:1px;\"><\/div><\/div><div class=\"fusion-sep-clear\"><\/div><div class=\"fusion-text fusion-text-1\"><p>Le DIS3x est un afficheur, permettant d\u2019afficher les mesures de Loggers. Il ne stocke pas les mesures re\u00e7ues, il affiche uniquement la derni\u00e8re valeur. En cas d\u2019alerte, une alarme sonore se d\u00e9clenche automatiquement sur le DIS3x.<\/p>\n<h3>D\u00e9marrage et configuration<\/h3>\n<ol>\n<li>Brancher le DIS3x<\/li>\n<li>Le DIS3x affiche \u00ab\u00a0NO LOGGER PAIRED\u00a0\u00bb.<\/li>\n<li>Le DIS3x d\u00e9marre sur le Canal 1, non s\u00e9curis\u00e9. Si vous avez modifi\u00e9 le canal d\u2019exploitation de votre installation, d\u00e9marrer RF Monitor et effectuer le m\u00eame process sur le DIS3x (le param\u00e9trer sur le m\u00eame canal d\u2019exploitation que votre parc de Logger). Votre \u00e9metteur r\u00e9cepteur radio (cl\u00e9 RF-to-USB) doit \u00eatre connect\u00e9 pour effectuer cette op\u00e9ration<\/li>\n<\/ol>\n<h3>Appairage<\/h3>\n<ol>\n<li><strong>D\u00e9brancher le r\u00e9cepteur radio<\/strong>\u00a0(cl\u00e9 RF-to-USB ou Collector).<\/li>\n<li>Appuyer 3 secondes sur le bouton rouge situ\u00e9 \u00e0 l\u2019arri\u00e8re du DIS3x. Le DIS3x affiche \u00ab\u00a0PAIRING IN PROGRESS\u00a0\u00bb.<\/li>\n<li>Passer un coup d\u2019aimant sur votre Logger \u00e0 appairer, au niveau du symbole Aimant ou de l\u2019\u00e9criture\u00a0<em>magnet<\/em>.<\/li>\n<li>Le nom du Logger suivi de \u00ab\u00a0PAIRED\u00a0\u00bb est affich\u00e9 sur le DIS3x, puis sa derni\u00e8re mesure. Pour appairer un autre Logger, effectuer \u00e0 nouveau la m\u00eame op\u00e9ration.<\/li>\n<li>Une fois les op\u00e9rations d\u2019appairage termin\u00e9es,\u00a0<strong>rebrancher<\/strong>\u00a0<strong>le r\u00e9cepteur radio<\/strong>\u00a0(cl\u00e9 RF-to-USB ou Collector).<\/li>\n<\/ol>\n<p>Pour que le DIS3x n\u2019affiche plus certains Loggers, il est n\u00e9cessaire d\u2019effacer compl\u00e8tement la liste des Loggers appair\u00e9s. Pour cela, d\u00e9brancher le DIS3x puis le rebrancher tout en maintenant appuy\u00e9 le bouton rouge. Le DIS3x indique \u00ab\u00a0LIST CLEARED\u00a0\u00bb.<\/p>\n<h3>Fonctionnement<\/h3>\n<p><strong>Hors alerte\u00a0:\u00a0<\/strong><br \/>\nLes valeurs des 3 premiers capteurs du Logger sont affich\u00e9es. Le DIS3x fait automatiquement d\u00e9filer l\u2019affichage des diff\u00e9rents Loggers. On peut aussi passer d\u2019un Logger \u00e0 un autre en appuyant sur le bouton rouge.<br \/>\n<strong>En cas d\u2019alerte\u00a0:<\/strong><br \/>\nLe logger en alerte est affich\u00e9 sur le DIS3x. Le DIS3x \u00e9met une alarme sonore. Pour acquitter cette alerte, il suffit d\u2019appuyer sur le bouton rouge du DIS. Le volume sonore de l\u2019alarme diminue. Pour l\u2019\u00e9teindre compl\u00e8tement, appuyer une deuxi\u00e8me fois sur le bouton.<br \/>\nNote\u00a0: l\u2019\u00e9cran DIS31 se d\u00e9sactive automatiquement au bout d\u20191 heure d\u2019immobilit\u00e9. L\u2019\u00e9cran se rallume d\u00e8s qu\u2019un mouvement est d\u00e9tect\u00e9.<\/p>\n<h3 class=\"PJ espace\">Pi\u00e8ce(s) jointe(s)<\/h3>\n<div class=\"wp-block-file espace\"><a href=\"https:\/\/www.newsteo.com\/wp-content\/uploads\/2019\/07\/SFDO-DIS3x-001-0101.pdf\">SFDO-DIS3x-001-0101<\/a><a class=\"wp-block-file__button\" href=\"https:\/\/www.newsteo.com\/wp-content\/uploads\/2019\/07\/SFDO-DIS3x-001-0101.pdf\" download=\"\">T\u00e9l\u00e9charger<\/a><\/div>\n<div><\/div>\n<div class=\"wp-block-file\"><a href=\"https:\/\/www.newsteo.com\/wp-content\/uploads\/2019\/07\/SFDO-DIS3x-002-0101.pdf\">SFDO-DIS3x-002-0101<\/a><a class=\"wp-block-file__button\" href=\"https:\/\/www.newsteo.com\/wp-content\/uploads\/2019\/07\/SFDO-DIS3x-002-0101.pdf\" download=\"\">T\u00e9l\u00e9charger<\/a><\/div>\n<\/div><div class=\"fusion-clearfix\"><\/div><\/div><\/div><\/div><\/div><\/p>\n","protected":false},"excerpt":{"rendered":"","protected":false},"author":28,"featured_media":0,"parent":80320,"menu_order":0,"comment_status":"closed","ping_status":"closed","template":"100-width.php","meta":{"footnotes":""},"class_list":["post-80340","page","type-page","status-publish","hentry"],"_links":{"self":[{"href":"https:\/\/www.newsteo.com\/fr\/wp-json\/wp\/v2\/pages\/80340","targetHints":{"allow":["GET"]}}],"collection":[{"href":"https:\/\/www.newsteo.com\/fr\/wp-json\/wp\/v2\/pages"}],"about":[{"href":"https:\/\/www.newsteo.com\/fr\/wp-json\/wp\/v2\/types\/page"}],"author":[{"embeddable":true,"href":"https:\/\/www.newsteo.com\/fr\/wp-json\/wp\/v2\/users\/28"}],"replies":[{"embeddable":true,"href":"https:\/\/www.newsteo.com\/fr\/wp-json\/wp\/v2\/comments?post=80340"}],"version-history":[{"count":0,"href":"https:\/\/www.newsteo.com\/fr\/wp-json\/wp\/v2\/pages\/80340\/revisions"}],"up":[{"embeddable":true,"href":"https:\/\/www.newsteo.com\/fr\/wp-json\/wp\/v2\/pages\/80320"}],"wp:attachment":[{"href":"https:\/\/www.newsteo.com\/fr\/wp-json\/wp\/v2\/media?parent=80340"}],"curies":[{"name":"wp","href":"https:\/\/api.w.org\/{rel}","templated":true}]}}