{"id":80390,"date":"2021-07-08T15:44:02","date_gmt":"2021-07-08T13:44:02","guid":{"rendered":"https:\/\/www.newsteo.com\/?page_id=80390"},"modified":"2021-10-13T17:07:46","modified_gmt":"2021-10-13T15:07:46","slug":"acquitter-alarmes","status":"publish","type":"page","link":"https:\/\/www.newsteo.com\/fr\/assistance\/base-de-connaissance\/webmonitor\/acquitter-alarmes\/","title":{"rendered":"Acquitter plusieurs Alarmes en 1 action"},"content":{"rendered":"<p><div class=\"fusion-fullwidth fullwidth-box fusion-builder-row-1 fusion-flex-container fusion-parallax-none nonhundred-percent-fullwidth non-hundred-percent-height-scrolling recherche-base-de-connaissance\" style=\"--awb-border-radius-top-left:0px;--awb-border-radius-top-right:0px;--awb-border-radius-bottom-right:0px;--awb-border-radius-bottom-left:0px;--awb-background-image:url(&quot;https:\/\/www.newsteo.com\/wp-content\/uploads\/2021\/02\/bandeau-base-de-connaince2.jpg&quot;);--awb-background-size:cover;--awb-flex-wrap:wrap;\" ><div class=\"fusion-builder-row fusion-row fusion-flex-align-items-flex-start fusion-flex-content-wrap\" style=\"max-width:1352px;margin-left: calc(-4% \/ 2 );margin-right: calc(-4% \/ 2 );\"><div class=\"fusion-layout-column fusion_builder_column fusion-builder-column-0 fusion_builder_column_1_1 1_1 fusion-flex-column\" style=\"--awb-padding-top:40px;--awb-bg-size:cover;--awb-width-large:100%;--awb-margin-top-large:30px;--awb-spacing-right-large:1.92%;--awb-margin-bottom-large:30px;--awb-spacing-left-large:1.92%;--awb-width-medium:100%;--awb-order-medium:0;--awb-spacing-right-medium:1.92%;--awb-spacing-left-medium:1.92%;--awb-width-small:100%;--awb-order-small:0;--awb-spacing-right-small:1.92%;--awb-spacing-left-small:1.92%;\"><div class=\"fusion-column-wrapper fusion-column-has-shadow fusion-flex-justify-content-flex-start fusion-content-layout-column\"><div class=\"fusion-title title fusion-title-1 fusion-sep-none fusion-title-center fusion-title-text fusion-title-size-two\" style=\"--awb-text-color:#ffffff;--awb-margin-top-small:0px;--awb-margin-right-small:0px;--awb-margin-bottom-small:20px;--awb-margin-left-small:0px;--awb-font-size:42px;\"><h2 class=\"fusion-title-heading title-heading-center\" style=\"margin:0;font-size:1em;\"><strong>Rechercher dans la base de connaissance<\/strong><\/h2><\/div><div class=\"fusion-search-element fusion-search-element-1 search-base-de-connaissance fusion-search-form-classic\" style=\"--awb-input-height:52px;--awb-border-radius:4px;--awb-text-size:15px;\">\t\t<form role=\"search\" class=\"searchform fusion-search-form  fusion-live-search fusion-search-form-classic\" method=\"get\" action=\"https:\/\/www.newsteo.com\/fr\/\">\n\t\t\t<div class=\"fusion-search-form-content\">\n\n\t\t\t\t\n\t\t\t\t<div class=\"fusion-search-field search-field\">\n\t\t\t\t\t<label><span class=\"screen-reader-text\">Rechercher:<\/span>\n\t\t\t\t\t\t\t\t\t\t\t\t\t<input type=\"search\" class=\"s fusion-live-search-input\" name=\"s\" id=\"fusion-live-search-input-0\" autocomplete=\"off\" placeholder=\"Search...\" required aria-required=\"true\" aria-label=\"Search...\"\/>\n\t\t\t\t\t\t\t\t\t\t\t<\/label>\n\t\t\t\t<\/div>\n\t\t\t\t<div class=\"fusion-search-button search-button\">\n\t\t\t\t\t<input type=\"submit\" class=\"fusion-search-submit searchsubmit\" aria-label=\"Recherche\" value=\"&#xf002;\" \/>\n\t\t\t\t\t\t\t\t\t\t<div class=\"fusion-slider-loading\"><\/div>\n\t\t\t\t\t\t\t\t\t<\/div>\n\n\t\t\t\t<input type=\"hidden\" name=\"post_type[]\" value=\"page\" \/><input type=\"hidden\" name=\"search_limit_to_post_titles\" value=\"0\" \/><input type=\"hidden\" name=\"add_woo_product_skus\" value=\"0\" \/><input type=\"hidden\" name=\"live_min_character\" value=\"4\" \/><input type=\"hidden\" name=\"live_posts_per_page\" value=\"100\" \/><input type=\"hidden\" name=\"live_search_display_featured_image\" value=\"1\" \/><input type=\"hidden\" name=\"live_search_display_post_type\" value=\"1\" \/><input type=\"hidden\" name=\"fs\" value=\"1\" \/>\n\t\t\t<\/div>\n\n\n\t\t\t\t\t\t\t<div class=\"fusion-search-results-wrapper\"><div class=\"fusion-search-results\"><\/div><\/div>\n\t\t\t\n\t\t<\/form>\n\t\t<\/div><\/div><\/div><\/div><\/div><div class=\"fusion-fullwidth fullwidth-box fusion-builder-row-2 fusion-flex-container nonhundred-percent-fullwidth non-hundred-percent-height-scrolling\" style=\"--awb-border-sizes-bottom:1px;--awb-border-radius-top-left:0px;--awb-border-radius-top-right:0px;--awb-border-radius-bottom-right:0px;--awb-border-radius-bottom-left:0px;--awb-margin-bottom:50px;--awb-flex-wrap:wrap;\" ><div class=\"fusion-builder-row fusion-row fusion-flex-align-items-flex-start fusion-flex-content-wrap\" style=\"max-width:1352px;margin-left: calc(-4% \/ 2 );margin-right: calc(-4% \/ 2 );\"><div class=\"fusion-layout-column fusion_builder_column fusion-builder-column-1 fusion_builder_column_1_1 1_1 fusion-flex-column\" style=\"--awb-bg-size:cover;--awb-width-large:100%;--awb-margin-top-large:20px;--awb-spacing-right-large:1.92%;--awb-margin-bottom-large:20px;--awb-spacing-left-large:1.92%;--awb-width-medium:100%;--awb-order-medium:0;--awb-spacing-right-medium:1.92%;--awb-spacing-left-medium:1.92%;--awb-width-small:100%;--awb-order-small:0;--awb-spacing-right-small:1.92%;--awb-spacing-left-small:1.92%;\"><div class=\"fusion-column-wrapper fusion-column-has-shadow fusion-flex-justify-content-flex-start fusion-content-layout-column\"><nav class=\"fusion-breadcrumbs awb-yoast-breadcrumbs fusion-breadcrumbs-1\" style=\"--awb-alignment:left;--awb-font-size:14px;--awb-text-color:#000000;--awb-breadcrumb-sep:&#039;\/&#039;;text-align:left;\" aria-label=\"Breadcrumb\"><ol class=\"awb-breadcrumb-list\"><li class=\"fusion-breadcrumb-item awb-breadcrumb-sep awb-home\" ><a href=\"https:\/\/www.newsteo.com\/fr\/\" class=\"fusion-breadcrumb-link\"><span >Home<\/span><\/a><\/li><\/ol><\/nav><\/div><\/div><\/div><\/div><div class=\"fusion-fullwidth fullwidth-box fusion-builder-row-3 nonhundred-percent-fullwidth non-hundred-percent-height-scrolling\" style=\"--awb-border-radius-top-left:0px;--awb-border-radius-top-right:0px;--awb-border-radius-bottom-right:0px;--awb-border-radius-bottom-left:0px;--awb-flex-wrap:wrap;\" ><div class=\"fusion-builder-row fusion-row\"><div class=\"fusion-layout-column fusion_builder_column fusion-builder-column-2 fusion_builder_column_1_4 1_4 fusion-one-fourth fusion-column-first\" style=\"--awb-bg-size:cover;width:25%;width:calc(25% - ( ( 4% ) * 0.25 ) );margin-right: 4%;\"><div class=\"fusion-column-wrapper fusion-column-has-shadow fusion-flex-column-wrapper-legacy\"><div class=\"fusion-title title fusion-title-2 fusion-sep-none fusion-title-text fusion-title-size-four title-menu-3-base\" style=\"--awb-margin-bottom:10px;--awb-margin-top-small:0px;--awb-margin-right-small:0px;--awb-margin-bottom-small:20px;--awb-margin-left-small:0px;\"><h4 class=\"fusion-title-heading title-heading-left\" style=\"margin:0;\"><a href=\"https:\/\/www.newsteo.com\/fr\/assistance\/base-de-connaissance\/webmonitor\/\">Webmonitor<\/a><\/h4><\/div><div class=\"fusion-sep-clear\"><\/div><div class=\"fusion-separator fusion-full-width-sep\" style=\"margin-left: auto;margin-right: auto;margin-bottom:40px;width:100%;\"><div class=\"fusion-separator-border sep-single sep-solid\" style=\"--awb-height:20px;--awb-amount:20px;border-color:#e0dede;border-top-width:1px;\"><\/div><\/div><div class=\"fusion-sep-clear\"><\/div><div class=\"fusion-widget fusion-widget-element fusion-widget-area fusion-content-widget-area wpWidget-1 fusion-widget-align-left fusion_widget_vertical_menu no-divider-color\" style=\"--awb-fusion-border-size:0px;--awb-fusion-border-style:solid;\"><div class=\"widget avada_vertical_menu\"><style>#fusion-vertical-menu-widget-avada-vertical-menu-widget-1-nav ul.menu li a {font-size:14px;}<\/style><nav id=\"fusion-vertical-menu-widget-avada-vertical-menu-widget-1-nav\" class=\"fusion-vertical-menu-widget fusion-menu hover left no-border\" aria-label=\"Secondary Navigation: \"><ul id=\"menu-base-de-connaissance-divers\" class=\"menu\"><li id=\"menu-item-83452\" class=\"menu-item menu-item-type-post_type menu-item-object-page menu-item-83452\"><a href=\"https:\/\/www.newsteo.com\/fr\/assistance\/base-de-connaissance\/divers\/branchement-passerelle-cub22\/\"><span class=\"link-text\"> Branchement de la passerelle CUB22<\/span><span class=\"arrow\"><\/span><\/a><\/li><li id=\"menu-item-82437\" class=\"menu-item menu-item-type-post_type menu-item-object-page menu-item-82437\"><a href=\"https:\/\/www.newsteo.com\/fr\/assistance\/base-de-connaissance\/divers\/cablage-rlb\/\"><span class=\"link-text\"> C\u00e2blage RLB et exemples<\/span><span class=\"arrow\"><\/span><\/a><\/li><li id=\"menu-item-82438\" class=\"menu-item menu-item-type-post_type menu-item-object-page menu-item-82438\"><a href=\"https:\/\/www.newsteo.com\/fr\/?page_id=80326\"><span class=\"link-text\"> Capteur : Pr\u00e9cision, r\u00e9solution, incertitude<\/span><span class=\"arrow\"><\/span><\/a><\/li><li id=\"menu-item-82439\" class=\"menu-item menu-item-type-post_type menu-item-object-page menu-item-82439\"><a href=\"https:\/\/www.newsteo.com\/fr\/assistance\/base-de-connaissance\/divers\/comment-eteindre-la-led-du-cub\/\"><span class=\"link-text\"> Comment \u00e9teindre la LED du CUB<\/span><span class=\"arrow\"><\/span><\/a><\/li><li id=\"menu-item-82440\" class=\"menu-item menu-item-type-post_type menu-item-object-page menu-item-82440\"><a href=\"https:\/\/www.newsteo.com\/fr\/assistance\/base-de-connaissance\/divers\/recycle-deee-professionnels\/\"><span class=\"link-text\"> Est-ce que Newsteo recycle les DEEE professionnels dont il est \u00e0 l\u2019origine ?<\/span><span class=\"arrow\"><\/span><\/a><\/li><li id=\"menu-item-82441\" class=\"menu-item menu-item-type-post_type menu-item-object-page menu-item-82441\"><a href=\"https:\/\/www.newsteo.com\/fr\/assistance\/base-de-connaissance\/divers\/installation-parafoudre-antenne-pleine-onde\/\"><span class=\"link-text\"> Installation du parafoudre sur une antenne pleine onde<\/span><span class=\"arrow\"><\/span><\/a><\/li><li id=\"menu-item-82442\" class=\"menu-item menu-item-type-post_type menu-item-object-page menu-item-82442\"><a href=\"https:\/\/www.newsteo.com\/fr\/assistance\/base-de-connaissance\/divers\/mise-en-route-et-fonctionnement-dis3x\/\"><span class=\"link-text\"> Mise en route et fonctionnement DIS3x<\/span><span class=\"arrow\"><\/span><\/a><\/li><li id=\"menu-item-82443\" class=\"menu-item menu-item-type-post_type menu-item-object-page menu-item-82443\"><a href=\"https:\/\/www.newsteo.com\/fr\/assistance\/base-de-connaissance\/divers\/ou-sont-fabriques-les-produits-newsteo\/\"><span class=\"link-text\"> O\u00f9 sont fabriqu\u00e9s les produits Newsteo ?<\/span><span class=\"arrow\"><\/span><\/a><\/li><li id=\"menu-item-82445\" class=\"menu-item menu-item-type-post_type menu-item-object-page menu-item-82445\"><a href=\"https:\/\/www.newsteo.com\/fr\/assistance\/base-de-connaissance\/divers\/pharmacie-reglements-recommandations\/\"><span class=\"link-text\"> Pharmacie : r\u00e8glements et recommandations<\/span><span class=\"arrow\"><\/span><\/a><\/li><li id=\"menu-item-82446\" class=\"menu-item menu-item-type-post_type menu-item-object-page menu-item-82446\"><a href=\"https:\/\/www.newsteo.com\/fr\/assistance\/base-de-connaissance\/divers\/changement-pile-lom-lop\/\"><span class=\"link-text\"> Proc\u00e9dure de changement de pile sur les enregistreurs LOM et LOP<\/span><span class=\"arrow\"><\/span><\/a><\/li><li id=\"menu-item-82447\" class=\"menu-item menu-item-type-post_type menu-item-object-page menu-item-82447\"><a href=\"https:\/\/www.newsteo.com\/fr\/assistance\/base-de-connaissance\/divers\/rapports-caracterisation-enceinte\/\"><span class=\"link-text\"> Rapport de caract\u00e9risation et de v\u00e9rification d\u2019enceinte \u2013 Norme FD X 15-140<\/span><span class=\"arrow\"><\/span><\/a><\/li><li id=\"menu-item-82444\" class=\"menu-item menu-item-type-post_type menu-item-object-page menu-item-82444\"><a href=\"https:\/\/www.newsteo.com\/fr\/assistance\/base-de-connaissance\/divers\/sante-reglements-textes\/\"><span class=\"link-text\"> Sant\u00e9 : r\u00e8glements, textes<\/span><span class=\"arrow\"><\/span><\/a><\/li><\/ul><\/nav><\/div><\/div><div class=\"fusion-clearfix\"><\/div><\/div><\/div><div class=\"fusion-layout-column fusion_builder_column fusion-builder-column-3 fusion_builder_column_3_4 3_4 fusion-three-fourth fusion-column-last\" style=\"--awb-bg-size:cover;--awb-margin-top:20px;--awb-margin-bottom:50px;width:75%;width:calc(75% - ( ( 4% ) * 0.75 ) );\"><div class=\"fusion-column-wrapper fusion-column-has-shadow fusion-flex-column-wrapper-legacy\"><div class=\"fusion-title title fusion-title-3 fusion-sep-none fusion-title-text fusion-title-size-one title-menu-3-base\" style=\"--awb-margin-bottom:10px;--awb-margin-top-small:0px;--awb-margin-right-small:0px;--awb-margin-bottom-small:20px;--awb-margin-left-small:0px;\"><h1 class=\"fusion-title-heading title-heading-left\" style=\"margin:0;\">Acquitter plusieurs Alarmes en 1 action<\/h1><\/div><div class=\"fusion-sep-clear\"><\/div><div class=\"fusion-separator fusion-full-width-sep\" style=\"margin-left: auto;margin-right: auto;margin-bottom:40px;width:100%;\"><div class=\"fusion-separator-border sep-single sep-solid\" style=\"--awb-height:20px;--awb-amount:20px;border-color:#e0dede;border-top-width:1px;\"><\/div><\/div><div class=\"fusion-sep-clear\"><\/div><div class=\"fusion-title title fusion-title-4 fusion-sep-none fusion-title-text fusion-title-size-three\" style=\"--awb-margin-top-small:0px;--awb-margin-right-small:0px;--awb-margin-bottom-small:20px;--awb-margin-left-small:0px;\"><h3 class=\"fusion-title-heading title-heading-left\" style=\"margin:0;\">Pour acquitter des alertes en masse dans Webmonitor<\/h3><\/div><div class=\"fusion-sep-clear\"><\/div><div class=\"fusion-separator fusion-full-width-sep\" style=\"margin-left: auto;margin-right: auto;margin-bottom:20px;width:100%;\"><div class=\"fusion-separator-border sep-single sep-solid\" style=\"--awb-height:20px;--awb-amount:20px;border-color:#e0dede;border-top-width:1px;\"><\/div><\/div><div class=\"fusion-sep-clear\"><\/div><div class=\"fusion-text fusion-text-1\"><ul>\n<li style=\"text-align: left;\">Connectez-vous \u00e0 votre interface<\/li>\n<\/ul>\n<\/div><div class=\"fusion-image-element fusion-image-align-center in-legacy-container\" style=\"text-align:center;--awb-margin-top:18px;--awb-margin-bottom:20px;--awb-caption-title-font-family:var(--h2_typography-font-family);--awb-caption-title-font-weight:var(--h2_typography-font-weight);--awb-caption-title-font-style:var(--h2_typography-font-style);--awb-caption-title-size:var(--h2_typography-font-size);--awb-caption-title-transform:var(--h2_typography-text-transform);--awb-caption-title-line-height:var(--h2_typography-line-height);--awb-caption-title-letter-spacing:var(--h2_typography-letter-spacing);\"><div class=\"imageframe-align-center\"><span class=\" fusion-imageframe imageframe-none imageframe-1 hover-type-none\"><a href=\"https:\/\/www.newsteo.com\/wp-content\/uploads\/2020\/06\/1_connexion.jpg\" class=\"fusion-lightbox\" data-rel=\"iLightbox[d7588b2781240d0591d]\" data-title=\"1_connexion\" title=\"1_connexion-web\"><img decoding=\"async\" width=\"800\" height=\"433\" src=\"https:\/\/www.newsteo.com\/wp-content\/uploads\/2020\/06\/1_connexion-web.jpg\" alt class=\"img-responsive wp-image-69379\" srcset=\"https:\/\/www.newsteo.com\/wp-content\/uploads\/2020\/06\/1_connexion-web-500x271.jpg 500w, https:\/\/www.newsteo.com\/wp-content\/uploads\/2020\/06\/1_connexion-web-700x379.jpg 700w, https:\/\/www.newsteo.com\/wp-content\/uploads\/2020\/06\/1_connexion-web.jpg 800w\" sizes=\"(max-width: 800px) 100vw, 800px\" \/><\/a><\/span><\/div><\/div><div class=\"fusion-sep-clear\"><\/div><div class=\"fusion-separator fusion-full-width-sep\" style=\"margin-left: auto;margin-right: auto;margin-bottom:20px;width:100%;\"><div class=\"fusion-separator-border sep-single sep-solid\" style=\"--awb-height:20px;--awb-amount:20px;border-color:#e0dede;border-top-width:1px;\"><\/div><\/div><div class=\"fusion-sep-clear\"><\/div><div class=\"fusion-text fusion-text-2\"><ul>\n<li>Cliquer sur le menu <i>Alertes<\/i> pour visualiser les alertes non comment\u00e9es<\/li>\n<li>Cliquer ensuite sur le bouton <em>MENU<\/em> en haut \u00e0 droite de l&rsquo;\u00e9cran<\/li>\n<\/ul>\n<\/div><div class=\"fusion-image-element fusion-image-align-center in-legacy-container\" style=\"text-align:center;--awb-margin-top:18px;--awb-margin-bottom:20px;--awb-caption-title-font-family:var(--h2_typography-font-family);--awb-caption-title-font-weight:var(--h2_typography-font-weight);--awb-caption-title-font-style:var(--h2_typography-font-style);--awb-caption-title-size:var(--h2_typography-font-size);--awb-caption-title-transform:var(--h2_typography-text-transform);--awb-caption-title-line-height:var(--h2_typography-line-height);--awb-caption-title-letter-spacing:var(--h2_typography-letter-spacing);\"><div class=\"imageframe-align-center\"><span class=\" fusion-imageframe imageframe-none imageframe-2 hover-type-none\"><a href=\"https:\/\/www.newsteo.com\/wp-content\/uploads\/2020\/07\/1-Alertes.png\" class=\"fusion-lightbox\" data-rel=\"iLightbox[e5967c7bde334dc43e9]\" data-title=\"1-Alertes\" title=\"1-Alertes\"><img decoding=\"async\" width=\"1920\" height=\"1040\" alt=\"Menu Alerte\" src=\"https:\/\/www.newsteo.com\/wp-content\/uploads\/2020\/07\/1-Alertes.png\" class=\"img-responsive wp-image-70001\" srcset=\"https:\/\/www.newsteo.com\/wp-content\/uploads\/2020\/07\/1-Alertes-500x271.png 500w, https:\/\/www.newsteo.com\/wp-content\/uploads\/2020\/07\/1-Alertes-700x379.png 700w, https:\/\/www.newsteo.com\/wp-content\/uploads\/2020\/07\/1-Alertes.png 1920w\" sizes=\"(max-width: 1920px) 100vw, 1920px\" \/><\/a><\/span><\/div><\/div><div class=\"fusion-sep-clear\"><\/div><div class=\"fusion-separator fusion-full-width-sep\" style=\"margin-left: auto;margin-right: auto;margin-bottom:20px;width:100%;\"><div class=\"fusion-separator-border sep-single sep-solid\" style=\"--awb-height:20px;--awb-amount:20px;border-color:#e0dede;border-top-width:1px;\"><\/div><\/div><div class=\"fusion-sep-clear\"><\/div><div class=\"fusion-text fusion-text-3\"><p>Vous allez pouvoir acquitter en une fois toutes les alertes de plage de temps s\u00e9lectionn\u00e9e.<\/p>\n<p>A noter:<\/p>\n<ol>\n<li>Les alertes d\u00e9j\u00e0 comment\u00e9es ne seront pas modifi\u00e9es<\/li>\n<li>Seules les alertes qui ont le statut <em>Ferm\u00e9e<\/em> seront comment\u00e9es en masse (alertes qui sont revenues \u00e0 la normale)<\/li>\n<\/ol>\n<ul>\n<li>S\u00e9lectionner la plage d&rsquo;alertes que vous souhaitez commenter via le s\u00e9lecteur de p\u00e9riode<\/li>\n<li>Cliquer sur <em>MENU<\/em><\/li>\n<\/ul>\n<\/div><div class=\"fusion-image-element fusion-image-align-center in-legacy-container\" style=\"text-align:center;--awb-margin-top:20px;--awb-margin-bottom:20px;--awb-caption-title-font-family:var(--h2_typography-font-family);--awb-caption-title-font-weight:var(--h2_typography-font-weight);--awb-caption-title-font-style:var(--h2_typography-font-style);--awb-caption-title-size:var(--h2_typography-font-size);--awb-caption-title-transform:var(--h2_typography-text-transform);--awb-caption-title-line-height:var(--h2_typography-line-height);--awb-caption-title-letter-spacing:var(--h2_typography-letter-spacing);\"><div class=\"imageframe-align-center\"><span class=\" fusion-imageframe imageframe-none imageframe-3 hover-type-none\"><a href=\"https:\/\/www.newsteo.com\/wp-content\/uploads\/2020\/07\/2-Acquitter.png\" class=\"fusion-lightbox\" data-rel=\"iLightbox[2ccc5708f673f6414fa]\" data-title=\"2-Acquitter\" title=\"2-Acquitter\"><img decoding=\"async\" width=\"1920\" height=\"1040\" alt=\"Acquitter des alertes\" src=\"https:\/\/www.newsteo.com\/wp-content\/uploads\/2020\/07\/2-Acquitter.png\" class=\"img-responsive wp-image-70009\" srcset=\"https:\/\/www.newsteo.com\/wp-content\/uploads\/2020\/07\/2-Acquitter-500x271.png 500w, https:\/\/www.newsteo.com\/wp-content\/uploads\/2020\/07\/2-Acquitter-700x379.png 700w, https:\/\/www.newsteo.com\/wp-content\/uploads\/2020\/07\/2-Acquitter.png 1920w\" sizes=\"(max-width: 1920px) 100vw, 1920px\" \/><\/a><\/span><\/div><\/div><div class=\"fusion-sep-clear\"><\/div><div class=\"fusion-separator fusion-full-width-sep\" style=\"margin-left: auto;margin-right: auto;margin-bottom:20px;width:100%;\"><div class=\"fusion-separator-border sep-single sep-solid\" style=\"--awb-height:20px;--awb-amount:20px;border-color:#e0dede;border-top-width:1px;\"><\/div><\/div><div class=\"fusion-sep-clear\"><\/div><div class=\"fusion-text fusion-text-4\"><ul>\n<li>Entrer le commentaire qui va s&rsquo;appliquer \u00e0 toutes les alertes<\/li>\n<\/ul>\n<\/div><div class=\"fusion-image-element in-legacy-container\" style=\"--awb-margin-top:18px;--awb-margin-bottom:20px;--awb-caption-title-font-family:var(--h2_typography-font-family);--awb-caption-title-font-weight:var(--h2_typography-font-weight);--awb-caption-title-font-style:var(--h2_typography-font-style);--awb-caption-title-size:var(--h2_typography-font-size);--awb-caption-title-transform:var(--h2_typography-text-transform);--awb-caption-title-line-height:var(--h2_typography-line-height);--awb-caption-title-letter-spacing:var(--h2_typography-letter-spacing);\"><span class=\" fusion-imageframe imageframe-none imageframe-4 hover-type-none\"><a href=\"https:\/\/www.newsteo.com\/wp-content\/uploads\/2020\/07\/3-message.png\" class=\"fusion-lightbox\" data-rel=\"iLightbox[451f2887e4d0596497f]\" data-title=\"3-message\" title=\"3-message\"><img decoding=\"async\" width=\"1920\" height=\"1040\" src=\"https:\/\/www.newsteo.com\/wp-content\/uploads\/2020\/07\/3-message.png\" alt class=\"img-responsive wp-image-70017\" srcset=\"https:\/\/www.newsteo.com\/wp-content\/uploads\/2020\/07\/3-message-500x271.png 500w, https:\/\/www.newsteo.com\/wp-content\/uploads\/2020\/07\/3-message-700x379.png 700w, https:\/\/www.newsteo.com\/wp-content\/uploads\/2020\/07\/3-message.png 1920w\" sizes=\"(max-width: 1920px) 100vw, 1920px\" \/><\/a><\/span><\/div><div class=\"fusion-sep-clear\"><\/div><div class=\"fusion-separator fusion-full-width-sep\" style=\"margin-left: auto;margin-right: auto;margin-bottom:20px;width:100%;\"><div class=\"fusion-separator-border sep-single sep-solid\" style=\"--awb-height:20px;--awb-amount:20px;border-color:#e0dede;border-top-width:1px;\"><\/div><\/div><div class=\"fusion-sep-clear\"><\/div><div class=\"fusion-text fusion-text-5\"><ul>\n<li>Cocher la case <em>Afficher toutes les alertes<\/em> pour que les alertes comment\u00e9es soient visibles<\/li>\n<li>Les commentaires rentr\u00e9s sont affich\u00e9s<\/li>\n<\/ul>\n<\/div><div class=\"fusion-image-element fusion-image-align-center in-legacy-container\" style=\"text-align:center;--awb-margin-top:20px;--awb-margin-bottom:20px;--awb-caption-title-font-family:var(--h2_typography-font-family);--awb-caption-title-font-weight:var(--h2_typography-font-weight);--awb-caption-title-font-style:var(--h2_typography-font-style);--awb-caption-title-size:var(--h2_typography-font-size);--awb-caption-title-transform:var(--h2_typography-text-transform);--awb-caption-title-line-height:var(--h2_typography-line-height);--awb-caption-title-letter-spacing:var(--h2_typography-letter-spacing);\"><div class=\"imageframe-align-center\"><span class=\" fusion-imageframe imageframe-none imageframe-5 hover-type-none\"><a href=\"https:\/\/www.newsteo.com\/wp-content\/uploads\/2020\/07\/4-Result.png\" class=\"fusion-lightbox\" data-rel=\"iLightbox[77000eee8fb4a4b340e]\" data-title=\"4-Result\" title=\"4-Result\"><img decoding=\"async\" width=\"1920\" height=\"1040\" alt=\"Alerte comment\u00e9e\" src=\"https:\/\/www.newsteo.com\/wp-content\/uploads\/2020\/07\/4-Result.png\" class=\"img-responsive wp-image-70025\" srcset=\"https:\/\/www.newsteo.com\/wp-content\/uploads\/2020\/07\/4-Result-500x271.png 500w, https:\/\/www.newsteo.com\/wp-content\/uploads\/2020\/07\/4-Result-700x379.png 700w, https:\/\/www.newsteo.com\/wp-content\/uploads\/2020\/07\/4-Result.png 1920w\" sizes=\"(max-width: 1920px) 100vw, 1920px\" \/><\/a><\/span><\/div><\/div><div class=\"fusion-clearfix\"><\/div><\/div><\/div><\/div><\/div><\/p>\n","protected":false},"excerpt":{"rendered":"","protected":false},"author":28,"featured_media":0,"parent":80388,"menu_order":0,"comment_status":"closed","ping_status":"closed","template":"100-width.php","meta":{"footnotes":""},"class_list":["post-80390","page","type-page","status-publish","hentry"],"_links":{"self":[{"href":"https:\/\/www.newsteo.com\/fr\/wp-json\/wp\/v2\/pages\/80390","targetHints":{"allow":["GET"]}}],"collection":[{"href":"https:\/\/www.newsteo.com\/fr\/wp-json\/wp\/v2\/pages"}],"about":[{"href":"https:\/\/www.newsteo.com\/fr\/wp-json\/wp\/v2\/types\/page"}],"author":[{"embeddable":true,"href":"https:\/\/www.newsteo.com\/fr\/wp-json\/wp\/v2\/users\/28"}],"replies":[{"embeddable":true,"href":"https:\/\/www.newsteo.com\/fr\/wp-json\/wp\/v2\/comments?post=80390"}],"version-history":[{"count":0,"href":"https:\/\/www.newsteo.com\/fr\/wp-json\/wp\/v2\/pages\/80390\/revisions"}],"up":[{"embeddable":true,"href":"https:\/\/www.newsteo.com\/fr\/wp-json\/wp\/v2\/pages\/80388"}],"wp:attachment":[{"href":"https:\/\/www.newsteo.com\/fr\/wp-json\/wp\/v2\/media?parent=80390"}],"curies":[{"name":"wp","href":"https:\/\/api.w.org\/{rel}","templated":true}]}}