{"id":80403,"date":"2021-07-08T16:05:24","date_gmt":"2021-07-08T14:05:24","guid":{"rendered":"https:\/\/www.newsteo.com\/?page_id=80403"},"modified":"2021-10-27T11:31:57","modified_gmt":"2021-10-27T09:31:57","slug":"afficher-enregistreur-dashboard","status":"publish","type":"page","link":"https:\/\/www.newsteo.com\/fr\/assistance\/base-de-connaissance\/webmonitor\/afficher-enregistreur-dashboard\/","title":{"rendered":"Afficher un enregistreur sur le tableau de bord"},"content":{"rendered":"<p><div class=\"fusion-fullwidth fullwidth-box fusion-builder-row-1 fusion-flex-container fusion-parallax-none nonhundred-percent-fullwidth non-hundred-percent-height-scrolling recherche-base-de-connaissance\" style=\"--awb-border-radius-top-left:0px;--awb-border-radius-top-right:0px;--awb-border-radius-bottom-right:0px;--awb-border-radius-bottom-left:0px;--awb-background-image:url(&quot;https:\/\/www.newsteo.com\/wp-content\/uploads\/2021\/02\/bandeau-base-de-connaince2.jpg&quot;);--awb-background-size:cover;--awb-flex-wrap:wrap;\" ><div class=\"fusion-builder-row fusion-row fusion-flex-align-items-flex-start fusion-flex-content-wrap\" style=\"max-width:1352px;margin-left: calc(-4% \/ 2 );margin-right: calc(-4% \/ 2 );\"><div class=\"fusion-layout-column fusion_builder_column fusion-builder-column-0 fusion_builder_column_1_1 1_1 fusion-flex-column\" style=\"--awb-padding-top:40px;--awb-bg-size:cover;--awb-width-large:100%;--awb-margin-top-large:30px;--awb-spacing-right-large:1.92%;--awb-margin-bottom-large:30px;--awb-spacing-left-large:1.92%;--awb-width-medium:100%;--awb-order-medium:0;--awb-spacing-right-medium:1.92%;--awb-spacing-left-medium:1.92%;--awb-width-small:100%;--awb-order-small:0;--awb-spacing-right-small:1.92%;--awb-spacing-left-small:1.92%;\"><div class=\"fusion-column-wrapper fusion-column-has-shadow fusion-flex-justify-content-flex-start fusion-content-layout-column\"><div class=\"fusion-title title fusion-title-1 fusion-sep-none fusion-title-center fusion-title-text fusion-title-size-two\" style=\"--awb-text-color:#ffffff;--awb-margin-top-small:0px;--awb-margin-right-small:0px;--awb-margin-bottom-small:20px;--awb-margin-left-small:0px;--awb-font-size:42px;\"><h2 class=\"fusion-title-heading title-heading-center\" style=\"margin:0;font-size:1em;\"><strong>Rechercher dans la base de connaissance<\/strong><\/h2><\/div><div class=\"fusion-search-element fusion-search-element-1 search-base-de-connaissance fusion-search-form-classic\" style=\"--awb-input-height:52px;--awb-border-radius:4px;--awb-text-size:15px;\">\t\t<form role=\"search\" class=\"searchform fusion-search-form  fusion-live-search fusion-search-form-classic\" method=\"get\" action=\"https:\/\/www.newsteo.com\/fr\/\">\n\t\t\t<div class=\"fusion-search-form-content\">\n\n\t\t\t\t\n\t\t\t\t<div class=\"fusion-search-field search-field\">\n\t\t\t\t\t<label><span class=\"screen-reader-text\">Rechercher:<\/span>\n\t\t\t\t\t\t\t\t\t\t\t\t\t<input type=\"search\" class=\"s fusion-live-search-input\" name=\"s\" id=\"fusion-live-search-input-0\" autocomplete=\"off\" placeholder=\"Search...\" required aria-required=\"true\" aria-label=\"Search...\"\/>\n\t\t\t\t\t\t\t\t\t\t\t<\/label>\n\t\t\t\t<\/div>\n\t\t\t\t<div class=\"fusion-search-button search-button\">\n\t\t\t\t\t<input type=\"submit\" class=\"fusion-search-submit searchsubmit\" aria-label=\"Recherche\" value=\"&#xf002;\" \/>\n\t\t\t\t\t\t\t\t\t\t<div class=\"fusion-slider-loading\"><\/div>\n\t\t\t\t\t\t\t\t\t<\/div>\n\n\t\t\t\t<input type=\"hidden\" name=\"post_type[]\" value=\"page\" \/><input type=\"hidden\" name=\"search_limit_to_post_titles\" value=\"0\" \/><input type=\"hidden\" name=\"add_woo_product_skus\" value=\"0\" \/><input type=\"hidden\" name=\"live_min_character\" value=\"4\" \/><input type=\"hidden\" name=\"live_posts_per_page\" value=\"100\" \/><input type=\"hidden\" name=\"live_search_display_featured_image\" value=\"1\" \/><input type=\"hidden\" name=\"live_search_display_post_type\" value=\"1\" \/><input type=\"hidden\" name=\"fs\" value=\"1\" \/>\n\t\t\t<\/div>\n\n\n\t\t\t\t\t\t\t<div class=\"fusion-search-results-wrapper\"><div class=\"fusion-search-results\"><\/div><\/div>\n\t\t\t\n\t\t<\/form>\n\t\t<\/div><\/div><\/div><\/div><\/div><div class=\"fusion-fullwidth fullwidth-box fusion-builder-row-2 fusion-flex-container nonhundred-percent-fullwidth non-hundred-percent-height-scrolling\" style=\"--awb-border-sizes-bottom:1px;--awb-border-radius-top-left:0px;--awb-border-radius-top-right:0px;--awb-border-radius-bottom-right:0px;--awb-border-radius-bottom-left:0px;--awb-margin-bottom:50px;--awb-flex-wrap:wrap;\" ><div class=\"fusion-builder-row fusion-row fusion-flex-align-items-flex-start fusion-flex-content-wrap\" style=\"max-width:1352px;margin-left: calc(-4% \/ 2 );margin-right: calc(-4% \/ 2 );\"><div class=\"fusion-layout-column fusion_builder_column fusion-builder-column-1 fusion_builder_column_1_1 1_1 fusion-flex-column\" style=\"--awb-bg-size:cover;--awb-width-large:100%;--awb-margin-top-large:20px;--awb-spacing-right-large:1.92%;--awb-margin-bottom-large:20px;--awb-spacing-left-large:1.92%;--awb-width-medium:100%;--awb-order-medium:0;--awb-spacing-right-medium:1.92%;--awb-spacing-left-medium:1.92%;--awb-width-small:100%;--awb-order-small:0;--awb-spacing-right-small:1.92%;--awb-spacing-left-small:1.92%;\"><div class=\"fusion-column-wrapper fusion-column-has-shadow fusion-flex-justify-content-flex-start fusion-content-layout-column\"><nav class=\"fusion-breadcrumbs awb-yoast-breadcrumbs fusion-breadcrumbs-1\" style=\"--awb-alignment:left;--awb-font-size:14px;--awb-text-color:#000000;--awb-breadcrumb-sep:&#039;\/&#039;;text-align:left;\" aria-label=\"Breadcrumb\"><ol class=\"awb-breadcrumb-list\"><li class=\"fusion-breadcrumb-item awb-breadcrumb-sep awb-home\" ><a href=\"https:\/\/www.newsteo.com\/fr\/\" class=\"fusion-breadcrumb-link\"><span >Home<\/span><\/a><\/li><\/ol><\/nav><\/div><\/div><\/div><\/div><div class=\"fusion-fullwidth fullwidth-box fusion-builder-row-3 nonhundred-percent-fullwidth non-hundred-percent-height-scrolling\" style=\"--awb-border-radius-top-left:0px;--awb-border-radius-top-right:0px;--awb-border-radius-bottom-right:0px;--awb-border-radius-bottom-left:0px;--awb-flex-wrap:wrap;\" ><div class=\"fusion-builder-row fusion-row\"><div class=\"fusion-layout-column fusion_builder_column fusion-builder-column-2 fusion_builder_column_1_4 1_4 fusion-one-fourth fusion-column-first\" style=\"--awb-bg-size:cover;width:25%;width:calc(25% - ( ( 4% ) * 0.25 ) );margin-right: 4%;\"><div class=\"fusion-column-wrapper fusion-column-has-shadow fusion-flex-column-wrapper-legacy\"><div class=\"fusion-title title fusion-title-2 fusion-sep-none fusion-title-text fusion-title-size-four title-menu-3-base\" style=\"--awb-margin-bottom:10px;--awb-margin-top-small:0px;--awb-margin-right-small:0px;--awb-margin-bottom-small:20px;--awb-margin-left-small:0px;\"><h4 class=\"fusion-title-heading title-heading-left\" style=\"margin:0;\"><a href=\"https:\/\/www.newsteo.com\/fr\/assistance\/base-de-connaissance\/webmonitor\/\">Webmonitor<\/a><\/h4><\/div><div class=\"fusion-sep-clear\"><\/div><div class=\"fusion-separator fusion-full-width-sep\" style=\"margin-left: auto;margin-right: auto;margin-bottom:40px;width:100%;\"><div class=\"fusion-separator-border sep-single sep-solid\" style=\"--awb-height:20px;--awb-amount:20px;border-color:#e0dede;border-top-width:1px;\"><\/div><\/div><div class=\"fusion-sep-clear\"><\/div><div class=\"fusion-widget fusion-widget-element fusion-widget-area fusion-content-widget-area wpWidget-1 fusion-widget-align-left fusion_widget_vertical_menu no-divider-color\" style=\"--awb-fusion-border-size:0px;--awb-fusion-border-style:solid;\"><div class=\"widget avada_vertical_menu\"><style>#fusion-vertical-menu-widget-avada-vertical-menu-widget-1-nav ul.menu li a {font-size:14px;}<\/style><nav id=\"fusion-vertical-menu-widget-avada-vertical-menu-widget-1-nav\" class=\"fusion-vertical-menu-widget fusion-menu hover left no-border\" aria-label=\"Secondary Navigation: \"><ul id=\"menu-base-de-connaissance-webmonitor\" class=\"menu\"><li id=\"menu-item-82407\" class=\"menu-item menu-item-type-post_type menu-item-object-page menu-item-82407\"><a href=\"https:\/\/www.newsteo.com\/fr\/assistance\/base-de-connaissance\/webmonitor\/acquitter-alarmes\/\"><span class=\"link-text\"> Acquitter plusieurs Alarmes en 1 action<\/span><span class=\"arrow\"><\/span><\/a><\/li><li id=\"menu-item-82406\" class=\"menu-item menu-item-type-post_type menu-item-object-page menu-item-82406\"><a href=\"https:\/\/www.newsteo.com\/fr\/assistance\/base-de-connaissance\/webmonitor\/envoi-alertes-rapports\/\"><span class=\"link-text\"> Adresse mail d\u2019envoi des alertes et des rapports<\/span><span class=\"arrow\"><\/span><\/a><\/li><li id=\"menu-item-82405\" class=\"menu-item menu-item-type-post_type menu-item-object-page menu-item-82405\"><a href=\"https:\/\/www.newsteo.com\/fr\/assistance\/base-de-connaissance\/webmonitor\/afficher-mesures-enregistreur\/\"><span class=\"link-text\"> Afficher les mesures d\u2019un enregistreur qui ne communique plus<\/span><span class=\"arrow\"><\/span><\/a><\/li><li id=\"menu-item-82404\" class=\"menu-item menu-item-type-post_type menu-item-object-page menu-item-82404\"><a href=\"https:\/\/www.newsteo.com\/fr\/assistance\/base-de-connaissance\/webmonitor\/afficher-enregistreur-dashboard\/\"><span class=\"link-text\"> Afficher un enregistreur sur le tableau de bord<\/span><span class=\"arrow\"><\/span><\/a><\/li><li id=\"menu-item-82403\" class=\"menu-item menu-item-type-post_type menu-item-object-page menu-item-82403\"><a href=\"https:\/\/www.newsteo.com\/fr\/assistance\/base-de-connaissance\/webmonitor\/ajouter-appareil-dashboard\/\"><span class=\"link-text\"> Comment ajouter un appareil sur le tableau de bord<\/span><span class=\"arrow\"><\/span><\/a><\/li><li id=\"menu-item-82402\" class=\"menu-item menu-item-type-post_type menu-item-object-page menu-item-82402\"><a href=\"https:\/\/www.newsteo.com\/fr\/assistance\/base-de-connaissance\/webmonitor\/effacement-mesures-webmonitor\/\"><span class=\"link-text\"> Demande d\u2019archivage et d\u2019effacement de mesures dans Webmonitor<\/span><span class=\"arrow\"><\/span><\/a><\/li><li id=\"menu-item-82401\" class=\"menu-item menu-item-type-post_type menu-item-object-page menu-item-82401\"><a href=\"https:\/\/www.newsteo.com\/fr\/assistance\/base-de-connaissance\/webmonitor\/generation-rapport-bloque\/\"><span class=\"link-text\"> G\u00e9n\u00e9ration du rapport bloqu\u00e9<\/span><span class=\"arrow\"><\/span><\/a><\/li><li id=\"menu-item-82400\" class=\"menu-item menu-item-type-post_type menu-item-object-page menu-item-82400\"><a href=\"https:\/\/www.newsteo.com\/fr\/assistance\/base-de-connaissance\/webmonitor\/afficheur-kiosk-webmonitor\/\"><span class=\"link-text\"> La fonction \u00ab\u00a0Afficheur\u00a0\u00bb ou \u00ab\u00a0Kiosk\u00a0\u00bb sur Webmonitor<\/span><span class=\"arrow\"><\/span><\/a><\/li><\/ul><\/nav><\/div><\/div><div class=\"fusion-clearfix\"><\/div><\/div><\/div><div class=\"fusion-layout-column fusion_builder_column fusion-builder-column-3 fusion_builder_column_3_4 3_4 fusion-three-fourth fusion-column-last\" style=\"--awb-bg-size:cover;--awb-margin-top:20px;--awb-margin-bottom:50px;width:75%;width:calc(75% - ( ( 4% ) * 0.75 ) );\"><div class=\"fusion-column-wrapper fusion-column-has-shadow fusion-flex-column-wrapper-legacy\"><div class=\"fusion-title title fusion-title-3 fusion-sep-none fusion-title-text fusion-title-size-one title-menu-3-base\" style=\"--awb-margin-bottom:10px;--awb-margin-top-small:0px;--awb-margin-right-small:0px;--awb-margin-bottom-small:20px;--awb-margin-left-small:0px;\"><h1 class=\"fusion-title-heading title-heading-left\" style=\"margin:0;\">Afficher un enregistreur sur le tableau de bord<\/h1><\/div><div class=\"fusion-sep-clear\"><\/div><div class=\"fusion-separator fusion-full-width-sep\" style=\"margin-left: auto;margin-right: auto;margin-bottom:40px;width:100%;\"><div class=\"fusion-separator-border sep-single sep-solid\" style=\"--awb-height:20px;--awb-amount:20px;border-color:#e0dede;border-top-width:1px;\"><\/div><\/div><div class=\"fusion-sep-clear\"><\/div><div class=\"fusion-text fusion-text-1\"><p>Lorsque vous mettez en fonctionnement pour la premi\u00e8re fois un enregistreur, lorsque vous ajoutez un enregistreur un votre installation actuelle, celui-ci n\u2019est pas visible sur le tableau de bord.<\/p>\n<p>Pour que le nouvel enregistreur soit visible sur le tableau de bord, vous devez suivre les \u00e9tapes suivantes\u00a0:<\/p>\n<\/div><div class=\"fusion-image-element fusion-image-align-center in-legacy-container\" style=\"text-align:center;--awb-margin-top:20px;--awb-margin-bottom:20px;--awb-caption-title-font-family:var(--h2_typography-font-family);--awb-caption-title-font-weight:var(--h2_typography-font-weight);--awb-caption-title-font-style:var(--h2_typography-font-style);--awb-caption-title-size:var(--h2_typography-font-size);--awb-caption-title-transform:var(--h2_typography-text-transform);--awb-caption-title-line-height:var(--h2_typography-line-height);--awb-caption-title-letter-spacing:var(--h2_typography-letter-spacing);\"><div class=\"imageframe-align-center\"><span class=\" fusion-imageframe imageframe-none imageframe-1 hover-type-none\"><a href=\"https:\/\/www.newsteo.com\/wp-content\/uploads\/2020\/12\/1-groupe.png\" class=\"fusion-lightbox\" data-rel=\"iLightbox[8dbfaab17bc353f5529]\" data-title=\"1-groupe\" title=\"1-groupe\"><img decoding=\"async\" width=\"1920\" height=\"1040\" src=\"https:\/\/www.newsteo.com\/wp-content\/uploads\/2020\/12\/1-groupe.png\" alt class=\"img-responsive wp-image-72873\" srcset=\"https:\/\/www.newsteo.com\/wp-content\/uploads\/2020\/12\/1-groupe-500x271.png 500w, https:\/\/www.newsteo.com\/wp-content\/uploads\/2020\/12\/1-groupe-700x379.png 700w, https:\/\/www.newsteo.com\/wp-content\/uploads\/2020\/12\/1-groupe.png 1920w\" sizes=\"(max-width: 1920px) 100vw, 1920px\" \/><\/a><\/span><\/div><\/div><div class=\"fusion-sep-clear\"><\/div><div class=\"fusion-separator fusion-full-width-sep\" style=\"margin-left: auto;margin-right: auto;margin-top:20px;margin-bottom:20px;width:100%;\"><div class=\"fusion-separator-border sep-single sep-solid\" style=\"--awb-height:20px;--awb-amount:20px;border-color:#e0dede;border-top-width:1px;\"><\/div><\/div><div class=\"fusion-sep-clear\"><\/div><div class=\"fusion-text fusion-text-2\"><ul>\n<li style=\"text-align: left;\">Aller dans le menu <em>Appareils<\/em><\/li>\n<\/ul>\n<\/div><div class=\"fusion-image-element in-legacy-container\" style=\"--awb-caption-title-font-family:var(--h2_typography-font-family);--awb-caption-title-font-weight:var(--h2_typography-font-weight);--awb-caption-title-font-style:var(--h2_typography-font-style);--awb-caption-title-size:var(--h2_typography-font-size);--awb-caption-title-transform:var(--h2_typography-text-transform);--awb-caption-title-line-height:var(--h2_typography-line-height);--awb-caption-title-letter-spacing:var(--h2_typography-letter-spacing);\"><span class=\" fusion-imageframe imageframe-none imageframe-2 hover-type-none\"><a href=\"https:\/\/www.newsteo.com\/wp-content\/uploads\/2020\/12\/2-groupe-1.png\" class=\"fusion-lightbox\" data-rel=\"iLightbox[e5e6c9234ed6616c905]\" data-title=\"2-groupe\" title=\"2-groupe\"><img decoding=\"async\" width=\"1920\" height=\"1040\" src=\"https:\/\/www.newsteo.com\/wp-content\/uploads\/2020\/12\/2-groupe-1.png\" alt class=\"img-responsive wp-image-72905\" srcset=\"https:\/\/www.newsteo.com\/wp-content\/uploads\/2020\/12\/2-groupe-1-500x271.png 500w, https:\/\/www.newsteo.com\/wp-content\/uploads\/2020\/12\/2-groupe-1-700x379.png 700w, https:\/\/www.newsteo.com\/wp-content\/uploads\/2020\/12\/2-groupe-1.png 1920w\" sizes=\"(max-width: 1920px) 100vw, 1920px\" \/><\/a><\/span><\/div><div class=\"fusion-sep-clear\"><\/div><div class=\"fusion-separator fusion-full-width-sep\" style=\"margin-left: auto;margin-right: auto;margin-top:20px;margin-bottom:20px;width:100%;\"><div class=\"fusion-separator-border sep-single sep-solid\" style=\"--awb-height:20px;--awb-amount:20px;border-color:#e0dede;border-top-width:1px;\"><\/div><\/div><div class=\"fusion-sep-clear\"><\/div><div class=\"fusion-text fusion-text-3\"><ul>\n<li>S\u00e9lectionner l\u2019enregistreur concern\u00e9 en cochant la case \u00e0 cocher correspondante<\/li>\n<li>Int\u00e9grer l\u2019enregistreur \u00e0 un groupe en cliquant sur l\u2019icone verte pr\u00e9sente \u00e0 droite du nom du groupe dans lequel vous souhaitez l\u2019inclure<\/li>\n<\/ul>\n<\/div><div class=\"fusion-image-element in-legacy-container\" style=\"--awb-caption-title-font-family:var(--h2_typography-font-family);--awb-caption-title-font-weight:var(--h2_typography-font-weight);--awb-caption-title-font-style:var(--h2_typography-font-style);--awb-caption-title-size:var(--h2_typography-font-size);--awb-caption-title-transform:var(--h2_typography-text-transform);--awb-caption-title-line-height:var(--h2_typography-line-height);--awb-caption-title-letter-spacing:var(--h2_typography-letter-spacing);\"><span class=\" fusion-imageframe imageframe-none imageframe-3 hover-type-none\"><a href=\"https:\/\/www.newsteo.com\/wp-content\/uploads\/2020\/12\/3-groupe-1.png\" class=\"fusion-lightbox\" data-rel=\"iLightbox[c216545ef6b4b04e49d]\" data-title=\"3-groupe\" title=\"3-groupe\"><img decoding=\"async\" width=\"1920\" height=\"1040\" src=\"https:\/\/www.newsteo.com\/wp-content\/uploads\/2020\/12\/3-groupe-1.png\" alt class=\"img-responsive wp-image-72913\" srcset=\"https:\/\/www.newsteo.com\/wp-content\/uploads\/2020\/12\/3-groupe-1-500x271.png 500w, https:\/\/www.newsteo.com\/wp-content\/uploads\/2020\/12\/3-groupe-1-700x379.png 700w, https:\/\/www.newsteo.com\/wp-content\/uploads\/2020\/12\/3-groupe-1.png 1920w\" sizes=\"(max-width: 1920px) 100vw, 1920px\" \/><\/a><\/span><\/div><div class=\"fusion-sep-clear\"><\/div><div class=\"fusion-separator fusion-full-width-sep\" style=\"margin-left: auto;margin-right: auto;margin-top:20px;margin-bottom:20px;width:100%;\"><div class=\"fusion-separator-border sep-single sep-solid\" style=\"--awb-height:20px;--awb-amount:20px;border-color:#e0dede;border-top-width:1px;\"><\/div><\/div><div class=\"fusion-sep-clear\"><\/div><div class=\"fusion-text fusion-text-4\"><ul>\n<li>Aller dans <em>Tableau de Bord<\/em> et cliquer sur le Groupe\u00a0: l\u2019enregistreur est maintenant pr\u00e9sent.<\/li>\n<\/ul>\n<\/div><div class=\"fusion-image-element in-legacy-container\" style=\"--awb-caption-title-font-family:var(--h2_typography-font-family);--awb-caption-title-font-weight:var(--h2_typography-font-weight);--awb-caption-title-font-style:var(--h2_typography-font-style);--awb-caption-title-size:var(--h2_typography-font-size);--awb-caption-title-transform:var(--h2_typography-text-transform);--awb-caption-title-line-height:var(--h2_typography-line-height);--awb-caption-title-letter-spacing:var(--h2_typography-letter-spacing);\"><span class=\" fusion-imageframe imageframe-none imageframe-4 hover-type-none\"><a href=\"https:\/\/www.newsteo.com\/wp-content\/uploads\/2020\/12\/4-groupe.png\" class=\"fusion-lightbox\" data-rel=\"iLightbox[77265b4ffb62737822c]\" data-title=\"4-groupe\" title=\"4-groupe\"><img decoding=\"async\" width=\"1920\" height=\"1040\" src=\"https:\/\/www.newsteo.com\/wp-content\/uploads\/2020\/12\/4-groupe.png\" alt class=\"img-responsive wp-image-72897\" srcset=\"https:\/\/www.newsteo.com\/wp-content\/uploads\/2020\/12\/4-groupe-500x271.png 500w, https:\/\/www.newsteo.com\/wp-content\/uploads\/2020\/12\/4-groupe-700x379.png 700w, https:\/\/www.newsteo.com\/wp-content\/uploads\/2020\/12\/4-groupe.png 1920w\" sizes=\"(max-width: 1920px) 100vw, 1920px\" \/><\/a><\/span><\/div><div class=\"fusion-clearfix\"><\/div><\/div><\/div><\/div><\/div><\/p>\n","protected":false},"excerpt":{"rendered":"","protected":false},"author":28,"featured_media":0,"parent":80388,"menu_order":0,"comment_status":"closed","ping_status":"closed","template":"100-width.php","meta":{"footnotes":""},"class_list":["post-80403","page","type-page","status-publish","hentry"],"_links":{"self":[{"href":"https:\/\/www.newsteo.com\/fr\/wp-json\/wp\/v2\/pages\/80403","targetHints":{"allow":["GET"]}}],"collection":[{"href":"https:\/\/www.newsteo.com\/fr\/wp-json\/wp\/v2\/pages"}],"about":[{"href":"https:\/\/www.newsteo.com\/fr\/wp-json\/wp\/v2\/types\/page"}],"author":[{"embeddable":true,"href":"https:\/\/www.newsteo.com\/fr\/wp-json\/wp\/v2\/users\/28"}],"replies":[{"embeddable":true,"href":"https:\/\/www.newsteo.com\/fr\/wp-json\/wp\/v2\/comments?post=80403"}],"version-history":[{"count":0,"href":"https:\/\/www.newsteo.com\/fr\/wp-json\/wp\/v2\/pages\/80403\/revisions"}],"up":[{"embeddable":true,"href":"https:\/\/www.newsteo.com\/fr\/wp-json\/wp\/v2\/pages\/80388"}],"wp:attachment":[{"href":"https:\/\/www.newsteo.com\/fr\/wp-json\/wp\/v2\/media?parent=80403"}],"curies":[{"name":"wp","href":"https:\/\/api.w.org\/{rel}","templated":true}]}}